{"id":12525,"date":"2019-06-18T10:07:41","date_gmt":"2019-06-18T08:07:41","guid":{"rendered":"https:\/\/dogpride1.wpengine.com\/product\/all-weather-koppellijn-voor-3-honden-2\/"},"modified":"2025-10-28T14:09:49","modified_gmt":"2025-10-28T13:09:49","slug":"pride-all-weather-koppellijn-voor-3-honden","status":"publish","type":"product","link":"https:\/\/dogpride.nl\/de\/pride-all-weather-koppellijn-voor-3-honden\/","title":{"rendered":"PRIDE Allwetter-Kupplungsleine f\u00fcr 3 Hunde"},"content":{"rendered":"<h4 style=\"color: #000000; font-size: 30px; text-align: left; text-decoration: none;\">PRIDE Allwetter-Kupplungsleine f\u00fcr 3 Hunde<\/h4>\n<p>PRIDE Allwetter-Kupplungsleine f\u00fcr 3 Hunde<\/p>\n<div style=\"color: #000000; font-size: 13px; text-align: left; text-decoration: none;\">\n<p>Allwetter-Kupplungsleine f\u00fcr bequemes Gassigehen mit 3 Hunden.<br \/>\nDiese Koppelleine besteht aus Nylon mit rutschfestem Gummi und hat eine leichte Textur. Die Leine nimmt kein Wasser auf und wird nicht schwerer.<\/p>\n<p>Wenn Sie 3 Hunde haben, werden Sie von dieser Verpaarungslinie angenehm \u00fcberrascht sein. Jetzt m\u00fcssen Sie nicht mehr viel Geld f\u00fcr den Kauf von Leinen f\u00fcr jeden Ihrer Hunde ausgeben. Dar\u00fcber hinaus l\u00f6st diese Koppelleine das Problem des Verhedderns von Gurten.<\/p>\n<\/div>\n<div style=\"color: #000000; font-size: 13px; text-align: left; text-decoration: none;\">Aus 15 mm breitem Nylon mit Anti-Rutsch-Beschichtung. In verschiedenen Farben erh\u00e4ltlich!<\/div>\n<div style=\"color: #000000; font-size: 13px; text-align: left; text-decoration: none;\">\n<p>Ideal f\u00fcr verschwitzte H\u00e4nde<br \/>\nIdeal bei nassem Wetter<br \/>\nIdeal zum Spielen im Wasser<br \/>\nSicherer Halt<\/p>\n<p style=\"color: #666666; text-align: left; text-decoration: none;\"><span style=\"color: #000000;\">Material: Nylon<\/span><\/p>\n<p>L\u00e4nge: 40 cm<\/p>\n<\/div>\n<div style=\"color: #000000; font-size: 13px; text-align: left; text-decoration: none;\">\n<p>Breite: 15 mm pro Zeile<\/p>\n<p>Verf\u00fcgbare Farben: Blau, Rot, Pink, Gelb, Lila und Schwarz<\/p>\n<p><a href=\"https:\/\/dogpride.nl\/de\/pride-all-weather-koppellijn-voor-3-honden\/\"><img loading=\"lazy\" decoding=\"async\" class=\"alignnone wp-image-136468 size-medium\" src=\"https:\/\/dogpride.nl\/wp-content\/uploads\/PRIDE-All-Weather-koppellijn-voor-3-honden-300x225.jpg\" alt=\"PRIDE All-Weather koppellijn voor 3 honden\" width=\"300\" height=\"225\" srcset=\"https:\/\/dogpride.nl\/wp-content\/uploads\/PRIDE-All-Weather-koppellijn-voor-3-honden-300x225.jpg 300w, https:\/\/dogpride.nl\/wp-content\/uploads\/PRIDE-All-Weather-koppellijn-voor-3-honden-768x576.jpg 768w, https:\/\/dogpride.nl\/wp-content\/uploads\/PRIDE-All-Weather-koppellijn-voor-3-honden-16x12.jpg 16w, https:\/\/dogpride.nl\/wp-content\/uploads\/PRIDE-All-Weather-koppellijn-voor-3-honden-250x188.jpg 250w, https:\/\/dogpride.nl\/wp-content\/uploads\/PRIDE-All-Weather-koppellijn-voor-3-honden-400x300.jpg 400w, https:\/\/dogpride.nl\/wp-content\/uploads\/PRIDE-All-Weather-koppellijn-voor-3-honden.jpg 1024w\" sizes=\"auto, (max-width: 300px) 100vw, 300px\" \/><\/a><\/p>\n<p><a href=\"https:\/\/www.dogpride.eu\/\" target=\"_blank\" rel=\"noopener\"><img loading=\"lazy\" decoding=\"async\" class=\"alignnone wp-image-70657 size-medium\" style=\"color: #333333; font-size: 16px;\" src=\"https:\/\/dogpride.nl\/wp-content\/uploads\/Logo-Pride2-1-300x96.png\" alt=\"\" width=\"300\" height=\"96\" srcset=\"https:\/\/dogpride.nl\/wp-content\/uploads\/Logo-Pride2-1-300x96.png 300w, https:\/\/dogpride.nl\/wp-content\/uploads\/Logo-Pride2-1-250x80.png 250w, https:\/\/dogpride.nl\/wp-content\/uploads\/Logo-Pride2-1-200x64.png 200w, https:\/\/dogpride.nl\/wp-content\/uploads\/Logo-Pride2-1.png 327w\" sizes=\"auto, (max-width: 300px) 100vw, 300px\" \/><\/a><\/p>\n<\/div>","protected":false},"excerpt":{"rendered":"<p>PRIDE Allwetter-Kupplungsleine f\u00fcr 3 Hunde. Allwetter-Kupplungsleine f\u00fcr bequemes Gassigehen mit 3 Hunden.<\/p>","protected":false},"featured_media":23161,"template":"","meta":[],"product_brand":[],"product_cat":[192],"product_tag":[7433,10992,10993,5863,10994,7865,5110,8254,10995,10425,4867,4566,5226,4979,6215,5717,10975,8834,10968,5034,3157,10978,4121,2969],"class_list":{"0":"post-12525","1":"product","2":"type-product","3":"status-publish","4":"has-post-thumbnail","6":"product_cat-pride-hondenlijnen","7":"product_tag-10m","8":"product_tag-1m","9":"product_tag-2m","10":"product_tag-3m","11":"product_tag-5m","12":"product_tag-anti-slip","13":"product_tag-biothane","14":"product_tag-duurzaam","15":"product_tag-gekleurd","16":"product_tag-handgemaakt","17":"product_tag-handvat","18":"product_tag-k9","19":"product_tag-kong-frog","20":"product_tag-leer","21":"product_tag-messing","22":"product_tag-politie","23":"product_tag-quick-release","24":"product_tag-soft","25":"product_tag-super-grip","26":"product_tag-tracking","27":"product_tag-training","28":"product_tag-wasbaar","29":"product_tag-waterproof","30":"product_tag-zwart","32":"first","33":"instock","34":"taxable","35":"shipping-taxable","36":"purchasable","37":"product-type-variable"},"mb":[],"mfb_rest_fields":["title"],"_links":{"self":[{"href":"https:\/\/dogpride.nl\/de\/wp-json\/wp\/v2\/product\/12525","targetHints":{"allow":["GET"]}}],"collection":[{"href":"https:\/\/dogpride.nl\/de\/wp-json\/wp\/v2\/product"}],"about":[{"href":"https:\/\/dogpride.nl\/de\/wp-json\/wp\/v2\/types\/product"}],"wp:featuredmedia":[{"embeddable":true,"href":"https:\/\/dogpride.nl\/de\/wp-json\/wp\/v2\/media\/23161"}],"wp:attachment":[{"href":"https:\/\/dogpride.nl\/de\/wp-json\/wp\/v2\/media?parent=12525"}],"wp:term":[{"taxonomy":"product_brand","embeddable":true,"href":"https:\/\/dogpride.nl\/de\/wp-json\/wp\/v2\/product_brand?post=12525"},{"taxonomy":"product_cat","embeddable":true,"href":"https:\/\/dogpride.nl\/de\/wp-json\/wp\/v2\/product_cat?post=12525"},{"taxonomy":"product_tag","embeddable":true,"href":"https:\/\/dogpride.nl\/de\/wp-json\/wp\/v2\/product_tag?post=12525"}],"curies":[{"name":"wp","href":"https:\/\/api.w.org\/{rel}","templated":true}]}}