{"id":124773,"date":"2024-11-17T16:42:57","date_gmt":"2024-11-17T15:42:57","guid":{"rendered":"https:\/\/dogpride.nl\/?post_type=product&#038;p=124773"},"modified":"2026-03-12T08:22:18","modified_gmt":"2026-03-12T07:22:18","slug":"tyras-operator-pro50-halsband","status":"publish","type":"product","link":"https:\/\/dogpride.nl\/de\/tyras-operator-pro50-halsband\/","title":{"rendered":"TYRAS Operator Pro50 Halsband"},"content":{"rendered":"<h4>TYRAS Operator Pro50 Halsband<\/h4>\n<p>TYRAS Operator Pro50 Halsband<\/p>\n<p>De TYRAS Operator Pro50 Halsband is speciaal ontworpen voor gebruik en zet een nieuwe maatstaf op het gebied van kwaliteit en robuustheid voor missiehalsbanden.<br \/>\nDeze halsbanden zijn uitsluitend gemaakt van Mil-Spec-materialen en klimklare fittingen en zijn de meest duurzame tactische werkhalsbanden in de branche.<\/p>\n<p>Het 50 mm brede en bijzonder stijve lichaam van de halsband biedt een groter contactoppervlak en vermindert zo de druk op de nek van de hond.<br \/>\nOm optimale bescherming voor de nek te bieden, is de bodysuit ontworpen om te overlappen in de nek en is het in twee lussen geregen om de binnenkant van de nek te bevestigen.<br \/>\nHierdoor ontstaat een stabiele ring zonder harde randen of huidcontact met metalen onderdelen die de hond zouden kunnen irriteren of het werk van de hond zouden kunnen verstoren.<\/p>\n<p>De ingebouwde D-RING COBRA\u00ae PRO STYLE 18 kN biedt het hoogste veiligheidsniveau en is in deze variant nog meer gedimensioneerd, zodat hij voldoet aan alle eisen van de ANSI Z359.12-2019 norm.<br \/>\nOm onbedoeld openen te voorkomen, bijvoorbeeld bij het snel reiken in de halsband, kan deze alleen worden geopend als de halsband is uitgeladen en door beide clips tegelijkertijd in te drukken.<\/p>\n<h4>Het ruime patchgebied in de kleur van de halsband maakt het mogelijk om naam- en notitieplaatjes te bevestigen en accessoires veilig direct aan de hondenhalsband te bevestigen.<\/h4>\n<p><a href=\"https:\/\/dogpride.nl\/de\/hondenhalsbanden\/tyras-dog-gear-hondenhalsbanden\/\"><img loading=\"lazy\" decoding=\"async\" class=\"alignnone wp-image-136871 size-thumbnail\" title=\"TYRAS Operator Pro50 Halsband\" src=\"https:\/\/dogpride.nl\/wp-content\/uploads\/TYRAS-Operator-Pro50-Halsband-150x150.webp\" alt=\"TYRAS Operator Pro50 Halsband\" width=\"150\" height=\"150\" srcset=\"https:\/\/dogpride.nl\/wp-content\/uploads\/TYRAS-Operator-Pro50-Halsband-150x150.webp 150w, https:\/\/dogpride.nl\/wp-content\/uploads\/TYRAS-Operator-Pro50-Halsband-300x300.webp 300w, https:\/\/dogpride.nl\/wp-content\/uploads\/TYRAS-Operator-Pro50-Halsband-12x12.webp 12w, https:\/\/dogpride.nl\/wp-content\/uploads\/TYRAS-Operator-Pro50-Halsband-250x250.webp 250w, https:\/\/dogpride.nl\/wp-content\/uploads\/TYRAS-Operator-Pro50-Halsband-400x400.webp 400w, https:\/\/dogpride.nl\/wp-content\/uploads\/TYRAS-Operator-Pro50-Halsband-100x100.webp 100w, https:\/\/dogpride.nl\/wp-content\/uploads\/TYRAS-Operator-Pro50-Halsband.webp 600w\" sizes=\"auto, (max-width: 150px) 100vw, 150px\" \/><\/a><\/p>\n<p>Het optionele handvat is zo ontworpen dat ze automatisch sluiten wanneer ze niet in gebruik zijn en goed aansluiten op de halsband om het voor de hond vrijwel onmogelijk te maken om onbedoeld in te rijgen.<br \/>\nIndien nodig is het echter te allen tijde gemakkelijk toegankelijk en klaar voor gebruik.<\/p>\n<p>DeTYRAS Operator Pro50 Halsband zijn verkrijgbaar in Black, Olive Drab en Coyote Brown, evenals MultiCam Black en MultiCam Original. Op verzoek zijn ook geluidsarme en configuraties volgens individuele behoeften mogelijk.<\/p>\n<p>\u2714 Speciaal ontwikkeld<br \/>\n\u2714 voor officieel gebruik 50 mm brede en bijzonder stijve body<br \/>\n\u2714 D-RING COBRA\u00ae PRO STYLE 18 kN veiligheidsgesp<br \/>\n\u2714 Groot patchoppervlak en optionele veiligheidshandgreep<br \/>\n\u2714 Handgemaakt in Duitsland<\/p>\n<h4>Specificaties TYRAS Operator Pro50 Halsband:<\/h4>\n<ul>\n<li>Duikbanden: polyamide (met hars behandeld), treksterkte: 25 kN<\/li>\n<li>Buisvormige banden: polyamide, treksterkte: 17,8 kN<\/li>\n<li>Gesp: aluminium, treksterkte: 18 kN<\/li>\n<li>D-ring (ge\u00efntegreerd in de gesp): roestvrij staal, treksterkte: 22 kN<\/li>\n<\/ul>\n<h4>Erh\u00e4ltlich in den Gr\u00f6\u00dfen:<\/h4>\n<ul>\n<li>G1: 36 &#8211; 43 cm | 14\u201d &#8211; 17\u201d<\/li>\n<li>G2: 41 &#8211; 51 cm | 16\u201d &#8211; 20\u201d<\/li>\n<li>G3: 48 &#8211; 58 cm | 19\u201d &#8211; 23\u201d<\/li>\n<li>G4: 56 &#8211; 66 cm | 22\u201d &#8211; 26\u201d<\/li>\n<li>G5: 64 &#8211; 74 cm | 25\u201d &#8211; 29\u201d<\/li>\n<li>G6: 71 &#8211; 81 cm | 28\u201d &#8211; 32\u201d<\/li>\n<\/ul>\n<p><strong>Leverbaar in diverse kleuren TYRAS Operator Pro50 Halsband<\/strong><\/p>\n<p><a href=\"https:\/\/dogpride.nl\/de\/hondenhalsbanden\/tyras-dog-gear-hondenhalsbanden\/\"><img loading=\"lazy\" decoding=\"async\" class=\"alignnone wp-image-136871 size-thumbnail\" title=\"TYRAS Operator Pro50 Halsband\" src=\"https:\/\/dogpride.nl\/wp-content\/uploads\/TYRAS-Operator-Pro50-Halsband-150x150.webp\" alt=\"TYRAS Operator Pro50 Halsband\" width=\"150\" height=\"150\" srcset=\"https:\/\/dogpride.nl\/wp-content\/uploads\/TYRAS-Operator-Pro50-Halsband-150x150.webp 150w, https:\/\/dogpride.nl\/wp-content\/uploads\/TYRAS-Operator-Pro50-Halsband-300x300.webp 300w, https:\/\/dogpride.nl\/wp-content\/uploads\/TYRAS-Operator-Pro50-Halsband-12x12.webp 12w, https:\/\/dogpride.nl\/wp-content\/uploads\/TYRAS-Operator-Pro50-Halsband-250x250.webp 250w, https:\/\/dogpride.nl\/wp-content\/uploads\/TYRAS-Operator-Pro50-Halsband-400x400.webp 400w, https:\/\/dogpride.nl\/wp-content\/uploads\/TYRAS-Operator-Pro50-Halsband-100x100.webp 100w, https:\/\/dogpride.nl\/wp-content\/uploads\/TYRAS-Operator-Pro50-Halsband.webp 600w\" sizes=\"auto, (max-width: 150px) 100vw, 150px\" \/><\/a><\/p>\n<p><a href=\"https:\/\/dogpride.nl\/de\/tyras-operator-pro50-halsband\/\">https:\/\/dogpride.nl\/tyras-operator-pro50-halsband<\/a><\/p>\n<div class=\"tcustomizer-col\">\n<div class=\"tcustomizer__image tcustomizer__image--big\" data-title=\"MultiCam Original\">\n<h4><a href=\"https:\/\/www.tyrasdoggear.com\/en-eu\" target=\"_blank\" rel=\"noopener\"><img loading=\"lazy\" decoding=\"async\" class=\"alignnone wp-image-147043 size-full\" src=\"https:\/\/dogpride.nl\/wp-content\/uploads\/Tyras.jpg\" alt=\"Tyras logo\" width=\"197\" height=\"66\" srcset=\"https:\/\/dogpride.nl\/wp-content\/uploads\/Tyras.jpg 197w, https:\/\/dogpride.nl\/wp-content\/uploads\/Tyras-18x6.jpg 18w\" sizes=\"auto, (max-width: 197px) 100vw, 197px\" \/><\/a><\/h4>\n<\/div>\n<\/div>","protected":false},"excerpt":{"rendered":"<p>De ingebouwde D-RING COBRA\u00ae PRO STYLE 18 kN biedt het hoogste veiligheidsniveau en is in deze variant nog meer gedimensioneerd, zodat hij voldoet aan alle eisen van de ANSI Z359.12-2019 norm.<\/p>","protected":false},"featured_media":124794,"template":"","meta":[],"product_brand":[],"product_cat":[7927],"product_tag":[7991,3004,6948,5238,3368,3288,7973,5800,7977,7990,7944],"class_list":{"0":"post-124773","1":"product","2":"type-product","3":"status-publish","4":"has-post-thumbnail","6":"product_cat-tyras-dog-gear-hondenhalsbanden","7":"product_tag-ansi-z359-12-2019-norm","8":"product_tag-cobra","9":"product_tag-d-ring","10":"product_tag-halsband","11":"product_tag-hond","12":"product_tag-honden","13":"product_tag-mill-spec","14":"product_tag-operator","15":"product_tag-pro-style-gesp","16":"product_tag-sluiting","17":"product_tag-tyras","18":"product_shipping_class-vast-tarief-eu-overig","20":"first","21":"instock","22":"taxable","23":"shipping-taxable","24":"purchasable","25":"product-type-variable"},"mb":[],"mfb_rest_fields":["title"],"_links":{"self":[{"href":"https:\/\/dogpride.nl\/de\/wp-json\/wp\/v2\/product\/124773","targetHints":{"allow":["GET"]}}],"collection":[{"href":"https:\/\/dogpride.nl\/de\/wp-json\/wp\/v2\/product"}],"about":[{"href":"https:\/\/dogpride.nl\/de\/wp-json\/wp\/v2\/types\/product"}],"wp:featuredmedia":[{"embeddable":true,"href":"https:\/\/dogpride.nl\/de\/wp-json\/wp\/v2\/media\/124794"}],"wp:attachment":[{"href":"https:\/\/dogpride.nl\/de\/wp-json\/wp\/v2\/media?parent=124773"}],"wp:term":[{"taxonomy":"product_brand","embeddable":true,"href":"https:\/\/dogpride.nl\/de\/wp-json\/wp\/v2\/product_brand?post=124773"},{"taxonomy":"product_cat","embeddable":true,"href":"https:\/\/dogpride.nl\/de\/wp-json\/wp\/v2\/product_cat?post=124773"},{"taxonomy":"product_tag","embeddable":true,"href":"https:\/\/dogpride.nl\/de\/wp-json\/wp\/v2\/product_tag?post=124773"}],"curies":[{"name":"wp","href":"https:\/\/api.w.org\/{rel}","templated":true}]}}