{"id":124749,"date":"2024-11-17T16:24:03","date_gmt":"2024-11-17T15:24:03","guid":{"rendered":"https:\/\/dogpride.nl\/?post_type=product&#038;p=124749"},"modified":"2026-02-03T14:52:11","modified_gmt":"2026-02-03T13:52:11","slug":"tyras-operator-d-ring-cobra45","status":"publish","type":"product","link":"https:\/\/dogpride.nl\/de\/tyras-operator-d-ring-cobra45\/","title":{"rendered":"TYRAS Operator D Ring Cobra45"},"content":{"rendered":"<h4>TYRAS Operator D Ring Cobra45<\/h4>\n<p>TYRAS Operator D Ring Cobra45<\/p>\n<p>De TYRAS Operator D Ring Cobra45 tactische halsband is speciaal ontworpen voor operationeel gebruik en behoort tot de sterkste tactische werkhalsbanden in de branche.<br \/>\nOf het nu gaat om dagelijkse activiteiten, training of operaties, deze halsband onderscheidt zich door zijn hoge niveau van comfort en buitengewone stabiliteit.<\/p>\n<p>De ge\u00efntegreerde D-RING COBRA\u00ae PRO STYLE 18 kN biedt het hoogste veiligheidsniveau. Deze variant met ge\u00efntegreerde D-ring is nog robuuster dan conventionele COBRA\u00ae PRO STYLE gespen en voldoet aan alle eisen van de ANSI Z359.12-2019 norm.<br \/>\nOm te voorkomen dat de halsband per ongeluk wordt geopend, bijvoorbeeld bij een snelle greep in de halsband, kan deze alleen worden geopend wanneer deze is uitgeladen en door beide clips tegelijkertijd in te drukken.<\/p>\n<h4>Voor de TYRAS Operator D Ring Cobra45 Tactical Collar gebruiken we <strong>uitsluitend Mil-Spec webbing.<\/strong> Deze worden in twee lagen gelegd en aan de binnenkant bekleed met klittenband.<\/h4>\n<p><a href=\"https:\/\/dogpride.nl\/de\/hondenhalsbanden\/tyras-dog-gear-hondenhalsbanden\/\"><img loading=\"lazy\" decoding=\"async\" class=\"alignnone wp-image-136872 size-thumbnail\" title=\"TYRAS Operator D Ring Cobra45\" src=\"https:\/\/dogpride.nl\/wp-content\/uploads\/TYRAS-Operator-D-Ring-Cobra45-150x150.webp\" alt=\"TYRAS Operator D Ring Cobra45\" width=\"150\" height=\"150\" srcset=\"https:\/\/dogpride.nl\/wp-content\/uploads\/TYRAS-Operator-D-Ring-Cobra45-150x150.webp 150w, https:\/\/dogpride.nl\/wp-content\/uploads\/TYRAS-Operator-D-Ring-Cobra45-300x300.webp 300w, https:\/\/dogpride.nl\/wp-content\/uploads\/TYRAS-Operator-D-Ring-Cobra45-1024x1024.webp 1024w, https:\/\/dogpride.nl\/wp-content\/uploads\/TYRAS-Operator-D-Ring-Cobra45-768x768.webp 768w, https:\/\/dogpride.nl\/wp-content\/uploads\/TYRAS-Operator-D-Ring-Cobra45-12x12.webp 12w, https:\/\/dogpride.nl\/wp-content\/uploads\/TYRAS-Operator-D-Ring-Cobra45-250x250.webp 250w, https:\/\/dogpride.nl\/wp-content\/uploads\/TYRAS-Operator-D-Ring-Cobra45-400x400.webp 400w, https:\/\/dogpride.nl\/wp-content\/uploads\/TYRAS-Operator-D-Ring-Cobra45-100x100.webp 100w, https:\/\/dogpride.nl\/wp-content\/uploads\/TYRAS-Operator-D-Ring-Cobra45.webp 1200w\" sizes=\"auto, (max-width: 150px) 100vw, 150px\" \/><\/a><\/p>\n<p>Optioneel kan de buitenkant ook worden afgedekt met klittenband om een patchgebied te krijgen<\/p>\n<p>Het magnetische handvat is ontworpen om automatisch te sluiten wanneer het niet in gebruik is en past precies tegen de halsband om het risico op haken vrijwel te elimineren.<br \/>\nToch blijft het gemakkelijk toegankelijk en klaar voor gebruik wanneer dat nodig is.<\/p>\n<p>De TYRAS Operator D-Ring Cobra45\u00a0 zijn verkrijgbaar in Black, Olive Drab en Coyote Brown, samen met MultiCam Black en MultiCam Original. Op verzoek bieden we ook geluidsarme configuraties en aanpassingen.<\/p>\n<p>\u2714 Speciaal gemaakt voor het leger en de wetshandhaving<br \/>\n\u2714 D-RING COBRA\u00ae PRO STYLE 18 kN veiligheidsgesp<br \/>\n\u2714 Hoog draagcomfort met traploze verstelbaarheid<br \/>\n\u2714 Optioneel verkrijgbaar met groot patchoppervlak en veiligheidshandgreep<br \/>\n\u2714 Handgemaakt door ervaren vakmensen<\/p>\n<h4>Specificaties TYRAS Operator D Ring Cobra45:<\/h4>\n<ul>\n<li>MultiCam singels: polyamide, treksterkte: 9,8 kN<\/li>\n<li>Zwarte band: polyamide, treksterkte: 40 kN<\/li>\n<li>Singelband Olive Drab: Polyamide, treksterkte: 40 kN<\/li>\n<li>Singelband Coyote Brown: polyamide, treksterkte: 25 kN<\/li>\n<li>Gesp: aluminium, treksterkte: 18 kN<\/li>\n<li>D-ring: roestvrij staal, treksterkte: 22 kN<\/li>\n<\/ul>\n<h4>Erh\u00e4ltlich in den Gr\u00f6\u00dfen:<\/h4>\n<ul>\n<li>E1: 36 &#8211; 43 cm | 14 &#8211; 17 inches<\/li>\n<li>E2: 41 &#8211; 48 cm | 16 &#8211; 19 inches<\/li>\n<li>E3: 46 &#8211; 53cm | 18 &#8211; 21 inches<\/li>\n<li>E4: 51 &#8211; 58 cm | 20 &#8211; 23 inches<\/li>\n<li>E5: 56 &#8211; 64 cm | 22 &#8211; 25 inches<\/li>\n<li>E6: 61 &#8211; 69cm | 24 &#8211; 27 inches<\/li>\n<li>E7: 66 &#8211; 74 cm | 26 &#8211; 29 inches<\/li>\n<li>E8: 71 &#8211; 79cm | 28 &#8211; 31 inches<\/li>\n<li>E9: 76 &#8211; 84 cm | 30 &#8211; 33 inches<\/li>\n<\/ul>\n<p><strong>Leverbaar in diverse kleuren<\/strong><\/p>\n<p><a href=\"https:\/\/dogpride.nl\/de\/hondenhalsbanden\/tyras-dog-gear-hondenhalsbanden\/\"><img loading=\"lazy\" decoding=\"async\" class=\"alignnone wp-image-136872 size-thumbnail\" title=\"TYRAS Operator D-Ring Cobra45\" src=\"https:\/\/dogpride.nl\/wp-content\/uploads\/TYRAS-Operator-D-Ring-Cobra45-150x150.webp\" alt=\"TYRAS Operator D-Ring Cobra45\" width=\"150\" height=\"150\" srcset=\"https:\/\/dogpride.nl\/wp-content\/uploads\/TYRAS-Operator-D-Ring-Cobra45-150x150.webp 150w, https:\/\/dogpride.nl\/wp-content\/uploads\/TYRAS-Operator-D-Ring-Cobra45-300x300.webp 300w, https:\/\/dogpride.nl\/wp-content\/uploads\/TYRAS-Operator-D-Ring-Cobra45-1024x1024.webp 1024w, https:\/\/dogpride.nl\/wp-content\/uploads\/TYRAS-Operator-D-Ring-Cobra45-768x768.webp 768w, https:\/\/dogpride.nl\/wp-content\/uploads\/TYRAS-Operator-D-Ring-Cobra45-12x12.webp 12w, https:\/\/dogpride.nl\/wp-content\/uploads\/TYRAS-Operator-D-Ring-Cobra45-250x250.webp 250w, https:\/\/dogpride.nl\/wp-content\/uploads\/TYRAS-Operator-D-Ring-Cobra45-400x400.webp 400w, https:\/\/dogpride.nl\/wp-content\/uploads\/TYRAS-Operator-D-Ring-Cobra45-100x100.webp 100w, https:\/\/dogpride.nl\/wp-content\/uploads\/TYRAS-Operator-D-Ring-Cobra45.webp 1200w\" sizes=\"auto, (max-width: 150px) 100vw, 150px\" \/><\/a><\/p>\n<p><a href=\"https:\/\/dogpride.nl\/de\/tyras-operator-d-ring-cobra45\/\">https:\/\/dogpride.nl\/tyras-operator-d-ring-cobra45<\/a><\/p>\n<div class=\"tcustomizer-col\">\n<div class=\"tcustomizer__image tcustomizer__image--big\" data-title=\"MultiCam Original\">\n<h4><a href=\"https:\/\/www.tyrasdoggear.com\/en-eu\" target=\"_blank\" rel=\"noopener\"><img loading=\"lazy\" decoding=\"async\" class=\"alignnone wp-image-147043 size-full\" src=\"https:\/\/dogpride.nl\/wp-content\/uploads\/Tyras.jpg\" alt=\"Tyras logo\" width=\"197\" height=\"66\" srcset=\"https:\/\/dogpride.nl\/wp-content\/uploads\/Tyras.jpg 197w, https:\/\/dogpride.nl\/wp-content\/uploads\/Tyras-18x6.jpg 18w\" sizes=\"auto, (max-width: 197px) 100vw, 197px\" \/><\/a><\/h4>\n<\/div>\n<\/div>","protected":false},"excerpt":{"rendered":"<p>De TYRAS Operator D Ring Cobra45 tactische halsband is speciaal ontworpen voor operationeel gebruik en behoort tot de sterkste tactische werkhalsbanden in de branche.<\/p>","protected":false},"featured_media":124762,"template":"","meta":[],"product_brand":[],"product_cat":[7927],"product_tag":[3004,6948,5238,3368,3288,7973,5800,7977,7990,7944],"class_list":{"0":"post-124749","1":"product","2":"type-product","3":"status-publish","4":"has-post-thumbnail","6":"product_cat-tyras-dog-gear-hondenhalsbanden","7":"product_tag-cobra","8":"product_tag-d-ring","9":"product_tag-halsband","10":"product_tag-hond","11":"product_tag-honden","12":"product_tag-mill-spec","13":"product_tag-operator","14":"product_tag-pro-style-gesp","15":"product_tag-sluiting","16":"product_tag-tyras","17":"product_shipping_class-vast-tarief-eu-overig","19":"first","20":"instock","21":"taxable","22":"shipping-taxable","23":"purchasable","24":"product-type-variable"},"mb":[],"mfb_rest_fields":["title"],"_links":{"self":[{"href":"https:\/\/dogpride.nl\/de\/wp-json\/wp\/v2\/product\/124749","targetHints":{"allow":["GET"]}}],"collection":[{"href":"https:\/\/dogpride.nl\/de\/wp-json\/wp\/v2\/product"}],"about":[{"href":"https:\/\/dogpride.nl\/de\/wp-json\/wp\/v2\/types\/product"}],"wp:featuredmedia":[{"embeddable":true,"href":"https:\/\/dogpride.nl\/de\/wp-json\/wp\/v2\/media\/124762"}],"wp:attachment":[{"href":"https:\/\/dogpride.nl\/de\/wp-json\/wp\/v2\/media?parent=124749"}],"wp:term":[{"taxonomy":"product_brand","embeddable":true,"href":"https:\/\/dogpride.nl\/de\/wp-json\/wp\/v2\/product_brand?post=124749"},{"taxonomy":"product_cat","embeddable":true,"href":"https:\/\/dogpride.nl\/de\/wp-json\/wp\/v2\/product_cat?post=124749"},{"taxonomy":"product_tag","embeddable":true,"href":"https:\/\/dogpride.nl\/de\/wp-json\/wp\/v2\/product_tag?post=124749"}],"curies":[{"name":"wp","href":"https:\/\/api.w.org\/{rel}","templated":true}]}}