{"id":124146,"date":"2024-11-11T14:51:08","date_gmt":"2024-11-11T13:51:08","guid":{"rendered":"https:\/\/dogpride.nl\/?post_type=product&#038;p=124146"},"modified":"2025-12-09T08:26:41","modified_gmt":"2025-12-09T07:26:41","slug":"duvoplus-hondenschoentjes-zwart","status":"publish","type":"product","link":"https:\/\/dogpride.nl\/de\/duvoplus-hondenschoentjes-zwart\/","title":{"rendered":"DUVOPLUS Hondenschoentjes Zwart"},"content":{"rendered":"<h4>DUVOPLUS Hondenschoentjes Zwart<\/h4>\n<p>DUVOPLUS Hondenschoentjes Zwart<\/p>\n<h4 class=\"h5 mb-3\">Kwalitatieve hondenschoentjes voor een outdoor avontuur<\/h4>\n<p>Deze flexibele en ademende polyester schoentjes verkleinen het risico op infecties na verwonding aan de poten en ondersteunen het genezingsproces. De anti-slip zool geeft jouw hond een stevige houvast op gladde ondergronden.<br \/>\nBovendien beschermen de zolen gevoelige poten tegen invloeden van buiten zoals kou, hitte, grind en kiezels. Dankzij de reflecterende strips op de schoenen valt jouw hond goed op in het donker.<br \/>\nDe duvoplus schoentjes zijn gemakkelijk aan te trekken dankzij de aanpasbare klittenband, ze sluiten perfect aan op de poot.<\/p>\n<h4 class=\"h6 text-dark mb-4 mb-lg-3\">Spezifikationen<\/h4>\n<ul class=\"list-check mb-4 mb-lg-5\">\n<li class=\"productDetailSpecification specificationColor{$color} fontScalingMobile\">Flexibel en ademend polyester &amp; waterafstotend kunstleder<\/li>\n<li class=\"productDetailSpecification specificationColor{$color} fontScalingMobile\">Robuuste anti-slip zool voor extra grip<\/li>\n<li class=\"productDetailSpecification specificationColor{$color} fontScalingMobile\">Beschermt tegen koude, hitte, grind en kiezels\u2026<\/li>\n<li class=\"productDetailSpecification specificationColor{$color} fontScalingMobile\">Verkleint het risico op infecties na verwonding aan de poten<\/li>\n<li class=\"productDetailSpecification specificationColor{$color} fontScalingMobile\">Reflecterende strips<\/li>\n<\/ul>\n<div class=\"row product-pictograms mb-4\">\n<div class=\"col-auto\"><img decoding=\"async\" class=\"img-fluid me-2\" title=\"pawprotection\" src=\"https:\/\/online.laroygroup.com\/icon\/pawprotection.png\" alt=\"pawprotection\" \/>\u00a0<img decoding=\"async\" class=\"img-fluid me-2\" title=\"reflecting\" src=\"https:\/\/online.laroygroup.com\/icon\/reflecting.png\" alt=\"reflecting\" \/>\u00a0<img decoding=\"async\" class=\"img-fluid me-2\" title=\"Anti-Rutsch\" src=\"https:\/\/online.laroygroup.com\/icon\/antislip.png\" alt=\"antislip\" \/><\/div>\n<\/div>\n<h4>Deze hondenschoenen worden per set van 2 stuks verkocht.<\/h4>\n<p><strong>Erh\u00e4ltlich in den Gr\u00f6\u00dfen:<\/strong><\/p>\n<ul>\n<li>S &#8211; 5,1 x 6,7 cm<\/li>\n<li>M &#8211; 6,4\u00a0 x8,9 cm<\/li>\n<li>L &#8211; 7,6 x 9,8 cm<\/li>\n<li>XL &#8211; 8,3 x 10,2 cm<\/li>\n<li>XXL &#8211; 9,5 x 11,4 cm<\/li>\n<\/ul>\n<p><a href=\"https:\/\/dogpride.nl\/de\/?s=hondenschoentjes&amp;post_type=product\"><img loading=\"lazy\" decoding=\"async\" class=\"alignnone\" title=\"DUVOPLUS Hondenschoentjes Zwart\" src=\"https:\/\/dogpride.nl\/wp-content\/uploads\/5414365394127_dt2_webl-150x150.jpg\" alt=\"DUVOPLUS Hondenschoentjes Zwart\" width=\"150\" height=\"150\" \/><\/a><\/p>\n<p><a href=\"https:\/\/www.laroygroup.com\/nl\" target=\"_blank\" rel=\"noopener\"><img loading=\"lazy\" decoding=\"async\" class=\"alignnone wp-image-145723 size-thumbnail\" src=\"https:\/\/dogpride.nl\/wp-content\/uploads\/Logo-Duvoplus-150x150.jpg\" alt=\"Logo Duvoplus\" width=\"150\" height=\"150\" srcset=\"https:\/\/dogpride.nl\/wp-content\/uploads\/Logo-Duvoplus-150x150.jpg 150w, https:\/\/dogpride.nl\/wp-content\/uploads\/Logo-Duvoplus-100x100.jpg 100w\" sizes=\"auto, (max-width: 150px) 100vw, 150px\" \/><\/a><\/p>","protected":false},"excerpt":{"rendered":"<p>Deze flexibele en ademende polyester schoentjes verkleinen het risico op infecties na verwonding aan de poten en ondersteunen het genezingsproces. De anti-slip zool geeft jouw hond een stevige houvast op gladde ondergronden.<\/p>","protected":false},"featured_media":124154,"template":"","meta":[],"product_brand":[],"product_cat":[6654],"product_tag":[7911,7867,7910,7118,5723,2969],"class_list":{"0":"post-124146","1":"product","2":"type-product","3":"status-publish","4":"has-post-thumbnail","6":"product_cat-hondenpotenbescherming","7":"product_tag-anti-slip-zool","8":"product_tag-duvoplus","9":"product_tag-hondenschoentjes","10":"product_tag-reflecterend","11":"product_tag-waterbestendig","12":"product_tag-zwart","14":"first","15":"instock","16":"taxable","17":"shipping-taxable","18":"purchasable","19":"product-type-variable"},"mb":[],"mfb_rest_fields":["title"],"_links":{"self":[{"href":"https:\/\/dogpride.nl\/de\/wp-json\/wp\/v2\/product\/124146","targetHints":{"allow":["GET"]}}],"collection":[{"href":"https:\/\/dogpride.nl\/de\/wp-json\/wp\/v2\/product"}],"about":[{"href":"https:\/\/dogpride.nl\/de\/wp-json\/wp\/v2\/types\/product"}],"wp:featuredmedia":[{"embeddable":true,"href":"https:\/\/dogpride.nl\/de\/wp-json\/wp\/v2\/media\/124154"}],"wp:attachment":[{"href":"https:\/\/dogpride.nl\/de\/wp-json\/wp\/v2\/media?parent=124146"}],"wp:term":[{"taxonomy":"product_brand","embeddable":true,"href":"https:\/\/dogpride.nl\/de\/wp-json\/wp\/v2\/product_brand?post=124146"},{"taxonomy":"product_cat","embeddable":true,"href":"https:\/\/dogpride.nl\/de\/wp-json\/wp\/v2\/product_cat?post=124146"},{"taxonomy":"product_tag","embeddable":true,"href":"https:\/\/dogpride.nl\/de\/wp-json\/wp\/v2\/product_tag?post=124146"}],"curies":[{"name":"wp","href":"https:\/\/api.w.org\/{rel}","templated":true}]}}