{"id":12341,"date":"2019-02-01T14:25:21","date_gmt":"2019-02-01T13:25:21","guid":{"rendered":"https:\/\/dogpride1.wpengine.com\/product\/adult-active-3\/"},"modified":"2025-09-25T11:48:54","modified_gmt":"2025-09-25T09:48:54","slug":"adult-active-uitgebalanceerde-voeding","status":"publish","type":"product","link":"https:\/\/dogpride.nl\/de\/adult-active-uitgebalanceerde-voeding\/","title":{"rendered":"Aktive, ausgewogene Ern\u00e4hrung f\u00fcr Erwachsene"},"content":{"rendered":"<div>\n<h4>Aktive, ausgewogene Ern\u00e4hrung f\u00fcr Erwachsene<\/h4>\n<p>Aktive, ausgewogene Ern\u00e4hrung f\u00fcr Erwachsene<\/p>\n<p>Adult Active uitgebalanceerde voeding is een 100% complete en uitgebalanceerde voeding met een verhoogd energiegehalte voor actieve honden.<\/p>\n<p>Dieses energiereiche Futter wurde speziell f\u00fcr erwachsene Hunde entwickelt, die im und um das Haus, beim Sport oder beim Spielen aktiv sind. Durch die gute Akzeptanz halten Sie Ihren Hund fit und geben ihm eine Mahlzeit, die ihm schmeckt.<\/p>\n<p><strong>Samenstelling Adult Active uitgebalanceerde voeding:<\/strong><\/p>\n<p>Getreide, Fleisch und tierische Nebenerzeugnisse, pflanzliche Nebenerzeugnisse, \u00d6le und Fette, Mineralien.<\/p>\n<p><strong>Analytische bestanddelen Adult Active uitgebalanceerde voeding:<\/strong><\/p>\n<p>Rohprotein 26,01 TP3T, Rohfett 15,01 TP3T, Rohfaser 3,51 TP3T,<\/p>\n<p>Rohasche 7,51 TP3T, Calcium 1,91 TP3T, Phosphor 1,11 TP3T, Feuchtigkeit 9,01 TP3T<\/p>\n<p><strong>N\u00e4hrwertzus\u00e4tze pro kg.<\/strong><\/p>\n<p>Vitamine A (alfa-retinylacetaat) 18000 IE, Vitamine D3 (cholecalciferol) 1600 IE, Vitamine E (all-rac alpha-tocopheryl acetate) 200 IE, Koper (koper (II) sulfaat pentahydraat) 5,0 mg, Zink (Zinksulfaatmonohydraat) 65,0 mg.<br \/>\nIJzer (ijzersulfaat (II) monohydraat) 50,0 mg, Mangaan (mangaan (II) oxide) 35,0 mg,\u00a0 Jodium (calciumjodaat,watervrij) 1,5 mg.<\/p>\n<\/div>\n<p><img loading=\"lazy\" decoding=\"async\" class=\"alignnone size-full wp-image-136736\" src=\"https:\/\/dogpride.nl\/wp-content\/uploads\/Adult-Active-uitgebalanceerde-voeding.jpg\" alt=\"Adult Active uitgebalanceerde voeding\" width=\"462\" height=\"242\" srcset=\"https:\/\/dogpride.nl\/wp-content\/uploads\/Adult-Active-uitgebalanceerde-voeding.jpg 462w, https:\/\/dogpride.nl\/wp-content\/uploads\/Adult-Active-uitgebalanceerde-voeding-300x157.jpg 300w, https:\/\/dogpride.nl\/wp-content\/uploads\/Adult-Active-uitgebalanceerde-voeding-18x9.jpg 18w, https:\/\/dogpride.nl\/wp-content\/uploads\/Adult-Active-uitgebalanceerde-voeding-250x131.jpg 250w, https:\/\/dogpride.nl\/wp-content\/uploads\/Adult-Active-uitgebalanceerde-voeding-400x210.jpg 400w\" sizes=\"auto, (max-width: 462px) 100vw, 462px\" \/><\/p>\n<p><a href=\"https:\/\/dogpride.nl\/de\/adult-active-uitgebalanceerde-voeding\/\">https:\/\/dogpride.nl\/adult-active-uitgebalanceerde-voeding<\/a><\/p>\n<p><a href=\"https:\/\/devrolijkekwispel.nl\/\" target=\"_blank\" rel=\"noopener\">Dogpride NL sponsert Kelly Albers<\/a><\/p>\n<p><em>Ich (Kelly Albers) bin seit 2015 im Tierbereich t\u00e4tig. Nach mehreren Ausbildungen, langj\u00e4hriger Erfahrung im Hundesport und langj\u00e4hriger T\u00e4tigkeit bei verschiedenen Tierbetrieben.<\/em><br \/>\n<em>Im Mai 2018 erreichte ich den H\u00f6hepunkt meiner Hundesportkarriere. Ich wurde WDSF-Weltmeister in der Klasse ipo2 und nahm anschlie\u00dfend an der niederl\u00e4ndischen Meisterschaft aller Rassen teil.<\/em><\/p>\n<p>&nbsp;<\/p>","protected":false},"excerpt":{"rendered":"<p>Adult Active uitgebalanceerde voeding. Deze energierijke voeding is speciaal samengesteld voor volwassen honden die actief zijn in en om het huis, bij sportbeoefening of spel. Dankzij de goede acceptatie, houdt u uw hond in goede conditie en geeft u een maaltijd die hij lekker vindt.<\/p>","protected":false},"featured_media":12342,"template":"","meta":[],"product_brand":[],"product_cat":[20],"product_tag":[3401,3400,3391,3288,8638,8851,3392],"class_list":{"0":"post-12341","1":"product","2":"type-product","3":"status-publish","4":"has-post-thumbnail","6":"product_cat-krokante-hondenbrokken","7":"product_tag-actieve","8":"product_tag-active","9":"product_tag-adult","10":"product_tag-honden","11":"product_tag-hondenbrokken","12":"product_tag-krokant","13":"product_tag-uitgebalanceerd","15":"first","16":"instock","17":"taxable","18":"shipping-taxable","19":"purchasable","20":"product-type-variable"},"mb":[],"mfb_rest_fields":["title"],"_links":{"self":[{"href":"https:\/\/dogpride.nl\/de\/wp-json\/wp\/v2\/product\/12341","targetHints":{"allow":["GET"]}}],"collection":[{"href":"https:\/\/dogpride.nl\/de\/wp-json\/wp\/v2\/product"}],"about":[{"href":"https:\/\/dogpride.nl\/de\/wp-json\/wp\/v2\/types\/product"}],"wp:featuredmedia":[{"embeddable":true,"href":"https:\/\/dogpride.nl\/de\/wp-json\/wp\/v2\/media\/12342"}],"wp:attachment":[{"href":"https:\/\/dogpride.nl\/de\/wp-json\/wp\/v2\/media?parent=12341"}],"wp:term":[{"taxonomy":"product_brand","embeddable":true,"href":"https:\/\/dogpride.nl\/de\/wp-json\/wp\/v2\/product_brand?post=12341"},{"taxonomy":"product_cat","embeddable":true,"href":"https:\/\/dogpride.nl\/de\/wp-json\/wp\/v2\/product_cat?post=12341"},{"taxonomy":"product_tag","embeddable":true,"href":"https:\/\/dogpride.nl\/de\/wp-json\/wp\/v2\/product_tag?post=12341"}],"curies":[{"name":"wp","href":"https:\/\/api.w.org\/{rel}","templated":true}]}}