{"id":12339,"date":"2019-02-01T14:25:21","date_gmt":"2019-02-01T13:25:21","guid":{"rendered":"https:\/\/dogpride1.wpengine.com\/product\/premium-high-energy-3\/"},"modified":"2025-09-25T11:56:55","modified_gmt":"2025-09-25T09:56:55","slug":"premium-high-energy","status":"publish","type":"product","link":"https:\/\/dogpride.nl\/de\/premium-high-energy\/","title":{"rendered":"Premium-Hochenergie"},"content":{"rendered":"<div>\n<h4 data-rm-block-id=\"block-1\">Premium-Hochenergie<\/h4>\n<p data-rm-block-id=\"block-2\">Premium High Energy ist ein 100% hochwertiges und ausgewogenes Futter speziell f\u00fcr aktive Hunde und Hunde, die bei Beruf und Sport \u00fcber l\u00e4ngere Zeit intensive Leistungen erbringen m\u00fcssen.<\/p>\n<p data-rm-block-id=\"block-3\">Premium High Energy bevat een verhoogd energiegehalte in de vorm van eiwitten en vetten. Deze\u00a0voeding is ook een uitstekende keuze voor dragende en lacterende teven.<\/p>\n<p data-rm-block-id=\"block-4\"><strong>Verbindung:<\/strong><\/p>\n<p data-rm-block-id=\"block-5\">Getreide, Fleisch und tierische Nebenerzeugnisse, pflanzliche Nebenerzeugnisse, \u00d6le und Fette, Mineralien.<\/p>\n<p data-rm-block-id=\"block-6\"><strong>Analytische Bestandteile:<\/strong><\/p>\n<ul>\n<li data-rm-block-id=\"block-7\">Rohprotein 30,0%, Rohfett 20,0%, Rohfaser 3,0%,<\/li>\n<li data-rm-block-id=\"block-8\">Rohasche 7,51 TP3T, Calcium 1,91 TP3T, Phosphor 1,21 TP3T, Feuchtigkeit 9,01 TP3T<\/li>\n<\/ul>\n<p data-rm-block-id=\"block-9\"><strong>N\u00e4hrwertzus\u00e4tze pro kg.<\/strong><\/p>\n<p data-rm-block-id=\"block-10\">Vitamine A (alfa-retinylacetaat) 18000 IE, Vitamine D3 (cholecalciferol) 1500 IE, Vitamine E (all-rac alpha-tocopheryl acetate) 60 IE, Koper (koper (II) sulfaat pentahydraat) 5,0 mg, Zink (Zinksulfaatmonohydraat) 65,0 mg.<br \/>\nIJzer (ijzersulfaat (II) monohydraat) 50,0 mg, Mangaan (mangaan (II) oxide) 35,0 mg,\u00a0 Jodium (calciumjodaat,watervrij) 1,5 mg.<\/p>\n<\/div>\n<p data-rm-block-id=\"block-11\">\n<p data-rm-block-id=\"block-12\"><img loading=\"lazy\" decoding=\"async\" class=\"alignnone size-full wp-image-136738\" src=\"https:\/\/dogpride.nl\/wp-content\/uploads\/Premium-High-Energy.jpg\" alt=\"Premium High Energy\" width=\"500\" height=\"253\" srcset=\"https:\/\/dogpride.nl\/wp-content\/uploads\/Premium-High-Energy.jpg 500w, https:\/\/dogpride.nl\/wp-content\/uploads\/Premium-High-Energy-300x152.jpg 300w, https:\/\/dogpride.nl\/wp-content\/uploads\/Premium-High-Energy-18x9.jpg 18w, https:\/\/dogpride.nl\/wp-content\/uploads\/Premium-High-Energy-250x127.jpg 250w, https:\/\/dogpride.nl\/wp-content\/uploads\/Premium-High-Energy-400x202.jpg 400w\" sizes=\"auto, (max-width: 500px) 100vw, 500px\" \/><\/p>\n<p data-rm-block-id=\"block-13\">\n<p data-rm-block-id=\"block-14\"><a href=\"https:\/\/dogpride.nl\/de\/premium-high-energy-3\/\">https:\/\/dogpride.nl\/premium-high-energy-3<\/a><\/p>\n<p data-rm-block-id=\"block-15\"><a href=\"https:\/\/devrolijkekwispel.nl\/\" target=\"_blank\" rel=\"noopener\">Dogpride NL sponsert Kelly Albers<\/a><\/p>\n<p data-rm-block-id=\"block-16\"><em>Ich (Kelly Albers) bin seit 2015 im Tierbereich t\u00e4tig. Nach mehreren Ausbildungen, langj\u00e4hriger Erfahrung im Hundesport und langj\u00e4hriger T\u00e4tigkeit bei verschiedenen Tierbetrieben.<\/em><br \/>\n<em>Im Mai 2018 erreichte ich den H\u00f6hepunkt meiner Hundesportkarriere. Ich wurde WDSF-Weltmeister in der Klasse ipo2 und nahm anschlie\u00dfend an der niederl\u00e4ndischen Meisterschaft aller Rassen teil.<\/em><\/p>","protected":false},"excerpt":{"rendered":"<p>Premium High Energy ist ein 100% hochwertiges und ausgewogenes Futter speziell f\u00fcr aktive Hunde und Hunde, die bei Beruf und Sport \u00fcber l\u00e4ngere Zeit intensive Leistungen erbringen m\u00fcssen.<\/p>","protected":false},"featured_media":12340,"template":"","meta":[],"product_brand":[],"product_cat":[20],"product_tag":[3388,3387,8638,8851,3366,3395],"class_list":{"0":"post-12339","1":"product","2":"type-product","3":"status-publish","4":"has-post-thumbnail","6":"product_cat-krokante-hondenbrokken","7":"product_tag-energy","8":"product_tag-high","9":"product_tag-hondenbrokken","10":"product_tag-krokant","11":"product_tag-premium","12":"product_tag-werkhonden","14":"first","15":"instock","16":"taxable","17":"shipping-taxable","18":"purchasable","19":"product-type-variable"},"mb":[],"mfb_rest_fields":["title"],"_links":{"self":[{"href":"https:\/\/dogpride.nl\/de\/wp-json\/wp\/v2\/product\/12339","targetHints":{"allow":["GET"]}}],"collection":[{"href":"https:\/\/dogpride.nl\/de\/wp-json\/wp\/v2\/product"}],"about":[{"href":"https:\/\/dogpride.nl\/de\/wp-json\/wp\/v2\/types\/product"}],"wp:featuredmedia":[{"embeddable":true,"href":"https:\/\/dogpride.nl\/de\/wp-json\/wp\/v2\/media\/12340"}],"wp:attachment":[{"href":"https:\/\/dogpride.nl\/de\/wp-json\/wp\/v2\/media?parent=12339"}],"wp:term":[{"taxonomy":"product_brand","embeddable":true,"href":"https:\/\/dogpride.nl\/de\/wp-json\/wp\/v2\/product_brand?post=12339"},{"taxonomy":"product_cat","embeddable":true,"href":"https:\/\/dogpride.nl\/de\/wp-json\/wp\/v2\/product_cat?post=12339"},{"taxonomy":"product_tag","embeddable":true,"href":"https:\/\/dogpride.nl\/de\/wp-json\/wp\/v2\/product_tag?post=12339"}],"curies":[{"name":"wp","href":"https:\/\/api.w.org\/{rel}","templated":true}]}}