{"id":12335,"date":"2019-02-01T14:25:21","date_gmt":"2019-02-01T13:25:21","guid":{"rendered":"https:\/\/dogpride1.wpengine.com\/product\/adult-senior-light-3\/"},"modified":"2025-09-25T12:03:48","modified_gmt":"2025-09-25T10:03:48","slug":"adult-senior-light-3","status":"publish","type":"product","link":"https:\/\/dogpride.nl\/de\/adult-senior-light-3\/","title":{"rendered":"Erwachsener Senior\/Leichter"},"content":{"rendered":"<div>\n<h4>Erwachsener Senior\/Leichter<\/h4>\n<p>Adult Senior\/Light ist ein 100% komplettes und ausgewogenes Futter speziell f\u00fcr \u00e4ltere Hunde, Hunde mit \u00dcbergewicht und Neigung zu \u00dcbergewicht.<\/p>\n<p>Durch den geringen Fett- und Energiegehalt bleibt Ihr Hund schlank, ohne dass er die Futtermenge reduzieren muss.<\/p>\n<p><strong>Verbindung:<\/strong><\/p>\n<p>Getreide, Fleisch und tierische Nebenerzeugnisse, pflanzliche Nebenerzeugnisse, \u00d6le und Fette, Mineralien.<\/p>\n<p><strong>Analytische Bestandteile:<\/strong><\/p>\n<p>Rohprotein 19,01 TP3T, Rohfett 7,01 TP3T, Rohfaser 3,01 TP3T,<\/p>\n<p>Rohasche 7,51 TP3T, Calcium 1,91 TP3T, Phosphor 1,21 TP3T, Feuchtigkeit 9,01 TP3T<\/p>\n<p><strong>N\u00e4hrwertzus\u00e4tze pro kg.<\/strong><\/p>\n<p>Vitamin A (Alpha-Retinylacetat) 14000 IE, Vitamin D3 (Cholecalciferol) 1400 IE, Vitamin E (All-Rac-Alpha-Tocopherylacetat) 60 IE, Kupfer (Kupfer(II)sulfat-Pentahydrat) 5,0 mg, Zink (Zinksulfat-Monohydrat). ) 65,0 mg. Eisen (Eisensulfat (II)-Monohydrat) 50,0 mg, Mangan (Mangan(II)-oxid) 35,0 mg, Jod (Calciumjodat, wasserfrei) 1,5 mg.<\/p>\n<\/div>\n<p><img loading=\"lazy\" decoding=\"async\" class=\"alignnone size-full wp-image-136753\" src=\"https:\/\/dogpride.nl\/wp-content\/uploads\/Adult-Senior-Light.jpg\" alt=\"Adult Senior\/Light\" width=\"500\" height=\"271\" srcset=\"https:\/\/dogpride.nl\/wp-content\/uploads\/Adult-Senior-Light.jpg 500w, https:\/\/dogpride.nl\/wp-content\/uploads\/Adult-Senior-Light-300x163.jpg 300w, https:\/\/dogpride.nl\/wp-content\/uploads\/Adult-Senior-Light-18x10.jpg 18w, https:\/\/dogpride.nl\/wp-content\/uploads\/Adult-Senior-Light-250x136.jpg 250w, https:\/\/dogpride.nl\/wp-content\/uploads\/Adult-Senior-Light-400x217.jpg 400w\" sizes=\"auto, (max-width: 500px) 100vw, 500px\" \/><\/p>\n<p><a href=\"https:\/\/dogpride.nl\/de\/adult-senior-light-3\/\">https:\/\/dogpride.nl\/adult-senior-light-3<\/a><\/p>\n<p><a href=\"https:\/\/devrolijkekwispel.nl\/\" target=\"_blank\" rel=\"noopener\">Dogpride NL sponsert Kelly Albers<\/a><\/p>\n<p><em>Ich (Kelly Albers) bin seit 2015 im Tierbereich t\u00e4tig. Nach mehreren Ausbildungen, langj\u00e4hriger Erfahrung im Hundesport und langj\u00e4hriger T\u00e4tigkeit bei verschiedenen Tierbetrieben.<\/em><br \/>\n<em>Im Mai 2018 erreichte ich den H\u00f6hepunkt meiner Hundesportkarriere. Ich wurde WDSF-Weltmeister in der Klasse ipo2 und nahm anschlie\u00dfend an der niederl\u00e4ndischen Meisterschaft aller Rassen teil.<\/em><\/p>","protected":false},"excerpt":{"rendered":"<p>Adult Senior\/Light ist ein 100% komplettes und ausgewogenes Futter speziell f\u00fcr \u00e4ltere Hunde, Hunde mit \u00dcbergewicht und Neigung zu \u00dcbergewicht.<\/p>","protected":false},"featured_media":12336,"template":"","meta":[],"product_brand":[],"product_cat":[20],"product_tag":[3391,3368,8638,8851,3390,3393,3394,3373,3392,3382],"class_list":{"0":"post-12335","1":"product","2":"type-product","3":"status-publish","4":"has-post-thumbnail","6":"product_cat-krokante-hondenbrokken","7":"product_tag-adult","8":"product_tag-hond","9":"product_tag-hondenbrokken","10":"product_tag-krokant","11":"product_tag-light","12":"product_tag-oudere","13":"product_tag-overgewicht","14":"product_tag-senior","15":"product_tag-uitgebalanceerd","16":"product_tag-voeding","18":"first","19":"instock","20":"taxable","21":"shipping-taxable","22":"purchasable","23":"product-type-variable"},"mb":[],"mfb_rest_fields":["title"],"_links":{"self":[{"href":"https:\/\/dogpride.nl\/de\/wp-json\/wp\/v2\/product\/12335","targetHints":{"allow":["GET"]}}],"collection":[{"href":"https:\/\/dogpride.nl\/de\/wp-json\/wp\/v2\/product"}],"about":[{"href":"https:\/\/dogpride.nl\/de\/wp-json\/wp\/v2\/types\/product"}],"wp:featuredmedia":[{"embeddable":true,"href":"https:\/\/dogpride.nl\/de\/wp-json\/wp\/v2\/media\/12336"}],"wp:attachment":[{"href":"https:\/\/dogpride.nl\/de\/wp-json\/wp\/v2\/media?parent=12335"}],"wp:term":[{"taxonomy":"product_brand","embeddable":true,"href":"https:\/\/dogpride.nl\/de\/wp-json\/wp\/v2\/product_brand?post=12335"},{"taxonomy":"product_cat","embeddable":true,"href":"https:\/\/dogpride.nl\/de\/wp-json\/wp\/v2\/product_cat?post=12335"},{"taxonomy":"product_tag","embeddable":true,"href":"https:\/\/dogpride.nl\/de\/wp-json\/wp\/v2\/product_tag?post=12335"}],"curies":[{"name":"wp","href":"https:\/\/api.w.org\/{rel}","templated":true}]}}