{"id":12329,"date":"2019-02-01T14:25:20","date_gmt":"2019-02-01T13:25:20","guid":{"rendered":"https:\/\/dogpride1.wpengine.com\/product\/super-premium-sensitive-3\/"},"modified":"2025-09-25T12:09:55","modified_gmt":"2025-09-25T10:09:55","slug":"super-premium-sensitive-3","status":"publish","type":"product","link":"https:\/\/dogpride.nl\/de\/super-premium-sensitive-3\/","title":{"rendered":"Super Premium Sensitive"},"content":{"rendered":"<div>\n<h4>Super Premium Sensitive<\/h4>\n<p>Super Premium Sensitive ist ein Futter, das ausschlie\u00dflich hydrolysierte tierische Proteine enth\u00e4lt und daher hervorragend f\u00fcr erwachsene Hunde mit einer Futtermittelallergie geeignet ist.<\/p>\n<p>Gehydrolyseerde eiwitten zijn in kleine fragmenten geknipte eiwitten. Door het verkleinen van eiwitten verliezen deze hun allergene eigenschappen en worden daardoor niet herkend door het immuunsysteem van de hond.<br \/>\nWat leidt tot vermindering van voedingsallergie en verbetering van de huid en vacht van uw hond.<\/p>\n<p><strong>Verbindung<\/strong>:<\/p>\n<p>Reis, hydrolysierter Fisch, Kartoffelprotein, Fisch\u00f6l (Lachs), getrocknete R\u00fcbenschnitzel, tierisches Fett (Gefl\u00fcgel, Rindfleisch), Mineralien (Kaliumchlorid, Natriumchlorid, Calciumcarbonat, Natriumtripolyphosphat, Monocalciumphosphat), Hefe, Borretsch\u00f6l, hydrolysiert H\u00fchnerleber.<\/p>\n<p><strong>Analyse:<\/strong><\/p>\n<ul>\n<li>Rohprotein 21,0%, Rohfett 12,5%, Rohfaser 2,5%,<\/li>\n<li>Rohasche 7,51 TP3T, Calcium 0,51 TP3T, Phosphor 0,451 TP3T, Feuchtigkeit 8,01 TP3T<\/li>\n<\/ul>\n<p><strong>N\u00e4hrwertzus\u00e4tze pro kg.<\/strong><\/p>\n<p>Vitamin A (Alpha-Retinylacetat) 14000 IE, Vitamin D3 (Cholecalciferol) 1400 IE, Vitamin E (All-Rac-Alpha-Tocopherylacetat) 600 mg, Kupfer (Kupfer(II)sulfat-Pentahydrat) 4,0 mg, Zink (Zinksulfat-Monohydrat). ) 124,4 mg. Eisen (Eisensulfat (II)-Monohydrat) 70,9 mg, Mangan (Mangan(II)-oxid) 25,8 mg, Jod (Calciumjodat, wasserfrei) 1,2 mg.<\/p>\n<\/div>\n<p><img loading=\"lazy\" decoding=\"async\" class=\"alignnone size-full wp-image-136764\" src=\"https:\/\/dogpride.nl\/wp-content\/uploads\/Super-Premium-Sensitive.jpg\" alt=\"Super Premium Sensitive\" width=\"1838\" height=\"805\" srcset=\"https:\/\/dogpride.nl\/wp-content\/uploads\/Super-Premium-Sensitive.jpg 1838w, https:\/\/dogpride.nl\/wp-content\/uploads\/Super-Premium-Sensitive-300x131.jpg 300w, https:\/\/dogpride.nl\/wp-content\/uploads\/Super-Premium-Sensitive-1024x448.jpg 1024w, https:\/\/dogpride.nl\/wp-content\/uploads\/Super-Premium-Sensitive-768x336.jpg 768w, https:\/\/dogpride.nl\/wp-content\/uploads\/Super-Premium-Sensitive-1536x673.jpg 1536w, https:\/\/dogpride.nl\/wp-content\/uploads\/Super-Premium-Sensitive-18x8.jpg 18w, https:\/\/dogpride.nl\/wp-content\/uploads\/Super-Premium-Sensitive-250x109.jpg 250w, https:\/\/dogpride.nl\/wp-content\/uploads\/Super-Premium-Sensitive-400x175.jpg 400w\" sizes=\"auto, (max-width: 1838px) 100vw, 1838px\" \/><\/p>\n<p><a href=\"https:\/\/dogpride.nl\/de\/super-premium-sensitive-3\/\">https:\/\/dogpride.nl\/super-premium-sensitive-3<\/a><\/p>\n<p><a href=\"https:\/\/devrolijkekwispel.nl\/\" target=\"_blank\" rel=\"noopener\">Dogpride NL sponsert Kelly Albers<\/a><\/p>\n<p><em>Ich (Kelly Albers) bin seit 2015 im Tierbereich t\u00e4tig. Nach mehreren Ausbildungen, langj\u00e4hriger Erfahrung im Hundesport und langj\u00e4hriger T\u00e4tigkeit bei verschiedenen Tierbetrieben.<\/em><br \/>\n<em>Im Mai 2018 erreichte ich den H\u00f6hepunkt meiner Hundesportkarriere. Ich wurde WDSF-Weltmeister in der Klasse ipo2 und nahm anschlie\u00dfend an der niederl\u00e4ndischen Meisterschaft aller Rassen teil.<\/em><\/p>","protected":false},"excerpt":{"rendered":"<p>Super Premium Sensitive ist ein Futter, das ausschlie\u00dflich hydrolysierte tierische Proteine enth\u00e4lt und f\u00fcr erwachsene Hunde mit einer Futtermittelallergie geeignet ist.<\/p>","protected":false},"featured_media":12330,"template":"","meta":[],"product_brand":[],"product_cat":[20],"product_tag":[3419,3420,3418,3366,3417,3421],"class_list":{"0":"post-12329","1":"product","2":"type-product","3":"status-publish","4":"has-post-thumbnail","6":"product_cat-krokante-hondenbrokken","7":"product_tag-dierlijke","8":"product_tag-eiwitten","9":"product_tag-gehydrolyseerd","10":"product_tag-premium","11":"product_tag-sensitive","12":"product_tag-voedingsallergie","14":"first","15":"instock","16":"taxable","17":"shipping-taxable","18":"purchasable","19":"product-type-variable"},"mb":[],"mfb_rest_fields":["title"],"_links":{"self":[{"href":"https:\/\/dogpride.nl\/de\/wp-json\/wp\/v2\/product\/12329","targetHints":{"allow":["GET"]}}],"collection":[{"href":"https:\/\/dogpride.nl\/de\/wp-json\/wp\/v2\/product"}],"about":[{"href":"https:\/\/dogpride.nl\/de\/wp-json\/wp\/v2\/types\/product"}],"wp:featuredmedia":[{"embeddable":true,"href":"https:\/\/dogpride.nl\/de\/wp-json\/wp\/v2\/media\/12330"}],"wp:attachment":[{"href":"https:\/\/dogpride.nl\/de\/wp-json\/wp\/v2\/media?parent=12329"}],"wp:term":[{"taxonomy":"product_brand","embeddable":true,"href":"https:\/\/dogpride.nl\/de\/wp-json\/wp\/v2\/product_brand?post=12329"},{"taxonomy":"product_cat","embeddable":true,"href":"https:\/\/dogpride.nl\/de\/wp-json\/wp\/v2\/product_cat?post=12329"},{"taxonomy":"product_tag","embeddable":true,"href":"https:\/\/dogpride.nl\/de\/wp-json\/wp\/v2\/product_tag?post=12329"}],"curies":[{"name":"wp","href":"https:\/\/api.w.org\/{rel}","templated":true}]}}