{"id":12325,"date":"2019-02-01T14:25:20","date_gmt":"2019-02-01T13:25:20","guid":{"rendered":"https:\/\/dogpride1.wpengine.com\/product\/adult-maxi-3\/"},"modified":"2025-09-25T12:12:10","modified_gmt":"2025-09-25T10:12:10","slug":"adult-maxi-uitgebalanceerde-voeding","status":"publish","type":"product","link":"https:\/\/dogpride.nl\/de\/adult-maxi-uitgebalanceerde-voeding\/","title":{"rendered":"Ausgewogene Maxi-Ern\u00e4hrung f\u00fcr Erwachsene"},"content":{"rendered":"<div>\n<h4>Ausgewogene Maxi-Ern\u00e4hrung f\u00fcr Erwachsene<\/h4>\n<p>Ausgewogene Maxi-Ern\u00e4hrung f\u00fcr Erwachsene<\/p>\n<p>Adult Maxi Balanced Nutrition ist eine 100% vollst\u00e4ndige und ausgewogene Ern\u00e4hrung f\u00fcr erwachsene Hunde mittlerer und gro\u00dfer Rassen mit normalem Energieverbrauch.<\/p>\n<p>Ein Futter, das Ihren Hund in perfekter Verfassung h\u00e4lt und ihm erm\u00f6glicht, jeden Tag optimal zu funktionieren.<\/p>\n<p><strong>Samenstelling Adult Maxi uitgebalanceerde voeding:<\/strong><\/p>\n<p>Getreide, Fleisch und tierische Nebenerzeugnisse, pflanzliche Nebenerzeugnisse, \u00d6le und Fette, Mineralien.<\/p>\n<p><strong>Analytische Bestandteile:<\/strong><\/p>\n<ul>\n<li>Rohprotein 25,01 TP3T, Rohfett 9,01 TP3T, Rohfaser 3,01 TP3T,<\/li>\n<li>Rohasche 7,51 TP3T, Calcium 1,71 TP3T, Phosphor 1,01 TP3T, Feuchtigkeit 9,01 TP3T<\/li>\n<\/ul>\n<p><strong>N\u00e4hrwertzus\u00e4tze pro kg.<\/strong><\/p>\n<p>Vitamine A (alfa-retinylacetaat) 15000 IE, Vitamine D3 (cholecalciferol) 1500 IE, Vitamine E (all-rac alpha-tocopheryl acetate) 60 IE, Koper (koper (II) sulfaat pentahydraat) 5,0 mg, Zink (Zinksulfaatmonohydraat) 65,0 mg.<br \/>\nIJzer (ijzersulfaat (II) monohydraat) 50,0 mg, Mangaan (mangaan (II) oxide) 35,0 mg,\u00a0 Jodium (calciumjodaat,watervrij) 1,5 mg.<\/p>\n<\/div>\n<p><img loading=\"lazy\" decoding=\"async\" class=\"alignnone size-full wp-image-136765\" src=\"https:\/\/dogpride.nl\/wp-content\/uploads\/Adult-Maxi-uitgebalanceerde-voeding.jpg\" alt=\"Adult Maxi uitgebalanceerde voeding\" width=\"441\" height=\"242\" srcset=\"https:\/\/dogpride.nl\/wp-content\/uploads\/Adult-Maxi-uitgebalanceerde-voeding.jpg 441w, https:\/\/dogpride.nl\/wp-content\/uploads\/Adult-Maxi-uitgebalanceerde-voeding-300x165.jpg 300w, https:\/\/dogpride.nl\/wp-content\/uploads\/Adult-Maxi-uitgebalanceerde-voeding-18x10.jpg 18w, https:\/\/dogpride.nl\/wp-content\/uploads\/Adult-Maxi-uitgebalanceerde-voeding-250x137.jpg 250w, https:\/\/dogpride.nl\/wp-content\/uploads\/Adult-Maxi-uitgebalanceerde-voeding-400x220.jpg 400w\" sizes=\"auto, (max-width: 441px) 100vw, 441px\" \/><\/p>\n<p><a href=\"https:\/\/dogpride.nl\/de\/adult-maxi-uitgebalanceerde-voeding\/\">https:\/\/dogpride.nl\/adult-maxi-uitgebalanceerde-voeding<\/a><\/p>\n<p><a href=\"https:\/\/devrolijkekwispel.nl\/\" target=\"_blank\" rel=\"noopener\">Dogpride NL sponsert Kelly Albers<\/a><\/p>\n<p><em>Ich (Kelly Albers) bin seit 2015 im Tierbereich t\u00e4tig. Nach mehreren Ausbildungen, langj\u00e4hriger Erfahrung im Hundesport und langj\u00e4hriger T\u00e4tigkeit bei verschiedenen Tierbetrieben.<\/em><br \/>\n<em>Im Mai 2018 erreichte ich den H\u00f6hepunkt meiner Hundesportkarriere. Ich wurde WDSF-Weltmeister in der Klasse ipo2 und nahm anschlie\u00dfend an der niederl\u00e4ndischen Meisterschaft aller Rassen teil.<\/em><\/p>","protected":false},"excerpt":{"rendered":"<p>Ein Futter, das Ihren Hund in perfekter Verfassung h\u00e4lt und ihm erm\u00f6glicht, jeden Tag optimal zu funktionieren. Komplettes und ausgewogenes Futter f\u00fcr ausgewachsene Hunde mittlerer und gro\u00dfer Rassen mit normalem Energiebedarf.<\/p>","protected":false},"featured_media":12326,"template":"","meta":[],"product_brand":[],"product_cat":[20],"product_tag":[3391,3378,8638,8851,3411,8856,3406,3412],"class_list":{"0":"post-12325","1":"product","2":"type-product","3":"status-publish","4":"has-post-thumbnail","6":"product_cat-krokante-hondenbrokken","7":"product_tag-adult","8":"product_tag-groot","9":"product_tag-hondenbrokken","10":"product_tag-krokant","11":"product_tag-maxi","12":"product_tag-middelgroot","13":"product_tag-rassen","14":"product_tag-uitgebelanceerd","16":"first","17":"instock","18":"taxable","19":"shipping-taxable","20":"purchasable","21":"product-type-variable"},"mb":[],"mfb_rest_fields":["title"],"_links":{"self":[{"href":"https:\/\/dogpride.nl\/de\/wp-json\/wp\/v2\/product\/12325","targetHints":{"allow":["GET"]}}],"collection":[{"href":"https:\/\/dogpride.nl\/de\/wp-json\/wp\/v2\/product"}],"about":[{"href":"https:\/\/dogpride.nl\/de\/wp-json\/wp\/v2\/types\/product"}],"wp:featuredmedia":[{"embeddable":true,"href":"https:\/\/dogpride.nl\/de\/wp-json\/wp\/v2\/media\/12326"}],"wp:attachment":[{"href":"https:\/\/dogpride.nl\/de\/wp-json\/wp\/v2\/media?parent=12325"}],"wp:term":[{"taxonomy":"product_brand","embeddable":true,"href":"https:\/\/dogpride.nl\/de\/wp-json\/wp\/v2\/product_brand?post=12325"},{"taxonomy":"product_cat","embeddable":true,"href":"https:\/\/dogpride.nl\/de\/wp-json\/wp\/v2\/product_cat?post=12325"},{"taxonomy":"product_tag","embeddable":true,"href":"https:\/\/dogpride.nl\/de\/wp-json\/wp\/v2\/product_tag?post=12325"}],"curies":[{"name":"wp","href":"https:\/\/api.w.org\/{rel}","templated":true}]}}