{"id":12321,"date":"2019-02-01T14:25:20","date_gmt":"2019-02-01T13:25:20","guid":{"rendered":"https:\/\/dogpride1.wpengine.com\/product\/adult-economic-3\/"},"modified":"2025-09-25T12:16:32","modified_gmt":"2025-09-25T10:16:32","slug":"adult-economic-3","status":"publish","type":"product","link":"https:\/\/dogpride.nl\/de\/adult-economic-3\/","title":{"rendered":"Erwachsenen\u00f6konomie"},"content":{"rendered":"<div>\n<h4>Erwachsenen\u00f6konomie<\/h4>\n<p>Adult Economic ist ein 100% komplettes und ausgewogenes Futter f\u00fcr ausgewachsene Hunde aller Rassen mit geringem bis normalem Energieverbrauch.<\/p>\n<p>Honden die minder bewegen hebben ook minder voedingsstoffen nodig dan honden die elke dag moeten presteren. Deze smakelijke voeding voorziet uw hond in de dagelijkse hoeveelheid voedingstoffen.<br \/>\nDeze Balance Basic voeding houdt uw hond op een gezond gewicht en in perfecte conditie.<\/p>\n<p><strong>Verbindung:<\/strong><\/p>\n<p>Getreide, Fleisch und tierische Nebenerzeugnisse, pflanzliche Nebenerzeugnisse, \u00d6le und Fette, Mineralien.<\/p>\n<p><strong>Analytische Bestandteile:<\/strong><\/p>\n<ul>\n<li>Rohprotein 21,01 TP3T, Rohfett 7,51 TP3T, Rohfaser 3,01 TP3T,<\/li>\n<li>Rohasche 7,51 TP3T, Calcium 1,81 TP3T, Phosphor 1,21 TP3T, Feuchtigkeit 9,01 TP3T<\/li>\n<\/ul>\n<p><strong>N\u00e4hrwertzus\u00e4tze pro kg.<\/strong><\/p>\n<p>Vitamine A (alfa-retinylacetaat) 14000 IE, Vitamine D3 (cholecalciferol) 1400 IE, Vitamine E (all-rac alpha-tocopheryl acetate) 75 IE, Koper (koper (II) sulfaat pentahydraat) 5,0 mg, Zink (Zinksulfaatmonohydraat) 65,0 mg.<br \/>\nIJzer (ijzersulfaat (II) monohydraat) 50,0 mg, Mangaan (mangaan (II) oxide) 35,0 mg,\u00a0 Jodium (calciumjodaat,watervrij) 1,5 mg.<\/p>\n<\/div>\n<p><img loading=\"lazy\" decoding=\"async\" class=\"alignnone size-full wp-image-136768\" src=\"https:\/\/dogpride.nl\/wp-content\/uploads\/Adult-Economic.jpg\" alt=\"Adult Economic\" width=\"500\" height=\"250\" srcset=\"https:\/\/dogpride.nl\/wp-content\/uploads\/Adult-Economic.jpg 500w, https:\/\/dogpride.nl\/wp-content\/uploads\/Adult-Economic-300x150.jpg 300w, https:\/\/dogpride.nl\/wp-content\/uploads\/Adult-Economic-18x9.jpg 18w, https:\/\/dogpride.nl\/wp-content\/uploads\/Adult-Economic-250x125.jpg 250w, https:\/\/dogpride.nl\/wp-content\/uploads\/Adult-Economic-400x200.jpg 400w\" sizes=\"auto, (max-width: 500px) 100vw, 500px\" \/><\/p>\n<p><a href=\"https:\/\/dogpride.nl\/de\/adult-economic-3\/\">https:\/\/dogpride.nl\/adult-economic-3<\/a><\/p>\n<p><a href=\"https:\/\/devrolijkekwispel.nl\/\" target=\"_blank\" rel=\"noopener\">Dogpride NL sponsert Kelly Albers<\/a><\/p>\n<p><em>Ich (Kelly Albers) bin seit 2015 im Tierbereich t\u00e4tig. Nach mehreren Ausbildungen, langj\u00e4hriger Erfahrung im Hundesport und langj\u00e4hriger T\u00e4tigkeit bei verschiedenen Tierbetrieben.<\/em><br \/>\n<em>Im Mai 2018 erreichte ich den H\u00f6hepunkt meiner Hundesportkarriere. Ich wurde WDSF-Weltmeister in der Klasse ipo2 und nahm anschlie\u00dfend an der niederl\u00e4ndischen Meisterschaft aller Rassen teil.<\/em><\/p>\n<p>&nbsp;<\/p>","protected":false},"excerpt":{"rendered":"<p>Adult Economic ist ein 100% komplettes und ausgewogenes Futter f\u00fcr ausgewachsene Hunde aller Rassen mit geringem bis normalem Energieverbrauch.<\/p>","protected":false},"featured_media":12322,"template":"","meta":[],"product_brand":[],"product_cat":[20],"product_tag":[3391,3408,8638,8851,3392,3358],"class_list":{"0":"post-12321","1":"product","2":"type-product","3":"status-publish","4":"has-post-thumbnail","6":"product_cat-krokante-hondenbrokken","7":"product_tag-adult","8":"product_tag-economic","9":"product_tag-hondenbrokken","10":"product_tag-krokant","11":"product_tag-uitgebalanceerd","12":"product_tag-volwassen","14":"first","15":"instock","16":"taxable","17":"shipping-taxable","18":"purchasable","19":"product-type-variable"},"mb":[],"mfb_rest_fields":["title"],"_links":{"self":[{"href":"https:\/\/dogpride.nl\/de\/wp-json\/wp\/v2\/product\/12321","targetHints":{"allow":["GET"]}}],"collection":[{"href":"https:\/\/dogpride.nl\/de\/wp-json\/wp\/v2\/product"}],"about":[{"href":"https:\/\/dogpride.nl\/de\/wp-json\/wp\/v2\/types\/product"}],"wp:featuredmedia":[{"embeddable":true,"href":"https:\/\/dogpride.nl\/de\/wp-json\/wp\/v2\/media\/12322"}],"wp:attachment":[{"href":"https:\/\/dogpride.nl\/de\/wp-json\/wp\/v2\/media?parent=12321"}],"wp:term":[{"taxonomy":"product_brand","embeddable":true,"href":"https:\/\/dogpride.nl\/de\/wp-json\/wp\/v2\/product_brand?post=12321"},{"taxonomy":"product_cat","embeddable":true,"href":"https:\/\/dogpride.nl\/de\/wp-json\/wp\/v2\/product_cat?post=12321"},{"taxonomy":"product_tag","embeddable":true,"href":"https:\/\/dogpride.nl\/de\/wp-json\/wp\/v2\/product_tag?post=12321"}],"curies":[{"name":"wp","href":"https:\/\/api.w.org\/{rel}","templated":true}]}}