{"id":12319,"date":"2019-02-01T14:25:20","date_gmt":"2019-02-01T13:25:20","guid":{"rendered":"https:\/\/dogpride1.wpengine.com\/product\/premium-lamb-rice-3\/"},"modified":"2025-10-13T14:08:55","modified_gmt":"2025-10-13T12:08:55","slug":"premium-lamb-and-rice","status":"publish","type":"product","link":"https:\/\/dogpride.nl\/de\/premium-lamb-and-rice\/","title":{"rendered":"Premium Lamb and Rice"},"content":{"rendered":"<div>\n<h4>Premium Lamb and Rice<\/h4>\n<p>Premium Lamb and Rice is een 100% hoogwaardige en uitgebalanceerde voeding voor volwassen honden van alle rassen.<\/p>\n<p>Durch die sorgf\u00e4ltige Auswahl der Zutaten und die Verwendung ausschlie\u00dflich hochwertiger Rohstoffe mit Lammfleisch als Proteinquelle.<\/p>\n<p><strong>Verbindung<\/strong><\/p>\n<h4><strong>Premium Lamb and Rice:<\/strong><\/h4>\n<p>Mais, Weizen, dehydriertes Lammfleisch (15%), Reis (14%), H\u00fchnerfett, R\u00fcbenfasern, Hefe, Mineralien.<\/p>\n<p><strong>Analytische bestanddelen Premium Lamb and Rice:<\/strong><\/p>\n<p>Rohprotein 25,01 TP3T, Rohfett 13,01 TP3T, Rohfaser 3,01 TP3T,<\/p>\n<p>Rohasche 7,51 TP3T, Calcium 1,81 TP3T, Phosphor 1,21 TP3T, Feuchtigkeit 9,01 TP3T<\/p>\n<p><strong>N\u00e4hrwertzus\u00e4tze pro kg.<\/strong><\/p>\n<p>Vitamine A (alfa-retinylacetaat) 15000 IE, Vitamine D3 (cholecalciferol) 1500 IE, Vitamine E (all-rac alpha-tocopheryl acetate) 60 IE, Koper (koper (II) sulfaat pentahydraat) 5,0 mg, Zink (Zinksulfaatmonohydraat) 65,0 mg.<br \/>\nIJzer (ijzersulfaat (II) monohydraat) 50,0 mg, Mangaan (mangaan (II) oxide) 35,0 mg,\u00a0 Jodium (calciumjodaat,watervrij) 1,5 mg.<\/p>\n<\/div>\n<p><a href=\"https:\/\/dogpride.nl\/de\/hondenvoer\/krokante-hondenbrokken\/?product-page=2\"><img loading=\"lazy\" decoding=\"async\" class=\"alignnone wp-image-136775 size-thumbnail\" title=\"Premium Lamb and Rice\" src=\"https:\/\/dogpride.nl\/wp-content\/uploads\/Premium-Lamb-Rice-150x150.jpg\" alt=\"Premium Lamb and Rice\" width=\"150\" height=\"150\" srcset=\"https:\/\/dogpride.nl\/wp-content\/uploads\/Premium-Lamb-Rice-150x150.jpg 150w, https:\/\/dogpride.nl\/wp-content\/uploads\/Premium-Lamb-Rice-100x100.jpg 100w\" sizes=\"auto, (max-width: 150px) 100vw, 150px\" \/><\/a><\/p>\n<p><a href=\"https:\/\/dogpride.nl\/de\/hondenvoer\/krokante-hondenbrokken\/?product-page=2\"><img loading=\"lazy\" decoding=\"async\" class=\"alignnone wp-image-136775 size-thumbnail\" title=\"Premium Lamb and Rice\" src=\"https:\/\/dogpride.nl\/wp-content\/uploads\/Premium-Lamb-Rice-150x150.jpg\" alt=\"Premium Lamb and Rice\" width=\"150\" height=\"150\" srcset=\"https:\/\/dogpride.nl\/wp-content\/uploads\/Premium-Lamb-Rice-150x150.jpg 150w, https:\/\/dogpride.nl\/wp-content\/uploads\/Premium-Lamb-Rice-100x100.jpg 100w\" sizes=\"auto, (max-width: 150px) 100vw, 150px\" \/><\/a><\/p>\n<p><a href=\"https:\/\/dogpride.nl\/de\/premium-lamb-rice\/\">https:\/\/dogpride.nl\/premium-lamb-rice<\/a><\/p>\n<p><span style=\"color: #ffffff;\"><a style=\"color: #ffffff;\" href=\"https:\/\/devrolijkekwispel.nl\/\" target=\"_blank\" rel=\"noopener\">Dogpride NL sponsert Kelly Albers<\/a><\/span><\/p>\n<p><span style=\"color: #ffffff;\"><em>Ich (Kelly Albers) bin seit 2015 im Tierbereich t\u00e4tig. Nach mehreren Ausbildungen, langj\u00e4hriger Erfahrung im Hundesport und langj\u00e4hriger T\u00e4tigkeit bei verschiedenen Tierbetrieben.<\/em><\/span><br \/>\n<span style=\"color: #ffffff;\"><em>Im Mai 2018 erreichte ich den H\u00f6hepunkt meiner Hundesportkarriere. Ich wurde WDSF-Weltmeister in der Klasse ipo2 und nahm anschlie\u00dfend an der niederl\u00e4ndischen Meisterschaft aller Rassen teil.<\/em><\/span><\/p>","protected":false},"excerpt":{"rendered":"<p>Premium Lamb and Rice .Door ingredi\u00ebnten met zorg te selecteren en uitsluitend gebruik te maken van kwalitatief hoogwaardige grondstoffen met daarbij Lam als eiwitbron.<\/p>","protected":false},"featured_media":12320,"template":"","meta":[],"product_brand":[],"product_cat":[20],"product_tag":[8638,3381,8851,3371,8855,3366,8854,3383],"class_list":{"0":"post-12319","1":"product","2":"type-product","3":"status-publish","4":"has-post-thumbnail","6":"product_cat-krokante-hondenbrokken","7":"product_tag-hondenbrokken","8":"product_tag-hoogwaardig","9":"product_tag-krokant","10":"product_tag-lam","11":"product_tag-lamb","12":"product_tag-premium","13":"product_tag-rice","14":"product_tag-rijst","16":"first","17":"instock","18":"taxable","19":"shipping-taxable","20":"purchasable","21":"product-type-variable"},"mb":[],"mfb_rest_fields":["title"],"_links":{"self":[{"href":"https:\/\/dogpride.nl\/de\/wp-json\/wp\/v2\/product\/12319","targetHints":{"allow":["GET"]}}],"collection":[{"href":"https:\/\/dogpride.nl\/de\/wp-json\/wp\/v2\/product"}],"about":[{"href":"https:\/\/dogpride.nl\/de\/wp-json\/wp\/v2\/types\/product"}],"wp:featuredmedia":[{"embeddable":true,"href":"https:\/\/dogpride.nl\/de\/wp-json\/wp\/v2\/media\/12320"}],"wp:attachment":[{"href":"https:\/\/dogpride.nl\/de\/wp-json\/wp\/v2\/media?parent=12319"}],"wp:term":[{"taxonomy":"product_brand","embeddable":true,"href":"https:\/\/dogpride.nl\/de\/wp-json\/wp\/v2\/product_brand?post=12319"},{"taxonomy":"product_cat","embeddable":true,"href":"https:\/\/dogpride.nl\/de\/wp-json\/wp\/v2\/product_cat?post=12319"},{"taxonomy":"product_tag","embeddable":true,"href":"https:\/\/dogpride.nl\/de\/wp-json\/wp\/v2\/product_tag?post=12319"}],"curies":[{"name":"wp","href":"https:\/\/api.w.org\/{rel}","templated":true}]}}