{"id":12317,"date":"2019-02-01T14:25:20","date_gmt":"2019-02-01T13:25:20","guid":{"rendered":"https:\/\/dogpride1.wpengine.com\/product\/premium-chicken-rice-3\/"},"modified":"2025-10-13T14:09:54","modified_gmt":"2025-10-13T12:09:54","slug":"premium-chicken-and-rice","status":"publish","type":"product","link":"https:\/\/dogpride.nl\/de\/premium-chicken-and-rice\/","title":{"rendered":"Premium Chicken and Rice"},"content":{"rendered":"<div>\n<h4>Premium Chicken and Rice<\/h4>\n<p>Premium Chicken and Rice<\/p>\n<p>Premium Chicken and Rice is een 100% hoogwaardige en uitgebalanceerde voeding voor volwassen honden van alle rassen.<\/p>\n<p>Dieses leicht verdauliche Futter auf der Basis von Huhn und Reis enth\u00e4lt alle notwendigen Baustoffe f\u00fcr die Erhaltung eines gesunden K\u00f6rpers, gut funktionierender Organe und nat\u00fcrlicher Abwehrkr\u00e4fte.<\/p>\n<p><strong>Samenstelling Premium Chicken and Rice:<\/strong><\/p>\n<p>Mais, Weizen, dehydriertes Huhn (15%), Reis (14%), H\u00fchnerfett, R\u00fcbenfasern, Hefe, Mineralien.<\/p>\n<p><strong>Analytische bestanddelen Premium Chicken and Rice:<\/strong><\/p>\n<ul>\n<li>Rohprotein 26,01 TP3T, Rohfett 15,01 TP3T, Rohfaser 3,01 TP3T,<\/li>\n<li>Rohasche 7,01 TP3T, Calcium 1,61 TP3T, Phosphor 1,11 TP3T, Feuchtigkeit 9,01 TP3T<\/li>\n<\/ul>\n<p><strong>N\u00e4hrwertzus\u00e4tze pro kg.<\/strong><\/p>\n<p>Vitamine A (alfa-retinylacetaat) 15000 IE, Vitamine D3 (cholecalciferol) 1500 IE, Vitamine E (all-rac alpha-tocopheryl acetate) 60 IE, Koper (koper (II) sulfaat pentahydraat) 5,0 mg, Zink (Zinksulfaatmonohydraat) 65,0 mg.<br \/>\nIJzer (ijzersulfaat (II) monohydraat) 50,0 mg, Mangaan (mangaan (II) oxide) 35,0 mg,\u00a0 Jodium (calciumjodaat,watervrij) 1,5 mg.<\/p>\n<\/div>\n<p><img loading=\"lazy\" decoding=\"async\" class=\"alignnone wp-image-136783 size-thumbnail\" title=\"Premium Chicken and Rice\" src=\"https:\/\/dogpride.nl\/wp-content\/uploads\/Premium-Chicken-Rice-150x150.jpg\" alt=\"Premium Chicken and Rice\" width=\"150\" height=\"150\" srcset=\"https:\/\/dogpride.nl\/wp-content\/uploads\/Premium-Chicken-Rice-150x150.jpg 150w, https:\/\/dogpride.nl\/wp-content\/uploads\/Premium-Chicken-Rice-100x100.jpg 100w\" sizes=\"auto, (max-width: 150px) 100vw, 150px\" \/><img loading=\"lazy\" decoding=\"async\" class=\"alignnone wp-image-136783 size-thumbnail\" title=\"Premium Chicken and Rice\" src=\"https:\/\/dogpride.nl\/wp-content\/uploads\/Premium-Chicken-Rice-150x150.jpg\" alt=\"Premium Chicken and Rice\" width=\"150\" height=\"150\" srcset=\"https:\/\/dogpride.nl\/wp-content\/uploads\/Premium-Chicken-Rice-150x150.jpg 150w, https:\/\/dogpride.nl\/wp-content\/uploads\/Premium-Chicken-Rice-100x100.jpg 100w\" sizes=\"auto, (max-width: 150px) 100vw, 150px\" \/><\/p>\n<p><a href=\"https:\/\/dogpride.nl\/de\/premium-chicken-rice\/\">https:\/\/dogpride.nl\/premium-chicken-rice<\/a><\/p>\n<p><span style=\"color: #ffffff;\"><a style=\"color: #ffffff;\" href=\"https:\/\/devrolijkekwispel.nl\/\" target=\"_blank\" rel=\"noopener\">Dogpride NL sponsert Kelly Albers<\/a><\/span><\/p>\n<p><span style=\"color: #ffffff;\"><em>Ich (Kelly Albers) bin seit 2015 im Tierbereich t\u00e4tig. Nach mehreren Ausbildungen, langj\u00e4hriger Erfahrung im Hundesport und langj\u00e4hriger T\u00e4tigkeit bei verschiedenen Tierbetrieben.<\/em><\/span><br \/>\n<span style=\"color: #ffffff;\"><em>Im Mai 2018 erreichte ich den H\u00f6hepunkt meiner Hundesportkarriere. Ich wurde WDSF-Weltmeister in der Klasse ipo2 und nahm anschlie\u00dfend an der niederl\u00e4ndischen Meisterschaft aller Rassen teil.<\/em><\/span><\/p>","protected":false},"excerpt":{"rendered":"<p>Dieses leicht verdauliche Futter auf der Basis von Huhn und Reis enth\u00e4lt alle notwendigen Baustoffe f\u00fcr die Erhaltung eines gesunden K\u00f6rpers, gut funktionierender Organe und nat\u00fcrlicher Abwehrkr\u00e4fte.<\/p>","protected":false},"featured_media":12318,"template":"","meta":[],"product_brand":[],"product_cat":[20],"product_tag":[7147,8638,3381,3363,8851,3366,8854,3383],"class_list":{"0":"post-12317","1":"product","2":"type-product","3":"status-publish","4":"has-post-thumbnail","6":"product_cat-krokante-hondenbrokken","7":"product_tag-chicken","8":"product_tag-hondenbrokken","9":"product_tag-hoogwaardig","10":"product_tag-kip","11":"product_tag-krokant","12":"product_tag-premium","13":"product_tag-rice","14":"product_tag-rijst","16":"first","17":"instock","18":"taxable","19":"shipping-taxable","20":"purchasable","21":"product-type-variable"},"mb":[],"mfb_rest_fields":["title"],"_links":{"self":[{"href":"https:\/\/dogpride.nl\/de\/wp-json\/wp\/v2\/product\/12317","targetHints":{"allow":["GET"]}}],"collection":[{"href":"https:\/\/dogpride.nl\/de\/wp-json\/wp\/v2\/product"}],"about":[{"href":"https:\/\/dogpride.nl\/de\/wp-json\/wp\/v2\/types\/product"}],"wp:featuredmedia":[{"embeddable":true,"href":"https:\/\/dogpride.nl\/de\/wp-json\/wp\/v2\/media\/12318"}],"wp:attachment":[{"href":"https:\/\/dogpride.nl\/de\/wp-json\/wp\/v2\/media?parent=12317"}],"wp:term":[{"taxonomy":"product_brand","embeddable":true,"href":"https:\/\/dogpride.nl\/de\/wp-json\/wp\/v2\/product_brand?post=12317"},{"taxonomy":"product_cat","embeddable":true,"href":"https:\/\/dogpride.nl\/de\/wp-json\/wp\/v2\/product_cat?post=12317"},{"taxonomy":"product_tag","embeddable":true,"href":"https:\/\/dogpride.nl\/de\/wp-json\/wp\/v2\/product_tag?post=12317"}],"curies":[{"name":"wp","href":"https:\/\/api.w.org\/{rel}","templated":true}]}}