{"id":12313,"date":"2019-02-01T14:25:20","date_gmt":"2019-02-01T13:25:20","guid":{"rendered":"https:\/\/dogpride1.wpengine.com\/product\/super-premium-mini-lamb-rice-3\/"},"modified":"2025-10-13T14:12:04","modified_gmt":"2025-10-13T12:12:04","slug":"super-premium-mini-lamb-and-rice","status":"publish","type":"product","link":"https:\/\/dogpride.nl\/de\/super-premium-mini-lamb-and-rice\/","title":{"rendered":"Super Premium Mini Lamb and Rice"},"content":{"rendered":"<div>\n<h4>Super Premium Mini Lamb and Rice<\/h4>\n<p>Super Premium Mini Lamb and Rice<\/p>\n<p>Super Premium Mini Lamb and Rice is een 100% hoogwaardige en uitgebalanceerde voeding voor volwassen honden van kleine rassen.<\/p>\n<p>Kleine Hunderassen (Erwachsenengewicht bis 15 kg) ben\u00f6tigen verh\u00e4ltnism\u00e4\u00dfig mehr Energie, um fit zu bleiben. Durch die sorgf\u00e4ltige Auswahl der Zutaten und die Verwendung ausschlie\u00dflich hochwertiger Rohstoffe.<br \/>\nDe vorm, structuur en afmeting (8 mm) van de brokjes zijn perfect aangepast aan het gebit van kleinere honden.<\/p>\n<p><strong>Samenstelling Super Premium Mini Lamb and Rice:<\/strong><\/p>\n<p>Mais, dehydriertes Lammfleisch (18%), Reis (18%), R\u00fcbenfaser, H\u00fchnerfett, Hefe, Ei, Lachs\u00f6l, Mineralien<\/p>\n<p><strong>Analyse:<\/strong><\/p>\n<p>Rohprotein 24,0%, Rohfett 13,0%, Rohfaser 3,5%,<\/p>\n<p>Rohasche 7,51 TP3T, Calcium 1,51 TP3T, Phosphor 1,21 TP3T, Feuchtigkeit 9,01 TP3T<\/p>\n<p><strong>N\u00e4hrwertzus\u00e4tze pro kg.<\/strong><\/p>\n<p>Vitamine A (alfa-retinylacetaat) 15000 IE, Vitamine D3 (cholecalciferol) 1500 IE, Vitamine E (all-rac alpha-tocopheryl acetate) 100 mg, Koper (koper (II) sulfaat pentahydraat) 10,0 mg, Zink (Zinksulfaatmonohydraat) 140,0 mg.<br \/>\nIJzer (ijzersulfaat (II) monohydraat) 50,0 mg, Mangaan (mangaan (II) oxide) 30,0 mg,\u00a0 Jodium (calciumjodaat,watervrij) 1,5 mg.<\/p>\n<\/div>\n<p><a href=\"https:\/\/dogpride.nl\/de\/hondenvoer\/krokante-hondenbrokken\/?product-page=2\"><img loading=\"lazy\" decoding=\"async\" class=\"alignnone wp-image-136787 size-thumbnail\" title=\"Super Premium Mini Lamb and Rice\" src=\"https:\/\/dogpride.nl\/wp-content\/uploads\/Super-Premium-Mini-Lamb-Rice-150x150.jpg\" alt=\"Super Premium Mini Lamb and Rice\" width=\"150\" height=\"150\" srcset=\"https:\/\/dogpride.nl\/wp-content\/uploads\/Super-Premium-Mini-Lamb-Rice-150x150.jpg 150w, https:\/\/dogpride.nl\/wp-content\/uploads\/Super-Premium-Mini-Lamb-Rice-100x100.jpg 100w\" sizes=\"auto, (max-width: 150px) 100vw, 150px\" \/><\/a><a href=\"https:\/\/dogpride.nl\/de\/hondenvoer\/krokante-hondenbrokken\/?product-page=2\"><img loading=\"lazy\" decoding=\"async\" class=\"alignnone wp-image-136787 size-thumbnail\" title=\"Super Premium Mini Lamb and Rice\" src=\"https:\/\/dogpride.nl\/wp-content\/uploads\/Super-Premium-Mini-Lamb-Rice-150x150.jpg\" alt=\"Super Premium Mini Lamb and Rice\" width=\"150\" height=\"150\" srcset=\"https:\/\/dogpride.nl\/wp-content\/uploads\/Super-Premium-Mini-Lamb-Rice-150x150.jpg 150w, https:\/\/dogpride.nl\/wp-content\/uploads\/Super-Premium-Mini-Lamb-Rice-100x100.jpg 100w\" sizes=\"auto, (max-width: 150px) 100vw, 150px\" \/><\/a><\/p>\n<p><a href=\"https:\/\/dogpride.nl\/de\/super-premium-mini-lamb-rice\/\">https:\/\/dogpride.nl\/super-premium-mini-lamb-rice<\/a><\/p>\n<p><span style=\"color: #ffffff;\"><a style=\"color: #ffffff;\" href=\"https:\/\/devrolijkekwispel.nl\/\" target=\"_blank\" rel=\"noopener\">Dogpride NL sponsert Kelly Albers<\/a><\/span><\/p>\n<p><span style=\"color: #ffffff;\"><em>Ich (Kelly Albers) bin seit 2015 im Tierbereich t\u00e4tig. Nach mehreren Ausbildungen, langj\u00e4hriger Erfahrung im Hundesport und langj\u00e4hriger T\u00e4tigkeit bei verschiedenen Tierbetrieben.<\/em><\/span><br \/>\n<span style=\"color: #ffffff;\"><em>Im Mai 2018 erreichte ich den H\u00f6hepunkt meiner Hundesportkarriere. Ich wurde WDSF-Weltmeister in der Klasse ipo2 und nahm anschlie\u00dfend an der niederl\u00e4ndischen Meisterschaft aller Rassen teil.<\/em><\/span><\/p>","protected":false},"excerpt":{"rendered":"<p>Kleine Hunderassen (Erwachsenengewicht bis 15 kg) ben\u00f6tigen verh\u00e4ltnism\u00e4\u00dfig mehr Energie, um fit zu bleiben. Durch die sorgf\u00e4ltige Auswahl der Zutaten und die Verwendung ausschlie\u00dflich hochwertiger Rohstoffe.<\/p>","protected":false},"featured_media":12314,"template":"","meta":[],"product_brand":[],"product_cat":[20],"product_tag":[3288,8638,3405,8851,3371,3075,3404,3406,3383],"class_list":{"0":"post-12313","1":"product","2":"type-product","3":"status-publish","4":"has-post-thumbnail","6":"product_cat-krokante-hondenbrokken","7":"product_tag-honden","8":"product_tag-hondenbrokken","9":"product_tag-kleine","10":"product_tag-krokant","11":"product_tag-lam","12":"product_tag-mini","13":"product_tag-primium","14":"product_tag-rassen","15":"product_tag-rijst","17":"first","18":"instock","19":"taxable","20":"shipping-taxable","21":"purchasable","22":"product-type-variable"},"mb":[],"mfb_rest_fields":["title"],"_links":{"self":[{"href":"https:\/\/dogpride.nl\/de\/wp-json\/wp\/v2\/product\/12313","targetHints":{"allow":["GET"]}}],"collection":[{"href":"https:\/\/dogpride.nl\/de\/wp-json\/wp\/v2\/product"}],"about":[{"href":"https:\/\/dogpride.nl\/de\/wp-json\/wp\/v2\/types\/product"}],"wp:featuredmedia":[{"embeddable":true,"href":"https:\/\/dogpride.nl\/de\/wp-json\/wp\/v2\/media\/12314"}],"wp:attachment":[{"href":"https:\/\/dogpride.nl\/de\/wp-json\/wp\/v2\/media?parent=12313"}],"wp:term":[{"taxonomy":"product_brand","embeddable":true,"href":"https:\/\/dogpride.nl\/de\/wp-json\/wp\/v2\/product_brand?post=12313"},{"taxonomy":"product_cat","embeddable":true,"href":"https:\/\/dogpride.nl\/de\/wp-json\/wp\/v2\/product_cat?post=12313"},{"taxonomy":"product_tag","embeddable":true,"href":"https:\/\/dogpride.nl\/de\/wp-json\/wp\/v2\/product_tag?post=12313"}],"curies":[{"name":"wp","href":"https:\/\/api.w.org\/{rel}","templated":true}]}}