{"id":12311,"date":"2019-02-01T14:25:20","date_gmt":"2019-02-01T13:25:20","guid":{"rendered":"https:\/\/dogpride1.wpengine.com\/product\/super-premium-venison-potatoes-3\/"},"modified":"2025-10-13T14:13:24","modified_gmt":"2025-10-13T12:13:24","slug":"super-premium-venison-and-potatoes","status":"publish","type":"product","link":"https:\/\/dogpride.nl\/de\/super-premium-venison-and-potatoes\/","title":{"rendered":"Super Premium Venison and Potatoes"},"content":{"rendered":"<div>\n<h4>Super Premium Venison and Potatoes<\/h4>\n<p>Super Premium Venison and Potatoes is een voeding voor volwassen honden van alle rassen.<\/p>\n<p>Durch die sorgf\u00e4ltige Auswahl der Zutaten und die Verwendung ausschlie\u00dflich hochwertiger Rohstoffe mit Wild als Proteinquelle.<\/p>\n<p><strong>Samenstelling Super Premium Venison and Potatoes:<\/strong><\/p>\n<p>Reis, Kartoffeln (18%), dehydriertes Wildbret (17%), \u00d6le, H\u00fchnerfett, Hefe, Mineralien, Glucosamin, Chondroitin.<\/p>\n<p><strong>Analyse:<\/strong><\/p>\n<p>Rohprotein 18,5%, Rohfett 10,0%, Rohfaser 3,5%,<\/p>\n<p>Rohasche 8,01 TP3T, Calcium 1,21 TP3T, Phosphor 0,91 TP3T, Feuchtigkeit 9,01 TP3T<\/p>\n<p><strong>N\u00e4hrwertzus\u00e4tze pro kg.<\/strong><\/p>\n<p>Vitamine A (alfa-retinylacetaat) 20000 IE, Vitamine D3 (cholecalciferol) 2000 IE, Vitamine E (all-rac alpha-tocopheryl acetate) 75 IE, Koper (koper (II) sulfaat pentahydraat) 5,0 mg, Zink (Zinksulfaatmonohydraat) 65,0 mg.<br \/>\nIJzer (ijzersulfaat (II) monohydraat) 50,0 mg, Mangaan (mangaan (II) oxide) 35,0 mg,\u00a0 Jodium (calciumjodaat,watervrij) 1,5 mg.<\/p>\n<\/div>\n<div><a href=\"https:\/\/dogpride.nl\/de\/hondenvoer\/krokante-hondenbrokken\/?product-page=2\"><img loading=\"lazy\" decoding=\"async\" class=\"alignnone wp-image-136792 size-thumbnail\" title=\"Super Premium Venison and Potatoes\" src=\"https:\/\/dogpride.nl\/wp-content\/uploads\/Super-Premium-Venison-Potatoes-150x150.jpg\" alt=\"Super Premium Venison and Potatoes\" width=\"150\" height=\"150\" srcset=\"https:\/\/dogpride.nl\/wp-content\/uploads\/Super-Premium-Venison-Potatoes-150x150.jpg 150w, https:\/\/dogpride.nl\/wp-content\/uploads\/Super-Premium-Venison-Potatoes-100x100.jpg 100w\" sizes=\"auto, (max-width: 150px) 100vw, 150px\" \/><\/a><a href=\"https:\/\/dogpride.nl\/de\/hondenvoer\/krokante-hondenbrokken\/?product-page=2\"><img loading=\"lazy\" decoding=\"async\" class=\"alignnone wp-image-136792 size-thumbnail\" title=\"Super Premium Venison and Potatoes\" src=\"https:\/\/dogpride.nl\/wp-content\/uploads\/Super-Premium-Venison-Potatoes-150x150.jpg\" alt=\"Super Premium Venison and Potatoes\" width=\"150\" height=\"150\" srcset=\"https:\/\/dogpride.nl\/wp-content\/uploads\/Super-Premium-Venison-Potatoes-150x150.jpg 150w, https:\/\/dogpride.nl\/wp-content\/uploads\/Super-Premium-Venison-Potatoes-100x100.jpg 100w\" sizes=\"auto, (max-width: 150px) 100vw, 150px\" \/><\/a><\/div>\n<div><a href=\"https:\/\/dogpride.nl\/de\/super-premium-venison-potatoes\/\">https:\/\/dogpride.nl\/super-premium-venison-potatoes<\/a><\/div>\n<p><span style=\"color: #ffffff;\"><a style=\"color: #ffffff;\" href=\"https:\/\/devrolijkekwispel.nl\/\" target=\"_blank\" rel=\"noopener\">Dogpride NL sponsert Kelly Albers<\/a><\/span><\/p>\n<p><span style=\"color: #ffffff;\"><em>Ich (Kelly Albers) bin seit 2015 im Tierbereich t\u00e4tig. Nach mehreren Ausbildungen, langj\u00e4hriger Erfahrung im Hundesport und langj\u00e4hriger T\u00e4tigkeit bei verschiedenen Tierbetrieben.<\/em><\/span><br \/>\n<span style=\"color: #ffffff;\"><em>Im Mai 2018 erreichte ich den H\u00f6hepunkt meiner Hundesportkarriere. Ich wurde WDSF-Weltmeister in der Klasse ipo2 und nahm anschlie\u00dfend an der niederl\u00e4ndischen Meisterschaft aller Rassen teil.<\/em><\/span><\/p>","protected":false},"excerpt":{"rendered":"<p>Durch die sorgf\u00e4ltige Auswahl der Zutaten und die Verwendung ausschlie\u00dflich hochwertiger Rohstoffe mit Wild als Proteinquelle.<\/p>","protected":false},"featured_media":12312,"template":"","meta":[],"product_brand":[],"product_cat":[20],"product_tag":[3362,3403,8638,8851,8853,3366,3365,8852],"class_list":{"0":"post-12311","1":"product","2":"type-product","3":"status-publish","4":"has-post-thumbnail","6":"product_cat-krokante-hondenbrokken","7":"product_tag-aardappel","8":"product_tag-hert","9":"product_tag-hondenbrokken","10":"product_tag-krokant","11":"product_tag-potatoes","12":"product_tag-premium","13":"product_tag-super","14":"product_tag-venison","16":"first","17":"instock","18":"taxable","19":"shipping-taxable","20":"purchasable","21":"product-type-variable"},"mb":[],"mfb_rest_fields":["title"],"_links":{"self":[{"href":"https:\/\/dogpride.nl\/de\/wp-json\/wp\/v2\/product\/12311","targetHints":{"allow":["GET"]}}],"collection":[{"href":"https:\/\/dogpride.nl\/de\/wp-json\/wp\/v2\/product"}],"about":[{"href":"https:\/\/dogpride.nl\/de\/wp-json\/wp\/v2\/types\/product"}],"wp:featuredmedia":[{"embeddable":true,"href":"https:\/\/dogpride.nl\/de\/wp-json\/wp\/v2\/media\/12312"}],"wp:attachment":[{"href":"https:\/\/dogpride.nl\/de\/wp-json\/wp\/v2\/media?parent=12311"}],"wp:term":[{"taxonomy":"product_brand","embeddable":true,"href":"https:\/\/dogpride.nl\/de\/wp-json\/wp\/v2\/product_brand?post=12311"},{"taxonomy":"product_cat","embeddable":true,"href":"https:\/\/dogpride.nl\/de\/wp-json\/wp\/v2\/product_cat?post=12311"},{"taxonomy":"product_tag","embeddable":true,"href":"https:\/\/dogpride.nl\/de\/wp-json\/wp\/v2\/product_tag?post=12311"}],"curies":[{"name":"wp","href":"https:\/\/api.w.org\/{rel}","templated":true}]}}