{"id":12307,"date":"2019-02-01T14:25:19","date_gmt":"2019-02-01T13:25:19","guid":{"rendered":"https:\/\/dogpride1.wpengine.com\/product\/super-premium-salmon-rice-3\/"},"modified":"2025-10-13T14:16:14","modified_gmt":"2025-10-13T12:16:14","slug":"super-premium-salmon-and-rice","status":"publish","type":"product","link":"https:\/\/dogpride.nl\/de\/super-premium-salmon-and-rice\/","title":{"rendered":"Super Premium Salmon and Rice"},"content":{"rendered":"<div>\n<h4>Super Premium Salmon and Rice<\/h4>\n<p>Super Premium Salmon and Riceis een 100% hoogwaardige en uitgebalanceerde voeding voor volwassen honden van alle rassen.<\/p>\n<p>Durch die sorgf\u00e4ltige Auswahl der Zutaten und die Verwendung ausschlie\u00dflich hochwertiger Rohstoffe mit Lachs als Proteinquelle.<\/p>\n<p><strong>Samenstelling Super Premium Salmon and Rice:<\/strong><\/p>\n<p>Mais, dehydrierter Lachs (18%), Reis (18%), H\u00fchnerfett, R\u00fcbenschnitzel, Hefe, Mineralien, Lecithin, Inulin, Yucca Schidigera.<\/p>\n<p><strong>Analyse Super Premium Salmon and Rice:<\/strong><\/p>\n<ul>\n<li>Rohprotein 24,0%, Rohfett 14,0%, Rohfaser 3,0%,<\/li>\n<li>Rohasche 7,01 TP3T, Calcium 1,01 TP3T, Phosphor 0,91 TP3T, Feuchtigkeit 9,01 TP3T<\/li>\n<\/ul>\n<p><strong>N\u00e4hrwertzus\u00e4tze pro kg.<\/strong><\/p>\n<p>Vitamine A (alfa-retinylacetaat) 20000 IE, Vitamine D3 (cholecalciferol) 2000 IE, Vitamine E (all-rac alpha-tocopheryl acetate) 150 IE, Koper (koper (II) sulfaat pentahydraat) 13,0 mg, Zink (Zinksulfaatmonohydraat) 100,0 mg.<br \/>\nIJzer (ijzersulfaat (II) monohydraat) 90,0 mg, Mangaan (mangaan (II) oxide) 40,0 mg,\u00a0 Jodium (calciumjodaat,watervrij) 1,5 mg.<\/p>\n<\/div>\n<p>&nbsp;<\/p>\n<p><a href=\"https:\/\/dogpride.nl\/de\/hondenvoer\/krokante-hondenbrokken\/?product-page=2\"><img loading=\"lazy\" decoding=\"async\" class=\"alignnone\" src=\"https:\/\/dogpride.nl\/wp-content\/uploads\/brokken-102-super-premium-salmon-rice-1.jpg\" alt=\"\" width=\"176\" height=\"82\" \/><\/a><img loading=\"lazy\" decoding=\"async\" class=\"\" src=\"https:\/\/dogpride.nl\/wp-content\/uploads\/brokken-102-super-premium-salmon-rice-1.jpg\" width=\"186\" height=\"87\" \/><\/p>\n<p>&nbsp;<\/p>\n<p><span style=\"color: #ffffff;\"><a style=\"color: #ffffff;\" href=\"https:\/\/devrolijkekwispel.nl\/\" target=\"_blank\" rel=\"noopener\">Dogpride NL sponsert Kelly Albers<\/a><\/span><\/p>\n<p><span style=\"color: #ffffff;\"><em>Ich (Kelly Albers) bin seit 2015 im Tierbereich t\u00e4tig. Nach mehreren Ausbildungen, langj\u00e4hriger Erfahrung im Hundesport und langj\u00e4hriger T\u00e4tigkeit bei verschiedenen Tierbetrieben.<\/em><\/span><br \/>\n<span style=\"color: #ffffff;\"><em>Im Mai 2018 erreichte ich den H\u00f6hepunkt meiner Hundesportkarriere. Ich wurde WDSF-Weltmeister in der Klasse ipo2 und nahm anschlie\u00dfend an der niederl\u00e4ndischen Meisterschaft aller Rassen teil.<\/em><\/span><\/p>","protected":false},"excerpt":{"rendered":"<p>Durch die sorgf\u00e4ltige Auswahl der Zutaten und die Verwendung ausschlie\u00dflich hochwertiger Rohstoffe mit Lachs als Proteinquelle.<\/p>","protected":false},"featured_media":12308,"template":"","meta":[],"product_brand":[],"product_cat":[20],"product_tag":[8638,8851,3366,8854,3383,7080,3365,3367],"class_list":{"0":"post-12307","1":"product","2":"type-product","3":"status-publish","4":"has-post-thumbnail","6":"product_cat-krokante-hondenbrokken","7":"product_tag-hondenbrokken","8":"product_tag-krokant","9":"product_tag-premium","10":"product_tag-rice","11":"product_tag-rijst","12":"product_tag-salmon","13":"product_tag-super","14":"product_tag-zalm","16":"first","17":"instock","18":"taxable","19":"shipping-taxable","20":"purchasable","21":"product-type-variable"},"mb":[],"mfb_rest_fields":["title"],"_links":{"self":[{"href":"https:\/\/dogpride.nl\/de\/wp-json\/wp\/v2\/product\/12307","targetHints":{"allow":["GET"]}}],"collection":[{"href":"https:\/\/dogpride.nl\/de\/wp-json\/wp\/v2\/product"}],"about":[{"href":"https:\/\/dogpride.nl\/de\/wp-json\/wp\/v2\/types\/product"}],"wp:featuredmedia":[{"embeddable":true,"href":"https:\/\/dogpride.nl\/de\/wp-json\/wp\/v2\/media\/12308"}],"wp:attachment":[{"href":"https:\/\/dogpride.nl\/de\/wp-json\/wp\/v2\/media?parent=12307"}],"wp:term":[{"taxonomy":"product_brand","embeddable":true,"href":"https:\/\/dogpride.nl\/de\/wp-json\/wp\/v2\/product_brand?post=12307"},{"taxonomy":"product_cat","embeddable":true,"href":"https:\/\/dogpride.nl\/de\/wp-json\/wp\/v2\/product_cat?post=12307"},{"taxonomy":"product_tag","embeddable":true,"href":"https:\/\/dogpride.nl\/de\/wp-json\/wp\/v2\/product_tag?post=12307"}],"curies":[{"name":"wp","href":"https:\/\/api.w.org\/{rel}","templated":true}]}}