{"id":122628,"date":"2024-08-06T14:46:14","date_gmt":"2024-08-06T12:46:14","guid":{"rendered":"https:\/\/dogpride.nl\/?post_type=product&#038;p=122628"},"modified":"2026-04-09T18:04:39","modified_gmt":"2026-04-09T16:04:39","slug":"arrak-acadia-vest-men-navy-blue","status":"publish","type":"product","link":"https:\/\/dogpride.nl\/de\/arrak-acadia-vest-men-navy-blue\/","title":{"rendered":"ARRAK Acadia vest men Navy blue"},"content":{"rendered":"<h4>ARRAK Acadia vest men Navy blue<\/h4>\n<p>ARRAK Acadia vest men Navy blue<\/p>\n<p>Het ARRAK Acadia vest men Navy blue is een functioneel en stijlvol vest in flexibel softshell materiaal.<\/p>\n<p>Een klassiek hondengeleidervest voor wie net dat tikkeltje extra eist.<br \/>\nHet vest heeft zes zakken, waarvan er vier voorzien zijn van ritsen en een grote achterzak zonder ritsen.<br \/>\n2-weg ritssluiting.<br \/>\nGewicht in maat L 528g<\/p>\n<h3>KENMERKEN<\/h3>\n<ul>\n<li>Gemaakt van 100% polyester.<\/li>\n<li>3-laags softshell met laminaat 3000\/3000<\/li>\n<li>Niet-getapete naden<\/li>\n<li>Wasserabweisend<\/li>\n<li>Gro\u00dfe Ges\u00e4\u00dftasche<\/li>\n<li>Zes zakken aan de voorkant, waarvan vier met rits<\/li>\n<li>2-Wege-Rei\u00dfverschluss<\/li>\n<li>Verstelbaar in de taille<\/li>\n<li>Hoher Kragen<\/li>\n<li>Karabijnhaak voor bijv. waterfles, hondenriem<\/li>\n<li>Gewicht in maat L 528g<\/li>\n<\/ul>\n<p><strong>Leverbaar in de maten: S t\/m 4XL<\/strong><\/p>\n<h3>Gr\u00f6\u00dfentabelle:<\/h3>\n<p>&nbsp;<\/p>\n<p><a href=\"https:\/\/arrakoutdoor.com\/\" target=\"_blank\" rel=\"noopener\"><img loading=\"lazy\" decoding=\"async\" class=\"alignnone wp-image-122643\" src=\"https:\/\/dogpride.nl\/wp-content\/uploads\/22011eng-1024x819.jpg\" alt=\"Maattabel\" width=\"925\" height=\"740\" srcset=\"https:\/\/dogpride.nl\/wp-content\/uploads\/22011eng-1024x819.jpg 1024w, https:\/\/dogpride.nl\/wp-content\/uploads\/22011eng-300x240.jpg 300w, https:\/\/dogpride.nl\/wp-content\/uploads\/22011eng-768x614.jpg 768w, https:\/\/dogpride.nl\/wp-content\/uploads\/22011eng-15x12.jpg 15w, https:\/\/dogpride.nl\/wp-content\/uploads\/22011eng-250x200.jpg 250w, https:\/\/dogpride.nl\/wp-content\/uploads\/22011eng-400x320.jpg 400w, https:\/\/dogpride.nl\/wp-content\/uploads\/22011eng.jpg 1500w\" sizes=\"auto, (max-width: 925px) 100vw, 925px\" \/><\/a><\/p>\n<p><a href=\"https:\/\/dogpride.nl\/de\/kleding\/trainingsvesten\/arrak-outdoor-trainingsvesten\/\"><img loading=\"lazy\" decoding=\"async\" class=\"alignnone wp-image-137257\" src=\"https:\/\/dogpride.nl\/wp-content\/uploads\/ARRAK-Acadia-vest-men-Navy-blue.jpg\" alt=\"ARRAK Acadia vest men Navy blue\" width=\"189\" height=\"189\" srcset=\"https:\/\/dogpride.nl\/wp-content\/uploads\/ARRAK-Acadia-vest-men-Navy-blue.jpg 1100w, https:\/\/dogpride.nl\/wp-content\/uploads\/ARRAK-Acadia-vest-men-Navy-blue-300x300.jpg 300w, https:\/\/dogpride.nl\/wp-content\/uploads\/ARRAK-Acadia-vest-men-Navy-blue-1024x1024.jpg 1024w, https:\/\/dogpride.nl\/wp-content\/uploads\/ARRAK-Acadia-vest-men-Navy-blue-150x150.jpg 150w, https:\/\/dogpride.nl\/wp-content\/uploads\/ARRAK-Acadia-vest-men-Navy-blue-768x768.jpg 768w, https:\/\/dogpride.nl\/wp-content\/uploads\/ARRAK-Acadia-vest-men-Navy-blue-12x12.jpg 12w, https:\/\/dogpride.nl\/wp-content\/uploads\/ARRAK-Acadia-vest-men-Navy-blue-250x250.jpg 250w, https:\/\/dogpride.nl\/wp-content\/uploads\/ARRAK-Acadia-vest-men-Navy-blue-400x400.jpg 400w, https:\/\/dogpride.nl\/wp-content\/uploads\/ARRAK-Acadia-vest-men-Navy-blue-100x100.jpg 100w\" sizes=\"auto, (max-width: 189px) 100vw, 189px\" \/><\/a><\/p>\n<p><span style=\"color: #ffffff;\"><a style=\"color: #ffffff;\" href=\"https:\/\/devrolijkekwispel.nl\/\" target=\"_blank\" rel=\"noopener\">Dogpride NL sponsert Kelly Albers<\/a><\/span><\/p>\n<p><span style=\"color: #ffffff;\"><em>Ich (Kelly Albers) bin seit 2015 im Tierbereich t\u00e4tig. Nach mehreren Ausbildungen, langj\u00e4hriger Erfahrung im Hundesport und langj\u00e4hriger T\u00e4tigkeit bei verschiedenen Tierbetrieben.<\/em><\/span><br \/>\n<span style=\"color: #ffffff;\"><em>Im Mai 2018 erreichte ich den H\u00f6hepunkt meiner Hundesportkarriere. Ich wurde WDSF-Weltmeister in der Klasse ipo2 und nahm anschlie\u00dfend an der niederl\u00e4ndischen Meisterschaft aller Rassen teil.<\/em><\/span><\/p>","protected":false},"excerpt":{"rendered":"<p>Een klassiek hondengeleidervest voor wie net dat tikkeltje extra eist. Het vest heeft zes zakken, waarvan er vier voorzien zijn van ritsen en een grote achterzak zonder ritsen. 2-weg ritssluiting.<\/p>","protected":false},"featured_media":122641,"template":"","meta":[],"product_brand":[],"product_cat":[24459],"product_tag":[5394,3335,3334,6958,3208,6049,5877,7521,4152],"class_list":{"0":"post-122628","1":"product","2":"type-product","3":"status-publish","4":"has-post-thumbnail","6":"product_cat-arrak-outdoor-heren-trainingsvesten","7":"product_tag-acadia","8":"product_tag-arrak","9":"product_tag-arrak-outdoor","10":"product_tag-blue","11":"product_tag-heren","12":"product_tag-hondensportvest","13":"product_tag-marineblauw","14":"product_tag-navy","15":"product_tag-vest","17":"first","18":"instock","19":"taxable","20":"shipping-taxable","21":"purchasable","22":"product-type-variable"},"mb":[],"mfb_rest_fields":["title"],"_links":{"self":[{"href":"https:\/\/dogpride.nl\/de\/wp-json\/wp\/v2\/product\/122628","targetHints":{"allow":["GET"]}}],"collection":[{"href":"https:\/\/dogpride.nl\/de\/wp-json\/wp\/v2\/product"}],"about":[{"href":"https:\/\/dogpride.nl\/de\/wp-json\/wp\/v2\/types\/product"}],"wp:featuredmedia":[{"embeddable":true,"href":"https:\/\/dogpride.nl\/de\/wp-json\/wp\/v2\/media\/122641"}],"wp:attachment":[{"href":"https:\/\/dogpride.nl\/de\/wp-json\/wp\/v2\/media?parent=122628"}],"wp:term":[{"taxonomy":"product_brand","embeddable":true,"href":"https:\/\/dogpride.nl\/de\/wp-json\/wp\/v2\/product_brand?post=122628"},{"taxonomy":"product_cat","embeddable":true,"href":"https:\/\/dogpride.nl\/de\/wp-json\/wp\/v2\/product_cat?post=122628"},{"taxonomy":"product_tag","embeddable":true,"href":"https:\/\/dogpride.nl\/de\/wp-json\/wp\/v2\/product_tag?post=122628"}],"curies":[{"name":"wp","href":"https:\/\/api.w.org\/{rel}","templated":true}]}}