{"id":122612,"date":"2024-08-06T14:44:20","date_gmt":"2024-08-06T12:44:20","guid":{"rendered":"https:\/\/dogpride.nl\/?post_type=product&#038;p=122612"},"modified":"2026-04-09T17:56:24","modified_gmt":"2026-04-09T15:56:24","slug":"arrak-acadia-vest-women-navy-blue","status":"publish","type":"product","link":"https:\/\/dogpride.nl\/de\/arrak-acadia-vest-women-navy-blue\/","title":{"rendered":"ARRAK Acadia vest women Navy blue"},"content":{"rendered":"<h3>ARRAK Acadia vest women Navy blue<\/h3>\n<p>ARRAK Acadia vest women Navy blue<\/p>\n<p>Het ARRAK Acadia vest women Navy blue is een functioneel en stijlvol vest in flexibel softshell materiaal.<\/p>\n<p>Een klassiek hondengeleidervest voor wie net dat tikkeltje extra eist.<br \/>\nHet vest heeft zes zakken, waarvan er vier voorzien zijn van ritsen en een grote achterzak zonder ritsen.<br \/>\n2-weg ritssluiting.<br \/>\nLicht gebogen in de taille.<br \/>\nGewicht in maat M 472g<\/p>\n<h3>KENMERKEN<\/h3>\n<ul>\n<li>Gemaakt van 100% polyester.<\/li>\n<li>3-laags softshell met laminaat 3000\/3000<\/li>\n<li>Niet-getapete naden<\/li>\n<li>Wasserabweisend<\/li>\n<li>Gro\u00dfe Ges\u00e4\u00dftasche<\/li>\n<li>Zes zakken aan de voorkant, waarvan vier met rits<\/li>\n<li>2-Wege-Rei\u00dfverschluss<\/li>\n<li>Verstelbaar in de taille<\/li>\n<li>Hoher Kragen<\/li>\n<li>Karabijnhaak voor bijv. waterfles, hondenriem<\/li>\n<li>In der Taille leicht geschwungen<\/li>\n<li>Gewicht in maat M 472g<\/li>\n<\/ul>\n<p><strong>Leverbaar in de maten: XS t\/m 4XL<\/strong><\/p>\n<h3>Gr\u00f6\u00dfentabelle:<\/h3>\n<p>&nbsp;<\/p>\n<p><img loading=\"lazy\" decoding=\"async\" class=\"alignnone wp-image-122619\" src=\"https:\/\/dogpride.nl\/wp-content\/uploads\/22018eng-1024x819.jpg\" alt=\"Maattabel\" width=\"950\" height=\"760\" srcset=\"https:\/\/dogpride.nl\/wp-content\/uploads\/22018eng-1024x819.jpg 1024w, https:\/\/dogpride.nl\/wp-content\/uploads\/22018eng-300x240.jpg 300w, https:\/\/dogpride.nl\/wp-content\/uploads\/22018eng-768x614.jpg 768w, https:\/\/dogpride.nl\/wp-content\/uploads\/22018eng-15x12.jpg 15w, https:\/\/dogpride.nl\/wp-content\/uploads\/22018eng-250x200.jpg 250w, https:\/\/dogpride.nl\/wp-content\/uploads\/22018eng-400x320.jpg 400w, https:\/\/dogpride.nl\/wp-content\/uploads\/22018eng.jpg 1500w\" sizes=\"auto, (max-width: 950px) 100vw, 950px\" \/><\/p>\n<p><a href=\"https:\/\/arrakoutdoor.com\/\" target=\"_blank\" rel=\"noopener\"><img loading=\"lazy\" decoding=\"async\" class=\"alignnone wp-image-139301 size-medium\" src=\"https:\/\/dogpride.nl\/wp-content\/uploads\/Arrak-300x118.jpeg\" alt=\"Logo\" width=\"300\" height=\"118\" srcset=\"https:\/\/dogpride.nl\/wp-content\/uploads\/Arrak-300x118.jpeg 300w, https:\/\/dogpride.nl\/wp-content\/uploads\/Arrak-768x303.jpeg 768w, https:\/\/dogpride.nl\/wp-content\/uploads\/Arrak-18x7.jpeg 18w, https:\/\/dogpride.nl\/wp-content\/uploads\/Arrak-250x99.jpeg 250w, https:\/\/dogpride.nl\/wp-content\/uploads\/Arrak-400x158.jpeg 400w, https:\/\/dogpride.nl\/wp-content\/uploads\/Arrak.jpeg 916w\" sizes=\"auto, (max-width: 300px) 100vw, 300px\" \/><\/a><\/p>\n<p>&nbsp;<\/p>\n<p><a href=\"https:\/\/dogpride.nl\/de\/kleding\/trainingsvesten\/arrak-outdoor-trainingsvesten\/\"><img loading=\"lazy\" decoding=\"async\" class=\"alignnone\" src=\"https:\/\/dogpride.nl\/wp-content\/uploads\/1100x1100_3417-150x150.jpg\" alt=\"ARRAK Acadia vest women Navy blue\" width=\"150\" height=\"150\" \/><\/a><\/p>","protected":false},"excerpt":{"rendered":"<p>Een klassiek hondengeleidervest voor wie net dat tikkeltje extra eist. Het vest heeft zes zakken, waarvan er vier voorzien zijn van ritsen en een grote achterzak zonder ritsen. 2-weg ritssluiting. Licht gebogen in de taille. Gewicht in maat M 472g<\/p>","protected":false},"featured_media":122613,"template":"","meta":[],"product_brand":[],"product_cat":[3870],"product_tag":[5394,3335,3334,6958,6049,5877,7521,4152,4666],"class_list":{"0":"post-122612","1":"product","2":"type-product","3":"status-publish","4":"has-post-thumbnail","6":"product_cat-arrak-outdoor-dames-trainingsvesten","7":"product_tag-acadia","8":"product_tag-arrak","9":"product_tag-arrak-outdoor","10":"product_tag-blue","11":"product_tag-hondensportvest","12":"product_tag-marineblauw","13":"product_tag-navy","14":"product_tag-vest","15":"product_tag-women","17":"first","18":"instock","19":"taxable","20":"shipping-taxable","21":"purchasable","22":"product-type-variable"},"mb":[],"mfb_rest_fields":["title"],"_links":{"self":[{"href":"https:\/\/dogpride.nl\/de\/wp-json\/wp\/v2\/product\/122612","targetHints":{"allow":["GET"]}}],"collection":[{"href":"https:\/\/dogpride.nl\/de\/wp-json\/wp\/v2\/product"}],"about":[{"href":"https:\/\/dogpride.nl\/de\/wp-json\/wp\/v2\/types\/product"}],"wp:featuredmedia":[{"embeddable":true,"href":"https:\/\/dogpride.nl\/de\/wp-json\/wp\/v2\/media\/122613"}],"wp:attachment":[{"href":"https:\/\/dogpride.nl\/de\/wp-json\/wp\/v2\/media?parent=122612"}],"wp:term":[{"taxonomy":"product_brand","embeddable":true,"href":"https:\/\/dogpride.nl\/de\/wp-json\/wp\/v2\/product_brand?post=122612"},{"taxonomy":"product_cat","embeddable":true,"href":"https:\/\/dogpride.nl\/de\/wp-json\/wp\/v2\/product_cat?post=122612"},{"taxonomy":"product_tag","embeddable":true,"href":"https:\/\/dogpride.nl\/de\/wp-json\/wp\/v2\/product_tag?post=122612"}],"curies":[{"name":"wp","href":"https:\/\/api.w.org\/{rel}","templated":true}]}}