{"id":122109,"date":"2024-06-18T13:55:10","date_gmt":"2024-06-18T11:55:10","guid":{"rendered":"https:\/\/dogpride.nl\/?post_type=product&#038;p=122109"},"modified":"2025-11-27T16:10:16","modified_gmt":"2025-11-27T15:10:16","slug":"arrak-outdoor-training-kilt-black","status":"publish","type":"product","link":"https:\/\/dogpride.nl\/de\/arrak-outdoor-training-kilt-black\/","title":{"rendered":"Arrak Outdoor Training Kilt Black"},"content":{"rendered":"<h4>Arrak Outdoor Training Kilt Black<\/h4>\n<p>Arrak Outdoor Training Kilt Black<\/p>\n<p>Voor de actieve hondenbezitter die op zoek is naar optimaal comfort en functionaliteit tijdens de hondentraining,\u00a0<em>is Arrak Outdoor Training Kilt Black<\/em><br \/>\nDeze kilt is ontworpen om gemakkelijk over je broek te dragen en combineert eenvoud met functionaliteit, waardoor het een onmisbaar accessoire is tijdens je trainingssessies met je hond.<\/p>\n<p>Met een elastische tailleband en riemlussen garandeert\u00a0<em>de Training Kilt<\/em>\u00a0optimaal comfort en een perfecte pasvorm tijdens het bewegen.<br \/>\nDe grote ruime open zakken aan de voorkant, samen met een grote open zak aan de achterkant, bieden royale opbergruimte voor alles, van traktaties tot trainingsapparatuur, waardoor het gemakkelijk is om alles wat je nodig hebt binnen handbereik te houden.<\/p>\n<h4>Daarnaast is de Arrak Outdoor Training Kilt Black voorzien van een D-ring met karabijnhaak aan de voorzijde, waardoor je gemakkelijk en veilig bijvoorbeeld sleutels kunt opbergen.<\/h4>\n<p>Deze kilt is gemaakt van duurzaam materiaal van 65% polyester en 35% katoen en is ontworpen om bestand te zijn tegen de eisen en uitdagingen die buitentraining met uw hond met zich meebrengt.<\/p>\n<p><em>De Training Kilt van Arrak Outdoor<\/em>\u00a0is niet alleen praktisch maar ook stijlvol, waardoor het een favoriet is onder hondenbezitters die geen concessies willen doen aan functionaliteit of uiterlijk.<br \/>\nMaak van trainen met je hond een puur plezier &#8211; kies voor een Training Kilt van Arrak Outdoor.<\/p>\n<h3>Erh\u00e4ltlich in den Gr\u00f6\u00dfen:<\/h3>\n<ul>\n<li>XS-S<\/li>\n<li>ML<\/li>\n<li>XL-XXL<\/li>\n<\/ul>\n<h3>Gr\u00f6\u00dfentabelle:<\/h3>\n<p><a href=\"https:\/\/arrakoutdoor.com\/\" target=\"_blank\" rel=\"noopener\"><img loading=\"lazy\" decoding=\"async\" class=\"alignnone wp-image-122116 size-large\" src=\"https:\/\/dogpride.nl\/wp-content\/uploads\/Maattabel-trainingskilt-1024x819.jpg\" alt=\"Maattabel\" width=\"1024\" height=\"819\" srcset=\"https:\/\/dogpride.nl\/wp-content\/uploads\/Maattabel-trainingskilt-1024x819.jpg 1024w, https:\/\/dogpride.nl\/wp-content\/uploads\/Maattabel-trainingskilt-300x240.jpg 300w, https:\/\/dogpride.nl\/wp-content\/uploads\/Maattabel-trainingskilt-768x614.jpg 768w, https:\/\/dogpride.nl\/wp-content\/uploads\/Maattabel-trainingskilt-15x12.jpg 15w, https:\/\/dogpride.nl\/wp-content\/uploads\/Maattabel-trainingskilt-250x200.jpg 250w, https:\/\/dogpride.nl\/wp-content\/uploads\/Maattabel-trainingskilt-400x320.jpg 400w, https:\/\/dogpride.nl\/wp-content\/uploads\/Maattabel-trainingskilt.jpg 1500w\" sizes=\"auto, (max-width: 1024px) 100vw, 1024px\" \/><\/a><\/p>\n<p><a href=\"https:\/\/dogpride.nl\/de\/kleding\/trainingsvesten\/arrak-outdoor-trainingsvesten\/\"><img loading=\"lazy\" decoding=\"async\" class=\"alignnone\" title=\"Arrak Outdoor Training Kilt Black\" src=\"https:\/\/dogpride.nl\/wp-content\/uploads\/web_26025_back_model-150x150.jpg\" alt=\"Arrak Outdoor Training Kilt Black\" width=\"150\" height=\"150\" \/><\/a><\/p>","protected":false},"excerpt":{"rendered":"<p>Deze kilt is ontworpen om gemakkelijk over je broek te dragen en combineert eenvoud met functionaliteit, waardoor het een onmisbaar accessoire is tijdens je trainingssessies met je hond.<\/p>","protected":false},"featured_media":122113,"template":"","meta":[],"product_brand":[],"product_cat":[3870],"product_tag":[3335,4751,6477,7655,3336,3157,7656,6437,2969],"class_list":{"0":"post-122109","1":"product","2":"type-product","3":"status-publish","4":"has-post-thumbnail","6":"product_cat-arrak-outdoor-dames-trainingsvesten","7":"product_tag-arrak","8":"product_tag-black","9":"product_tag-hondentraining","10":"product_tag-kilt","11":"product_tag-outdoor","12":"product_tag-training","13":"product_tag-trainingskilt","14":"product_tag-trainingsschort","15":"product_tag-zwart","17":"first","18":"instock","19":"taxable","20":"shipping-taxable","21":"purchasable","22":"product-type-variable"},"mb":[],"mfb_rest_fields":["title"],"_links":{"self":[{"href":"https:\/\/dogpride.nl\/de\/wp-json\/wp\/v2\/product\/122109","targetHints":{"allow":["GET"]}}],"collection":[{"href":"https:\/\/dogpride.nl\/de\/wp-json\/wp\/v2\/product"}],"about":[{"href":"https:\/\/dogpride.nl\/de\/wp-json\/wp\/v2\/types\/product"}],"wp:featuredmedia":[{"embeddable":true,"href":"https:\/\/dogpride.nl\/de\/wp-json\/wp\/v2\/media\/122113"}],"wp:attachment":[{"href":"https:\/\/dogpride.nl\/de\/wp-json\/wp\/v2\/media?parent=122109"}],"wp:term":[{"taxonomy":"product_brand","embeddable":true,"href":"https:\/\/dogpride.nl\/de\/wp-json\/wp\/v2\/product_brand?post=122109"},{"taxonomy":"product_cat","embeddable":true,"href":"https:\/\/dogpride.nl\/de\/wp-json\/wp\/v2\/product_cat?post=122109"},{"taxonomy":"product_tag","embeddable":true,"href":"https:\/\/dogpride.nl\/de\/wp-json\/wp\/v2\/product_tag?post=122109"}],"curies":[{"name":"wp","href":"https:\/\/api.w.org\/{rel}","templated":true}]}}