{"id":12195,"date":"2021-05-11T12:09:17","date_gmt":"2021-05-11T10:09:17","guid":{"rendered":"https:\/\/dogpride1.wpengine.com\/product\/niggeloh-zweethalsband-in-2-kleuren-2\/"},"modified":"2025-11-19T12:54:40","modified_gmt":"2025-11-19T11:54:40","slug":"niggeloh-zweethalsband-in-2-kleuren-2","status":"publish","type":"product","link":"https:\/\/dogpride.nl\/de\/niggeloh-zweethalsband-in-2-kleuren-2\/","title":{"rendered":"Niggeloh Schwei\u00dfkragen in 2 Farben"},"content":{"rendered":"<h4><span style=\"font-size: 10pt;\">Niggeloh Schwei\u00dfkragen in 2 Farben<\/span><\/h4>\n<p>Ein besonders hochwertiges Schwei\u00dfhalsband mit au\u00dfergew\u00f6hnlichen Funktionen:<\/p>\n<p>\u2013 Formstabile Aluminium-Innenschicht. Dadurch wird verhindert, dass sich der Hund beim Ziehen zusammenzieht und erstickt.<br \/>\n\u2013 Dicke Neoprenpolsterung f\u00fcr maximalen Komfort.<br \/>\n&#8211; Alle essenti\u00eble componenten gemaakt van nauwelijks water absorberend materiaal.<\/p>\n<p><strong>Gr\u00f6\u00dfen:<\/strong><br \/>\nXS = 30-40 cm<br \/>\nS = 40-50 cm<br \/>\nM = 48-60 cm<\/p>\n<p><strong>F\u00e4rben:<\/strong><br \/>\nOrange oder Ultra (= gr\u00fcn \/ gelb)<\/p>\n<p><a href=\"https:\/\/dogpride.nl\/de\/hondenhalsbanden\/niggeloh-hondenhalsbanden\/\"><img loading=\"lazy\" decoding=\"async\" class=\"alignnone\" title=\"Niggeloh Schwei\u00dfkragen in 2 Farben\" src=\"https:\/\/dogpride.nl\/wp-content\/uploads\/schweisshalsungultras1freit-150x150.jpg\" alt=\"Niggeloh Zweethalsband in 2 kleuren\" width=\"150\" height=\"150\" \/><\/a><\/p>\n<p><a href=\"https:\/\/www.niggeloh.de\/en\/home.html\" target=\"_blank\" rel=\"noopener\"><img loading=\"lazy\" decoding=\"async\" class=\"alignnone wp-image-70909 size-full\" src=\"https:\/\/dogpride.nl\/wp-content\/uploads\/logo_niggeloh.png\" alt=\"\" width=\"196\" height=\"90\" \/><\/a><\/p>","protected":false},"excerpt":{"rendered":"<p>Niggeloh Zweethalsband. Een bijzonder hoogwaardige zweethalsband met uitzonderlijke functies.<\/p>","protected":false},"featured_media":68589,"template":"","meta":[],"product_brand":[],"product_cat":[1050],"product_tag":[],"class_list":{"0":"post-12195","1":"product","2":"type-product","3":"status-publish","4":"has-post-thumbnail","6":"product_cat-niggeloh-hondenhalsbanden","8":"first","9":"instock","10":"taxable","11":"shipping-taxable","12":"purchasable","13":"product-type-variable"},"mb":[],"mfb_rest_fields":["title"],"_links":{"self":[{"href":"https:\/\/dogpride.nl\/de\/wp-json\/wp\/v2\/product\/12195","targetHints":{"allow":["GET"]}}],"collection":[{"href":"https:\/\/dogpride.nl\/de\/wp-json\/wp\/v2\/product"}],"about":[{"href":"https:\/\/dogpride.nl\/de\/wp-json\/wp\/v2\/types\/product"}],"wp:featuredmedia":[{"embeddable":true,"href":"https:\/\/dogpride.nl\/de\/wp-json\/wp\/v2\/media\/68589"}],"wp:attachment":[{"href":"https:\/\/dogpride.nl\/de\/wp-json\/wp\/v2\/media?parent=12195"}],"wp:term":[{"taxonomy":"product_brand","embeddable":true,"href":"https:\/\/dogpride.nl\/de\/wp-json\/wp\/v2\/product_brand?post=12195"},{"taxonomy":"product_cat","embeddable":true,"href":"https:\/\/dogpride.nl\/de\/wp-json\/wp\/v2\/product_cat?post=12195"},{"taxonomy":"product_tag","embeddable":true,"href":"https:\/\/dogpride.nl\/de\/wp-json\/wp\/v2\/product_tag?post=12195"}],"curies":[{"name":"wp","href":"https:\/\/api.w.org\/{rel}","templated":true}]}}