{"id":12193,"date":"2021-05-11T11:29:25","date_gmt":"2021-05-11T09:29:25","guid":{"rendered":"https:\/\/dogpride1.wpengine.com\/product\/niggeloh-halsband-fashion-in-diverse-kleuren-2\/"},"modified":"2025-11-19T12:55:43","modified_gmt":"2025-11-19T11:55:43","slug":"niggeloh-halsband-fashion-in-diverse-kleuren-2","status":"publish","type":"product","link":"https:\/\/dogpride.nl\/de\/niggeloh-halsband-fashion-in-diverse-kleuren-2\/","title":{"rendered":"Niggeloh-Halsband Fashion in verschiedenen Farben"},"content":{"rendered":"<h4>Niggeloh halsband Fashion in diverse kleuren<\/h4>\n<p><strong>Productomschrijving:<br \/>\n<\/strong><br \/>\nDe elegante look van Niggeloh is nog kleurrijker! De beproefde Niggeloh-kwaliteit is nu verkrijgbaar in roze, lavendelblauw, turkoois en zwart.<\/p>\n<p>De FASHION-halsband, gemaakt in Duitsland, is comfortabel om te dragen, zelfs voor sterke lijntrekkers dankzij de dikke neopreen hoes. Een stevige metalen gesp, een stevige messing D-ring en de met kunststof gecoate metalen schuifgesp zorgen ervoor dat uw hond tijdens het wandelen altijd stevig aan de lijn is en er ook nog eens goed uitziet.<\/p>\n<p><strong>Maat:<\/strong><br \/>\nXS = geschikt voor een nekomtrek van 30-40 cm<br \/>\nS = geschikt voor een nekomtrek van 40-50 cm<br \/>\nM = geschikt voor een nekomtrek van 48-60 cm<\/p>\n<p>Let op:<br \/>\nDe FASHION-halsband is geen zweethalsband, maar kan buiten het jachtwerk als gewone halsband worden gebruikt.<\/p>\n<figure class=\"skizze\"><a class=\"cboxElement\" title=\"Ma\u00dfskizze f\u00fcr Halsungen \" href=\"https:\/\/www.niggeloh.de\/files\/cto_layout\/img\/hundeartikel\/sketch\/hals-sketch.jpg\" data-lightbox=\"[lb252]\" target=\"_blank\" rel=\"noopener\"><img loading=\"lazy\" decoding=\"async\" src=\"https:\/\/www.niggeloh.de\/assets\/images\/a\/hals-sketch-b58f908a.jpg\" alt=\"Ma\u00dfskizze f\u00fcr Halsungen \" width=\"120\" height=\"89\" \/><\/a><figcaption>Ma\u00dfskizze f\u00fcr Halsungen; vergr\u00f6\u00dfern mit Klick<\/figcaption><\/figure>\n<div class=\"sizetable\">\n<div class=\"kopfzeile\">\n<div class=\"zelle\"><strong>Nekomvang:<\/strong><\/div>\n<div class=\"zeile\">\n<div class=\"zelle\">XS &gt;\u00a030 &#8211; 40 cm<\/div>\n<\/div>\n<div class=\"zeile\">\n<div class=\"zelle\">S\u00a0 &gt;\u00a0 40 &#8211; 50 cm<\/div>\n<\/div>\n<div class=\"zeile\">\n<div class=\"zelle\">M &gt;\u00a048 &#8211; 60 cm<\/div>\n<\/div>\n<\/div>\n<\/div>\n<div><\/div>\n<div><a href=\"https:\/\/dogpride.nl\/hondenhalsbanden\/niggeloh-hondenhalsbanden\/\"><img loading=\"lazy\" decoding=\"async\" class=\"alignnone\" title=\"Niggeloh halsband Fashion in diverse kleuren\" src=\"https:\/\/dogpride.nl\/wp-content\/uploads\/halsung-fashion-lila-150x150.png\" alt=\"Niggeloh halsband Fashion in diverse kleuren\" width=\"150\" height=\"150\" \/><\/a><\/div>\n<p><a href=\"https:\/\/www.niggeloh.de\/en\/home.html\" target=\"_blank\" rel=\"noopener\"><img loading=\"lazy\" decoding=\"async\" class=\"alignnone wp-image-70909 size-full\" src=\"https:\/\/dogpride.nl\/wp-content\/uploads\/logo_niggeloh.png\" alt=\"\" width=\"196\" height=\"90\" \/><\/a><\/p>\n<p>&nbsp;<\/p>\n","protected":false},"excerpt":{"rendered":"<p>Niggeloh-Halsband Fashion in verschiedenen Farben. Die bew\u00e4hrte Niggeloh-Qualit\u00e4t gibt es jetzt in den Farben Pink, Flieder, T\u00fcrkis und Schwarz.<\/p>","protected":false},"featured_media":68564,"template":"","meta":[],"product_brand":[],"product_cat":[1050],"product_tag":[],"class_list":{"0":"post-12193","1":"product","2":"type-product","3":"status-publish","4":"has-post-thumbnail","6":"product_cat-niggeloh-hondenhalsbanden","8":"first","9":"instock","10":"taxable","11":"shipping-taxable","12":"purchasable","13":"product-type-variable"},"mb":[],"mfb_rest_fields":["title"],"_links":{"self":[{"href":"https:\/\/dogpride.nl\/de\/wp-json\/wp\/v2\/product\/12193","targetHints":{"allow":["GET"]}}],"collection":[{"href":"https:\/\/dogpride.nl\/de\/wp-json\/wp\/v2\/product"}],"about":[{"href":"https:\/\/dogpride.nl\/de\/wp-json\/wp\/v2\/types\/product"}],"wp:featuredmedia":[{"embeddable":true,"href":"https:\/\/dogpride.nl\/de\/wp-json\/wp\/v2\/media\/68564"}],"wp:attachment":[{"href":"https:\/\/dogpride.nl\/de\/wp-json\/wp\/v2\/media?parent=12193"}],"wp:term":[{"taxonomy":"product_brand","embeddable":true,"href":"https:\/\/dogpride.nl\/de\/wp-json\/wp\/v2\/product_brand?post=12193"},{"taxonomy":"product_cat","embeddable":true,"href":"https:\/\/dogpride.nl\/de\/wp-json\/wp\/v2\/product_cat?post=12193"},{"taxonomy":"product_tag","embeddable":true,"href":"https:\/\/dogpride.nl\/de\/wp-json\/wp\/v2\/product_tag?post=12193"}],"curies":[{"name":"wp","href":"https:\/\/api.w.org\/{rel}","templated":true}]}}