{"id":12191,"date":"2021-05-07T15:52:06","date_gmt":"2021-05-07T13:52:06","guid":{"rendered":"https:\/\/dogpride1.wpengine.com\/product\/gappay-tactisch-harnas-bruin-2\/"},"modified":"2026-03-19T11:26:30","modified_gmt":"2026-03-19T10:26:30","slug":"gappay-tactisch-harnas-bruin-2","status":"publish","type":"product","link":"https:\/\/dogpride.nl\/de\/gappay-tactisch-harnas-bruin-2\/","title":{"rendered":"GAPPAY Taktische R\u00fcstung braun"},"content":{"rendered":"<h4>GAPPAY Taktische R\u00fcstung braun<\/h4>\n<p>GAPPAY Taktische R\u00fcstung braun<\/p>\n<p>Farbe braun und in zwei Gr\u00f6\u00dfen erh\u00e4ltlich<\/p>\n<p><a href=\"https:\/\/dogpride.nl\/de\/\"><img loading=\"lazy\" decoding=\"async\" class=\"alignnone\" title=\"GAPPAY Taktische R\u00fcstung braun\" src=\"https:\/\/dogpride.nl\/wp-content\/uploads\/VDV-36-3-1-150x150.jpg\" alt=\"GAPPAY Tactisch harnas bruin\" width=\"150\" height=\"150\" \/><\/a><\/p>\n<p>Dieses robuste taktische Geschirr mit Metallschnappverschluss (COBRA) ist f\u00fcr alle Hunde beim Sport oder Hobby geeignet<\/p>\n<p>Sie bestehen aus strapazierf\u00e4higem und starkem Nylon<\/p>\n<p>Gepolstert und doppelt gen\u00e4ht mit Klettverschluss an Brust, R\u00fccken und Seiten zum Anbringen von Gegenst\u00e4nden, Abzeichen oder Aufn\u00e4hern<\/p>\n<p>Alle Gurte sind verstellbar und wachsen mit Ihrem Hund mit<\/p>\n<p><a href=\"https:\/\/www.licg.nl\/honden\/\" target=\"_blank\" rel=\"noopener\"><img loading=\"lazy\" decoding=\"async\" class=\"alignnone\" src=\"https:\/\/dogpride.nl\/wp-content\/uploads\/VDV-36-3-1-150x150.jpg\" alt=\"\" width=\"150\" height=\"150\" \/><\/a><\/p>\n<p><strong>Gr\u00f6\u00dfe M:\u00a0<\/strong><br \/>\nA: Brustumfang 60 \u2013 76 cm<br \/>\nB: R\u00fcckenl\u00e4nge 25 cm<br \/>\nC: Halsumfang 53 \u2013 60 cm<br \/>\nHundegewicht: 20 \u2013 40 kg<\/p>\n<p><strong>Gr\u00f6\u00dfe L:<\/strong><br \/>\nA: Brustumfang 73 \u2013 86 cm<br \/>\nB: R\u00fcckenl\u00e4nge 30 cm<br \/>\nC: Halsumfang 60 \u2013 70 cm<br \/>\nHundegewicht: 40 \u2013 55 kg<\/p>","protected":false},"excerpt":{"rendered":"<p>Gef\u00fcttert und doppelt gen\u00e4ht mit Klettverschluss auf der Brust, am R\u00fccken und an den Seiten zum Anbringen von Gegenst\u00e4nden, Abzeichen oder Aufn\u00e4hern. Alle Gurte sind verstellbar und wachsen mit Ihrem Hund mit.<\/p>","protected":false},"featured_media":68551,"template":"","meta":[],"product_brand":[],"product_cat":[2814],"product_tag":[3331,4606,5457],"class_list":{"0":"post-12191","1":"product","2":"type-product","3":"status-publish","4":"has-post-thumbnail","6":"product_cat-hondenharnassen","7":"product_tag-gappay","8":"product_tag-harnas","9":"product_tag-tactisch","11":"first","12":"instock","13":"featured","14":"taxable","15":"shipping-taxable","16":"purchasable","17":"product-type-variable"},"mb":[],"mfb_rest_fields":["title"],"_links":{"self":[{"href":"https:\/\/dogpride.nl\/de\/wp-json\/wp\/v2\/product\/12191","targetHints":{"allow":["GET"]}}],"collection":[{"href":"https:\/\/dogpride.nl\/de\/wp-json\/wp\/v2\/product"}],"about":[{"href":"https:\/\/dogpride.nl\/de\/wp-json\/wp\/v2\/types\/product"}],"wp:featuredmedia":[{"embeddable":true,"href":"https:\/\/dogpride.nl\/de\/wp-json\/wp\/v2\/media\/68551"}],"wp:attachment":[{"href":"https:\/\/dogpride.nl\/de\/wp-json\/wp\/v2\/media?parent=12191"}],"wp:term":[{"taxonomy":"product_brand","embeddable":true,"href":"https:\/\/dogpride.nl\/de\/wp-json\/wp\/v2\/product_brand?post=12191"},{"taxonomy":"product_cat","embeddable":true,"href":"https:\/\/dogpride.nl\/de\/wp-json\/wp\/v2\/product_cat?post=12191"},{"taxonomy":"product_tag","embeddable":true,"href":"https:\/\/dogpride.nl\/de\/wp-json\/wp\/v2\/product_tag?post=12191"}],"curies":[{"name":"wp","href":"https:\/\/api.w.org\/{rel}","templated":true}]}}