{"id":12180,"date":"2021-05-04T17:48:35","date_gmt":"2021-05-04T15:48:35","guid":{"rendered":"https:\/\/dogpride1.wpengine.com\/product\/arrak-power-fleece-woman-burnt-orange-2\/"},"modified":"2025-10-29T07:35:52","modified_gmt":"2025-10-29T06:35:52","slug":"arrak-power-fleece-woman-burnt-orange-2","status":"publish","type":"product","link":"https:\/\/dogpride.nl\/de\/arrak-power-fleece-woman-burnt-orange-2\/","title":{"rendered":"ARRAK Power Fleece Frau Burnt Orange"},"content":{"rendered":"<h4>ARRAK Power Fleece Frau Burnt Orange<\/h4>\n<p>ARRAK Power Fleece Woman Burnt Orange ist ein weicher und feiner Kapuzenpullover mit moderner Passform aus Stretchmaterial.<br \/>\n91% Polyester \/ 9% Spandex.<br \/>\nEs hat eine geb\u00fcrstete, weiche Innenseite.<br \/>\nDer Pullover hat Seitentaschen vorne mit Rei\u00dfverschluss und eine schicke und praktische Ges\u00e4\u00dftasche sowie eine mit Rei\u00dfverschluss.<br \/>\nAn den B\u00fcndchen hat der Pullover einen festen Daumengriff.<br \/>\nEnge Passform<\/p>\n<p>Das Arrak Power Fleece Woman-Modell ist in der Taille leicht tailliert<\/p>\n<p><strong>Eigenschaften:<\/strong><\/p>\n<p>91% Polyester \/ 9% Spandex<br \/>\ngeb\u00fcrstete, weiche Innenseite<br \/>\nRei\u00dfverschlusstasche hinten<br \/>\nRei\u00dfverschlusstaschen<br \/>\nDaumengriff<br \/>\nKapuze mit Kordelzug verstellbar<br \/>\nHoher Kragen<\/p>\n<p><strong>Gr\u00f6\u00dfentabelle:<\/strong><\/p>\n<p><img loading=\"lazy\" decoding=\"async\" class=\"alignnone wp-image-122122\" src=\"https:\/\/dogpride.nl\/wp-content\/uploads\/27009Maattabel-Dames-1024x819.jpg\" alt=\"Maattabel Dames\" width=\"920\" height=\"736\" srcset=\"https:\/\/dogpride.nl\/wp-content\/uploads\/27009Maattabel-Dames-1024x819.jpg 1024w, https:\/\/dogpride.nl\/wp-content\/uploads\/27009Maattabel-Dames-300x240.jpg 300w, https:\/\/dogpride.nl\/wp-content\/uploads\/27009Maattabel-Dames-768x614.jpg 768w, https:\/\/dogpride.nl\/wp-content\/uploads\/27009Maattabel-Dames-15x12.jpg 15w, https:\/\/dogpride.nl\/wp-content\/uploads\/27009Maattabel-Dames-250x200.jpg 250w, https:\/\/dogpride.nl\/wp-content\/uploads\/27009Maattabel-Dames-400x320.jpg 400w, https:\/\/dogpride.nl\/wp-content\/uploads\/27009Maattabel-Dames.jpg 1500w\" sizes=\"auto, (max-width: 920px) 100vw, 920px\" \/><\/p>\n<p><a href=\"https:\/\/arrakoutdoor.com\/\" target=\"_blank\" rel=\"noopener\"><img loading=\"lazy\" decoding=\"async\" class=\"alignnone wp-image-139301 size-medium\" src=\"https:\/\/dogpride.nl\/wp-content\/uploads\/Arrak-300x118.jpeg\" alt=\"Logo\" width=\"300\" height=\"118\" srcset=\"https:\/\/dogpride.nl\/wp-content\/uploads\/Arrak-300x118.jpeg 300w, https:\/\/dogpride.nl\/wp-content\/uploads\/Arrak-768x303.jpeg 768w, https:\/\/dogpride.nl\/wp-content\/uploads\/Arrak-18x7.jpeg 18w, https:\/\/dogpride.nl\/wp-content\/uploads\/Arrak-250x99.jpeg 250w, https:\/\/dogpride.nl\/wp-content\/uploads\/Arrak-400x158.jpeg 400w, https:\/\/dogpride.nl\/wp-content\/uploads\/Arrak.jpeg 916w\" sizes=\"auto, (max-width: 300px) 100vw, 300px\" \/><\/a><\/p>\n<p><a href=\"https:\/\/dogpride.nl\/de\/kleding\/vesten\/arrak-outdoor-vesten\/\"><img loading=\"lazy\" decoding=\"async\" class=\"alignnone\" title=\"Power Fleece Woman Burnt Orange \" src=\"https:\/\/dogpride.nl\/wp-content\/uploads\/27019_orange_front2_lady-150x150.jpg\" alt=\"Power Fleece Woman Burnt Orange \" width=\"150\" height=\"150\" \/><\/a><\/p>","protected":false},"excerpt":{"rendered":"<p>Power Fleece Woman Burnt Orange ist ein weicher und feiner Kapuzenpullover mit moderner Passform aus Stretchmaterial.<\/p>","protected":false},"featured_media":68406,"template":"","meta":[],"product_brand":[],"product_cat":[3867],"product_tag":[11061,11066,3335,11065,11056,9487,11055,11059,11062,11050,11053,9497,6392,11047,11063,11054,11064,11060,11052,11058,11057],"class_list":{"0":"post-12180","1":"product","2":"type-product","3":"status-publish","4":"has-post-thumbnail","6":"product_cat-arrak-outdoor-vesten","7":"product_tag-ademend-fleece","8":"product_tag-allseason-kleding","9":"product_tag-arrak","10":"product_tag-comfortabele-kleding","11":"product_tag-dames-fleece","12":"product_tag-fleece-vest","13":"product_tag-heren-fleece","14":"product_tag-hiking-fleece","15":"product_tag-lichtgewicht-jas","16":"product_tag-outdoor-fashion","17":"product_tag-outdoor-fleece","18":"product_tag-outdoor-kleding","19":"product_tag-powerfleece","20":"product_tag-scandinavisch-design","21":"product_tag-softshell-fleece","22":"product_tag-sport-fleece","23":"product_tag-sportieve-outfit","24":"product_tag-thermokleding","25":"product_tag-unisex-fleece","26":"product_tag-wandelkleding","27":"product_tag-warme-trui","29":"first","30":"instock","31":"taxable","32":"shipping-taxable","33":"purchasable","34":"product-type-variable"},"mb":[],"mfb_rest_fields":["title"],"_links":{"self":[{"href":"https:\/\/dogpride.nl\/de\/wp-json\/wp\/v2\/product\/12180","targetHints":{"allow":["GET"]}}],"collection":[{"href":"https:\/\/dogpride.nl\/de\/wp-json\/wp\/v2\/product"}],"about":[{"href":"https:\/\/dogpride.nl\/de\/wp-json\/wp\/v2\/types\/product"}],"wp:featuredmedia":[{"embeddable":true,"href":"https:\/\/dogpride.nl\/de\/wp-json\/wp\/v2\/media\/68406"}],"wp:attachment":[{"href":"https:\/\/dogpride.nl\/de\/wp-json\/wp\/v2\/media?parent=12180"}],"wp:term":[{"taxonomy":"product_brand","embeddable":true,"href":"https:\/\/dogpride.nl\/de\/wp-json\/wp\/v2\/product_brand?post=12180"},{"taxonomy":"product_cat","embeddable":true,"href":"https:\/\/dogpride.nl\/de\/wp-json\/wp\/v2\/product_cat?post=12180"},{"taxonomy":"product_tag","embeddable":true,"href":"https:\/\/dogpride.nl\/de\/wp-json\/wp\/v2\/product_tag?post=12180"}],"curies":[{"name":"wp","href":"https:\/\/api.w.org\/{rel}","templated":true}]}}