{"id":12157,"date":"2021-04-28T16:29:14","date_gmt":"2021-04-28T14:29:14","guid":{"rendered":"https:\/\/dogpride1.wpengine.com\/product\/pride-bijtkussen-zacht-met-twee-handvatten-2\/"},"modified":"2025-12-06T12:49:37","modified_gmt":"2025-12-06T11:49:37","slug":"pride-bijtkussen-zacht-met-twee-handvatten-2","status":"publish","type":"product","link":"https:\/\/dogpride.nl\/de\/pride-bijtkussen-zacht-met-twee-handvatten-2\/","title":{"rendered":"PRIDE Bei\u00dfkissen weich mit zwei Griffen"},"content":{"rendered":"<h4>PRIDE Bei\u00dfkissen weich mit zwei Griffen<\/h4>\n<p>PRIDE Bei\u00dfkissen weich mit zwei Griffen<\/p>\n<p>Weiches Bei\u00dfkissen mit 2 Griffen f\u00fcr das professionelle Hundetraining.<br \/>\nGeeignet f\u00fcr Welpen und junge Hunde.<\/p>\n<p><a href=\"https:\/\/dogpride.nl\/de\/pakwerk\/bijtkussens-voor-honden\/\"><img loading=\"lazy\" decoding=\"async\" class=\"alignnone\" title=\"PRIDE Bei\u00dfkissen weich mit zwei Griffen\" src=\"https:\/\/dogpride.nl\/wp-content\/uploads\/bite-pad-soft-0.jpg\" alt=\"PRIDE bijtkussen zacht met twee handvatten\" width=\"278\" height=\"215\" \/><\/a><br \/>\nDieses Bei\u00dfkissen besteht aus nat\u00fcrlichem und sicherem Material \u2013 weiches Nylon\/Baumwolle oder Jute f\u00fcr die Sicherheit der Welpenz\u00e4hne. Gleichzeitig ist es stark und zuverl\u00e4ssig f\u00fcr das Welpenbisstraining und den sicheren Handschutz.<br \/>\nDer bequeme und stabile Griff macht dieses Bei\u00dfkissen mobil.<\/p>\n<p>Ideal, um Ihrem Hund beizubringen, einen vollen Griff zu bekommen.<br \/>\nEs wird im IGP-Programm, auch Schutzhund-Programm genannt, verwendet. Auch f\u00fcr die Ausbildung von Polizei-K9-Hunden, Milit\u00e4rhunden, Personenschutzhunden, Interventionshunden und anderen Assistenzhunden.<\/p>\n<p>&nbsp;<\/p>\n<p><a href=\"https:\/\/dogpride.nl\/de\/pakwerk\/bijtkussens-voor-honden\/\"><img loading=\"lazy\" decoding=\"async\" class=\"alignnone\" title=\"PRIDE Bei\u00dfkissen weich mit zwei Griffen\" src=\"https:\/\/dogpride.nl\/wp-content\/uploads\/bite-pad-soft-0.jpg\" alt=\"PRIDE bijtkussen zacht met twee handvatten\" width=\"278\" height=\"215\" \/><\/a><\/p>\n<ul>\n<li>Modell: B-029<\/li>\n<\/ul>\n<p>&nbsp;<\/p>\n<p><a href=\"https:\/\/www.dogpride.eu\/\" target=\"_blank\" rel=\"noopener\"><img loading=\"lazy\" decoding=\"async\" class=\"alignnone wp-image-71202 size-medium\" src=\"https:\/\/dogpride.nl\/wp-content\/uploads\/Logo-Pride2-2-300x96.png\" alt=\"Pride\" width=\"300\" height=\"96\" srcset=\"https:\/\/dogpride.nl\/wp-content\/uploads\/Logo-Pride2-2-300x96.png 300w, https:\/\/dogpride.nl\/wp-content\/uploads\/Logo-Pride2-2-250x80.png 250w, https:\/\/dogpride.nl\/wp-content\/uploads\/Logo-Pride2-2-200x64.png 200w, https:\/\/dogpride.nl\/wp-content\/uploads\/Logo-Pride2-2.png 327w\" sizes=\"auto, (max-width: 300px) 100vw, 300px\" \/><\/a><\/p>","protected":false},"excerpt":{"rendered":"<p>Dieses Bei\u00dfkissen besteht aus nat\u00fcrlichem und sicherem Material \u2013 weiches Nylon\/Baumwolle oder Jute f\u00fcr die Sicherheit der Welpenz\u00e4hne. Gleichzeitig ist es stark und zuverl\u00e4ssig f\u00fcr das Welpenbisstraining und den sicheren Handschutz.<\/p>","protected":false},"featured_media":46214,"template":"","meta":[],"product_brand":[],"product_cat":[302],"product_tag":[17235,17240,12867,10639,17237,17238,10675,17236,17239,17234],"class_list":{"0":"post-12157","1":"product","2":"type-product","3":"status-publish","4":"has-post-thumbnail","6":"product_cat-bijtkussens-voor-honden","7":"product_tag-bijtkussen-twee-handvatten","8":"product_tag-bite-pad-soft","9":"product_tag-duurzaam-hondenspeelgoed","10":"product_tag-hondensport-training","11":"product_tag-hondentraining-bitepad","12":"product_tag-kleurrijk-bijtkussen","13":"product_tag-pride-bijtkussen","14":"product_tag-puppy-bijttraining","15":"product_tag-tug-toy-hond","16":"product_tag-zacht-bijtkussen-hond","18":"first","19":"instock","20":"taxable","21":"shipping-taxable","22":"purchasable","23":"product-type-variable"},"mb":[],"mfb_rest_fields":["title"],"_links":{"self":[{"href":"https:\/\/dogpride.nl\/de\/wp-json\/wp\/v2\/product\/12157","targetHints":{"allow":["GET"]}}],"collection":[{"href":"https:\/\/dogpride.nl\/de\/wp-json\/wp\/v2\/product"}],"about":[{"href":"https:\/\/dogpride.nl\/de\/wp-json\/wp\/v2\/types\/product"}],"wp:featuredmedia":[{"embeddable":true,"href":"https:\/\/dogpride.nl\/de\/wp-json\/wp\/v2\/media\/46214"}],"wp:attachment":[{"href":"https:\/\/dogpride.nl\/de\/wp-json\/wp\/v2\/media?parent=12157"}],"wp:term":[{"taxonomy":"product_brand","embeddable":true,"href":"https:\/\/dogpride.nl\/de\/wp-json\/wp\/v2\/product_brand?post=12157"},{"taxonomy":"product_cat","embeddable":true,"href":"https:\/\/dogpride.nl\/de\/wp-json\/wp\/v2\/product_cat?post=12157"},{"taxonomy":"product_tag","embeddable":true,"href":"https:\/\/dogpride.nl\/de\/wp-json\/wp\/v2\/product_tag?post=12157"}],"curies":[{"name":"wp","href":"https:\/\/api.w.org\/{rel}","templated":true}]}}