{"id":12147,"date":"2021-04-13T11:47:24","date_gmt":"2021-04-13T09:47:24","guid":{"rendered":"https:\/\/dogpride1.wpengine.com\/product\/canicom-gps-uitbreidingshalsband\/"},"modified":"2023-03-16T10:47:26","modified_gmt":"2023-03-16T09:47:26","slug":"canicom-gps-uitbreidingshalsband","status":"publish","type":"product","link":"https:\/\/dogpride.nl\/de\/canicom-gps-uitbreidingshalsband\/","title":{"rendered":"Canicom GPS-Verl\u00e4ngerungshalsband"},"content":{"rendered":"<h1>Canicom GPS-Verl\u00e4ngerungshalsband<\/h1>\n<p>Canicom GPS-Verl\u00e4ngerungshalsband<\/p>\n<p>Ersatzhalsband f\u00fcr das Canicom GPS.<\/p>\n<p><span><strong>Allgemeiner Hinweis zu Hundespielzeug:<\/strong><br \/>\nLassen Sie Hunde und Hundespielzeug nicht unbeaufsichtigt. Es wird empfohlen, die Ware regelm\u00e4\u00dfig auf Sch\u00e4den zu \u00fcberpr\u00fcfen und besch\u00e4digte Teile auszutauschen. Andernfalls kann eine Sch\u00e4digung des Tieres nicht ausgeschlossen werden.<\/span><\/p>\n<h3>SPEZIFIKATIONEN<\/h3>\n<ul>\n<li id=\"technische-daten-tab-pane\" class=\"tab-pane fade show active\" role=\"tabpanel\" aria-labelledby=\"technische-daten-tab\">Wasserdicht (IP67)<\/li>\n<li class=\"tab-pane fade show active\" role=\"tabpanel\" aria-labelledby=\"technische-daten-tab\">Ersatzhalsband<\/li>\n<li class=\"tab-pane fade show active\" role=\"tabpanel\" aria-labelledby=\"technische-daten-tab\">GPS-Antenne, Funkantenne - Elektroden k\u00f6nnen an die Basiseinheit geschraubt werden, wenn das Ger\u00e4t als externer Trainer verwendet werden soll (im Lieferumfang enthalten)<\/li>\n<li class=\"tab-pane fade show active\" role=\"tabpanel\" aria-labelledby=\"technische-daten-tab\">Trainingsfunktionen: Vibration und Strom<\/li>\n<li class=\"tab-pane fade show active\" role=\"tabpanel\" aria-labelledby=\"technische-daten-tab\">Laden \u00fcber Netzkabel mit Magnetanschluss<\/li>\n<li class=\"tab-pane fade show active\" role=\"tabpanel\" aria-labelledby=\"technische-daten-tab\">Betrieb \u00fcber 3.400 mAh Akku (im Lieferumfang enthalten)<\/li>\n<li class=\"tab-pane fade show active\" role=\"tabpanel\" aria-labelledby=\"technische-daten-tab\">Gewicht (mit Halsband) 280 g<\/li>\n<li class=\"tab-pane fade show active\" role=\"tabpanel\" aria-labelledby=\"technische-daten-tab\">Ma\u00dfe ca. 85 x 45 x 45 mm<\/li>\n<\/ul>","protected":false},"excerpt":{"rendered":"<p>Ersatzhalsband f\u00fcr das Canicom GPS. GPS-Antenne, Funkantenne - Elektroden k\u00f6nnen an die Basiseinheit geschraubt werden, wenn das Ger\u00e4t als externer Trainer verwendet werden soll (im Lieferumfang enthalten).<\/p>","protected":false},"featured_media":46185,"template":"","meta":[],"product_brand":[],"product_cat":[938],"product_tag":[],"class_list":{"0":"post-12147","1":"product","2":"type-product","3":"status-publish","4":"has-post-thumbnail","6":"product_cat-gps-systemen","8":"first","9":"instock","10":"taxable","11":"shipping-taxable","12":"purchasable","13":"product-type-simple"},"mb":[],"mfb_rest_fields":["title"],"_links":{"self":[{"href":"https:\/\/dogpride.nl\/de\/wp-json\/wp\/v2\/product\/12147","targetHints":{"allow":["GET"]}}],"collection":[{"href":"https:\/\/dogpride.nl\/de\/wp-json\/wp\/v2\/product"}],"about":[{"href":"https:\/\/dogpride.nl\/de\/wp-json\/wp\/v2\/types\/product"}],"wp:featuredmedia":[{"embeddable":true,"href":"https:\/\/dogpride.nl\/de\/wp-json\/wp\/v2\/media\/46185"}],"wp:attachment":[{"href":"https:\/\/dogpride.nl\/de\/wp-json\/wp\/v2\/media?parent=12147"}],"wp:term":[{"taxonomy":"product_brand","embeddable":true,"href":"https:\/\/dogpride.nl\/de\/wp-json\/wp\/v2\/product_brand?post=12147"},{"taxonomy":"product_cat","embeddable":true,"href":"https:\/\/dogpride.nl\/de\/wp-json\/wp\/v2\/product_cat?post=12147"},{"taxonomy":"product_tag","embeddable":true,"href":"https:\/\/dogpride.nl\/de\/wp-json\/wp\/v2\/product_tag?post=12147"}],"curies":[{"name":"wp","href":"https:\/\/api.w.org\/{rel}","templated":true}]}}