{"id":12146,"date":"2021-04-13T11:43:32","date_gmt":"2021-04-13T09:43:32","guid":{"rendered":"https:\/\/dogpride1.wpengine.com\/product\/canicom-gps-set-2\/"},"modified":"2023-03-16T10:51:49","modified_gmt":"2023-03-16T09:51:49","slug":"canicom-gps-set-2","status":"publish","type":"product","link":"https:\/\/dogpride.nl\/de\/canicom-gps-set-2\/","title":{"rendered":"Canicom GPS-Set"},"content":{"rendered":"<h1>Canicom GPS-Set<\/h1>\n<p>Das Canicom GPS-Set ist eine sehr attraktive Alternative zu etablierten Hundeortungssystemen auf dem Markt.<\/p>\n<p>Das Canicom GPS-Set besteht aus einem Senderhalsband und einem Handempf\u00e4nger mit Display. Dank der einfachen Men\u00fcf\u00fchrung ist die Bedienung schnell erlernt.<br \/>\nDas Display des Mobilteils zeigt auf einem Kompass die Richtung und Entfernung zum Hund an.<br \/>\n\u00dcber Bluetooth l\u00e4sst sich das Handger\u00e4t mit einem Smartphone verbinden. Zus\u00e4tzlich zur Richtungsanzeige kann dann auch eine Karte (Google Maps) auf dem Smartphone angezeigt werden.<\/p>\n<p>Das System kann auf 8 verschiedenen Kan\u00e4len betrieben werden. Pro Empf\u00e4ngereinheit k\u00f6nnen bis zu 20 Senderhalsb\u00e4nder trainiert werden.<br \/>\nDank modernster Digitaltechnik k\u00f6nnen in einem Gebiet\/Nachbarschaft deutlich mehr als 20 Sender vorhanden sein. Die Ger\u00e4te verschiedener Hundef\u00fchrer \u00fcberschneiden sich nicht!<\/p>\n<p>F\u00fcr den europ\u00e4ischen Markt stehen 6 Kan\u00e4le im Frequenzbereich 169,4 bis 169,475 MHz (anmeldefrei) zur Auswahl.<br \/>\nF\u00fcr den franz\u00f6sischen Markt gibt es zwei zus\u00e4tzliche Frequenzen (155,6 und 162,25 MHz) mit st\u00e4rkerer Sendeleistung, die nur dort genutzt werden d\u00fcrfen und daher registriert werden m\u00fcssen.<\/p>\n<p>Die technisch m\u00f6gliche Reichweite (je nach Gel\u00e4nde) betr\u00e4gt 15 km.<\/p>\n<h2><strong>Handger\u00e4t:<\/strong><\/h2>\n<ul>\n<li>Wasserdicht (IP67)<\/li>\n<li>\u00dcbersichtliches, sehr gut ablesbares Display von ca. 36 x 44 mm<\/li>\n<li>Einfache Men\u00fcf\u00fchrung mit Pfeiltasten<\/li>\n<li>Integrierter elektronischer Kompass<\/li>\n<li>Erm\u00f6glicht die gleichzeitige Ortung von bis zu 20 Hunden. Zur besseren \u00dcbersichtlichkeit k\u00f6nnen die Hunde in verschiedene Gruppen eingeteilt werden<\/li>\n<li>Handger\u00e4t mit Vibration als haptischem Feedback<\/li>\n<li>Bluetooth-Schnittstelle zur Verbindung mit dem Smartphone<\/li>\n<li>Trainingstasten am Handger\u00e4t zur Aktivierung einer Vibration oder Stimulation am Halsband<\/li>\n<li>Die Antenne ist aufgeschraubt. Auch Antennen anderer Hersteller passen<\/li>\n<li>Laden \u00fcber Netzkabel mit Magnetanschluss<\/li>\n<li>Betrieb \u00fcber zwei austauschbare 1.500 mAh Akkus (im Lieferumfang enthalten)<\/li>\n<li>Verf\u00fcgbare Men\u00fcsprachen: Englisch, Franz\u00f6sisch, Spanisch, Italienisch, Deutsch<\/li>\n<li>Ma\u00dfe: ca. 15 x 6 x 4,5 cm + Antenne ca. 34 cm<\/li>\n<li>Gewicht: 255g<\/li>\n<\/ul>\n<h2><strong>Senderhalsband:<\/strong><\/h2>\n<ul>\n<li>Wasserdicht (IP67)<\/li>\n<li>Austauschbarer Kragen<\/li>\n<li>GPS-Antenne, Radioantenne<\/li>\n<li>An die Basiseinheit k\u00f6nnen Elektroden angeschraubt werden, wenn das Ger\u00e4t als Ferntrainer genutzt werden soll (im Lieferumfang enthalten)<\/li>\n<li>Trainingsfunktionen: Vibration und Elektrizit\u00e4t<\/li>\n<li>Laden \u00fcber Netzkabel mit Magnetanschluss<\/li>\n<li>Betrieb \u00fcber 3.400 mAh Akku (im Lieferumfang enthalten)<\/li>\n<li>Gewicht (mit Halsband) 280 g<\/li>\n<\/ul>\n<h2><strong>Smartphone-App:<\/strong><\/h2>\n<ul>\n<li>kostenlos \u2013 st\u00e4ndig weiterentwickelnd<\/li>\n<li>Es werden Daten von Google Maps verwendet<\/li>\n<li>Kartendaten werden automatisch gespeichert. Wenn kein GSM-Netz vorhanden ist, kann auf diese zwischengespeicherten Karten zugegriffen werden<\/li>\n<li>Es k\u00f6nnen beliebig viele \u201evirtuelle Z\u00e4une\u201c erstellt werden. Verl\u00e4sst der Hund den markierten Bereich, erscheint eine Warnung auf dem Smartphone<\/li>\n<li>Speicherung von Sonderzielen<\/li>\n<li>Routenberechnung zum Hund<\/li>\n<li>Die Position des Hundes mit anderen Menschen teilen<\/li>\n<li>Neben dem Kompass- und Kartenbildschirm gibt es ein Men\u00fc f\u00fcr die Trainingsfunktionen<\/li>\n<li>Ma\u00dfe ca. 85 x 45 x 45 mm<\/li>\n<\/ul>\n<h2><strong>Lieferumfang:<\/strong><\/h2>\n<ul>\n<li>Mobilteil inkl. Akku und Antenne<\/li>\n<li>Sendeeinheit inklusive Batterie, Antenne und Halsband<\/li>\n<li>Kraftpakete<\/li>\n<li>USB-Netzteil<\/li>\n<li>Magnetischer Ladestecker<\/li>\n<li>Kurze und lange Trainingskontakte<\/li>\n<li>Es sind keine gedruckten Anweisungen enthalten. Die aktuelle Version kann \u00fcber einen QR-Code heruntergeladen werden<\/li>\n<li>Lieferung im stabilen Transportkoffer<\/li>\n<\/ul>\n<p>Ladezeit der Akkus ca. 3 Stunden \/ maximale Laufzeit ca. 20 Stunden<\/p>","protected":false},"excerpt":{"rendered":"<p>Das Canicom GPS-Set besteht aus einem Senderhalsband und einem Handempf\u00e4nger mit Display. Dank der einfachen Men\u00fcf\u00fchrung ist die Bedienung schnell erlernt.<\/p>","protected":false},"featured_media":46181,"template":"","meta":[],"product_brand":[],"product_cat":[938],"product_tag":[4150,4149,3327],"class_list":{"0":"post-12146","1":"product","2":"type-product","3":"status-publish","4":"has-post-thumbnail","6":"product_cat-gps-systemen","7":"product_tag-canicom","8":"product_tag-gps","9":"product_tag-set","11":"first","12":"instock","13":"sold-individually","14":"taxable","15":"shipping-taxable","16":"purchasable","17":"product-type-simple"},"mb":[],"mfb_rest_fields":["title"],"_links":{"self":[{"href":"https:\/\/dogpride.nl\/de\/wp-json\/wp\/v2\/product\/12146","targetHints":{"allow":["GET"]}}],"collection":[{"href":"https:\/\/dogpride.nl\/de\/wp-json\/wp\/v2\/product"}],"about":[{"href":"https:\/\/dogpride.nl\/de\/wp-json\/wp\/v2\/types\/product"}],"wp:featuredmedia":[{"embeddable":true,"href":"https:\/\/dogpride.nl\/de\/wp-json\/wp\/v2\/media\/46181"}],"wp:attachment":[{"href":"https:\/\/dogpride.nl\/de\/wp-json\/wp\/v2\/media?parent=12146"}],"wp:term":[{"taxonomy":"product_brand","embeddable":true,"href":"https:\/\/dogpride.nl\/de\/wp-json\/wp\/v2\/product_brand?post=12146"},{"taxonomy":"product_cat","embeddable":true,"href":"https:\/\/dogpride.nl\/de\/wp-json\/wp\/v2\/product_cat?post=12146"},{"taxonomy":"product_tag","embeddable":true,"href":"https:\/\/dogpride.nl\/de\/wp-json\/wp\/v2\/product_tag?post=12146"}],"curies":[{"name":"wp","href":"https:\/\/api.w.org\/{rel}","templated":true}]}}