{"id":12059,"date":"2021-04-09T12:08:44","date_gmt":"2021-04-09T10:08:44","guid":{"rendered":"https:\/\/dogpride1.wpengine.com\/product\/arrak-hiker-fleecejacket-men-red-2\/"},"modified":"2026-02-19T12:51:43","modified_gmt":"2026-02-19T11:51:43","slug":"arrak-hiker-fleecejacket-red-men-2","status":"publish","type":"product","link":"https:\/\/dogpride.nl\/de\/arrak-hiker-fleecejacket-red-men-2\/","title":{"rendered":"Arrak Hiker Fleecejacke Rot Herren"},"content":{"rendered":"<h4>Arrak Hiker Fleecejacke Rot Herren<\/h4>\n<p>Die Arrak Hiker Fleece Jacket Red Men besteht aus 100% Polyester mit einer superweichen Fleecequalit\u00e4t. Sehr weiches und feines Fleece, das schnell zum Lieblingsst\u00fcck wird. Die Jacke hat hinten eine Tunneltasche und vorne zwei gro\u00dfe, ger\u00e4umige Taschen mit Rei\u00dfverschluss.<\/p>\n<p>100% Polyestervlies<br \/>\nSuper weich<br \/>\nAnti-Pilling auf der Au\u00dfenseite<br \/>\n2 gro\u00dfe Seitentaschen vorne<br \/>\nTunneltasche hinten<br \/>\n2-Wege-Rei\u00dfverschluss vorne<br \/>\nKordelzug unten an der Taille<\/p>\n<p><strong>Gr\u00f6\u00dfentabelle:<\/strong><\/p>\n<p>&nbsp;<\/p>\n<p><img loading=\"lazy\" decoding=\"async\" class=\"alignnone size-full wp-image-88038\" src=\"https:\/\/www.dogpride.nl\/wp-content\/uploads\/Maattabel-Tops-Men.jpg\" alt=\"Maattabel\" width=\"632\" height=\"678\" srcset=\"https:\/\/dogpride.nl\/wp-content\/uploads\/Maattabel-Tops-Men.jpg 632w, https:\/\/dogpride.nl\/wp-content\/uploads\/Maattabel-Tops-Men-250x268.jpg 250w, https:\/\/dogpride.nl\/wp-content\/uploads\/Maattabel-Tops-Men-400x429.jpg 400w, https:\/\/dogpride.nl\/wp-content\/uploads\/Maattabel-Tops-Men-280x300.jpg 280w, https:\/\/dogpride.nl\/wp-content\/uploads\/Maattabel-Tops-Men-200x215.jpg 200w, https:\/\/dogpride.nl\/wp-content\/uploads\/Maattabel-Tops-Men-600x644.jpg 600w\" sizes=\"auto, (max-width: 632px) 100vw, 632px\" \/><\/p>\n<p><span style=\"color: #ffffff;\"><a href=\"https:\/\/arrakoutdoor.com\/\" target=\"_blank\" rel=\"noopener\"><img loading=\"lazy\" decoding=\"async\" class=\"alignnone wp-image-139301 size-medium\" src=\"https:\/\/dogpride.nl\/wp-content\/uploads\/Arrak-300x118.jpeg\" alt=\"Logo\" width=\"300\" height=\"118\" srcset=\"https:\/\/dogpride.nl\/wp-content\/uploads\/Arrak-300x118.jpeg 300w, https:\/\/dogpride.nl\/wp-content\/uploads\/Arrak-768x303.jpeg 768w, https:\/\/dogpride.nl\/wp-content\/uploads\/Arrak-18x7.jpeg 18w, https:\/\/dogpride.nl\/wp-content\/uploads\/Arrak-250x99.jpeg 250w, https:\/\/dogpride.nl\/wp-content\/uploads\/Arrak-400x158.jpeg 400w, https:\/\/dogpride.nl\/wp-content\/uploads\/Arrak.jpeg 916w\" sizes=\"auto, (max-width: 300px) 100vw, 300px\" \/><\/a><\/span><\/p>\n<p><a href=\"https:\/\/dogpride.nl\/de\/kleding\/jassen\/arrak-outdoor-jassen\/\"><img loading=\"lazy\" decoding=\"async\" class=\"alignnone\" title=\"Arrak Hiker Fleecejacke Rot Herren\" src=\"https:\/\/dogpride.nl\/wp-content\/uploads\/27024_red_side-150x150.jpg\" alt=\"Arrak Hiker Fleecejacket Red Men\" width=\"150\" height=\"150\" \/><\/a><\/p>","protected":false},"excerpt":{"rendered":"<p>Sehr weiches und feines Fleece, das schnell zum Lieblingsst\u00fcck wird. Die Jacke hat hinten eine Tunneltasche und vorne zwei gro\u00dfe, ger\u00e4umige Taschen mit Rei\u00dfverschluss.<\/p>","protected":false},"featured_media":45885,"template":"","meta":[],"product_brand":[],"product_cat":[24457],"product_tag":[],"class_list":{"0":"post-12059","1":"product","2":"type-product","3":"status-publish","4":"has-post-thumbnail","6":"product_cat-arrak-outdoor-heren-jassen","8":"first","9":"instock","10":"taxable","11":"shipping-taxable","12":"purchasable","13":"product-type-variable"},"mb":[],"mfb_rest_fields":["title"],"_links":{"self":[{"href":"https:\/\/dogpride.nl\/de\/wp-json\/wp\/v2\/product\/12059","targetHints":{"allow":["GET"]}}],"collection":[{"href":"https:\/\/dogpride.nl\/de\/wp-json\/wp\/v2\/product"}],"about":[{"href":"https:\/\/dogpride.nl\/de\/wp-json\/wp\/v2\/types\/product"}],"wp:featuredmedia":[{"embeddable":true,"href":"https:\/\/dogpride.nl\/de\/wp-json\/wp\/v2\/media\/45885"}],"wp:attachment":[{"href":"https:\/\/dogpride.nl\/de\/wp-json\/wp\/v2\/media?parent=12059"}],"wp:term":[{"taxonomy":"product_brand","embeddable":true,"href":"https:\/\/dogpride.nl\/de\/wp-json\/wp\/v2\/product_brand?post=12059"},{"taxonomy":"product_cat","embeddable":true,"href":"https:\/\/dogpride.nl\/de\/wp-json\/wp\/v2\/product_cat?post=12059"},{"taxonomy":"product_tag","embeddable":true,"href":"https:\/\/dogpride.nl\/de\/wp-json\/wp\/v2\/product_tag?post=12059"}],"curies":[{"name":"wp","href":"https:\/\/api.w.org\/{rel}","templated":true}]}}