{"id":12057,"date":"2021-04-09T12:02:18","date_gmt":"2021-04-09T10:02:18","guid":{"rendered":"https:\/\/dogpride1.wpengine.com\/product\/arrak-adventure-fleecejacket-men-black-2\/"},"modified":"2026-02-19T12:52:09","modified_gmt":"2026-02-19T11:52:09","slug":"arrak-adventure-fleecejacket-black-men-2","status":"publish","type":"product","link":"https:\/\/dogpride.nl\/de\/arrak-adventure-fleecejacket-black-men-2\/","title":{"rendered":"Arrak Adventure Fleecejacke Schwarz Herren"},"content":{"rendered":"<h4>Arrak Adventure Fleecejacke Schwarz Herren<\/h4>\n<p>Die Arrak Adventure Fleece Jacket Black Men besteht aus 100% Polyester-Strickfleece mit einer geb\u00fcrsteten Innenseite f\u00fcr ein weicheres Tragegef\u00fchl. Die Jacke hat hinten eine Tunneltasche und vorne zwei gro\u00dfe, ger\u00e4umige Taschen mit Rei\u00dfverschluss.<br \/>\nEine weiche und kuschelige Fleecejacke, die schnell zum Lieblingsst\u00fcck wird.<\/p>\n<p>100% Polyester-Strickfleece<br \/>\nWeich geb\u00fcrstete Innenseite<br \/>\n2 Eingrifftaschen mit Rei\u00dfverschluss vorne<br \/>\nTunneltasche hinten mit Rei\u00dfverschluss<br \/>\nKordelzug unten an der Taille<br \/>\n2-Wege-Frontrei\u00dfverschluss<\/p>\n<p><strong>Gr\u00f6\u00dfentabelle:<\/strong><\/p>\n<p><img loading=\"lazy\" decoding=\"async\" class=\"alignnone wp-image-69331 size-full\" src=\"https:\/\/www.dogpride.nl\/wp-content\/uploads\/Maattabel-AO-New-pants-men-9.jpg\" alt=\"\" width=\"644\" height=\"853\" srcset=\"https:\/\/dogpride.nl\/wp-content\/uploads\/Maattabel-AO-New-pants-men-9.jpg 644w, https:\/\/dogpride.nl\/wp-content\/uploads\/Maattabel-AO-New-pants-men-9-250x331.jpg 250w, https:\/\/dogpride.nl\/wp-content\/uploads\/Maattabel-AO-New-pants-men-9-400x530.jpg 400w, https:\/\/dogpride.nl\/wp-content\/uploads\/Maattabel-AO-New-pants-men-9-226x300.jpg 226w, https:\/\/dogpride.nl\/wp-content\/uploads\/Maattabel-AO-New-pants-men-9-200x265.jpg 200w, https:\/\/dogpride.nl\/wp-content\/uploads\/Maattabel-AO-New-pants-men-9-600x795.jpg 600w\" sizes=\"auto, (max-width: 644px) 100vw, 644px\" \/><\/p>\n<p><span style=\"color: #ffffff;\"><a href=\"https:\/\/arrakoutdoor.com\/\" target=\"_blank\" rel=\"noopener\"><img loading=\"lazy\" decoding=\"async\" class=\"alignnone wp-image-139301 size-medium\" src=\"https:\/\/dogpride.nl\/wp-content\/uploads\/Arrak-300x118.jpeg\" alt=\"Logo\" width=\"300\" height=\"118\" srcset=\"https:\/\/dogpride.nl\/wp-content\/uploads\/Arrak-300x118.jpeg 300w, https:\/\/dogpride.nl\/wp-content\/uploads\/Arrak-768x303.jpeg 768w, https:\/\/dogpride.nl\/wp-content\/uploads\/Arrak-18x7.jpeg 18w, https:\/\/dogpride.nl\/wp-content\/uploads\/Arrak-250x99.jpeg 250w, https:\/\/dogpride.nl\/wp-content\/uploads\/Arrak-400x158.jpeg 400w, https:\/\/dogpride.nl\/wp-content\/uploads\/Arrak.jpeg 916w\" sizes=\"auto, (max-width: 300px) 100vw, 300px\" \/><\/a><\/span><\/p>\n<p><a href=\"https:\/\/dogpride.nl\/de\/kleding\/jassen\/arrak-outdoor-jassen\/\"><img loading=\"lazy\" decoding=\"async\" class=\"alignnone\" title=\"Arrak Adventure Fleecejacke Schwarz Herren\" src=\"https:\/\/dogpride.nl\/wp-content\/uploads\/27026blackfront2men-150x150.jpg\" alt=\"Arrak Adventure Fleecejacket Black Men\" width=\"150\" height=\"150\" \/><\/a><\/p>","protected":false},"excerpt":{"rendered":"<p>Besteht aus gestricktem Fleece aus 100%-Polyester mit einer geb\u00fcrsteten Innenseite f\u00fcr ein weicheres Tragegef\u00fchl. Die Jacke hat hinten eine Tunneltasche und vorne zwei gro\u00dfe, ger\u00e4umige Taschen mit Rei\u00dfverschluss.<\/p>","protected":false},"featured_media":45875,"template":"","meta":[],"product_brand":[],"product_cat":[24457],"product_tag":[],"class_list":{"0":"post-12057","1":"product","2":"type-product","3":"status-publish","4":"has-post-thumbnail","6":"product_cat-arrak-outdoor-heren-jassen","8":"first","9":"instock","10":"taxable","11":"shipping-taxable","12":"purchasable","13":"product-type-variable"},"mb":[],"mfb_rest_fields":["title"],"_links":{"self":[{"href":"https:\/\/dogpride.nl\/de\/wp-json\/wp\/v2\/product\/12057","targetHints":{"allow":["GET"]}}],"collection":[{"href":"https:\/\/dogpride.nl\/de\/wp-json\/wp\/v2\/product"}],"about":[{"href":"https:\/\/dogpride.nl\/de\/wp-json\/wp\/v2\/types\/product"}],"wp:featuredmedia":[{"embeddable":true,"href":"https:\/\/dogpride.nl\/de\/wp-json\/wp\/v2\/media\/45875"}],"wp:attachment":[{"href":"https:\/\/dogpride.nl\/de\/wp-json\/wp\/v2\/media?parent=12057"}],"wp:term":[{"taxonomy":"product_brand","embeddable":true,"href":"https:\/\/dogpride.nl\/de\/wp-json\/wp\/v2\/product_brand?post=12057"},{"taxonomy":"product_cat","embeddable":true,"href":"https:\/\/dogpride.nl\/de\/wp-json\/wp\/v2\/product_cat?post=12057"},{"taxonomy":"product_tag","embeddable":true,"href":"https:\/\/dogpride.nl\/de\/wp-json\/wp\/v2\/product_tag?post=12057"}],"curies":[{"name":"wp","href":"https:\/\/api.w.org\/{rel}","templated":true}]}}