{"id":120115,"date":"2024-03-12T14:56:13","date_gmt":"2024-03-12T13:56:13","guid":{"rendered":"https:\/\/dogpride.nl\/?post_type=product&#038;p=120115"},"modified":"2025-12-23T14:39:57","modified_gmt":"2025-12-23T13:39:57","slug":"rest-swabs-and-filter-arm","status":"publish","type":"product","link":"https:\/\/dogpride.nl\/de\/rest-swabs-and-filter-arm\/","title":{"rendered":"REST Swabs and Filter Arm"},"content":{"rendered":"<h4>REST Swabs and Filter Arm<\/h4>\n<p>REST Swabs and Filter Arm<\/p>\n<p>De carrousel-REST-arm is ontwikkeld als prototype en nooit klinisch uitgeprobeerd in het REST-programma.<\/p>\n<p>De arm is precies hetzelfde als een REST Analysis Stand en de afstand ertussen kan in dezelfde steek worden gerangschikt.<\/p>\n<p>Dit systeem biedt flexibiliteit en veelzijdigheid waardoor trainers \u00e9\u00e9n carrousel kunnen gebruiken voor biomedische toepassingen, dampen of geuren uit vaste materialen.<\/p>\n<p>De omschakeling gaat extreem snel, waarbij slechts \u00e9\u00e9n schroef en \u00e9\u00e9n persoon nodig zijn, wat tijd en geld bespaart.<\/p>\n<p><strong>Neem contact met ons op voor een prijsopgave. Email: info@dogpride.nl of Tel: +31315655930\u00a0<\/strong><\/p>\n<p><a href=\"https:\/\/dogpride.nl\/de\/k9\/scent-detection-products\/scent-detection-accessories\/\"><img loading=\"lazy\" decoding=\"async\" class=\"alignnone\" title=\"REST Swabs and Filter Arm\" src=\"https:\/\/dogpride.nl\/wp-content\/uploads\/DSC02820-400x300-1.jpg\" alt=\"REST Swabs and Filter Arm\" width=\"165\" height=\"124\" \/><\/a><\/p>\n<h4 data-start=\"0\" data-end=\"128\"><strong data-start=\"5\" data-end=\"128\">REST Swabs and Filter Arm van Scent Detection UK \u2013 professionele geurverzamel- en filteroplossing voor detectietraining<\/strong><\/h4>\n<p data-start=\"130\" data-end=\"739\">Der <strong data-start=\"133\" data-end=\"185\">REST Swabs and Filter Arm van Scent Detection UK<\/strong> is een gespecialiseerd hulpmiddel voor trainers, handlers en K9-teams die werken met <strong data-start=\"271\" data-end=\"300\">detectie- en geurtraining<\/strong>. Dit systeem is ontworpen om geurmonsters nauwkeurig te verzamelen, te filteren en te presenteren \u2014 ideaal voor situaties waarin fijne geurherkenning, geurisolatie en gecontroleerde geurcondities essentieel zijn. Of je nu traint voor <strong data-start=\"535\" data-end=\"596\">search-taken, spoorwerk, area-search of scenario-detectie<\/strong>, Die <strong data-start=\"601\" data-end=\"653\">REST Swabs and Filter Arm van Scent Detection UK<\/strong> ondersteunt je bij zowel trainingsopbouw als vertrouwen in geurresponsen van je hond.<\/p>\n<p data-start=\"741\" data-end=\"998\">Dankzij de geavanceerde combinatie van <strong data-start=\"780\" data-end=\"804\">swabs (geurstaafjes)<\/strong> Und <strong data-start=\"808\" data-end=\"821\">filterarm<\/strong> kun je geurbronnen consistent introduceren en gecontroleerd isoleren, wat belangrijk is bij hoogwaardig detectiewerk, kwaliteitscontrole en reproduceerbare trainingsprogressie.<\/p>\n<hr data-start=\"1000\" data-end=\"1003\" \/>\n<h3 data-start=\"1005\" data-end=\"1072\"><strong data-start=\"1009\" data-end=\"1072\">Wat is de REST Swabs and Filter Arm van Scent Detection UK?<\/strong><\/h3>\n<p data-start=\"1074\" data-end=\"1167\">Es <strong data-start=\"1078\" data-end=\"1138\">REST Swabs and Filter Arm-systeem van Scent Detection UK<\/strong> bestaat uit twee onderdelen:<\/p>\n<ul>\n<li data-start=\"1171\" data-end=\"1248\"><strong data-start=\"1171\" data-end=\"1181\">Swabs:<\/strong> absorberende geurstaafjes die geurmonsters opnemen en vasthouden<\/li>\n<li data-start=\"1251\" data-end=\"1377\"><strong data-start=\"1251\" data-end=\"1266\">Filter Arm:<\/strong> een mechanische arm of houder die swabs ondersteunt, beschermt en geur gecontroleerd vrijlaat tijdens training<\/li>\n<\/ul>\n<p data-start=\"1379\" data-end=\"1558\">Dit maakt het mogelijk om geur effectief te <strong data-start=\"1423\" data-end=\"1463\">vangen, te bewaren en te presenteren<\/strong> tijdens oefeningen, wat helpt bij consistente geurherkenning en betrouwbare trainingsfeedback.<\/p>\n<hr data-start=\"1560\" data-end=\"1563\" \/>\n<h3 data-start=\"1565\" data-end=\"1635\"><strong data-start=\"1569\" data-end=\"1635\">Voordelen van REST Swabs and Filter Arm van Scent Detection UK<\/strong><\/h3>\n<p data-start=\"1637\" data-end=\"1840\"><strong data-start=\"1637\" data-end=\"1672\">Gestructureerde geurverzameling<\/strong><br data-start=\"1672\" data-end=\"1675\" \/>De swabs zijn ontworpen om geur effectief te absorberen en vast te houden gedurende langere tijd, wat belangrijk is bij het opbouwen van betrouwbare geurreferenties.<\/p>\n<p data-start=\"1842\" data-end=\"2036\"><strong data-start=\"1842\" data-end=\"1876\">Gecontroleerde geurpresentatie<\/strong><br data-start=\"1876\" data-end=\"1879\" \/>Met de filterarm kun je de geurbron zo positioneren en beschermen dat geur consistent vrijkomt \u2014 ideaal voor situaties waarbij nauwkeurigheid centraal staat.<\/p>\n<p data-start=\"2038\" data-end=\"2211\"><strong data-start=\"2038\" data-end=\"2068\">Hergebruik en duurzaamheid<\/strong><br data-start=\"2068\" data-end=\"2071\" \/>De swabs kunnen bij juiste reiniging hergebruikt worden en de filterarm is stevig genoeg voor dagelijks trainingsgebruik, indoor \u00e9n outdoor.<\/p>\n<p data-start=\"2213\" data-end=\"2413\"><strong data-start=\"2213\" data-end=\"2249\">Professionele trainingskwaliteit<\/strong><br data-start=\"2249\" data-end=\"2252\" \/>Dit systeem is ontwikkeld volgens de hoge normen van Scent Detection UK, waardoor het geschikt is voor zowel gevorderde detectiehonden als professioneel K9-werk.<\/p>\n<hr data-start=\"2415\" data-end=\"2418\" \/>\n<h3 data-start=\"2420\" data-end=\"2467\"><strong data-start=\"2424\" data-end=\"2467\">Toepassing in detectie- en geurtraining<\/strong><\/h3>\n<p data-start=\"2469\" data-end=\"2577\">Der <strong data-start=\"2472\" data-end=\"2524\">REST Swabs and Filter Arm van Scent Detection UK<\/strong> wordt effectief ingezet bij trainingsmethoden zoals:<\/p>\n<ul>\n<li data-start=\"2581\" data-end=\"2668\"><strong data-start=\"2581\" data-end=\"2616\">Geurherkenning en discriminatie<\/strong> \u2013 honden leren subtiele verschillen tussen geuren<\/li>\n<li data-start=\"2671\" data-end=\"2741\"><strong data-start=\"2671\" data-end=\"2697\">Area-search oefeningen<\/strong> \u2013 gecontroleerde geurpunten in zoekvelden<\/li>\n<li data-start=\"2744\" data-end=\"2820\"><strong data-start=\"2744\" data-end=\"2774\">Trunking- en spoortraining<\/strong> \u2013 realistische geurpresentatie over afstand<\/li>\n<li data-start=\"2823\" data-end=\"2912\"><strong data-start=\"2823\" data-end=\"2844\">Scenario-detectie<\/strong> \u2013 geurbronnen gecontroleerd ge\u00efntroduceerd in complexe omgevingen<\/li>\n<li data-start=\"2915\" data-end=\"2993\"><strong data-start=\"2915\" data-end=\"2942\">Progressieve oefeningen<\/strong> \u2013 niveauverhoging door verfijnde geurinterpretatie<\/li>\n<\/ul>\n<p data-start=\"2995\" data-end=\"3137\">Dankzij de mogelijkheid om geurmonsters gecontroleerd aan te bieden, leer je honden <strong data-start=\"3079\" data-end=\"3126\">betrouwbare zoek- en herkenningsstrategie\u00ebn<\/strong> toepassen.<\/p>\n<hr data-start=\"3139\" data-end=\"3142\" \/>\n<h3 data-start=\"3144\" data-end=\"3175\"><strong data-start=\"3148\" data-end=\"3175\">Materialen en kwaliteit<\/strong><\/h3>\n<p data-start=\"3177\" data-end=\"3295\">Es <strong data-start=\"3181\" data-end=\"3241\">REST Swabs and Filter Arm-systeem van Scent Detection UK<\/strong> is vervaardigd met duurzame, hoogwaardige materialen:<\/p>\n<ul>\n<li data-start=\"3299\" data-end=\"3377\"><strong data-start=\"3299\" data-end=\"3337\">Hoog absorptiemateriaal voor swabs<\/strong> \u2013 vangt geur effici\u00ebnt en gelijkmatig<\/li>\n<li data-start=\"3380\" data-end=\"3459\"><strong data-start=\"3380\" data-end=\"3423\">Robuuste, trainingsbestendige filterarm<\/strong> \u2013 bestand tegen intensief gebruik<\/li>\n<li data-start=\"3462\" data-end=\"3558\"><strong data-start=\"3462\" data-end=\"3511\">Compatibel met meerdere trainingsopstellingen<\/strong> \u2013 integreert met scent potten, racks en lids<\/li>\n<li data-start=\"3561\" data-end=\"3641\"><strong data-start=\"3561\" data-end=\"3594\">Onderhoudsvriendelijk ontwerp<\/strong> \u2013 eenvoudig schoon te maken en te hergebruiken<\/li>\n<\/ul>\n<p data-start=\"3643\" data-end=\"3754\">Dankzij deze kwaliteit blijft het systeem consistent functioneren, zelfs bij frequent en professioneel gebruik.<\/p>\n<p data-start=\"3643\" data-end=\"3754\"><a href=\"https:\/\/dogpride.nl\/de\/k9\/scent-detection-products\/scent-detection-accessories\/\"><img loading=\"lazy\" decoding=\"async\" class=\"alignnone\" title=\"REST Swabs and Filter Arm\" src=\"https:\/\/dogpride.nl\/wp-content\/uploads\/DSC02820-400x300-1.jpg\" alt=\"REST Swabs and Filter Arm\" width=\"165\" height=\"124\" \/><\/a><\/p>\n<hr data-start=\"3756\" data-end=\"3759\" \/>\n<h3 data-start=\"3761\" data-end=\"3795\"><strong data-start=\"3765\" data-end=\"3795\">Gebruiksgemak en ergonomie<\/strong><\/h3>\n<p data-start=\"3797\" data-end=\"3907\">Der <strong data-start=\"3800\" data-end=\"3852\">REST Swabs and Filter Arm van Scent Detection UK<\/strong> is ontworpen met praktisch gebruiksgemak in gedachten:<\/p>\n<ul>\n<li data-start=\"3911\" data-end=\"3965\"><strong data-start=\"3911\" data-end=\"3953\">Eenvoudige installatie en verwijdering<\/strong> van swabs<\/li>\n<li data-start=\"3968\" data-end=\"4037\"><strong data-start=\"3968\" data-end=\"4005\">Veilige en stabiele positionering<\/strong> van geurbron tijdens training<\/li>\n<li data-start=\"4040\" data-end=\"4101\"><strong data-start=\"4040\" data-end=\"4065\">Verstelbare filterarm<\/strong> voor verschillende zoekscenario\u2019s<\/li>\n<li data-start=\"4104\" data-end=\"4148\"><strong data-start=\"4104\" data-end=\"4148\">Direct inzetbaar zonder veel tijdverlies<\/strong><\/li>\n<\/ul>\n<p data-start=\"4150\" data-end=\"4261\">Dit maakt het systeem zowel geschikt voor georganiseerde trainingssessies als voor dynamische veldinstellingen.<\/p>\n<hr data-start=\"4263\" data-end=\"4266\" \/>\n<h3 data-start=\"4268\" data-end=\"4349\"><strong data-start=\"4272\" data-end=\"4349\">Voor wie is de REST Swabs and Filter Arm van Scent Detection UK geschikt?<\/strong><\/h3>\n<p data-start=\"4351\" data-end=\"4380\">Dit systeem is ideaal voor:<\/p>\n<ul>\n<li data-start=\"4383\" data-end=\"4415\">professionele detectietrainers<\/li>\n<li data-start=\"4418\" data-end=\"4468\">K9-handlers in politie, beveiliging en SAR-teams<\/li>\n<li data-start=\"4471\" data-end=\"4519\">hondensporters in geur- en detectiewedstrijden<\/li>\n<li data-start=\"4522\" data-end=\"4557\">scenario- en area-search trainers<\/li>\n<li data-start=\"4560\" data-end=\"4617\">iedereen die werkt aan hoge precisie in geurinterpretatie<\/li>\n<\/ul>\n<p data-start=\"4619\" data-end=\"4756\">Of je nu werkt met beginners of gevorderde detectiehonden \u2014 met dit systeem ontwikkel je <strong data-start=\"4708\" data-end=\"4755\">krachtige, reproduceerbare geurvaardigheden<\/strong>.<\/p>\n<hr data-start=\"4758\" data-end=\"4761\" \/>\n<h3 data-start=\"4763\" data-end=\"4832\"><strong data-start=\"4767\" data-end=\"4832\">Samenvatting REST Swabs and Filter Arm van Scent Detection UK<\/strong><\/h3>\n<p data-start=\"4834\" data-end=\"5359\">Der <strong data-start=\"4837\" data-end=\"4889\">REST Swabs and Filter Arm van Scent Detection UK<\/strong> is een professioneel, duurzaam en praktisch systeem voor het verzamelen, bewaren en gecontroleerd presenteren van geuren tijdens detectie- en geurtraining met honden. Dankzij de combinatie van absorberende swabs en de stabiele filterarm krijg je meer controle over geurafgifte en kun je trainingsscenario\u2019s verfijnen, sneller vooruitgang boeken en betrouwbare zoekresultaten bereiken \u2014 essentieel voor trainers die streven naar hoogwaardige, reproduceerbare prestaties.<\/p>\n<p data-start=\"4834\" data-end=\"5359\">\n<p data-start=\"4834\" data-end=\"5359\"><a href=\"https:\/\/scentdetection.co.uk\/\" target=\"_blank\" rel=\"noopener\"><img loading=\"lazy\" decoding=\"async\" class=\"alignnone wp-image-149777 size-medium\" title=\"Scent Detection UK\" src=\"https:\/\/dogpride.nl\/wp-content\/uploads\/Scent-Detection-Logo-WITH-STRAP-400x142-1-300x107.png\" alt=\"Scent Detection UK\" width=\"300\" height=\"107\" srcset=\"https:\/\/dogpride.nl\/wp-content\/uploads\/Scent-Detection-Logo-WITH-STRAP-400x142-1-300x107.png 300w, https:\/\/dogpride.nl\/wp-content\/uploads\/Scent-Detection-Logo-WITH-STRAP-400x142-1-18x6.png 18w, https:\/\/dogpride.nl\/wp-content\/uploads\/Scent-Detection-Logo-WITH-STRAP-400x142-1-250x89.png 250w, https:\/\/dogpride.nl\/wp-content\/uploads\/Scent-Detection-Logo-WITH-STRAP-400x142-1.png 400w\" sizes=\"auto, (max-width: 300px) 100vw, 300px\" \/><\/a><\/p>\n<p>&nbsp;<\/p>","protected":false},"excerpt":{"rendered":"<p><strong>REST Swabs and Filter Arm.<\/strong> Dit systeem biedt flexibiliteit en veelzijdigheid waardoor trainers \u00e9\u00e9n carrousel kunnen gebruiken voor biomedische toepassingen, dampen of geuren uit vaste materialen.<\/p>","protected":false},"featured_media":120121,"template":"","meta":[],"product_brand":[],"product_cat":[7314,7346],"product_tag":[7340,7342,20463,20443,6810,20442,20462,12309,20341,7341,14561,7312,20461,3228,20433,7339],"class_list":{"0":"post-120115","1":"product","2":"type-product","3":"status-publish","4":"has-post-thumbnail","6":"product_cat-rest","7":"product_cat-scent-detection-accessories","8":"product_tag-arm","9":"product_tag-bemonstering","10":"product_tag-controlled-scent-presentation","11":"product_tag-detectietraining-accessoires","12":"product_tag-filter","13":"product_tag-geurtraining-gear","14":"product_tag-geurverzamelaar-swabs","15":"product_tag-hondentraining-gear","16":"product_tag-k9-detectie-uitrusting","17":"product_tag-monster","18":"product_tag-professionele-geurtraining","19":"product_tag-rest","20":"product_tag-rest-swabs-and-filter-arm-scent-detection-uk","21":"product_tag-scent-detection","22":"product_tag-scent-training-tools","23":"product_tag-swabs","25":"first","26":"instock","27":"taxable","28":"shipping-taxable","29":"product-type-simple"},"mb":[],"mfb_rest_fields":["title"],"_links":{"self":[{"href":"https:\/\/dogpride.nl\/de\/wp-json\/wp\/v2\/product\/120115","targetHints":{"allow":["GET"]}}],"collection":[{"href":"https:\/\/dogpride.nl\/de\/wp-json\/wp\/v2\/product"}],"about":[{"href":"https:\/\/dogpride.nl\/de\/wp-json\/wp\/v2\/types\/product"}],"wp:featuredmedia":[{"embeddable":true,"href":"https:\/\/dogpride.nl\/de\/wp-json\/wp\/v2\/media\/120121"}],"wp:attachment":[{"href":"https:\/\/dogpride.nl\/de\/wp-json\/wp\/v2\/media?parent=120115"}],"wp:term":[{"taxonomy":"product_brand","embeddable":true,"href":"https:\/\/dogpride.nl\/de\/wp-json\/wp\/v2\/product_brand?post=120115"},{"taxonomy":"product_cat","embeddable":true,"href":"https:\/\/dogpride.nl\/de\/wp-json\/wp\/v2\/product_cat?post=120115"},{"taxonomy":"product_tag","embeddable":true,"href":"https:\/\/dogpride.nl\/de\/wp-json\/wp\/v2\/product_tag?post=120115"}],"curies":[{"name":"wp","href":"https:\/\/api.w.org\/{rel}","templated":true}]}}