{"id":118665,"date":"2024-02-19T15:47:08","date_gmt":"2024-02-19T14:47:08","guid":{"rendered":"https:\/\/dogpride.nl\/?post_type=product&#038;p=118665"},"modified":"2026-03-13T09:49:15","modified_gmt":"2026-03-13T08:49:15","slug":"mooria-collar-midsummer-night","status":"publish","type":"product","link":"https:\/\/dogpride.nl\/de\/mooria-collar-midsummer-night\/","title":{"rendered":"MOORIA Collar Midsummer Night"},"content":{"rendered":"<h4>MOORIA Collar Midsummer Night<\/h4>\n<p>MOORIA Collar Midsummer Night<\/p>\n<p>De MOORIA Collar Midsummer Night halsbanden en lijnen zijn gemaakt van functionele waterdichte stoffen. De basis is gemaakt van zwaar nylonweefsel dat bedekt is met bedrukte of monochrome softshell-stof.<br \/>\nUnsere Halsb\u00e4nder und Leinen haben die gleiche Funktionalit\u00e4t und Widerstandsf\u00e4higkeit wie beliebte Nylonprodukte; Dar\u00fcber hinaus bieten wir ein attraktives Erscheinungsbild durch eine gro\u00dfe Auswahl an Mustern, Drucken und Farben.<br \/>\nDie hervorragende Textilbasis ist nicht der einzige Vorteil unserer Produkte. Auch die gesamte weitere Hardware wie Schnallen, Ringe und Karabiner sind hochwertig und hochwertig verarbeitet.<br \/>\nWir verwenden ausschlie\u00dflich Hardware von sorgf\u00e4ltig ausgew\u00e4hlten Herstellern in Europa und den USA. Durch den Fokus auf hohe Qualit\u00e4t und Funktionalit\u00e4t k\u00f6nnen wir diese einzigartig attraktiven und stilvollen Produkte anbieten.<\/p>\n<p>* An dem kleinen Ring kann eine Medaille etc. befestigt werden.<\/p>\n<p>* Leverbaar met kunststof of aluminium sluiting. riemsluiting of als sliphalsband.<\/p>\n<p>*\u00a0Bijpassende lijnen leverbaar<\/p>\n<p><strong>Namensschild:<\/strong><\/p>\n<ul>\n<li>Das Anbringen eines Namensschilds erleichtert das Auffinden Ihres weggelaufenen Hundes. Geben Sie den Namen und die Telefonnummer des Hundes, die Sie auf dem Halsband haben m\u00f6chten, genau so ein, wie sie auf dem Halsband erscheinen sollen \u2013 Gro\u00dfbuchstaben, Leerzeichen, Telefonnummernformat usw.<\/li>\n<\/ul>\n<p><strong>Dekorative Fliege:<\/strong><\/p>\n<ul>\n<li>W\u00e4hlen Sie, wenn Sie m\u00f6chten, eine elegante Fliege f\u00fcr den Kragen. Die Fliege ist an einem elastischen Band befestigt und daher abnehmbar. Die Fliege wird im gleichen Muster und in der gleichen Gr\u00f6\u00dfe wie der Kragen hergestellt.<\/li>\n<\/ul>\n<p><strong>Ma\u00dfe:<\/strong><\/p>\n<p><img loading=\"lazy\" decoding=\"async\" class=\"alignnone size-full wp-image-81263 lazyautosizes ls-is-cached lazyloaded\" src=\"https:\/\/www.dogpride.nl\/wp-content\/uploads\/mAATTABEL-mOORIA-HALSBANDEN-1.jpg\" sizes=\"auto, 816px\" srcset=\"https:\/\/www.dogpride.nl\/wp-content\/uploads\/mAATTABEL-mOORIA-HALSBANDEN-1-200x117.jpg 200w, https:\/\/www.dogpride.nl\/wp-content\/uploads\/mAATTABEL-mOORIA-HALSBANDEN-1-300x176.jpg 300w, https:\/\/www.dogpride.nl\/wp-content\/uploads\/mAATTABEL-mOORIA-HALSBANDEN-1-400x235.jpg 400w, https:\/\/www.dogpride.nl\/wp-content\/uploads\/mAATTABEL-mOORIA-HALSBANDEN-1-600x352.jpg 600w, https:\/\/www.dogpride.nl\/wp-content\/uploads\/mAATTABEL-mOORIA-HALSBANDEN-1-768x451.jpg 768w, https:\/\/www.dogpride.nl\/wp-content\/uploads\/mAATTABEL-mOORIA-HALSBANDEN-1-800x470.jpg 800w, https:\/\/www.dogpride.nl\/wp-content\/uploads\/mAATTABEL-mOORIA-HALSBANDEN-1.jpg 853w\" alt=\"Mooria Maatbabel\" width=\"853\" height=\"501\" data-orig-src=\"https:\/\/www.dogpride.nl\/wp-content\/uploads\/mAATTABEL-mOORIA-HALSBANDEN-1.jpg\" data-srcset=\"https:\/\/www.dogpride.nl\/wp-content\/uploads\/mAATTABEL-mOORIA-HALSBANDEN-1-200x117.jpg 200w, https:\/\/www.dogpride.nl\/wp-content\/uploads\/mAATTABEL-mOORIA-HALSBANDEN-1-300x176.jpg 300w, https:\/\/www.dogpride.nl\/wp-content\/uploads\/mAATTABEL-mOORIA-HALSBANDEN-1-400x235.jpg 400w, https:\/\/www.dogpride.nl\/wp-content\/uploads\/mAATTABEL-mOORIA-HALSBANDEN-1-600x352.jpg 600w, https:\/\/www.dogpride.nl\/wp-content\/uploads\/mAATTABEL-mOORIA-HALSBANDEN-1-768x451.jpg 768w, https:\/\/www.dogpride.nl\/wp-content\/uploads\/mAATTABEL-mOORIA-HALSBANDEN-1-800x470.jpg 800w, https:\/\/www.dogpride.nl\/wp-content\/uploads\/mAATTABEL-mOORIA-HALSBANDEN-1.jpg 853w\" data-sizes=\"auto\" data-orig-sizes=\"(max-width: 853px) 100vw, 853px\" \/><\/p>\n<p>Bijpassende lijn:<\/p>\n<p><a href=\"https:\/\/dogpride.nl\/de\/mooria-hondenlijn-midsummer-night\/\">https:\/\/dogpride.nl\/mooria-hondenlijn-midsummer-night<\/a><\/p>\n<p><a href=\"https:\/\/www.mooria.eu\/\" target=\"_blank\" rel=\"noopener\"><img loading=\"lazy\" decoding=\"async\" class=\"alignnone wp-image-118346 size-full\" src=\"https:\/\/dogpride.nl\/wp-content\/uploads\/Logo-MOORIA-2.png\" sizes=\"auto, (max-width: 233px) 100vw, 233px\" srcset=\"https:\/\/dogpride.nl\/wp-content\/uploads\/Logo-MOORIA-2.png 233w, https:\/\/dogpride.nl\/wp-content\/uploads\/Logo-MOORIA-2-18x4.png 18w\" alt=\"Logo Mooria\" width=\"233\" height=\"53\" \/><\/a><\/p>\n<p><a href=\"https:\/\/dogpride.nl\/de\/hondenhalsbanden\/mooria-hondenhalsbanden\/\"><img loading=\"lazy\" decoding=\"async\" class=\"alignnone\" title=\"MOORIA Collar Midsummer Night\" src=\"https:\/\/dogpride.nl\/wp-content\/uploads\/set1-midsummer-night-150x150.jpg\" alt=\"MOORIA Collar Midsummer Night\" width=\"150\" height=\"150\" \/><\/a><\/p>","protected":false},"excerpt":{"rendered":"<p>De MOORIA halsbanden en lijnen zijn gemaakt van functionele waterdichte stoffen. De basis is gemaakt van zwaar nylonweefsel dat bedekt is met bedrukte of monochrome softshell-stof.<\/p>","protected":false},"featured_media":118679,"template":"","meta":[],"product_brand":[],"product_cat":[696],"product_tag":[6942,5238,3288,7104,7105,6228,5161,4739],"class_list":{"0":"post-118665","1":"product","2":"type-product","3":"status-publish","4":"has-post-thumbnail","6":"product_cat-mooria-hondenhalsbanden","7":"product_tag-collar","8":"product_tag-halsband","9":"product_tag-honden","10":"product_tag-midsummer-night","11":"product_tag-midzomernacht","12":"product_tag-mooria","13":"product_tag-nylon","14":"product_tag-softshell","16":"first","17":"instock","18":"taxable","19":"shipping-taxable","20":"purchasable","21":"product-type-variable"},"mb":[],"mfb_rest_fields":["title"],"_links":{"self":[{"href":"https:\/\/dogpride.nl\/de\/wp-json\/wp\/v2\/product\/118665","targetHints":{"allow":["GET"]}}],"collection":[{"href":"https:\/\/dogpride.nl\/de\/wp-json\/wp\/v2\/product"}],"about":[{"href":"https:\/\/dogpride.nl\/de\/wp-json\/wp\/v2\/types\/product"}],"wp:featuredmedia":[{"embeddable":true,"href":"https:\/\/dogpride.nl\/de\/wp-json\/wp\/v2\/media\/118679"}],"wp:attachment":[{"href":"https:\/\/dogpride.nl\/de\/wp-json\/wp\/v2\/media?parent=118665"}],"wp:term":[{"taxonomy":"product_brand","embeddable":true,"href":"https:\/\/dogpride.nl\/de\/wp-json\/wp\/v2\/product_brand?post=118665"},{"taxonomy":"product_cat","embeddable":true,"href":"https:\/\/dogpride.nl\/de\/wp-json\/wp\/v2\/product_cat?post=118665"},{"taxonomy":"product_tag","embeddable":true,"href":"https:\/\/dogpride.nl\/de\/wp-json\/wp\/v2\/product_tag?post=118665"}],"curies":[{"name":"wp","href":"https:\/\/api.w.org\/{rel}","templated":true}]}}