{"id":118510,"date":"2024-02-19T14:57:42","date_gmt":"2024-02-19T13:57:42","guid":{"rendered":"https:\/\/dogpride.nl\/?post_type=product&#038;p=118510"},"modified":"2026-03-13T09:48:50","modified_gmt":"2026-03-13T08:48:50","slug":"mooria-collar-stars-on-green","status":"publish","type":"product","link":"https:\/\/dogpride.nl\/de\/mooria-collar-stars-on-green\/","title":{"rendered":"MOORIA Collar Stars on Green"},"content":{"rendered":"<h4>MOORIA Collar Stars on Green<\/h4>\n<p>MOORIA Collar Stars on Green<\/p>\n<p>De MOORIA halsbanden en lijnen zijn gemaakt van functionele waterdichte stoffen. De basis is gemaakt van zwaar nylonweefsel dat bedekt is met bedrukte of monochrome softshell-stof.<br \/>\nOnze MOORIA Collar Stars on Green halsbanden en lijnen hebben dezelfde functionaliteit en weerstand als populaire nylonproducten; daarnaast bieden wij een aantrekkelijk uiterlijk door een breed scala aan patronen, bedrukkingen en kleuren.<br \/>\nDie hervorragende Textilbasis ist nicht der einzige Vorteil unserer Produkte. Auch die gesamte weitere Hardware wie Schnallen, Ringe und Karabiner sind hochwertig und hochwertig verarbeitet.<br \/>\nWir verwenden ausschlie\u00dflich Hardware von sorgf\u00e4ltig ausgew\u00e4hlten Herstellern in Europa und den USA. Durch den Fokus auf hohe Qualit\u00e4t und Funktionalit\u00e4t k\u00f6nnen wir diese einzigartig attraktiven und stilvollen Produkte anbieten.<\/p>\n<p>* An dem kleinen Ring kann eine Medaille etc. befestigt werden.<\/p>\n<p>* Leverbaar met kunststof of aluminium sluiting. riemsluiting of als sliphalsband.<\/p>\n<p>*\u00a0Bijpassende lijnen leverbaar<\/p>\n<p><strong>Namensschild:<\/strong><\/p>\n<ul>\n<li>Das Anbringen eines Namensschilds erleichtert das Auffinden Ihres weggelaufenen Hundes. Geben Sie den Namen und die Telefonnummer des Hundes, die Sie auf dem Halsband haben m\u00f6chten, genau so ein, wie sie auf dem Halsband erscheinen sollen \u2013 Gro\u00dfbuchstaben, Leerzeichen, Telefonnummernformat usw.<\/li>\n<\/ul>\n<p><strong>Dekorative Fliege:<\/strong><\/p>\n<ul>\n<li>W\u00e4hlen Sie, wenn Sie m\u00f6chten, eine elegante Fliege f\u00fcr den Kragen. Die Fliege ist an einem elastischen Band befestigt und daher abnehmbar. Die Fliege wird im gleichen Muster und in der gleichen Gr\u00f6\u00dfe wie der Kragen hergestellt.<\/li>\n<\/ul>\n<p><strong>Ma\u00dfe:<\/strong><\/p>\n<p>&nbsp;<\/p>\n<p>Bijpassende lijn:<\/p>\n<p><a href=\"https:\/\/dogpride.nl\/de\/mooria-hondenlijn-stars-on-green\/\">https:\/\/dogpride.nl\/mooria-hondenlijn-stars-on-green<\/a><\/p>\n<p><a href=\"https:\/\/www.mooria.eu\/\" target=\"_blank\" rel=\"noopener\"><img loading=\"lazy\" decoding=\"async\" class=\"alignnone wp-image-118346 size-full\" src=\"https:\/\/dogpride.nl\/wp-content\/uploads\/Logo-MOORIA-2.png\" sizes=\"auto, (max-width: 233px) 100vw, 233px\" srcset=\"https:\/\/dogpride.nl\/wp-content\/uploads\/Logo-MOORIA-2.png 233w, https:\/\/dogpride.nl\/wp-content\/uploads\/Logo-MOORIA-2-18x4.png 18w\" alt=\"Logo Mooria\" width=\"233\" height=\"53\" \/><\/a><\/p>\n<p><a href=\"https:\/\/dogpride.nl\/de\/hondenhalsbanden\/mooria-hondenhalsbanden\/\"><img loading=\"lazy\" decoding=\"async\" class=\"alignnone\" title=\"MOORIA Collar Stars on Green\" src=\"https:\/\/dogpride.nl\/wp-content\/uploads\/set1-stars-on-green-150x150.jpg\" alt=\"MOORIA Collar Stars on Green\" width=\"150\" height=\"150\" \/><\/a><\/p>","protected":false},"excerpt":{"rendered":"<p>De MOORIA Collar Stars on Green halsbanden en lijnen zijn gemaakt van functionele waterdichte stoffen. De basis is gemaakt van zwaar nylonweefsel dat bedekt is met bedrukte of monochrome softshell-stof.<\/p>","protected":false},"featured_media":118523,"template":"","meta":[],"product_brand":[],"product_cat":[696],"product_tag":[6942,3006,5238,3288,6228,5161,4739,7093,4429],"class_list":{"0":"post-118510","1":"product","2":"type-product","3":"status-publish","4":"has-post-thumbnail","6":"product_cat-mooria-hondenhalsbanden","7":"product_tag-collar","8":"product_tag-groen","9":"product_tag-halsband","10":"product_tag-honden","11":"product_tag-mooria","12":"product_tag-nylon","13":"product_tag-softshell","14":"product_tag-stars-on-green","15":"product_tag-sterren","17":"first","18":"instock","19":"taxable","20":"shipping-taxable","21":"purchasable","22":"product-type-variable"},"mb":[],"mfb_rest_fields":["title"],"_links":{"self":[{"href":"https:\/\/dogpride.nl\/de\/wp-json\/wp\/v2\/product\/118510","targetHints":{"allow":["GET"]}}],"collection":[{"href":"https:\/\/dogpride.nl\/de\/wp-json\/wp\/v2\/product"}],"about":[{"href":"https:\/\/dogpride.nl\/de\/wp-json\/wp\/v2\/types\/product"}],"wp:featuredmedia":[{"embeddable":true,"href":"https:\/\/dogpride.nl\/de\/wp-json\/wp\/v2\/media\/118523"}],"wp:attachment":[{"href":"https:\/\/dogpride.nl\/de\/wp-json\/wp\/v2\/media?parent=118510"}],"wp:term":[{"taxonomy":"product_brand","embeddable":true,"href":"https:\/\/dogpride.nl\/de\/wp-json\/wp\/v2\/product_brand?post=118510"},{"taxonomy":"product_cat","embeddable":true,"href":"https:\/\/dogpride.nl\/de\/wp-json\/wp\/v2\/product_cat?post=118510"},{"taxonomy":"product_tag","embeddable":true,"href":"https:\/\/dogpride.nl\/de\/wp-json\/wp\/v2\/product_tag?post=118510"}],"curies":[{"name":"wp","href":"https:\/\/api.w.org\/{rel}","templated":true}]}}