{"id":11847,"date":"2021-03-22T15:56:52","date_gmt":"2021-03-22T14:56:52","guid":{"rendered":"https:\/\/dogpride1.wpengine.com\/product\/arrak-outdoor-new-active-stretch-pants-men-black\/"},"modified":"2026-02-19T13:15:23","modified_gmt":"2026-02-19T12:15:23","slug":"new-active-stretch-pants-men-black-and-olive","status":"publish","type":"product","link":"https:\/\/dogpride.nl\/de\/new-active-stretch-pants-men-black-and-olive\/","title":{"rendered":"NEW Active Stretch Pants Men Black and Olive"},"content":{"rendered":"<h4>NEW Active Stretch Pants Men Black and Olive<\/h4>\n<p>NEW Active Stretch Pants Men Black and Olive zijn onze meest populaire broeken! Op de knie\u00ebn, knievouwen en aan de onderkant zijn 4-way stretch panelen wat de broek extreem flexibel maakt. Aan de onderkant is de broek verstevigd en voorzien van verstelbare beenuiteinden en een laarshaak, zodat hij perfect om de laars past. Op beide dijen zijn ventilatiegaten te openen met daarachter mesh voor perfecte ventilatie. De broek is voorzien van 5 zakken. Een aan de achterkant met ritssluiting, twee beenzakken en twee dijbeenzakken met ritssluiting.<\/p>\n<p>Die Hose eignet sich perfekt f\u00fcr alle Arten von Outdoor-Aktivit\u00e4ten.<\/p>\n<p><strong>Einzelheiten:<\/strong><\/p>\n<ul>\n<li>65% Polyester \/ 35% Baumwolle<\/li>\n<li>DWR-behandelt (wasserabweisend)<\/li>\n<li>4-Wege-Stretcheins\u00e4tze<\/li>\n<li>Offene Seitentaschen<\/li>\n<li>Oberschenkeltaschen<\/li>\n<li>Eine Ges\u00e4\u00dftasche<\/li>\n<li>7 G\u00fcrtelschlaufen<\/li>\n<li>Innen am Beinabschluss verst\u00e4rkt<\/li>\n<li>Verstellbarer Beinabschluss<\/li>\n<li>Stiefelhaken am Ende der Beine<\/li>\n<li>Bel\u00fcftungsrei\u00dfverschluss entlang der Oberschenkel<\/li>\n<\/ul>\n<p><strong>Gr\u00f6\u00dfentabelle:<\/strong><\/p>\n<p><img loading=\"lazy\" decoding=\"async\" class=\"alignnone wp-image-69331 size-full\" src=\"https:\/\/www.dogpride.nl\/wp-content\/uploads\/Maattabel-AO-New-pants-men-9.jpg\" alt=\"Maattabel\" width=\"644\" height=\"853\" srcset=\"https:\/\/dogpride.nl\/wp-content\/uploads\/Maattabel-AO-New-pants-men-9.jpg 644w, https:\/\/dogpride.nl\/wp-content\/uploads\/Maattabel-AO-New-pants-men-9-250x331.jpg 250w, https:\/\/dogpride.nl\/wp-content\/uploads\/Maattabel-AO-New-pants-men-9-400x530.jpg 400w, https:\/\/dogpride.nl\/wp-content\/uploads\/Maattabel-AO-New-pants-men-9-226x300.jpg 226w, https:\/\/dogpride.nl\/wp-content\/uploads\/Maattabel-AO-New-pants-men-9-200x265.jpg 200w, https:\/\/dogpride.nl\/wp-content\/uploads\/Maattabel-AO-New-pants-men-9-600x795.jpg 600w\" sizes=\"auto, (max-width: 644px) 100vw, 644px\" \/><\/p>\n<p><a href=\"https:\/\/arrakoutdoor.com\/\" target=\"_blank\" rel=\"noopener\"><img loading=\"lazy\" decoding=\"async\" class=\"alignnone wp-image-139301 size-medium\" src=\"https:\/\/dogpride.nl\/wp-content\/uploads\/Arrak-300x118.jpeg\" alt=\"Logo\" width=\"300\" height=\"118\" srcset=\"https:\/\/dogpride.nl\/wp-content\/uploads\/Arrak-300x118.jpeg 300w, https:\/\/dogpride.nl\/wp-content\/uploads\/Arrak-768x303.jpeg 768w, https:\/\/dogpride.nl\/wp-content\/uploads\/Arrak-18x7.jpeg 18w, https:\/\/dogpride.nl\/wp-content\/uploads\/Arrak-250x99.jpeg 250w, https:\/\/dogpride.nl\/wp-content\/uploads\/Arrak-400x158.jpeg 400w, https:\/\/dogpride.nl\/wp-content\/uploads\/Arrak.jpeg 916w\" sizes=\"auto, (max-width: 300px) 100vw, 300px\" \/><\/a><\/p>\n<p><a href=\"https:\/\/dogpride.nl\/de\/kleding\/broeken\/arrak-outdoor-broeken\/?product-page=3\"><img loading=\"lazy\" decoding=\"async\" class=\"alignnone\" title=\"NEW Active Stretch Pants Men Black and Olive\" src=\"https:\/\/dogpride.nl\/wp-content\/uploads\/new-active-stretch-pants-men-black-2-1-1-150x150.jpg\" alt=\"NEW Active Stretch Pants Men Black and Olive\" width=\"150\" height=\"150\" \/><\/a><\/p>","protected":false},"excerpt":{"rendered":"<p>Das sind unsere beliebtesten Hosen! An den Knien, Kniebeugen und am Ges\u00e4\u00df befinden sich 4-Wege-Stretcheins\u00e4tze, was die Hose \u00e4u\u00dferst flexibel macht.<\/p>","protected":false},"featured_media":45318,"template":"","meta":[],"product_brand":[],"product_cat":[24458],"product_tag":[],"class_list":{"0":"post-11847","1":"product","2":"type-product","3":"status-publish","4":"has-post-thumbnail","6":"product_cat-arrak-outdoor-heren-broeken","8":"first","9":"instock","10":"taxable","11":"shipping-taxable","12":"purchasable","13":"product-type-variable"},"mb":[],"mfb_rest_fields":["title"],"_links":{"self":[{"href":"https:\/\/dogpride.nl\/de\/wp-json\/wp\/v2\/product\/11847","targetHints":{"allow":["GET"]}}],"collection":[{"href":"https:\/\/dogpride.nl\/de\/wp-json\/wp\/v2\/product"}],"about":[{"href":"https:\/\/dogpride.nl\/de\/wp-json\/wp\/v2\/types\/product"}],"wp:featuredmedia":[{"embeddable":true,"href":"https:\/\/dogpride.nl\/de\/wp-json\/wp\/v2\/media\/45318"}],"wp:attachment":[{"href":"https:\/\/dogpride.nl\/de\/wp-json\/wp\/v2\/media?parent=11847"}],"wp:term":[{"taxonomy":"product_brand","embeddable":true,"href":"https:\/\/dogpride.nl\/de\/wp-json\/wp\/v2\/product_brand?post=11847"},{"taxonomy":"product_cat","embeddable":true,"href":"https:\/\/dogpride.nl\/de\/wp-json\/wp\/v2\/product_cat?post=11847"},{"taxonomy":"product_tag","embeddable":true,"href":"https:\/\/dogpride.nl\/de\/wp-json\/wp\/v2\/product_tag?post=11847"}],"curies":[{"name":"wp","href":"https:\/\/api.w.org\/{rel}","templated":true}]}}