{"id":11832,"date":"2021-03-22T14:31:46","date_gmt":"2021-03-22T13:31:46","guid":{"rendered":"https:\/\/dogpride1.wpengine.com\/product\/arrak-outdoor-new-active-stretch-pants-lady-gold-2\/"},"modified":"2025-11-04T14:47:16","modified_gmt":"2025-11-04T13:47:16","slug":"new-active-stretch-pants-lady-gold-2","status":"publish","type":"product","link":"https:\/\/dogpride.nl\/de\/new-active-stretch-pants-lady-gold-2\/","title":{"rendered":"NEUE Active Stretch Hose Lady Gold"},"content":{"rendered":"<h4>NEUE Active Stretch Hose Lady Gold<\/h4>\n<p>Arrak NEW Active Stretch Pants Lady Gold sind unsere beliebtesten Hosen! An den Knien, Kniebeugen und am Ges\u00e4\u00df befinden sich 4-Wege-Stretcheins\u00e4tze, was die Hose \u00e4u\u00dferst flexibel macht. Die Hose ist unten verst\u00e4rkt und mit verstellbaren Beinabschl\u00fcssen und einem Stiefelhaken ausgestattet, sodass sie perfekt um den Stiefel passt. An beiden Oberschenkeln k\u00f6nnen Bel\u00fcftungsl\u00f6cher mit dahinterliegendem Mesh f\u00fcr eine perfekte Bel\u00fcftung ge\u00f6ffnet werden. Die Hose hat 5 Taschen. Eine Ges\u00e4\u00dftasche mit Rei\u00dfverschluss, zwei Beintaschen und zwei Oberschenkeltaschen mit Rei\u00dfverschluss.<\/p>\n<p>Die Hose eignet sich perfekt f\u00fcr alle Arten von Outdoor-Aktivit\u00e4ten.<\/p>\n<p><strong>Einzelheiten:<\/strong><\/p>\n<ul>\n<li>65% Polyester \/ 35% Baumwolle<\/li>\n<li>DWR-behandelt (wasserabweisend)<\/li>\n<li>4-Wege-Stretcheins\u00e4tze<\/li>\n<li>Offene Seitentaschen<\/li>\n<li>Oberschenkeltaschen<\/li>\n<li>Eine Ges\u00e4\u00dftasche<\/li>\n<li>7 G\u00fcrtelschlaufen<\/li>\n<li>Innen am Beinabschluss verst\u00e4rkt<\/li>\n<li>Verstellbarer Beinabschluss<\/li>\n<li>Stiefelhaken am Ende der Beine<\/li>\n<li>Bel\u00fcftungsrei\u00dfverschluss entlang der Oberschenkel<\/li>\n<\/ul>\n<p><strong>Gr\u00f6\u00dfentabelle:<\/strong><\/p>\n<p><img loading=\"lazy\" decoding=\"async\" class=\"alignnone wp-image-69325 size-full\" src=\"https:\/\/www.dogpride.nl\/wp-content\/uploads\/Maattabel-AO-New-pants-lady-9.jpg\" alt=\"Maattabel\" width=\"639\" height=\"849\" srcset=\"https:\/\/dogpride.nl\/wp-content\/uploads\/Maattabel-AO-New-pants-lady-9.jpg 639w, https:\/\/dogpride.nl\/wp-content\/uploads\/Maattabel-AO-New-pants-lady-9-250x332.jpg 250w, https:\/\/dogpride.nl\/wp-content\/uploads\/Maattabel-AO-New-pants-lady-9-400x531.jpg 400w, https:\/\/dogpride.nl\/wp-content\/uploads\/Maattabel-AO-New-pants-lady-9-226x300.jpg 226w, https:\/\/dogpride.nl\/wp-content\/uploads\/Maattabel-AO-New-pants-lady-9-200x266.jpg 200w, https:\/\/dogpride.nl\/wp-content\/uploads\/Maattabel-AO-New-pants-lady-9-600x797.jpg 600w\" sizes=\"auto, (max-width: 639px) 100vw, 639px\" \/><\/p>\n<p><a href=\"https:\/\/arrakoutdoor.com\/\" target=\"_blank\" rel=\"noopener\"><img loading=\"lazy\" decoding=\"async\" class=\"alignnone wp-image-139301 size-medium\" src=\"https:\/\/dogpride.nl\/wp-content\/uploads\/Arrak-300x118.jpeg\" alt=\"Logo\" width=\"300\" height=\"118\" srcset=\"https:\/\/dogpride.nl\/wp-content\/uploads\/Arrak-300x118.jpeg 300w, https:\/\/dogpride.nl\/wp-content\/uploads\/Arrak-768x303.jpeg 768w, https:\/\/dogpride.nl\/wp-content\/uploads\/Arrak-18x7.jpeg 18w, https:\/\/dogpride.nl\/wp-content\/uploads\/Arrak-250x99.jpeg 250w, https:\/\/dogpride.nl\/wp-content\/uploads\/Arrak-400x158.jpeg 400w, https:\/\/dogpride.nl\/wp-content\/uploads\/Arrak.jpeg 916w\" sizes=\"auto, (max-width: 300px) 100vw, 300px\" \/><\/a><\/p>\n<p><a href=\"https:\/\/dogpride.nl\/de\/kleding\/broeken\/arrak-outdoor-broeken\/\"><img loading=\"lazy\" decoding=\"async\" class=\"alignnone\" title=\"NEUE Active Stretch Hose Lady Gold\" src=\"https:\/\/dogpride.nl\/wp-content\/uploads\/new-active-stretch-pants-lady-gold-2-1-150x150.jpg\" alt=\"NEW Active Stretch Pants Lady Gold\" width=\"150\" height=\"150\" \/><\/a><\/p>","protected":false},"excerpt":{"rendered":"<p>Das sind unsere beliebtesten Hosen von Arrak! An den Knien, Kniebeugen und am Ges\u00e4\u00df befinden sich 4-Wege-Stretcheins\u00e4tze, was die Hose \u00e4u\u00dferst flexibel macht.<\/p>","protected":false},"featured_media":45258,"template":"","meta":[],"product_brand":[],"product_cat":[3860],"product_tag":[],"class_list":{"0":"post-11832","1":"product","2":"type-product","3":"status-publish","4":"has-post-thumbnail","6":"product_cat-arrak-outdoor-dames-broeken","8":"first","9":"instock","10":"taxable","11":"shipping-taxable","12":"purchasable","13":"product-type-variable"},"mb":[],"mfb_rest_fields":["title"],"_links":{"self":[{"href":"https:\/\/dogpride.nl\/de\/wp-json\/wp\/v2\/product\/11832","targetHints":{"allow":["GET"]}}],"collection":[{"href":"https:\/\/dogpride.nl\/de\/wp-json\/wp\/v2\/product"}],"about":[{"href":"https:\/\/dogpride.nl\/de\/wp-json\/wp\/v2\/types\/product"}],"wp:featuredmedia":[{"embeddable":true,"href":"https:\/\/dogpride.nl\/de\/wp-json\/wp\/v2\/media\/45258"}],"wp:attachment":[{"href":"https:\/\/dogpride.nl\/de\/wp-json\/wp\/v2\/media?parent=11832"}],"wp:term":[{"taxonomy":"product_brand","embeddable":true,"href":"https:\/\/dogpride.nl\/de\/wp-json\/wp\/v2\/product_brand?post=11832"},{"taxonomy":"product_cat","embeddable":true,"href":"https:\/\/dogpride.nl\/de\/wp-json\/wp\/v2\/product_cat?post=11832"},{"taxonomy":"product_tag","embeddable":true,"href":"https:\/\/dogpride.nl\/de\/wp-json\/wp\/v2\/product_tag?post=11832"}],"curies":[{"name":"wp","href":"https:\/\/api.w.org\/{rel}","templated":true}]}}