{"id":11828,"date":"2021-03-19T15:51:02","date_gmt":"2021-03-19T14:51:02","guid":{"rendered":"https:\/\/dogpride1.wpengine.com\/product\/hst-overall-in-diverse-kleuren-unisex-2\/"},"modified":"2025-11-06T17:04:14","modified_gmt":"2025-11-06T16:04:14","slug":"hst-overall-in-diverse-kleuren-unisex-2","status":"publish","type":"product","link":"https:\/\/dogpride.nl\/de\/hst-overall-in-diverse-kleuren-unisex-2\/","title":{"rendered":"HST Overall in verschiedenen Farben Unisex"},"content":{"rendered":"<h4>HST Overall in verschiedenen Farben Unisex<\/h4>\n<p>HST Overall in verschiedenen Farben Unisex<\/p>\n<div>Zeer praktische overall, die het grootste deel van het jaar tijdens de training wordt gebruikt, maar vooral bij slecht weer, wanneer het de persoonlijke kleding van de handler perfect beschermt tegen vuil worden. De broek heeft ritssluitingen van de onderkant tot de knie\u00ebn, voor gemakkelijk aan- en uittrekken, zelfs bij schoenen aan de voeten. De overall heeft twee onderste en twee bovenste ritszakken. Het is licht versierd met afsnijdsels van optionele kleuren op de mouwen en zadels met het Hubble-logo<i><\/i><\/div>\n<ul>\n<li>Material: Kunststoff<\/li>\n<li>Farbe in Kombination mit Schwarz: Grau, Rot, Blau, Schwarz, Khakigr\u00fcn, Hellrosa, Hellblau, Hellgr\u00fcn, Orange<\/li>\n<li>Gr\u00f6\u00dfe: XS, S, M, L, XL, XXL<\/li>\n<li>Design: Unisex<\/li>\n<\/ul>\n<div>Geben Sie bei der Bestellung die gew\u00fcnschte Armfarbe (\u00c4rmel und S\u00e4ttel) und die gew\u00fcnschte Streifenfarbe (Paspule) an.<\/div>\n<div><strong><br \/>\nAllgemeine Information:<\/strong><br \/>\nFarbe: Grundschwarz + Grau, Rot, Blau, Schwarz, Dunkelgr\u00fcn, leuchtendes Rosa, leuchtendes Blau, leuchtendes Gr\u00fcn, leuchtendes Orange<br \/>\nGr\u00f6\u00dfe: XS, S, M, L, XL, XXL<br \/>\nTyp: UNISEX<\/div>\n<div><\/div>\n<div><a href=\"https:\/\/dogpride.nl\/de\/kleding\/broeken\/hst-broeken\/\"><img loading=\"lazy\" decoding=\"async\" class=\"alignnone\" title=\"HST Overall in verschiedenen Farben Unisex\" src=\"https:\/\/dogpride.nl\/wp-content\/uploads\/overalls-geisoleerd2-0-150x150.jpg\" alt=\"HST overall in diverse kleuren Unisex\" width=\"150\" height=\"150\" \/><\/a><\/div>\n<div><\/div>\n<div><a href=\"https:\/\/www.hst-eshop.cz\/\" target=\"_blank\" rel=\"noopener\"><img loading=\"lazy\" decoding=\"async\" class=\"alignnone wp-image-141846 size-medium\" src=\"https:\/\/dogpride.nl\/wp-content\/uploads\/Logo-HST-3-300x74.jpg\" alt=\"\" width=\"300\" height=\"74\" srcset=\"https:\/\/dogpride.nl\/wp-content\/uploads\/Logo-HST-3-300x74.jpg 300w, https:\/\/dogpride.nl\/wp-content\/uploads\/Logo-HST-3-1024x252.jpg 1024w, https:\/\/dogpride.nl\/wp-content\/uploads\/Logo-HST-3-768x189.jpg 768w, https:\/\/dogpride.nl\/wp-content\/uploads\/Logo-HST-3-1536x378.jpg 1536w, https:\/\/dogpride.nl\/wp-content\/uploads\/Logo-HST-3-2048x504.jpg 2048w, https:\/\/dogpride.nl\/wp-content\/uploads\/Logo-HST-3-18x4.jpg 18w, https:\/\/dogpride.nl\/wp-content\/uploads\/Logo-HST-3-250x62.jpg 250w, https:\/\/dogpride.nl\/wp-content\/uploads\/Logo-HST-3-400x98.jpg 400w\" sizes=\"auto, (max-width: 300px) 100vw, 300px\" \/><\/a><\/div>","protected":false},"excerpt":{"rendered":"<p>HST overall in diverse kleuren Unisex . Zeer praktische overall, die het grootste deel van het jaar tijdens de training wordt gebruikt. De broek heeft ritssluitingen van de onderkant tot de knie\u00ebn, voor gemakkelijk aan- en uittrekken, zelfs bij schoenen aan de voeten.<\/p>","protected":false},"featured_media":45245,"template":"","meta":[],"product_brand":[],"product_cat":[3863],"product_tag":[],"class_list":{"0":"post-11828","1":"product","2":"type-product","3":"status-publish","4":"has-post-thumbnail","6":"product_cat-hst-broeken","8":"first","9":"instock","10":"taxable","11":"shipping-taxable","12":"purchasable","13":"product-type-variable"},"mb":[],"mfb_rest_fields":["title"],"_links":{"self":[{"href":"https:\/\/dogpride.nl\/de\/wp-json\/wp\/v2\/product\/11828","targetHints":{"allow":["GET"]}}],"collection":[{"href":"https:\/\/dogpride.nl\/de\/wp-json\/wp\/v2\/product"}],"about":[{"href":"https:\/\/dogpride.nl\/de\/wp-json\/wp\/v2\/types\/product"}],"wp:featuredmedia":[{"embeddable":true,"href":"https:\/\/dogpride.nl\/de\/wp-json\/wp\/v2\/media\/45245"}],"wp:attachment":[{"href":"https:\/\/dogpride.nl\/de\/wp-json\/wp\/v2\/media?parent=11828"}],"wp:term":[{"taxonomy":"product_brand","embeddable":true,"href":"https:\/\/dogpride.nl\/de\/wp-json\/wp\/v2\/product_brand?post=11828"},{"taxonomy":"product_cat","embeddable":true,"href":"https:\/\/dogpride.nl\/de\/wp-json\/wp\/v2\/product_cat?post=11828"},{"taxonomy":"product_tag","embeddable":true,"href":"https:\/\/dogpride.nl\/de\/wp-json\/wp\/v2\/product_tag?post=11828"}],"curies":[{"name":"wp","href":"https:\/\/api.w.org\/{rel}","templated":true}]}}