{"id":11806,"date":"2021-03-18T16:43:28","date_gmt":"2021-03-18T15:43:28","guid":{"rendered":"https:\/\/dogpride1.wpengine.com\/product\/hst-trainingsvest-lady-trend-2\/"},"modified":"2025-11-10T11:46:56","modified_gmt":"2025-11-10T10:46:56","slug":"hst-trainingsvest-lady-trend-2","status":"publish","type":"product","link":"https:\/\/dogpride.nl\/de\/hst-trainingsvest-lady-trend-2\/","title":{"rendered":"HST Trainingsjacke LADY TREND"},"content":{"rendered":"<h4>HST Trainingsjacke LADY TREND<\/h4>\n<p>HST Trainingsjacke LADY TREND. Diese Weste ist in erster Linie f\u00fcr die Trainingszeit konzipiert.<br \/>\nEs ist vorne und hinten mit sogenannten franz\u00f6sischen Taschen ausgestattet, im unteren Teil zur einfachen Aufbewahrung und Entnahme von Zubeh\u00f6r f\u00fcr das Training.<br \/>\nIm vorderen Teil, in der Mitte, befinden sich zwei weitere klassische Trainingstaschen zur Belohnung des Hundes.<br \/>\nAn der Spitze steht unser einzigartiges Belohnungssystem. Bei normalem Tragen passt dieses System zur Weste und ist nahezu unsichtbar.<br \/>\nWenn Sie einen Hund belohnen m\u00fcssen, l\u00e4sst er sich in Sekundenschnelle in eine Form falten, in der die Belohnung versteckt ist. Das System \u00f6ffnet sich mit einem Ruck und die Belohnung f\u00e4llt spontan heraus.<br \/>\nDie Taille ist mit einem Anziehgummi ausgestattet.<\/p>\n<p>Die Weste ist mit neongr\u00fcnem Paspel verziert.<br \/>\nDas Material ist mechanisch sehr belastbarer Kunststoff mit Beschichtung.<br \/>\nMaterial: Synthetik + 100%-Baumwollfutter<br \/>\nDesign: Damen<br \/>\nFarbe Schwarz \/ Neongr\u00fcn<br \/>\nGr\u00f6\u00dfen: S, M, L, XL, XXL<\/p>\n<p><strong>Gr\u00f6\u00dfentabelle:<\/strong><\/p>\n<p><img loading=\"lazy\" decoding=\"async\" class=\"alignnone wp-image-115230 size-large\" src=\"https:\/\/dogpride.nl\/wp-content\/uploads\/vyrp13_372Tabulka-velikosti-vestya-LADYHOOT-725x1024.gif\" alt=\"Maattabel\" width=\"725\" height=\"1024\" srcset=\"https:\/\/dogpride.nl\/wp-content\/uploads\/vyrp13_372Tabulka-velikosti-vestya-LADYHOOT-725x1024.gif 725w, https:\/\/dogpride.nl\/wp-content\/uploads\/vyrp13_372Tabulka-velikosti-vestya-LADYHOOT-250x353.gif 250w, https:\/\/dogpride.nl\/wp-content\/uploads\/vyrp13_372Tabulka-velikosti-vestya-LADYHOOT-400x565.gif 400w, https:\/\/dogpride.nl\/wp-content\/uploads\/vyrp13_372Tabulka-velikosti-vestya-LADYHOOT-212x300.gif 212w, https:\/\/dogpride.nl\/wp-content\/uploads\/vyrp13_372Tabulka-velikosti-vestya-LADYHOOT-768x1085.gif 768w, https:\/\/dogpride.nl\/wp-content\/uploads\/vyrp13_372Tabulka-velikosti-vestya-LADYHOOT-1087x1536.gif 1087w, https:\/\/dogpride.nl\/wp-content\/uploads\/vyrp13_372Tabulka-velikosti-vestya-LADYHOOT-1449x2048.gif 1449w, https:\/\/dogpride.nl\/wp-content\/uploads\/vyrp13_372Tabulka-velikosti-vestya-LADYHOOT-8x12.gif 8w\" sizes=\"auto, (max-width: 725px) 100vw, 725px\" \/><\/p>\n<p><a href=\"https:\/\/www.hst-eshop.cz\/\" target=\"_blank\" rel=\"noopener\"><img loading=\"lazy\" decoding=\"async\" class=\"alignnone wp-image-141846 size-medium\" src=\"https:\/\/dogpride.nl\/wp-content\/uploads\/Logo-HST-3-300x74.jpg\" alt=\"\" width=\"300\" height=\"74\" srcset=\"https:\/\/dogpride.nl\/wp-content\/uploads\/Logo-HST-3-300x74.jpg 300w, https:\/\/dogpride.nl\/wp-content\/uploads\/Logo-HST-3-1024x252.jpg 1024w, https:\/\/dogpride.nl\/wp-content\/uploads\/Logo-HST-3-768x189.jpg 768w, https:\/\/dogpride.nl\/wp-content\/uploads\/Logo-HST-3-1536x378.jpg 1536w, https:\/\/dogpride.nl\/wp-content\/uploads\/Logo-HST-3-2048x504.jpg 2048w, https:\/\/dogpride.nl\/wp-content\/uploads\/Logo-HST-3-18x4.jpg 18w, https:\/\/dogpride.nl\/wp-content\/uploads\/Logo-HST-3-250x62.jpg 250w, https:\/\/dogpride.nl\/wp-content\/uploads\/Logo-HST-3-400x98.jpg 400w\" sizes=\"auto, (max-width: 300px) 100vw, 300px\" \/><\/a><\/p>\n<p>&nbsp;<\/p>\n<p><a href=\"https:\/\/dogpride.nl\/de\/kleding\/trainingsvesten\/hst-trainingsvesten\/\"><img loading=\"lazy\" decoding=\"async\" class=\"alignnone\" title=\"HST Trainingsjacke LADY TREND\" src=\"https:\/\/dogpride.nl\/wp-content\/uploads\/vesta-lady-trend-1-150x150.jpg\" alt=\"HST trainingsvest LADY TREND\" width=\"150\" height=\"150\" \/><\/a><\/p>","protected":false},"excerpt":{"rendered":"<p>Diese Weste ist vorne und hinten mit den sogenannten franz\u00f6sischen Taschen ausgestattet. Im vorderen Teil, in der Mitte, befinden sich zwei weitere klassische Trainingstaschen zur Belohnung des Hundes.<\/p>","protected":false},"featured_media":45194,"template":"","meta":[],"product_brand":[],"product_cat":[3873],"product_tag":[],"class_list":{"0":"post-11806","1":"product","2":"type-product","3":"status-publish","4":"has-post-thumbnail","6":"product_cat-hst-trainingsvesten","8":"first","9":"instock","10":"taxable","11":"shipping-taxable","12":"purchasable","13":"product-type-variable"},"mb":[],"mfb_rest_fields":["title"],"_links":{"self":[{"href":"https:\/\/dogpride.nl\/de\/wp-json\/wp\/v2\/product\/11806","targetHints":{"allow":["GET"]}}],"collection":[{"href":"https:\/\/dogpride.nl\/de\/wp-json\/wp\/v2\/product"}],"about":[{"href":"https:\/\/dogpride.nl\/de\/wp-json\/wp\/v2\/types\/product"}],"wp:featuredmedia":[{"embeddable":true,"href":"https:\/\/dogpride.nl\/de\/wp-json\/wp\/v2\/media\/45194"}],"wp:attachment":[{"href":"https:\/\/dogpride.nl\/de\/wp-json\/wp\/v2\/media?parent=11806"}],"wp:term":[{"taxonomy":"product_brand","embeddable":true,"href":"https:\/\/dogpride.nl\/de\/wp-json\/wp\/v2\/product_brand?post=11806"},{"taxonomy":"product_cat","embeddable":true,"href":"https:\/\/dogpride.nl\/de\/wp-json\/wp\/v2\/product_cat?post=11806"},{"taxonomy":"product_tag","embeddable":true,"href":"https:\/\/dogpride.nl\/de\/wp-json\/wp\/v2\/product_tag?post=11806"}],"curies":[{"name":"wp","href":"https:\/\/api.w.org\/{rel}","templated":true}]}}