{"id":11805,"date":"2021-03-18T16:37:05","date_gmt":"2021-03-18T15:37:05","guid":{"rendered":"https:\/\/dogpride1.wpengine.com\/product\/hst-trainingsvest-trend-4\/"},"modified":"2025-11-10T11:48:09","modified_gmt":"2025-11-10T10:48:09","slug":"hst-trainingsvest-trend-4","status":"publish","type":"product","link":"https:\/\/dogpride.nl\/de\/hst-trainingsvest-trend-4\/","title":{"rendered":"HST Trainingsweste TREND++"},"content":{"rendered":"<h4>HST Trainingsweste TREND++<\/h4>\n<p>HST Trainingsweste TREND++<\/p>\n<p>HST Trainingsweste TREND++. Diese Weste ist haupts\u00e4chlich f\u00fcr die Trainingszeit konzipiert.<br \/>\nZur einfachen Aufbewahrung und Entnahme von Trainingshilfen ist es vorne und hinten mit sogenannten French Pockets ausgestattet.<br \/>\nIm vorderen Teil in der Mitte befinden sich zwei weitere klassische Trainingstaschen zur Belohnung des Hundes.<br \/>\nGanz oben steht unser einzigartiges Belohnungssystem f\u00fcr Anrufe. Bei normalem Tragen passt dieses System zur Weste und ist nahezu unsichtbar.<br \/>\nWenn Sie einen Hund belohnen m\u00fcssen, falten wir ihn in wenigen Sekunden in eine Form, in der die Belohnung versteckt ist. Dann \u00f6ffnen wir das System mit einem Zug und die Belohnung f\u00e4llt von selbst heraus.<br \/>\nAn der Taille der Weste befindet sich ein Kordelzug.<br \/>\nF\u00fcr die Bel\u00fcftung bei warmem Wetter sorgt ein Netz am R\u00fccken und am Sattel.<br \/>\nDie Weste ist zwischen der Unterseite und dem Sattel mit wei\u00dfen Paspeln verziert.<br \/>\nDas Material ist ein mechanisch sehr widerstandsf\u00e4higer Kunststoff mit Beschichtung.<\/p>\n<div>Material: Kunststoff + Futter Baumwolle 100%<br \/>\nDesign: Unisex<br \/>\nDesignfarbe Schwarz: mit wei\u00dfem Rand<\/div>\n<div>\n<ul>\n<li>Gr\u00f6\u00dfe: S, M, L, XL, XXL<\/li>\n<\/ul>\n<\/div>\n<div><strong>Strickjacke \u2013 TREND++<\/strong><br \/>\nTyp: UNISEX<br \/>\nFarbe: Grundschwarz + Wei\u00df<br \/>\nGr\u00f6\u00dfe: S, M, L, XL, XXL<\/div>\n<div><\/div>\n<div><strong>Gr\u00f6\u00dfentabelle:<\/strong><\/div>\n<div><\/div>\n<div><img loading=\"lazy\" decoding=\"async\" class=\"alignnone wp-image-70082 size-large\" src=\"https:\/\/www.dogpride.nl\/wp-content\/uploads\/Maattabel-HST-vest-725x1024.gif\" alt=\"\" width=\"725\" height=\"1024\" srcset=\"https:\/\/dogpride.nl\/wp-content\/uploads\/Maattabel-HST-vest-725x1024.gif 725w, https:\/\/dogpride.nl\/wp-content\/uploads\/Maattabel-HST-vest-250x353.gif 250w, https:\/\/dogpride.nl\/wp-content\/uploads\/Maattabel-HST-vest-400x565.gif 400w, https:\/\/dogpride.nl\/wp-content\/uploads\/Maattabel-HST-vest-212x300.gif 212w, https:\/\/dogpride.nl\/wp-content\/uploads\/Maattabel-HST-vest-768x1085.gif 768w, https:\/\/dogpride.nl\/wp-content\/uploads\/Maattabel-HST-vest-1087x1536.gif 1087w, https:\/\/dogpride.nl\/wp-content\/uploads\/Maattabel-HST-vest-1449x2048.gif 1449w, https:\/\/dogpride.nl\/wp-content\/uploads\/Maattabel-HST-vest-200x283.gif 200w, https:\/\/dogpride.nl\/wp-content\/uploads\/Maattabel-HST-vest-600x848.gif 600w, https:\/\/dogpride.nl\/wp-content\/uploads\/Maattabel-HST-vest-800x1131.gif 800w, https:\/\/dogpride.nl\/wp-content\/uploads\/Maattabel-HST-vest-1200x1696.gif 1200w\" sizes=\"auto, (max-width: 725px) 100vw, 725px\" \/><\/div>\n<div><a href=\"https:\/\/www.hst-eshop.cz\/\" target=\"_blank\" rel=\"noopener\"><img loading=\"lazy\" decoding=\"async\" class=\"alignnone wp-image-141846 size-medium\" src=\"https:\/\/dogpride.nl\/wp-content\/uploads\/Logo-HST-3-300x74.jpg\" alt=\"\" width=\"300\" height=\"74\" srcset=\"https:\/\/dogpride.nl\/wp-content\/uploads\/Logo-HST-3-300x74.jpg 300w, https:\/\/dogpride.nl\/wp-content\/uploads\/Logo-HST-3-1024x252.jpg 1024w, https:\/\/dogpride.nl\/wp-content\/uploads\/Logo-HST-3-768x189.jpg 768w, https:\/\/dogpride.nl\/wp-content\/uploads\/Logo-HST-3-1536x378.jpg 1536w, https:\/\/dogpride.nl\/wp-content\/uploads\/Logo-HST-3-2048x504.jpg 2048w, https:\/\/dogpride.nl\/wp-content\/uploads\/Logo-HST-3-18x4.jpg 18w, https:\/\/dogpride.nl\/wp-content\/uploads\/Logo-HST-3-250x62.jpg 250w, https:\/\/dogpride.nl\/wp-content\/uploads\/Logo-HST-3-400x98.jpg 400w\" sizes=\"auto, (max-width: 300px) 100vw, 300px\" \/><\/a><\/div>\n<div><a href=\"https:\/\/dogpride.nl\/de\/kleding\/trainingsvesten\/hst-trainingsvesten\/\"><img loading=\"lazy\" decoding=\"async\" class=\"alignnone\" title=\"HST Trainingsweste TREND++\" src=\"https:\/\/dogpride.nl\/wp-content\/uploads\/vesta-trend-0-1-150x150.jpg\" alt=\"HST trainingsvest TREND ++\" width=\"150\" height=\"150\" \/><\/a><\/div>","protected":false},"excerpt":{"rendered":"<p>Zur einfachen Aufbewahrung und Entnahme von Trainingshilfen verf\u00fcgt diese Weste auf der Vorder- und R\u00fcckseite \u00fcber sogenannte French Pockets.<\/p>","protected":false},"featured_media":45192,"template":"","meta":[],"product_brand":[],"product_cat":[3873],"product_tag":[],"class_list":{"0":"post-11805","1":"product","2":"type-product","3":"status-publish","4":"has-post-thumbnail","6":"product_cat-hst-trainingsvesten","8":"first","9":"instock","10":"taxable","11":"shipping-taxable","12":"purchasable","13":"product-type-variable"},"mb":[],"mfb_rest_fields":["title"],"_links":{"self":[{"href":"https:\/\/dogpride.nl\/de\/wp-json\/wp\/v2\/product\/11805","targetHints":{"allow":["GET"]}}],"collection":[{"href":"https:\/\/dogpride.nl\/de\/wp-json\/wp\/v2\/product"}],"about":[{"href":"https:\/\/dogpride.nl\/de\/wp-json\/wp\/v2\/types\/product"}],"wp:featuredmedia":[{"embeddable":true,"href":"https:\/\/dogpride.nl\/de\/wp-json\/wp\/v2\/media\/45192"}],"wp:attachment":[{"href":"https:\/\/dogpride.nl\/de\/wp-json\/wp\/v2\/media?parent=11805"}],"wp:term":[{"taxonomy":"product_brand","embeddable":true,"href":"https:\/\/dogpride.nl\/de\/wp-json\/wp\/v2\/product_brand?post=11805"},{"taxonomy":"product_cat","embeddable":true,"href":"https:\/\/dogpride.nl\/de\/wp-json\/wp\/v2\/product_cat?post=11805"},{"taxonomy":"product_tag","embeddable":true,"href":"https:\/\/dogpride.nl\/de\/wp-json\/wp\/v2\/product_tag?post=11805"}],"curies":[{"name":"wp","href":"https:\/\/api.w.org\/{rel}","templated":true}]}}