{"id":11783,"date":"2021-03-02T16:48:27","date_gmt":"2021-03-02T15:48:27","guid":{"rendered":"https:\/\/dogpride1.wpengine.com\/product\/baak-dog-walker-hoge-winterschoenen-rocky\/"},"modified":"2025-11-17T15:28:26","modified_gmt":"2025-11-17T14:28:26","slug":"baak-dog-walker-hoge-winterschoenen-rocky","status":"publish","type":"product","link":"https:\/\/dogpride.nl\/de\/baak-dog-walker-hoge-winterschoenen-rocky\/","title":{"rendered":"BAAK Dog Walker\u00ae hohe Winterstiefel ROCKY"},"content":{"rendered":"<h4>BAAK Dog Walker\u00ae hohe Winterstiefel ROCKY<\/h4>\n<p>BAAK Dog Walker\u00ae hohe Winterstiefel ROCKY<\/p>\n<p>Dieser gepolsterte Dogwalker-Schuh ist ein idealer Schuh f\u00fcr den Hundesport im Winter. Ideal f\u00fcr rutschfesten Halt auf der Weide, insbesondere beim Agility, aber auch f\u00fcr Lockv\u00f6gel und Hundef\u00fchrer.<\/p>\n<p>Hundebesitzer wissen, wie wichtig gutes Schuhwerk beim Spazierengehen, beim Spaziergang in der Natur und beim Hundesport ist.<br \/>\nGriffigkeit durch Sohlen mit Anti-Rutsch-Profil, gute Passform, optimale D\u00e4mpfung und maximaler Tragekomfort zeichnen die Dog Walker\u00ae-Schuhe aus. BAAK Dog Walker\u00ae \u2013 robuste Schuhe f\u00fcr alle, die ihren Spaziergang gerne intensivieren.<\/p>\n<p>Der Multifunktionsschuh zum Gassigehen mit dem Hund. Mit einem Schaft aus pflegeleichtem, hochwertigem Nubukleder. 100% wasserdicht, winddicht und atmungsaktiv durch die original Sympatex\u00ae-Membran.<br \/>\nDeze heerlijk warme BAAK Dog Walker\u00ae hoge winterschoenen ROCKY zorgen dankzij de speciaal ontwikkelde trekking-loopzool van slijtvast rubber voor een veilig gevoel, ook op een moeilijkere ondergrond.<br \/>\nDie vollfl\u00e4chige Polsterung und das anatomisch geformte Klimafu\u00dfbett machen diese Schuhe sehr bequem. Die Gelenke und die Wirbels\u00e4ule werden geschont. Auch f\u00fcr lange Strecken sind die Rocky-Schuhe ideal.<\/p>\n<ul>\n<li>Gr\u00f6\u00dfen: 36-47<\/li>\n<\/ul>\n<h5>Produktbeschreibung<\/h5>\n<p>BAAK Dog Walker\u00ae hohe Winterschuhe ROCKY PU \/ Vibram<\/p>\n<ul>\n<li>Bequeme Winterstiefel, warm gef\u00fctterte DogWalker Winterstiefel.<\/li>\n<li>Hoher Schaft aus hochwertigem, hydrophobiertem und pflegeleichtem Fettleder f\u00fcr extremen Schutz vor N\u00e4sse und K\u00e4lte.<\/li>\n<li>100% wasserdicht, winddicht und atmungsaktiv dank Sympatex-Membran.<\/li>\n<li>Schutz vor K\u00e4lte durch Vollfutter mit weich gewebtem Lammfutter.<\/li>\n<li>Gute K\u00e4lteisolation am Boden durch PU-Zwischensohle und warme Filzdecksohle.<\/li>\n<li>Speziell entwickelte Trekkingsohle aus verschlei\u00dffestem Vibram-Gummi f\u00fcr hohe Rutschfestigkeit und festen Halt bei jedem Wetter, in jedem Gel\u00e4nde.<\/li>\n<li>Vollfl\u00e4chige D\u00e4mpfung durch luftgesch\u00e4umte Zwischensohle zur Entlastung von Gelenken und Wirbels\u00e4ule.<\/li>\n<li>Angenehmes Gehen und Entlastung der Achillessehne durch gepolsterte Fersenbeuge.<\/li>\n<li>Leichtg\u00e4ngige Schn\u00fcrsenkelschlaufen f\u00fcr einfaches Schn\u00fcren kombiniert mit Haken f\u00fcr perfekten Sitz und Stabilisierung des Kn\u00f6chels.<\/li>\n<li>Extrem leicht.<\/li>\n<\/ul>\n<p><strong>Wir weisen darauf hin, dass bei der R\u00fccksendung der Schuhe 20% Bearbeitungs- und Lagerkosten abgezogen werden.<\/strong><\/p>\n<p><a href=\"https:\/\/dogpride.nl\/de\/kleding\/schoenen-laarzen\/baak-dog-walker-schoenen\/\"><img loading=\"lazy\" decoding=\"async\" class=\"alignnone\" title=\"BAAK Dog Walker\u00ae hohe Winterstiefel ROCKY\" src=\"https:\/\/dogpride.nl\/wp-content\/uploads\/BAAK-Dog-Walker%C2%AE-hoge-winterschoenen-ROCKY-2-150x150.webp\" alt=\"BAAK Dog Walker\u00ae hoge winterschoenen ROCKY\" width=\"150\" height=\"150\" \/><\/a><\/p>\n<p><a href=\"https:\/\/baak.de\/\" target=\"_blank\" rel=\"noopener\"><img loading=\"lazy\" decoding=\"async\" class=\"alignnone wp-image-70452 size-medium\" src=\"https:\/\/dogpride.nl\/wp-content\/uploads\/logo-1-300x81.png\" alt=\"\" width=\"300\" height=\"81\" srcset=\"https:\/\/dogpride.nl\/wp-content\/uploads\/logo-1-300x81.png 300w, https:\/\/dogpride.nl\/wp-content\/uploads\/logo-1-250x68.png 250w, https:\/\/dogpride.nl\/wp-content\/uploads\/logo-1-400x108.png 400w, https:\/\/dogpride.nl\/wp-content\/uploads\/logo-1-200x54.png 200w, https:\/\/dogpride.nl\/wp-content\/uploads\/logo-1.png 500w\" sizes=\"auto, (max-width: 300px) 100vw, 300px\" \/><\/a><\/p>","protected":false},"excerpt":{"rendered":"<p>BAAK Dog Walker\u00ae hohe Winterstiefel ROCKY. Dieser gepolsterte Dogwalker-Schuh ist ein idealer Schuh f\u00fcr den Hundesport im Winter.<\/p>","protected":false},"featured_media":136325,"template":"","meta":[],"product_brand":[],"product_cat":[3937],"product_tag":[],"class_list":{"0":"post-11783","1":"product","2":"type-product","3":"status-publish","4":"has-post-thumbnail","6":"product_cat-baak-dog-walker-schoenen","8":"first","9":"instock","10":"taxable","11":"shipping-taxable","12":"purchasable","13":"product-type-variable"},"mb":[],"mfb_rest_fields":["title"],"_links":{"self":[{"href":"https:\/\/dogpride.nl\/de\/wp-json\/wp\/v2\/product\/11783","targetHints":{"allow":["GET"]}}],"collection":[{"href":"https:\/\/dogpride.nl\/de\/wp-json\/wp\/v2\/product"}],"about":[{"href":"https:\/\/dogpride.nl\/de\/wp-json\/wp\/v2\/types\/product"}],"wp:featuredmedia":[{"embeddable":true,"href":"https:\/\/dogpride.nl\/de\/wp-json\/wp\/v2\/media\/136325"}],"wp:attachment":[{"href":"https:\/\/dogpride.nl\/de\/wp-json\/wp\/v2\/media?parent=11783"}],"wp:term":[{"taxonomy":"product_brand","embeddable":true,"href":"https:\/\/dogpride.nl\/de\/wp-json\/wp\/v2\/product_brand?post=11783"},{"taxonomy":"product_cat","embeddable":true,"href":"https:\/\/dogpride.nl\/de\/wp-json\/wp\/v2\/product_cat?post=11783"},{"taxonomy":"product_tag","embeddable":true,"href":"https:\/\/dogpride.nl\/de\/wp-json\/wp\/v2\/product_tag?post=11783"}],"curies":[{"name":"wp","href":"https:\/\/api.w.org\/{rel}","templated":true}]}}