{"id":11781,"date":"2021-03-02T16:35:47","date_gmt":"2021-03-02T15:35:47","guid":{"rendered":"https:\/\/dogpride1.wpengine.com\/product\/baak-dog-walker-half-hoge-schoenen-lines\/"},"modified":"2025-11-17T15:28:44","modified_gmt":"2025-11-17T14:28:44","slug":"baak-dog-walker-half-hoge-schoenen-lines","status":"publish","type":"product","link":"https:\/\/dogpride.nl\/de\/baak-dog-walker-half-hoge-schoenen-lines\/","title":{"rendered":"BAAK Dog Walker Half hoge schoenen LINES"},"content":{"rendered":"<h4>BAAK Dog Walker Half hoge schoenen LINES<\/h4>\n<p>BAAK Dog Walker Half hoge schoenen LINES<\/p>\n<p>Dieser Dogwalker-Schuh ist ein idealer Schuh f\u00fcr den Hundesport. Ideal f\u00fcr rutschfesten Halt auf der Weide, insbesondere beim Agility, aber auch f\u00fcr Lockv\u00f6gel und Hundef\u00fchrer.<\/p>\n<p>Hundebesitzer wissen, wie wichtig gutes Schuhwerk beim Spazierengehen, beim Spaziergang in der Natur und beim Hundesport ist.<br \/>\nGrip door zolen met antislip-profiel, een goede pasvorm, optimale demping en een maximum aan draagcomfort zijn kenmerken van BAAK Dog Walker Half hoge schoenen LINES<br \/>\nBAAK Dog Walker\u00ae \u2013 robuste Schuhe f\u00fcr alle, die ihren Spaziergang gerne intensivieren.<\/p>\n<p>Der Multifunktionsschuh zum Gassigehen mit dem Hund. Mit einem Schaft aus pflegeleichtem, hochwertigem Nubukleder. 100% wasserdicht, winddicht und atmungsaktiv durch die original Sympatex\u00ae-Membran.<br \/>\nDank der speziell entwickelten Trekking-Laufsohle aus verschlei\u00dffestem Gummi vermitteln diese wunderbar warmen Schuhe auch auf schwierigeren Untergr\u00fcnden ein sicheres Gef\u00fchl.<br \/>\nDie vollfl\u00e4chige Polsterung und das anatomisch geformte Klimafu\u00dfbett machen diese Schuhe sehr bequem. Die Gelenke und die Wirbels\u00e4ule werden geschont. Auch f\u00fcr lange Strecken sind die Lines-Schuhe ideal.<\/p>\n<h5>Gr\u00f6\u00dfen: 36-47<\/h5>\n<p>Produktinformationen \u201eBaak 1027 Lines DogWalker\u00ae Glattleder<br \/>\nBAAK Dog Walker\u00ae Halbhohe Schuhe LINES PU \/ Vibram<\/p>\n<ul>\n<li>Robuste, pflegeleichte DogWalker\u00ae-Stiefel<\/li>\n<li>Schaft und Zunge aus weichem, hochwertigem, hydrophobiertem und pflegeleichtem Fettleder<\/li>\n<li>100% wasserdicht winddicht und atmungsaktiv dank Sympatexmembrane\u00ae<\/li>\n<li>speziell entwickelte, selbstreinigende Trekkingsohle aus verschlei\u00dffestem Vibram-Gummi mit griffigem, rutschfestem Sohlenprofil<\/li>\n<li>St\u00fctzsystem zur besonderen Stabilisierung des Kn\u00f6chels und der Ferse und Entlastung der Achillessehne<\/li>\n<li>Vollfl\u00e4chige D\u00e4mpfung durch luftgesch\u00e4umte PU-Zwischensohle zur Entlastung von Gelenken und Wirbels\u00e4ule<\/li>\n<li>Anatomisch geformtes Klimafu\u00dfbett<\/li>\n<li>Licht<\/li>\n<\/ul>\n<p><strong>Wir weisen darauf hin, dass bei der R\u00fccksendung der Schuhe 20% Bearbeitungs- und Lagerkosten abgezogen werden.<\/strong><\/p>\n<p><a href=\"https:\/\/baak.de\/\" target=\"_blank\" rel=\"noopener\"><img loading=\"lazy\" decoding=\"async\" class=\"alignnone wp-image-70452 size-medium\" src=\"https:\/\/dogpride.nl\/wp-content\/uploads\/logo-1-300x81.png\" alt=\"\" width=\"300\" height=\"81\" srcset=\"https:\/\/dogpride.nl\/wp-content\/uploads\/logo-1-300x81.png 300w, https:\/\/dogpride.nl\/wp-content\/uploads\/logo-1-250x68.png 250w, https:\/\/dogpride.nl\/wp-content\/uploads\/logo-1-400x108.png 400w, https:\/\/dogpride.nl\/wp-content\/uploads\/logo-1-200x54.png 200w, https:\/\/dogpride.nl\/wp-content\/uploads\/logo-1.png 500w\" sizes=\"auto, (max-width: 300px) 100vw, 300px\" \/><\/a><\/p>\n<p><a href=\"https:\/\/dogpride.nl\/de\/kleding\/schoenen-laarzen\/baak-dog-walker\/\"><img loading=\"lazy\" decoding=\"async\" class=\"alignnone\" title=\"BAAK Dog Walker Half hoge schoenen LINES\" src=\"https:\/\/dogpride.nl\/wp-content\/uploads\/Lines1-150x150.jpg\" alt=\"BAAK Dog Walker Half hoge schoenen LINES\" width=\"150\" height=\"150\" \/><\/a><a href=\"https:\/\/baak.de\/\" target=\"_blank\" rel=\"noopener\"><img loading=\"lazy\" decoding=\"async\" class=\"alignnone\" src=\"https:\/\/dogpride.nl\/wp-content\/uploads\/Lines2-150x150.jpg\" alt=\"\" width=\"150\" height=\"150\" \/><\/a><\/p>","protected":false},"excerpt":{"rendered":"<p>Dieser Dogwalker-Schuh ist ein idealer Schuh f\u00fcr den Hundesport. Ideal f\u00fcr rutschfesten Halt auf der Weide, insbesondere beim Agility, aber auch f\u00fcr Lockv\u00f6gel und Hundef\u00fchrer.<\/p>","protected":false},"featured_media":138055,"template":"","meta":[],"product_brand":[],"product_cat":[3937],"product_tag":[],"class_list":{"0":"post-11781","1":"product","2":"type-product","3":"status-publish","4":"has-post-thumbnail","6":"product_cat-baak-dog-walker-schoenen","8":"first","9":"instock","10":"taxable","11":"shipping-taxable","12":"purchasable","13":"product-type-variable"},"mb":[],"mfb_rest_fields":["title"],"_links":{"self":[{"href":"https:\/\/dogpride.nl\/de\/wp-json\/wp\/v2\/product\/11781","targetHints":{"allow":["GET"]}}],"collection":[{"href":"https:\/\/dogpride.nl\/de\/wp-json\/wp\/v2\/product"}],"about":[{"href":"https:\/\/dogpride.nl\/de\/wp-json\/wp\/v2\/types\/product"}],"wp:featuredmedia":[{"embeddable":true,"href":"https:\/\/dogpride.nl\/de\/wp-json\/wp\/v2\/media\/138055"}],"wp:attachment":[{"href":"https:\/\/dogpride.nl\/de\/wp-json\/wp\/v2\/media?parent=11781"}],"wp:term":[{"taxonomy":"product_brand","embeddable":true,"href":"https:\/\/dogpride.nl\/de\/wp-json\/wp\/v2\/product_brand?post=11781"},{"taxonomy":"product_cat","embeddable":true,"href":"https:\/\/dogpride.nl\/de\/wp-json\/wp\/v2\/product_cat?post=11781"},{"taxonomy":"product_tag","embeddable":true,"href":"https:\/\/dogpride.nl\/de\/wp-json\/wp\/v2\/product_tag?post=11781"}],"curies":[{"name":"wp","href":"https:\/\/api.w.org\/{rel}","templated":true}]}}