{"id":11780,"date":"2021-03-02T16:26:54","date_gmt":"2021-03-02T15:26:54","guid":{"rendered":"https:\/\/dogpride1.wpengine.com\/product\/baak-dog-walker-half-hoge-schoenen-lucky-2\/"},"modified":"2025-11-17T15:28:59","modified_gmt":"2025-11-17T14:28:59","slug":"baak-dog-walker-half-hoge-schoenen-lucky-2","status":"publish","type":"product","link":"https:\/\/dogpride.nl\/de\/baak-dog-walker-half-hoge-schoenen-lucky-2\/","title":{"rendered":"BAAK Dog Walker Half hoge schoenen LUCKY"},"content":{"rendered":"<h4>BAAK Dog Walker Half hoge schoenen LUCKY<\/h4>\n<p>BAAK Dog Walker Half hoge schoenen LUCKY<\/p>\n<p>Dieser Dogwalker-Schuh ist ein idealer Schuh f\u00fcr den Hundesport. Ideal f\u00fcr rutschfesten Halt auf der Weide, insbesondere beim Agility, aber auch f\u00fcr Lockv\u00f6gel und Hundef\u00fchrer.<\/p>\n<p>Hundebesitzer wissen, wie wichtig gutes Schuhwerk beim Spazierengehen, beim Spaziergang in der Natur und beim Hundesport ist.<br \/>\nGriffigkeit durch Sohlen mit Anti-Rutsch-Profil, gute Passform, optimale D\u00e4mpfung und maximaler Tragekomfort zeichnen die Dog Walker\u00ae-Schuhe aus.<br \/>\nBAAK Dog Walker Half hoge schoenen LUCKY &#8211; robuuste schoenen voor iedereen die het uitlaatrondje graag intensiever maakt.<\/p>\n<p>Der Multifunktionsschuh zum Gassigehen mit dem Hund. Mit einem Schaft aus pflegeleichtem, hochwertigem Nubukleder. 100% wasserdicht, winddicht und atmungsaktiv durch die original Sympatex\u00ae-Membran.<br \/>\nDank der speziell entwickelten Trekking-Laufsohle aus verschlei\u00dffestem Gummi vermitteln diese wunderbar warmen Schuhe auch auf schwierigeren Untergr\u00fcnden ein sicheres Gef\u00fchl.<br \/>\nDie vollfl\u00e4chige Polsterung und das anatomisch geformte Klimafu\u00dfbett machen diese Schuhe sehr bequem.<br \/>\nDie Gelenke und die Wirbels\u00e4ule werden geschont. Auch f\u00fcr lange Strecken sind die Lucky-Schuhe ideal.<\/p>\n<h5>Gr\u00f6\u00dfen: 36-47<\/h5>\n<p>Produktinformationen &quot;Baak 1021 Lucky DogWalker\u00ae Boot&quot;<br \/>\nBAAK Dog Walker\u00ae Mittelstiefel LUCKY PU\/Nitril<\/p>\n<ul>\n<li>Leichter, bequemer DogWalker\u00ae-Stiefel<\/li>\n<li>Schaft aus hochwertigem, pflegeleichtem Nubukleder<\/li>\n<li>Weich gepolsterter Schaftabschluss<\/li>\n<li>Geschlossene, gef\u00fctterte Krempe aus Cordura\u00ae<\/li>\n<li>100 % wasserdicht, winddicht und atmungsaktiv dank Sympatex-Membran\u00ae<\/li>\n<li>Speziell entwickelte, selbstreinigende Trekkingsohle aus verschlei\u00dffestem Gummi mit griffigem, rutschfestem Sohlenprofil<\/li>\n<li>Vollfl\u00e4chige D\u00e4mpfung durch luftgesch\u00e4umte PU-Zwischensohle zur Entlastung von Gelenken und Wirbels\u00e4ule<\/li>\n<li>Spezielle Konstruktion zur Stabilisierung von Kn\u00f6chel und Ferse und Entlastung der Achillessehne<\/li>\n<li>Anatomisch geformtes Klimafu\u00dfbett<\/li>\n<li>Licht<\/li>\n<\/ul>\n<p><strong>Wir weisen darauf hin, dass bei der R\u00fccksendung der Schuhe 20% Bearbeitungs- und Lagerkosten abgezogen werden.<\/strong><\/p>\n<p><a href=\"https:\/\/baak.de\/\" target=\"_blank\" rel=\"noopener\"><img loading=\"lazy\" decoding=\"async\" class=\"alignnone wp-image-70452 size-medium\" src=\"https:\/\/dogpride.nl\/wp-content\/uploads\/logo-1-300x81.png\" alt=\"\" width=\"300\" height=\"81\" srcset=\"https:\/\/dogpride.nl\/wp-content\/uploads\/logo-1-300x81.png 300w, https:\/\/dogpride.nl\/wp-content\/uploads\/logo-1-250x68.png 250w, https:\/\/dogpride.nl\/wp-content\/uploads\/logo-1-400x108.png 400w, https:\/\/dogpride.nl\/wp-content\/uploads\/logo-1-200x54.png 200w, https:\/\/dogpride.nl\/wp-content\/uploads\/logo-1.png 500w\" sizes=\"auto, (max-width: 300px) 100vw, 300px\" \/><\/a><\/p>\n<p><a href=\"https:\/\/dogpride.nl\/de\/kleding\/schoenen-laarzen\/baak-dog-walker\/\"><img loading=\"lazy\" decoding=\"async\" class=\"alignnone\" title=\"BAAK Dog Walker Half hoge schoenen LUCKY\" src=\"https:\/\/dogpride.nl\/wp-content\/uploads\/BAAK-Dog-Walker%C2%AE-Half-hoge-schoenen-LUCKY-1-150x150.webp\" alt=\"BAAK Dog Walker Half hoge schoenen LUCKY\" width=\"150\" height=\"150\" \/><\/a><a href=\"https:\/\/baak.de\/\" target=\"_blank\" rel=\"noopener\"><img loading=\"lazy\" decoding=\"async\" class=\"alignnone\" title=\"BAAK Dog Walker Half hoge schoenen LUCKY\" src=\"https:\/\/dogpride.nl\/wp-content\/uploads\/BAAK-Dog-Walker%C2%AE-Half-hoge-schoenen-LUCKY-1-150x150.webp\" alt=\"BAAK Dog Walker Half hoge schoenen LUCKY\" width=\"150\" height=\"150\" \/><\/a><\/p>\n<p>&nbsp;<\/p>","protected":false},"excerpt":{"rendered":"<p>Dieser Dogwalker-Schuh ist ein idealer Schuh f\u00fcr den Hundesport. Ideal f\u00fcr rutschfesten Halt auf der Weide, insbesondere beim Agility, aber auch f\u00fcr Lockv\u00f6gel und Hundef\u00fchrer.<\/p>","protected":false},"featured_media":136323,"template":"","meta":[],"product_brand":[],"product_cat":[3937],"product_tag":[],"class_list":{"0":"post-11780","1":"product","2":"type-product","3":"status-publish","4":"has-post-thumbnail","6":"product_cat-baak-dog-walker-schoenen","8":"first","9":"instock","10":"taxable","11":"shipping-taxable","12":"purchasable","13":"product-type-variable"},"mb":[],"mfb_rest_fields":["title"],"_links":{"self":[{"href":"https:\/\/dogpride.nl\/de\/wp-json\/wp\/v2\/product\/11780","targetHints":{"allow":["GET"]}}],"collection":[{"href":"https:\/\/dogpride.nl\/de\/wp-json\/wp\/v2\/product"}],"about":[{"href":"https:\/\/dogpride.nl\/de\/wp-json\/wp\/v2\/types\/product"}],"wp:featuredmedia":[{"embeddable":true,"href":"https:\/\/dogpride.nl\/de\/wp-json\/wp\/v2\/media\/136323"}],"wp:attachment":[{"href":"https:\/\/dogpride.nl\/de\/wp-json\/wp\/v2\/media?parent=11780"}],"wp:term":[{"taxonomy":"product_brand","embeddable":true,"href":"https:\/\/dogpride.nl\/de\/wp-json\/wp\/v2\/product_brand?post=11780"},{"taxonomy":"product_cat","embeddable":true,"href":"https:\/\/dogpride.nl\/de\/wp-json\/wp\/v2\/product_cat?post=11780"},{"taxonomy":"product_tag","embeddable":true,"href":"https:\/\/dogpride.nl\/de\/wp-json\/wp\/v2\/product_tag?post=11780"}],"curies":[{"name":"wp","href":"https:\/\/api.w.org\/{rel}","templated":true}]}}