{"id":11779,"date":"2021-03-02T15:46:02","date_gmt":"2021-03-02T14:46:02","guid":{"rendered":"https:\/\/dogpride1.wpengine.com\/product\/baak-dog-walker-schoenen-boomer-2\/"},"modified":"2025-11-17T15:29:25","modified_gmt":"2025-11-17T14:29:25","slug":"baak-dog-walker-schoenen-boomer-2","status":"publish","type":"product","link":"https:\/\/dogpride.nl\/de\/baak-dog-walker-schoenen-boomer-2\/","title":{"rendered":"BAAK Dog Walker\u00ae Schuhe BOOMER"},"content":{"rendered":"<h4>BAAK Dog Walker\u00ae Schuhe BOOMER<\/h4>\n<p>BAAK Dog Walker\u00ae Schuhe BOOMER<\/p>\n<p>Ungesichert. Geeignet f\u00fcr viele Geh- und Steharbeiten, PU\/Vibram-Gummilaufsohle hitzebest\u00e4ndig 300C + Abriebnase, Schaft: Vollnarben-Nubukleder mit Membran-Innenfutter,<br \/>\nKomfort: anatomisch geformtes Fu\u00dfbett, gepolsterter Schaft und Wasserzunge, geringe W\u00e4rme- und K\u00e4lte\u00fcbertragung.<\/p>\n<p>Hundebesitzer wissen, wie wichtig gutes Schuhwerk beim Spazierengehen, beim Spaziergang in der Natur und beim Hundesport ist.<br \/>\nGriffigkeit durch Sohlen mit Anti-Rutsch-Profil, gute Passform, optimale D\u00e4mpfung und maximaler Tragekomfort zeichnen die Dog Walker\u00ae-Schuhe aus.<br \/>\nBAAK Dog Walker\u00ae \u2013 robuste Schuhe f\u00fcr alle, die ihren Spaziergang gerne intensivieren.<\/p>\n<p>Der Multifunktionsschuh zum Gassigehen mit dem Hund. Mit einem Schaft aus pflegeleichtem, hochwertigem Nubukleder. 100% wasserdicht, winddicht und atmungsaktiv durch die original Sympatex\u00ae-Membran.<br \/>\nDeze heerlijk warme BAAK Dog Walker\u00ae schoenen BOOMER zorgen dankzij de speciaal ontwikkelde trekking-loopzool van slijtvast rubber voor een veilig gevoel, ook op een moeilijkere ondergrond.<br \/>\nDie vollfl\u00e4chige Polsterung und das anatomisch geformte Klimafu\u00dfbett machen diese Schuhe sehr bequem. Die Gelenke und die Wirbels\u00e4ule werden geschont. Auch f\u00fcr lange Strecken sind die Boomer-Schuhe ideal.<\/p>\n<ul>\n<li>Gr\u00f6\u00dfen: 36-47<\/li>\n<\/ul>\n<p><strong>Wir weisen darauf hin, dass bei der R\u00fccksendung der Schuhe 20% Bearbeitungs- und Lagerkosten abgezogen werden.<\/strong><\/p>\n<p><a href=\"https:\/\/baak.de\/\" target=\"_blank\" rel=\"noopener\"><img loading=\"lazy\" decoding=\"async\" class=\"alignnone wp-image-70452 size-medium\" src=\"https:\/\/dogpride.nl\/wp-content\/uploads\/logo-1-300x81.png\" alt=\"\" width=\"300\" height=\"81\" srcset=\"https:\/\/dogpride.nl\/wp-content\/uploads\/logo-1-300x81.png 300w, https:\/\/dogpride.nl\/wp-content\/uploads\/logo-1-250x68.png 250w, https:\/\/dogpride.nl\/wp-content\/uploads\/logo-1-400x108.png 400w, https:\/\/dogpride.nl\/wp-content\/uploads\/logo-1-200x54.png 200w, https:\/\/dogpride.nl\/wp-content\/uploads\/logo-1.png 500w\" sizes=\"auto, (max-width: 300px) 100vw, 300px\" \/><\/a><\/p>\n<p><a href=\"https:\/\/dogpride.nl\/de\/kleding\/schoenen-laarzen\/baak-dog-walker-schoenen\/\"><img loading=\"lazy\" decoding=\"async\" class=\"alignnone\" title=\"BAAK Dog Walker\u00ae Schuhe BOOMER\" src=\"https:\/\/dogpride.nl\/wp-content\/uploads\/BAAK-Dog-Walker%C2%AE-schoenen-BOOMER-1-150x150.webp\" alt=\"BAAK Dog Walker\u00ae schoenen BOOMER\" width=\"150\" height=\"150\" \/><\/a><\/p>","protected":false},"excerpt":{"rendered":"<p>Hundebesitzer wissen, wie wichtig gutes Schuhwerk beim Spazierengehen, beim Spaziergang in der Natur und beim Hundesport ist. Griffigkeit durch Sohlen mit Anti-Rutsch-Profil, gute Passform, optimale D\u00e4mpfung und maximaler Tragekomfort zeichnen Dog Walker\u00ae-Schuhe aus<\/p>","protected":false},"featured_media":22570,"template":"","meta":[],"product_brand":[],"product_cat":[3937],"product_tag":[],"class_list":{"0":"post-11779","1":"product","2":"type-product","3":"status-publish","4":"has-post-thumbnail","6":"product_cat-baak-dog-walker-schoenen","8":"first","9":"instock","10":"taxable","11":"shipping-taxable","12":"purchasable","13":"product-type-variable"},"mb":[],"mfb_rest_fields":["title"],"_links":{"self":[{"href":"https:\/\/dogpride.nl\/de\/wp-json\/wp\/v2\/product\/11779","targetHints":{"allow":["GET"]}}],"collection":[{"href":"https:\/\/dogpride.nl\/de\/wp-json\/wp\/v2\/product"}],"about":[{"href":"https:\/\/dogpride.nl\/de\/wp-json\/wp\/v2\/types\/product"}],"wp:featuredmedia":[{"embeddable":true,"href":"https:\/\/dogpride.nl\/de\/wp-json\/wp\/v2\/media\/22570"}],"wp:attachment":[{"href":"https:\/\/dogpride.nl\/de\/wp-json\/wp\/v2\/media?parent=11779"}],"wp:term":[{"taxonomy":"product_brand","embeddable":true,"href":"https:\/\/dogpride.nl\/de\/wp-json\/wp\/v2\/product_brand?post=11779"},{"taxonomy":"product_cat","embeddable":true,"href":"https:\/\/dogpride.nl\/de\/wp-json\/wp\/v2\/product_cat?post=11779"},{"taxonomy":"product_tag","embeddable":true,"href":"https:\/\/dogpride.nl\/de\/wp-json\/wp\/v2\/product_tag?post=11779"}],"curies":[{"name":"wp","href":"https:\/\/api.w.org\/{rel}","templated":true}]}}