{"id":11778,"date":"2021-03-02T15:31:54","date_gmt":"2021-03-02T14:31:54","guid":{"rendered":"https:\/\/dogpride1.wpengine.com\/product\/baak-dog-walker-schoenen-bobby-2\/"},"modified":"2025-11-17T15:29:51","modified_gmt":"2025-11-17T14:29:51","slug":"baak-dog-walker-schoenen-bobby-2","status":"publish","type":"product","link":"https:\/\/dogpride.nl\/de\/baak-dog-walker-schoenen-bobby-2\/","title":{"rendered":"BAAK Dog Walker\u00ae Schuhe BOBBY"},"content":{"rendered":"<h4>BAAK Dog Walker\u00ae Schuhe BOBBY<\/h4>\n<p>BAAK Dog Walker\u00ae Schuhe BOBBY<\/p>\n<p>Dieser Dogwalker-Schuh ist ein idealer Schuh f\u00fcr den Hundesport. Ideal f\u00fcr rutschfesten Halt auf der Weide, insbesondere beim Agility, aber auch f\u00fcr Lockv\u00f6gel und Hundef\u00fchrer.<\/p>\n<p>Hundebesitzer wissen, wie wichtig gutes Schuhwerk beim Spazierengehen, beim Spaziergang in der Natur und beim Hundesport ist. Griffigkeit durch Sohlen mit Anti-Rutsch-Profil, gute Passform, optimale D\u00e4mpfung und maximaler Tragekomfort zeichnen die Dog Walker\u00ae-Schuhe aus. BAAK Dog Walker\u00ae \u2013 robuste Schuhe f\u00fcr alle, die ihren Spaziergang gerne intensivieren.<\/p>\n<p>De multifunctionele schoen voor het uitlaten van de hond. Met een schacht van gemakkelijk te onderhouden, hoogwaardig nubuckleer. 100% waterdicht, winddicht en ademend door de originele Sympatex\u00ae-membraan. Deze heerlijk warme BAAK Dog Walker\u00ae schoenen BOBBY zorgen dankzij de speciaal ontwikkelde trekking-loopzool van slijtvast rubber voor een veilig gevoel, ook op een moeilijkere ondergrond. De het gehele oppervlak bedekkende demping en het anatomisch gevormde klimaatvoetbed maken deze schoenen zeer comfortabel. De gewrichten en ruggengraat worden ontzien. Ook voor lange afstanden zijn de schoenen Bobby ideaal.<\/p>\n<ul>\n<li>Gr\u00f6\u00dfen: 36-47<\/li>\n<\/ul>\n<p><strong>Wir weisen darauf hin, dass bei der R\u00fccksendung der Schuhe 20% Bearbeitungs- und Lagerkosten abgezogen werden.<\/strong><\/p>\n<p><a href=\"https:\/\/baak.de\/\" target=\"_blank\" rel=\"noopener\"><img loading=\"lazy\" decoding=\"async\" class=\"alignnone wp-image-70452 size-medium\" src=\"https:\/\/dogpride.nl\/wp-content\/uploads\/logo-1-300x81.png\" alt=\"\" width=\"300\" height=\"81\" srcset=\"https:\/\/dogpride.nl\/wp-content\/uploads\/logo-1-300x81.png 300w, https:\/\/dogpride.nl\/wp-content\/uploads\/logo-1-250x68.png 250w, https:\/\/dogpride.nl\/wp-content\/uploads\/logo-1-400x108.png 400w, https:\/\/dogpride.nl\/wp-content\/uploads\/logo-1-200x54.png 200w, https:\/\/dogpride.nl\/wp-content\/uploads\/logo-1.png 500w\" sizes=\"auto, (max-width: 300px) 100vw, 300px\" \/><\/a><\/p>\n<p><a href=\"https:\/\/dogpride.nl\/de\/kleding\/schoenen-laarzen\/baak-dog-walker-schoenen\/\"><img loading=\"lazy\" decoding=\"async\" class=\"alignnone\" title=\"BAAK Dog Walker\u00ae Schuhe BOBBY\" src=\"https:\/\/dogpride.nl\/wp-content\/uploads\/BAAK-Dog-Walker%C2%AE-schoenen-BOBBY-1-150x150.webp\" alt=\"BAAK Dog Walker\u00ae schoenen BOBBY\" width=\"150\" height=\"150\" \/><\/a><\/p>","protected":false},"excerpt":{"rendered":"<p>Dieser Dogwalker-Schuh ist ein idealer Schuh f\u00fcr den Hundesport. Ideal f\u00fcr rutschfesten Halt auf der Weide, insbesondere beim Agility, aber auch f\u00fcr Lockv\u00f6gel und Hundef\u00fchrer.<\/p>","protected":false},"featured_media":136335,"template":"","meta":[],"product_brand":[],"product_cat":[3937],"product_tag":[],"class_list":{"0":"post-11778","1":"product","2":"type-product","3":"status-publish","4":"has-post-thumbnail","6":"product_cat-baak-dog-walker-schoenen","8":"first","9":"instock","10":"taxable","11":"shipping-taxable","12":"purchasable","13":"product-type-variable"},"mb":[],"mfb_rest_fields":["title"],"_links":{"self":[{"href":"https:\/\/dogpride.nl\/de\/wp-json\/wp\/v2\/product\/11778","targetHints":{"allow":["GET"]}}],"collection":[{"href":"https:\/\/dogpride.nl\/de\/wp-json\/wp\/v2\/product"}],"about":[{"href":"https:\/\/dogpride.nl\/de\/wp-json\/wp\/v2\/types\/product"}],"wp:featuredmedia":[{"embeddable":true,"href":"https:\/\/dogpride.nl\/de\/wp-json\/wp\/v2\/media\/136335"}],"wp:attachment":[{"href":"https:\/\/dogpride.nl\/de\/wp-json\/wp\/v2\/media?parent=11778"}],"wp:term":[{"taxonomy":"product_brand","embeddable":true,"href":"https:\/\/dogpride.nl\/de\/wp-json\/wp\/v2\/product_brand?post=11778"},{"taxonomy":"product_cat","embeddable":true,"href":"https:\/\/dogpride.nl\/de\/wp-json\/wp\/v2\/product_cat?post=11778"},{"taxonomy":"product_tag","embeddable":true,"href":"https:\/\/dogpride.nl\/de\/wp-json\/wp\/v2\/product_tag?post=11778"}],"curies":[{"name":"wp","href":"https:\/\/api.w.org\/{rel}","templated":true}]}}