{"id":11774,"date":"2021-02-22T15:48:29","date_gmt":"2021-02-22T14:48:29","guid":{"rendered":"https:\/\/dogpride1.wpengine.com\/product\/doggo-outdoorschoen-asta-waterproof-2\/"},"modified":"2025-11-17T15:47:41","modified_gmt":"2025-11-17T14:47:41","slug":"doggo-outdoorschoen-asta-waterproof-2","status":"publish","type":"product","link":"https:\/\/dogpride.nl\/de\/doggo-outdoorschoen-asta-waterproof-2\/","title":{"rendered":"DOGGO Outdoor-Schuh Asta Waterproof"},"content":{"rendered":"<h4>DOGGO Outdoor-Schuh Asta Waterproof<\/h4>\n<p>DOGGO Outdoor-Schuh Asta Waterproof<\/p>\n<p>Produktinformationen \u201eAsta, Vibram-Sohle, wasserdicht\u201c<\/p>\n<ul>\n<li>Modell DOGGO Outdoor-Schuh Asta Waterproof<\/li>\n<li>Obermaterial: ge\u00f6ltes, gefettetes Leder<\/li>\n<li>Membran: DOGGO Tex<\/li>\n<li>Funktion: wasserdicht, atmungsaktiv, wir garantieren Wasserdichtigkeit auch auf der nassen Wiese<\/li>\n<li>Innenmaterial: Polyester (Mesh)<\/li>\n<li>Einlegesohle: Polyurethan, herausnehmbar, vorgeformt, gepolstert<\/li>\n<li>Au\u00dfensohle: Vibram, abriebfest, Outdoor-Profil<\/li>\n<li>Passform: 1:1<\/li>\n<li>Extras: Schnellschn\u00fcrsystem mit stabilen \u00d6sen, verst\u00e4rkte Nase und Ferse,<\/li>\n<li>Gewicht: 440 Gramm<\/li>\n<\/ul>\n<p>Verf\u00fcgbare Farben: Schwarz\/Orange und Braun\/Blau<\/p>\n<h5>Hergestellt in Europa :)<\/h5>\n<p>Der neue Outdoor-Schuh von DOGGO wird ausschlie\u00dflich aus europ\u00e4ischen Materialien hergestellt. Dies garantiert eine sehr gute Passform durch den europ\u00e4ischen Leisten von hoher Qualit\u00e4t und frei von Schadstoffen.<br \/>\nDer hochwertige Materialmix vereint die Kombination aus solider Handwerkskunst und modernster Technologie. Dieser Wanderschuh ist anders: Er liegt angenehm weich am Fu\u00df und \u00fcberzeugt durch seinen hohen Trage- und Gehkomfort.<br \/>\nDas robuste Obermaterial, dickes Leder, macht den Stiefel langlebig, alltags- und gel\u00e4ndetauglich.<br \/>\nDie integrierte Membran sorgt an Regentagen und auf feuchten Wiesen f\u00fcr trockene F\u00fc\u00dfe bei angenehmer Temperatur.<br \/>\nDas Grip-Profil der innovativen Vibram-Au\u00dfensohle mit ergonomisch geformter PU-Zwischensohle bietet hohe Rutschfestigkeit und gute Bodenleitf\u00e4higkeit.<\/p>\n<p><strong>Der Schuhbestand schwankt. Es kann sein, dass Ihre Schuhgr\u00f6\u00dfe nicht (sofort) verf\u00fcgbar ist. In diesem Fall werden wir selbstverst\u00e4ndlich unser Bestes tun, um eine passende L\u00f6sung zu finden.<\/strong><\/p>\n<p>&nbsp;<\/p>\n<p>&nbsp;<\/p>\n<p><a href=\"https:\/\/doggo.kaufen\/\" target=\"_blank\" rel=\"noopener\"><img loading=\"lazy\" decoding=\"async\" class=\"alignnone wp-image-94814 size-full\" src=\"https:\/\/dogpride.nl\/wp-content\/uploads\/LOGO-Doggo-3.jpg\" alt=\"Logo DOGGO\" width=\"278\" height=\"97\" srcset=\"https:\/\/dogpride.nl\/wp-content\/uploads\/LOGO-Doggo-3.jpg 278w, https:\/\/dogpride.nl\/wp-content\/uploads\/LOGO-Doggo-3-250x87.jpg 250w, https:\/\/dogpride.nl\/wp-content\/uploads\/LOGO-Doggo-3-200x70.jpg 200w\" sizes=\"auto, (max-width: 278px) 100vw, 278px\" \/><\/a><\/p>\n<p><a href=\"https:\/\/dogpride.nl\/de\/kleding\/schoenen-laarzen\/doggo-schoenen\/\"><img loading=\"lazy\" decoding=\"async\" class=\"alignnone\" title=\"DOGGO Outdoor-Schuh Asta Waterproof\" src=\"https:\/\/dogpride.nl\/wp-content\/uploads\/image_DO-2017022-37_1-1-150x150.jpg\" alt=\"DOGGO Outdoorschoen Asta Waterproof\" width=\"150\" height=\"150\" \/><\/a><\/p>","protected":false},"excerpt":{"rendered":"<p>Der neue Outdoor-Schuh von DOGGO wird ausschlie\u00dflich aus europ\u00e4ischen Materialien hergestellt. Dies garantiert eine sehr gute Passform durch den europ\u00e4ischen Leisten von hoher Qualit\u00e4t und frei von Schadstoffen.<\/p>","protected":false},"featured_media":45112,"template":"","meta":[],"product_brand":[],"product_cat":[3938],"product_tag":[4120,4116,4119,4121],"class_list":{"0":"post-11774","1":"product","2":"type-product","3":"status-publish","4":"has-post-thumbnail","6":"product_cat-doggo-schoenen","7":"product_tag-asta","8":"product_tag-doggo","9":"product_tag-outdoorschoen","10":"product_tag-waterproof","12":"first","13":"instock","14":"taxable","15":"shipping-taxable","16":"purchasable","17":"product-type-variable"},"mb":[],"mfb_rest_fields":["title"],"_links":{"self":[{"href":"https:\/\/dogpride.nl\/de\/wp-json\/wp\/v2\/product\/11774","targetHints":{"allow":["GET"]}}],"collection":[{"href":"https:\/\/dogpride.nl\/de\/wp-json\/wp\/v2\/product"}],"about":[{"href":"https:\/\/dogpride.nl\/de\/wp-json\/wp\/v2\/types\/product"}],"wp:featuredmedia":[{"embeddable":true,"href":"https:\/\/dogpride.nl\/de\/wp-json\/wp\/v2\/media\/45112"}],"wp:attachment":[{"href":"https:\/\/dogpride.nl\/de\/wp-json\/wp\/v2\/media?parent=11774"}],"wp:term":[{"taxonomy":"product_brand","embeddable":true,"href":"https:\/\/dogpride.nl\/de\/wp-json\/wp\/v2\/product_brand?post=11774"},{"taxonomy":"product_cat","embeddable":true,"href":"https:\/\/dogpride.nl\/de\/wp-json\/wp\/v2\/product_cat?post=11774"},{"taxonomy":"product_tag","embeddable":true,"href":"https:\/\/dogpride.nl\/de\/wp-json\/wp\/v2\/product_tag?post=11774"}],"curies":[{"name":"wp","href":"https:\/\/api.w.org\/{rel}","templated":true}]}}