{"id":11772,"date":"2021-02-22T15:32:16","date_gmt":"2021-02-22T14:32:16","guid":{"rendered":"https:\/\/dogpride1.wpengine.com\/product\/doggo-outdoorschoen-boje-waterproof-2\/"},"modified":"2025-11-17T15:51:53","modified_gmt":"2025-11-17T14:51:53","slug":"doggo-outdoorschoen-boje-waterproof-2","status":"publish","type":"product","link":"https:\/\/dogpride.nl\/de\/doggo-outdoorschoen-boje-waterproof-2\/","title":{"rendered":"DOGGO Outdoor-Schuh Boje Wasserdicht"},"content":{"rendered":"<h4>DOGGO Outdoor-Schuh Boje Wasserdicht<\/h4>\n<p>DOGGO Outdoor-Schuh Boje Wasserdicht<\/p>\n<p>Produktinformationen: DOGGO Outdoor-Schuh Boje Waterproof<\/p>\n<ul>\n<li>Obermaterial: wasserdichtes Wildleder<\/li>\n<li>Membran: DOGGO Tex<\/li>\n<li>Farbe: braun \/ schwarz<\/li>\n<li>Funktion: wasserdicht, atmungsaktiv, wir garantieren Wasserdichtigkeit auch auf der nassen Wiese<\/li>\n<li>Innenmaterial: Polyester (Mesh)<\/li>\n<li>Einlegesohle: Polyurethan, herausnehmbar, vorgeformt, gepolstert<\/li>\n<li>Laufsohle: abriebfestes Outdoor-Profil<\/li>\n<li>Die PU-Zwischensohle garantiert eine sehr lange D\u00e4mpfung des Fu\u00dfes<\/li>\n<li>Passform: 1:1<\/li>\n<li>Extras: Schnellschn\u00fcrsystem mit stabilen \u00d6sen, verst\u00e4rkte Zehenkappe mit Kapuze und Fersenkappe,<\/li>\n<\/ul>\n<p><a href=\"https:\/\/dogpride.nl\/de\/kleding\/schoenen-laarzen\/doggo-schoenen\/\"><img loading=\"lazy\" decoding=\"async\" class=\"alignnone\" title=\"DOGGO Outdoor-Schuh Boje Wasserdicht\" src=\"https:\/\/dogpride.nl\/wp-content\/uploads\/image_DO-2017021-37_3-150x150.jpg\" alt=\"DOGGO Outdoorschoen Boje Waterproof\" width=\"150\" height=\"150\" \/><\/a><\/p>\n<p>Gewicht: 480 Gramm, sehr leicht und super bequem f\u00fcr lange Spazierg\u00e4nge mit dem Hund<\/p>\n<p>De DOGGO Outdoorschoen Boje Waterproof\u00a0 worden alleen gemaakt met Europese materialen. Dit garandeert een zeer goede pasvorm door de Europese leest van hoge kwaliteit en vrij van schadelijke stoffen.<br \/>\nDer hochwertige Materialmix vereint die Kombination aus solider Handwerkskunst und modernster Technologie.<br \/>\nDieser Laufschuh wurde speziell f\u00fcr Hundebesitzer entwickelt, ist angenehm weich am Fu\u00df und \u00fcberzeugt durch seinen hohen Trage- und Laufkomfort. Das robuste Obermaterial aus Wildleder verleiht dem Stiefel einen tollen Look in Kombination mit h\u00f6chster Funktionalit\u00e4t.<br \/>\nDie integrierte Membran sorgt an Regentagen und auf feuchten Wiesen f\u00fcr angenehm temperierte und trockene F\u00fc\u00dfe. Das Grip-Profil der Au\u00dfensohle mit ergonomisch geformter PU-Zwischensohle, die eine optimale D\u00e4mpfung \u00fcber einen extrem langen Zeitraum garantiert, bietet einen hohen Grip.<\/p>\n<p><strong>Der Schuhbestand schwankt. Es kann sein, dass Ihre Schuhgr\u00f6\u00dfe nicht (sofort) verf\u00fcgbar ist. In diesem Fall werden wir selbstverst\u00e4ndlich unser Bestes tun, um eine passende L\u00f6sung zu finden.<\/strong><\/p>\n<p><a href=\"https:\/\/doggo.kaufen\/\" target=\"_blank\" rel=\"noopener\"><img loading=\"lazy\" decoding=\"async\" class=\"alignnone wp-image-94814 size-full\" src=\"https:\/\/dogpride.nl\/wp-content\/uploads\/LOGO-Doggo-3.jpg\" alt=\"Logo DOGGO\" width=\"278\" height=\"97\" srcset=\"https:\/\/dogpride.nl\/wp-content\/uploads\/LOGO-Doggo-3.jpg 278w, https:\/\/dogpride.nl\/wp-content\/uploads\/LOGO-Doggo-3-250x87.jpg 250w, https:\/\/dogpride.nl\/wp-content\/uploads\/LOGO-Doggo-3-200x70.jpg 200w\" sizes=\"auto, (max-width: 278px) 100vw, 278px\" \/><\/a><\/p>\n<p><a href=\"https:\/\/dogpride.nl\/de\/kleding\/schoenen-laarzen\/doggo-schoenen\/\"><img loading=\"lazy\" decoding=\"async\" class=\"alignnone\" title=\"DOGGO Outdoor-Schuh Boje Wasserdicht\" src=\"https:\/\/dogpride.nl\/wp-content\/uploads\/image_DO-2017021-37_3-150x150.jpg\" alt=\"DOGGO Outdoorschoen Boje Waterproof\" width=\"150\" height=\"150\" \/><\/a><\/p>","protected":false},"excerpt":{"rendered":"<p>DOGGO Outdoor-Schuh Boje Wasserdicht. Die neuen Outdoor-Schuhe von DOGGO werden ausschlie\u00dflich aus europ\u00e4ischen Materialien hergestellt.<\/p>","protected":false},"featured_media":45104,"template":"","meta":[],"product_brand":[],"product_cat":[3938],"product_tag":[4124,4116,4119,4121],"class_list":{"0":"post-11772","1":"product","2":"type-product","3":"status-publish","4":"has-post-thumbnail","6":"product_cat-doggo-schoenen","7":"product_tag-boje","8":"product_tag-doggo","9":"product_tag-outdoorschoen","10":"product_tag-waterproof","12":"first","13":"instock","14":"taxable","15":"shipping-taxable","16":"purchasable","17":"product-type-variable"},"mb":[],"mfb_rest_fields":["title"],"_links":{"self":[{"href":"https:\/\/dogpride.nl\/de\/wp-json\/wp\/v2\/product\/11772","targetHints":{"allow":["GET"]}}],"collection":[{"href":"https:\/\/dogpride.nl\/de\/wp-json\/wp\/v2\/product"}],"about":[{"href":"https:\/\/dogpride.nl\/de\/wp-json\/wp\/v2\/types\/product"}],"wp:featuredmedia":[{"embeddable":true,"href":"https:\/\/dogpride.nl\/de\/wp-json\/wp\/v2\/media\/45104"}],"wp:attachment":[{"href":"https:\/\/dogpride.nl\/de\/wp-json\/wp\/v2\/media?parent=11772"}],"wp:term":[{"taxonomy":"product_brand","embeddable":true,"href":"https:\/\/dogpride.nl\/de\/wp-json\/wp\/v2\/product_brand?post=11772"},{"taxonomy":"product_cat","embeddable":true,"href":"https:\/\/dogpride.nl\/de\/wp-json\/wp\/v2\/product_cat?post=11772"},{"taxonomy":"product_tag","embeddable":true,"href":"https:\/\/dogpride.nl\/de\/wp-json\/wp\/v2\/product_tag?post=11772"}],"curies":[{"name":"wp","href":"https:\/\/api.w.org\/{rel}","templated":true}]}}