{"id":11771,"date":"2021-02-22T15:22:03","date_gmt":"2021-02-22T14:22:03","guid":{"rendered":"https:\/\/dogpride1.wpengine.com\/product\/doggo-warmgevoerde-laars-tossie-2\/"},"modified":"2025-11-17T15:54:28","modified_gmt":"2025-11-17T14:54:28","slug":"doggo-warmgevoerde-laars-tossie-2","status":"publish","type":"product","link":"https:\/\/dogpride.nl\/de\/doggo-warmgevoerde-laars-tossie-2\/","title":{"rendered":"DOGGO Warm gef\u00fctterter Stiefel Tossie"},"content":{"rendered":"<h4>DOGGO Warm gef\u00fctterter Stiefel Tossie<\/h4>\n<p>DOGGO Warm gef\u00fctterter Stiefel Tossie<\/p>\n<p>Produktinformationen &quot;Tossie Winter Warm gef\u00fcttert&quot;<\/p>\n<ul>\n<li>Tossie Winter geb\u00fcrstetes Obermaterial mit warmem Futter<\/li>\n<li>Material PVC<\/li>\n<li>H\u00f6he:. 21 cm inkl. Futter, ohne 17 cm<\/li>\n<li>Futter: Das Warmfutter aus Synthetik, herausnehmbar, waschbar bei 30 Grad<\/li>\n<li>Funktion: Wasserdicht, rutschfest<\/li>\n<li>Outdoor-Sohle<\/li>\n<li>Rand- und Kapuzenverst\u00e4rkung, Schaftrand vern\u00e4ht<\/li>\n<li>Optimale Passform<\/li>\n<li>Maten: 36-43<\/li>\n<\/ul>\n<p><a href=\"https:\/\/dogpride.nl\/de\/kleding\/schoenen-laarzen\/doggo-schoenen\/\"><img loading=\"lazy\" decoding=\"async\" class=\"alignnone\" title=\"DOGGO Warm gef\u00fctterter Stiefel Tossie\" src=\"https:\/\/dogpride.nl\/wp-content\/uploads\/imagedo-2029001-361-1-150x150.png\" alt=\"DOGGO Warmgevoerde laars Tossie\" width=\"150\" height=\"150\" \/><\/a><\/p>\n<p>Kleuren: Bruin of Zwart<\/p>\n<p><span style=\"color: #ff0000;\"><strong>Aufgrund des warmen Futters f\u00e4llt der Schuh 1 Nummer kleiner aus.<br \/>\nTIPP TIPP TIPP: Zuerst die warme Einlage anziehen und dann die Stiefel anziehen.<\/strong><\/span><\/p>\n<p>Modische Damen-PVC-Stiefel von DOGGO mit Warmfutter. Ideal f\u00fcr Frauen mit etwas \u201est\u00e4rkeren\u201c Waden, da der Schaft nur 17 cm hoch ist.<br \/>\nDie seit Jahren bew\u00e4hrte Passform garantiert einen angenehmen Laufkomfort. Die griffige und rutschfeste Laufsohle unterst\u00fctzt Sie beim Spaziergang im Regen oder \u00fcber die nasse Wiese.<br \/>\nDie geb\u00fcrstete Oberfl\u00e4che (Lederoptik) macht diesen Schuh zu einem echten Hingucker. Das warme Futter von Tossie Winter garantiert warme F\u00fc\u00dfe auch an k\u00e4lteren Tagen.<\/p>\n<p><strong>Der Schuhbestand schwankt. Es kann sein, dass Ihre Schuhgr\u00f6\u00dfe nicht (sofort) verf\u00fcgbar ist. In diesem Fall werden wir selbstverst\u00e4ndlich unser Bestes tun, um eine passende L\u00f6sung zu finden.<\/strong><\/p>\n<p><a href=\"https:\/\/doggo.kaufen\/\" target=\"_blank\" rel=\"noopener\"><img loading=\"lazy\" decoding=\"async\" class=\"alignnone wp-image-94814 size-full\" src=\"https:\/\/dogpride.nl\/wp-content\/uploads\/LOGO-Doggo-3.jpg\" alt=\"Logo DOGGO\" width=\"278\" height=\"97\" srcset=\"https:\/\/dogpride.nl\/wp-content\/uploads\/LOGO-Doggo-3.jpg 278w, https:\/\/dogpride.nl\/wp-content\/uploads\/LOGO-Doggo-3-250x87.jpg 250w, https:\/\/dogpride.nl\/wp-content\/uploads\/LOGO-Doggo-3-200x70.jpg 200w\" sizes=\"auto, (max-width: 278px) 100vw, 278px\" \/><\/a><\/p>\n<p><a href=\"https:\/\/dogpride.nl\/de\/kleding\/schoenen-laarzen\/doggo-schoenen\/\"><img loading=\"lazy\" decoding=\"async\" class=\"alignnone\" title=\"DOGGO Warm gef\u00fctterter Stiefel Tossie\" src=\"https:\/\/dogpride.nl\/wp-content\/uploads\/imagedo-2029001-361-1-150x150.png\" alt=\"DOGGO Warmgevoerde laars Tossie\" width=\"150\" height=\"150\" \/><\/a><\/p>","protected":false},"excerpt":{"rendered":"<p>Modische Damen-PVC-Stiefel von DOGGO mit Warmfutter. Ideal f\u00fcr Frauen mit etwas \u201est\u00e4rkeren\u201c Waden, da der Schaft nur 17 cm hoch ist. Die seit Jahren bew\u00e4hrte Passform garantiert einen angenehmen Laufkomfort.<\/p>","protected":false},"featured_media":45101,"template":"","meta":[],"product_brand":[],"product_cat":[3938],"product_tag":[4116,4125,4126],"class_list":{"0":"post-11771","1":"product","2":"type-product","3":"status-publish","4":"has-post-thumbnail","6":"product_cat-doggo-schoenen","7":"product_tag-doggo","8":"product_tag-tossie","9":"product_tag-winterlaars","11":"first","12":"instock","13":"taxable","14":"shipping-taxable","15":"purchasable","16":"product-type-variable"},"mb":[],"mfb_rest_fields":["title"],"_links":{"self":[{"href":"https:\/\/dogpride.nl\/de\/wp-json\/wp\/v2\/product\/11771","targetHints":{"allow":["GET"]}}],"collection":[{"href":"https:\/\/dogpride.nl\/de\/wp-json\/wp\/v2\/product"}],"about":[{"href":"https:\/\/dogpride.nl\/de\/wp-json\/wp\/v2\/types\/product"}],"wp:featuredmedia":[{"embeddable":true,"href":"https:\/\/dogpride.nl\/de\/wp-json\/wp\/v2\/media\/45101"}],"wp:attachment":[{"href":"https:\/\/dogpride.nl\/de\/wp-json\/wp\/v2\/media?parent=11771"}],"wp:term":[{"taxonomy":"product_brand","embeddable":true,"href":"https:\/\/dogpride.nl\/de\/wp-json\/wp\/v2\/product_brand?post=11771"},{"taxonomy":"product_cat","embeddable":true,"href":"https:\/\/dogpride.nl\/de\/wp-json\/wp\/v2\/product_cat?post=11771"},{"taxonomy":"product_tag","embeddable":true,"href":"https:\/\/dogpride.nl\/de\/wp-json\/wp\/v2\/product_tag?post=11771"}],"curies":[{"name":"wp","href":"https:\/\/api.w.org\/{rel}","templated":true}]}}