{"id":117703,"date":"2024-02-02T13:35:37","date_gmt":"2024-02-02T12:35:37","guid":{"rendered":"https:\/\/dogpride.nl\/?post_type=product&#038;p=117703"},"modified":"2026-04-15T11:24:25","modified_gmt":"2026-04-15T09:24:25","slug":"garmin-tri-tronics-sport-pro","status":"publish","type":"product","link":"https:\/\/dogpride.nl\/de\/garmin-tri-tronics-sport-pro\/","title":{"rendered":"GARMIN Tri Tronics Sport PRO"},"content":{"rendered":"<h4>GARMIN Tri Tronics Sport PRO<\/h4>\n<p>GARMIN Tri Tronics Sport PRO<\/p>\n<p>Compacte, met \u00e9\u00e9n hand te\u00a0bedienen trainer op afstand voor maximaal 3 honden<\/p>\n<ul>\n<li>Compact, ergonomisch, robuust<\/li>\n<li>Intu\u00eftieve &#8220;no look&#8221;-bediening met slechts \u00e9\u00e9n hand<\/li>\n<li>Akoestische indicatie van de aanpassing van het pulsniveau door op het draaiwiel te klikken<\/li>\n<li>Instelbare &#8220;BarkLimiter&#8221; anti-blaffunctie<\/li>\n<li>Korte en continue puls, trilling en geluid<\/li>\n<\/ul>\n<h4 class=\"product-detail-description-text\">Ergonomisch ontwerp<\/h4>\n<p class=\"product-detail-description-text\">De compacte, lichtgewicht Garmin Tri Tronics Sport PRO is zo gemakkelijk met \u00e9\u00e9n hand te bedienen. zodat u zich niet meer hoeft te concentreren op de handzender maar altijd in staat zijn om je hond in de gaten te houden. De Sport PRO kan worden uitgebreid tot maximaal 3 honden (aankoop van aanvullende begunstigden; niet inbegrepen).<br \/>\nDe wijzerplaat bevestigt de klik van de Aanpassing van het polsniveau en aanpassing van extra functies akoestisch. Door middel van een tuimelschakelaar met kleurmarkeringen kunt u schakelen tussen (tot tot) 3 honden met de bijbehorende gekleurde halsbanden en Dit is de eerste keer dat we in staat zijn om De vast ge\u00efnstalleerde antenne kan niet verloren gaan of en heeft een bereik van 1200m.<\/p>\n<p><a href=\"https:\/\/dogpride.nl\/de\/gehoorzaamheid\/trainingsbanden\/\"><img loading=\"lazy\" decoding=\"async\" class=\"alignnone\" title=\"GARMIN Tri-Tronics Sport PRO\" src=\"https:\/\/dogpride.nl\/wp-content\/uploads\/garmin_tri-tronics_sport_pro_7029230_1920x1920.jpg\" alt=\"GARMIN Tri-Tronics Sport PRO\" width=\"135\" height=\"135\" \/><\/a><\/p>\n<h3 class=\"product-detail-description-text\">Een breed scala aan trainingsmogelijkheden<\/h3>\n<div class=\"product-detail-description-text\">Korte en continue puls verdeeld over 10 niveaus, evenals toon en Trilfunctie voor maximaal 3 honden. De informatie die door de Handzender kan worden in- en uitgeschakeld zwaailicht op de ontvanger Helpt om uw hond gemakkelijker te lokaliseren in het donker.<br \/>\nIngebouwde &#8220;BarkLimiter&#8221; anti-blaffunctie Naast de remote trainer functie<br \/>\nheeft de Garmin Tri Tronics Sport PRO ook een Instelbare anti-blaffunctie. Je hoeft er dus geen twee meer te doen Koop producten als je zowel een trainer op afstand als een anti-blafband hebt er gebruik van willen maken. U kunt het stimulatieniveau individueel aanpassen aan de Pas het blaffen van de betreffende hond aan.<\/div>\n<h3 class=\"product-detail-description-text\">Robuust, duurzaam en waterdicht<\/h3>\n<div class=\"product-detail-description-text\">Handzenders en -ontvangers zijn ontworpen om alle Stoten, krassen en andere eisen van dagelijks gebruik Training en gebruik bij de jacht zonder problemen. De ontvanger is uitgerust met verwisselbare korte en lange, roestvrije contacten. Zo kan uw hond Halsbandontvanger comfortabeler om te dragen en het apparaat neemt ook op nat weer. De Sport PRO handzender is waterdicht tot IPX7 en drijvend. De ontvanger is waterdicht tot naar 1 geldautomaat (10 m).<br \/>\nDe zender en ontvanger worden aangestuurd door oplaadbare lithium-ion Werkt op batterijen, die u zelf kunt vervangen. Laadniveau-indicator op zender en ontvanger. Opmerking Dierenwelzijnswet: Volgens de dierenwelzijnswet en de\u00a0<strong>dierenwelzijnsverordening<\/strong><br \/>\nis de toepassing van dit artikel in Duitsland verboden. Raadpleeg daarom de regelgeving voor uw land.<\/div>\n<div class=\"product-detail-description-text\">\n<h3><a href=\"https:\/\/dogpride.nl\/de\/gehoorzaamheid\/trainingsbanden\/\"><img loading=\"lazy\" decoding=\"async\" class=\"alignnone\" title=\"GARMIN Tri-Tronics Sport PRO\" src=\"https:\/\/dogpride.nl\/wp-content\/uploads\/garmin_tri-tronics_sport_pro_7029230_1920x1920.jpg\" alt=\"GARMIN Tri-Tronics Sport PRO\" width=\"135\" height=\"135\" \/><\/a><\/h3>\n<h3>Produkt<\/h3>\n<\/div>\n<div class=\"product-detail-properties\">\n<div class=\"row product-detail-properties-container\">\n<div class=\"col-md-10 col-lg-6\">\n<table class=\"table table-striped product-detail-properties-table\">\n<tbody>\n<tr class=\"properties-row\">\n<th class=\"properties-label\">Aantal pulsniveaus:<\/th>\n<td class=\"properties-value\">10<\/td>\n<\/tr>\n<tr class=\"properties-row\">\n<th class=\"properties-label\">Energieversorgung:<\/th>\n<td class=\"properties-value\">Batterie<\/td>\n<\/tr>\n<tr class=\"properties-row\">\n<th class=\"properties-label\">Voor de grootte van de hond:<\/th>\n<td class=\"properties-value\">10\u201320 kg, mehr als 20 kg<\/td>\n<\/tr>\n<tr class=\"properties-row\">\n<th class=\"properties-label\">Max. aantal honden:<\/th>\n<td class=\"properties-value\">3<\/td>\n<\/tr>\n<tr class=\"properties-row\">\n<th class=\"properties-label\">Maximaal bereik m:<\/th>\n<td class=\"properties-value\">1200<\/td>\n<\/tr>\n<tr class=\"properties-row\">\n<th class=\"properties-label\">Funktionen:<\/th>\n<td class=\"properties-value\">Anti-blaffunctie, signaallicht<\/td>\n<\/tr>\n<tr class=\"properties-row\">\n<th class=\"properties-label\">Trainingsfunktionen:<\/th>\n<td class=\"properties-value\">Stroomsignaal,\u00a0geluidssignaal, trilling<\/td>\n<\/tr>\n<\/tbody>\n<\/table>\n<\/div>\n<h3>SPEZIFIKATIONEN<\/h3>\n<div id=\"technische-daten-tab-pane\" class=\"tab-pane fade show active\" role=\"tabpanel\" aria-labelledby=\"technische-daten-tab\">\n<table border=\"1\" cellspacing=\"2\" cellpadding=\"2\">\n<tbody>\n<tr>\n<td>Dimensies<\/td>\n<td>Zender 5,4 x 13,6 x 3,5 cm, ontvanger 7,8 x 4,4 x 4,4 cm<\/td>\n<\/tr>\n<tr>\n<td>Gewicht<\/td>\n<td>Zender 125g, ontvanger 98g<\/td>\n<\/tr>\n<tr>\n<td>Accumulator<\/td>\n<td>Li-Ion, oplaadbaar<\/td>\n<\/tr>\n<tr>\n<td>Leven<\/td>\n<td>60 uur voor zender en ontvanger<\/td>\n<\/tr>\n<tr>\n<td>Bereiken<\/td>\n<td>1200 m boven NN<\/td>\n<\/tr>\n<tr>\n<td>Ontvanger Halsband<\/td>\n<td>1,9 cm breed, gemaakt van nylon met polyurethaancoating<\/td>\n<\/tr>\n<tr>\n<td>Extensible<\/td>\n<td>Max. 3 honden<\/td>\n<\/tr>\n<tr>\n<td>Hartslag niveaus<\/td>\n<td>10, korte en ononderbroken impuls<\/td>\n<\/tr>\n<tr>\n<td>Klei<\/td>\n<td>Ja<\/td>\n<\/tr>\n<tr>\n<td>Trilling<\/td>\n<td>Ja<\/td>\n<\/tr>\n<tr>\n<td>Licht op de ontvanger<\/td>\n<td>Ja<\/td>\n<\/tr>\n<tr>\n<td>Contactpersonen<\/td>\n<td>Kort en lang<\/td>\n<\/tr>\n<tr>\n<td>Anti-blaf functie<\/td>\n<td>Ja<\/td>\n<\/tr>\n<tr>\n<td>Wasserdicht<\/td>\n<td>Ja<\/td>\n<\/tr>\n<\/tbody>\n<\/table>\n<\/div>\n<h3>LIEFERUMFANG<\/h3>\n<ul>\n<li id=\"technische-daten-tab-pane\" class=\"tab-pane fade show active\" role=\"tabpanel\" aria-labelledby=\"technische-daten-tab\">Handzender<\/li>\n<li class=\"tab-pane fade show active\" role=\"tabpanel\" aria-labelledby=\"technische-daten-tab\">Empf\u00e4nger<\/li>\n<li class=\"tab-pane fade show active\" role=\"tabpanel\" aria-labelledby=\"technische-daten-tab\">Halsband, zwart<\/li>\n<li class=\"tab-pane fade show active\" role=\"tabpanel\" aria-labelledby=\"technische-daten-tab\">Stromversorgung<\/li>\n<li class=\"tab-pane fade show active\" role=\"tabpanel\" aria-labelledby=\"technische-daten-tab\">Y-stekker- Oplaadclip<\/li>\n<li class=\"tab-pane fade show active\" role=\"tabpanel\" aria-labelledby=\"technische-daten-tab\">Korte en lange contacten met montagegereedschappen<\/li>\n<li class=\"tab-pane fade show active\" role=\"tabpanel\" aria-labelledby=\"technische-daten-tab\">Gebruiksaanwijzing Nederlands (Duitse instructies als download!)<\/li>\n<\/ul>\n<p><a href=\"https:\/\/www.garmin.com\/en-US\/\" target=\"_blank\" rel=\"noopener\"><img loading=\"lazy\" decoding=\"async\" class=\"alignnone wp-image-148775 size-full\" src=\"https:\/\/dogpride.nl\/wp-content\/uploads\/Logo-Garmin.jpg\" alt=\"Logo Garmin\" width=\"196\" height=\"57\" srcset=\"https:\/\/dogpride.nl\/wp-content\/uploads\/Logo-Garmin.jpg 196w, https:\/\/dogpride.nl\/wp-content\/uploads\/Logo-Garmin-18x5.jpg 18w\" sizes=\"auto, (max-width: 196px) 100vw, 196px\" \/><\/a><\/p>\n<\/div>\n<p><span style=\"color: #ffffff;\">De compacte, lichtgewicht Garmin Tri Tronics Sport PRO is zo gemakkelijk met \u00e9\u00e9n hand te bedienen. zodat u zich niet meer hoeft te concentreren op de handzender maar altijd in staat zijn om je hond in de gaten te houden. De Sport PRO kan worden uitgebreid tot maximaal 3 honden (aankoop van aanvullende begunstigden; niet inbegrepen).<\/span><br \/>\n<span style=\"color: #ffffff;\">De wijzerplaat bevestigt de klik van de Aanpassing van het polsniveau en aanpassing van extra functies akoestisch. Door middel van een tuimelschakelaar met kleurmarkeringen kunt u schakelen tussen (tot tot) 3 honden met de bijbehorende gekleurde halsbanden en Dit is de eerste keer dat we in staat zijn om De vast ge\u00efnstalleerde antenne kan niet verloren gaan of en heeft een bereik van 1200m.<\/span><\/p>\n<p><span style=\"color: #ffffff;\">Garmin Tri Tronics Sport PRO, Garmin Tri Tronics Sport PRO, Garmin Tri Tronics Sport PRO, Garmin Tri Tronics Sport PRO<\/span><\/p>\n<\/div>","protected":false},"excerpt":{"rendered":"<p>De compacte, lichtgewicht Garmin Tri Tronics Sport PRO is zo gemakkelijk met \u00e9\u00e9n hand te bedienen. zodat u zich niet meer hoeft te concentreren op de handzender maar altijd in staat zijn om je hond in de gaten te houden.<\/p>","protected":false},"featured_media":117704,"template":"","meta":[],"product_brand":[],"product_cat":[6674,2642],"product_tag":[6861,4147,3161,6887,6677,6886],"class_list":{"0":"post-117703","1":"product","2":"type-product","3":"status-publish","4":"has-post-thumbnail","6":"product_cat-k9-trainingsbanden","7":"product_cat-trainingsbanden","8":"product_tag-7x-pro","9":"product_tag-garmin","10":"product_tag-sport","11":"product_tag-trainingsband","12":"product_tag-trainingshalsband","13":"product_tag-tri-tronics","14":"product_shipping_class-vast-tarief-eu-overig","16":"first","17":"instock","18":"taxable","19":"shipping-taxable","20":"purchasable","21":"product-type-simple"},"mb":[],"mfb_rest_fields":["title"],"_links":{"self":[{"href":"https:\/\/dogpride.nl\/de\/wp-json\/wp\/v2\/product\/117703","targetHints":{"allow":["GET"]}}],"collection":[{"href":"https:\/\/dogpride.nl\/de\/wp-json\/wp\/v2\/product"}],"about":[{"href":"https:\/\/dogpride.nl\/de\/wp-json\/wp\/v2\/types\/product"}],"wp:featuredmedia":[{"embeddable":true,"href":"https:\/\/dogpride.nl\/de\/wp-json\/wp\/v2\/media\/117704"}],"wp:attachment":[{"href":"https:\/\/dogpride.nl\/de\/wp-json\/wp\/v2\/media?parent=117703"}],"wp:term":[{"taxonomy":"product_brand","embeddable":true,"href":"https:\/\/dogpride.nl\/de\/wp-json\/wp\/v2\/product_brand?post=117703"},{"taxonomy":"product_cat","embeddable":true,"href":"https:\/\/dogpride.nl\/de\/wp-json\/wp\/v2\/product_cat?post=117703"},{"taxonomy":"product_tag","embeddable":true,"href":"https:\/\/dogpride.nl\/de\/wp-json\/wp\/v2\/product_tag?post=117703"}],"curies":[{"name":"wp","href":"https:\/\/api.w.org\/{rel}","templated":true}]}}