{"id":11769,"date":"2021-02-22T14:56:31","date_gmt":"2021-02-22T13:56:31","guid":{"rendered":"https:\/\/dogpride1.wpengine.com\/product\/doggo-bella-dameslaarzen-halve-hoogte-2\/"},"modified":"2025-11-30T12:25:57","modified_gmt":"2025-11-30T11:25:57","slug":"doggo-bella-halfhoge-dameslaarzen-2","status":"publish","type":"product","link":"https:\/\/dogpride.nl\/de\/doggo-bella-halfhoge-dameslaarzen-2\/","title":{"rendered":"DOGGO Bella Halbhohe Damenstiefel"},"content":{"rendered":"<h4>DOGGO Bella Halbhohe Damenstiefel<\/h4>\n<p>DOGGO Bella Halbhohe Damenstiefel<\/p>\n<p><strong>Produktinformationen \u201eBella\u201c<\/strong><\/p>\n<ul>\n<li>Obermaterial Kunststoff in B\u00fcrstenoptik<\/li>\n<li>Das Material sieht aus wie ge\u00f6ltes oder gefettetes Nubukleder<\/li>\n<li>H\u00f6he: 17 cm<\/li>\n<li>Schaftweite Gr\u00f6\u00dfe 37 = 24 cm<\/li>\n<li>Schafth\u00f6he = 14,5 cm<\/li>\n<li>Absatzh\u00f6he = 2,5 cm<\/li>\n<li>Futter: Synthetik<\/li>\n<li>Funktion: wasserdicht,<\/li>\n<li>griffige Au\u00dfensohle mit<\/li>\n<li>Schaftrand vern\u00e4ht<\/li>\n<li>optimale Passform<\/li>\n<li>Gr\u00f6\u00dfenbereich 36-42<\/li>\n<li>Farbe: Braun, Blau, Grau<\/li>\n<\/ul>\n<p>Modischer halbhoher DOGGO-Stiefel f\u00fcr Damen in edler geb\u00fcrsteter Optik, Lederapplikation, einer Schlaufe am oberen Absatzrand hinten und einem vern\u00e4hten Schaftrand. Laufsohle und Absatz in passender Farbe, rutschfest. Die seit Jahren bew\u00e4hrte Passform garantiert einen angenehmen Laufkomfort. Die griffige und rutschfeste Laufsohle unterst\u00fctzt Sie beim Spaziergang im Regen oder auf der nassen Wiese. Ein \u201eMUST HAVE\u201c-Artikel f\u00fcr den modischen Spazierg\u00e4nger.<\/p>\n<p><strong>Der Schuhbestand schwankt. Es kann sein, dass Ihre Schuhgr\u00f6\u00dfe nicht (sofort) verf\u00fcgbar ist. In diesem Fall werden wir selbstverst\u00e4ndlich unser Bestes tun, um eine passende L\u00f6sung zu finden.<\/strong><\/p>\n<p><img loading=\"lazy\" decoding=\"async\" class=\"alignnone size-full wp-image-70460\" src=\"https:\/\/www.dogpride.nl\/wp-content\/uploads\/LOGO-Doggo-1.jpg\" alt=\"\" width=\"278\" height=\"97\" srcset=\"https:\/\/dogpride.nl\/wp-content\/uploads\/LOGO-Doggo-1.jpg 278w, https:\/\/dogpride.nl\/wp-content\/uploads\/LOGO-Doggo-1-250x87.jpg 250w, https:\/\/dogpride.nl\/wp-content\/uploads\/LOGO-Doggo-1-200x70.jpg 200w\" sizes=\"auto, (max-width: 278px) 100vw, 278px\" \/><\/p>\n<p><a href=\"https:\/\/dogpride.nl\/de\/kleding\/schoenen-laarzen\/doggo-schoenen\/\"><img loading=\"lazy\" decoding=\"async\" class=\"alignnone\" title=\"DOGGO Bella Halbhohe Damenstiefel\" src=\"https:\/\/dogpride.nl\/wp-content\/uploads\/imagedo-2019003-361-1.jpg\" alt=\"DOGGO Bella Halfhoge dameslaarzen\" width=\"142\" height=\"97\" \/><\/a><a href=\"https:\/\/doggo.kaufen\/ueber-uns\" target=\"_blank\" rel=\"noopener\"><img loading=\"lazy\" decoding=\"async\" class=\"alignnone\" src=\"https:\/\/dogpride.nl\/wp-content\/uploads\/imagedo-2019003-361-1.jpg\" alt=\"\" width=\"142\" height=\"97\" \/><\/a><\/p>","protected":false},"excerpt":{"rendered":"<p>Modischer halbhoher DOGGO-Stiefel f\u00fcr Damen in edler geb\u00fcrsteter Optik, Lederapplikation, ohne Hilfshilfe, am oberen Absatzrand hinten und einem vern\u00e4hten Schaftrand. Laufsohle und Absatz in passender Farbe, rutschfest.<\/p>","protected":false},"featured_media":45096,"template":"","meta":[],"product_brand":[],"product_cat":[3938],"product_tag":[4130,4129,4116,4128],"class_list":{"0":"post-11769","1":"product","2":"type-product","3":"status-publish","4":"has-post-thumbnail","6":"product_cat-doggo-schoenen","7":"product_tag-bella","8":"product_tag-dameslaars","9":"product_tag-doggo","10":"product_tag-halfhoge","12":"first","13":"instock","14":"taxable","15":"shipping-taxable","16":"purchasable","17":"product-type-variable"},"mb":[],"mfb_rest_fields":["title"],"_links":{"self":[{"href":"https:\/\/dogpride.nl\/de\/wp-json\/wp\/v2\/product\/11769","targetHints":{"allow":["GET"]}}],"collection":[{"href":"https:\/\/dogpride.nl\/de\/wp-json\/wp\/v2\/product"}],"about":[{"href":"https:\/\/dogpride.nl\/de\/wp-json\/wp\/v2\/types\/product"}],"wp:featuredmedia":[{"embeddable":true,"href":"https:\/\/dogpride.nl\/de\/wp-json\/wp\/v2\/media\/45096"}],"wp:attachment":[{"href":"https:\/\/dogpride.nl\/de\/wp-json\/wp\/v2\/media?parent=11769"}],"wp:term":[{"taxonomy":"product_brand","embeddable":true,"href":"https:\/\/dogpride.nl\/de\/wp-json\/wp\/v2\/product_brand?post=11769"},{"taxonomy":"product_cat","embeddable":true,"href":"https:\/\/dogpride.nl\/de\/wp-json\/wp\/v2\/product_cat?post=11769"},{"taxonomy":"product_tag","embeddable":true,"href":"https:\/\/dogpride.nl\/de\/wp-json\/wp\/v2\/product_tag?post=11769"}],"curies":[{"name":"wp","href":"https:\/\/api.w.org\/{rel}","templated":true}]}}