{"id":11767,"date":"2021-02-19T17:22:41","date_gmt":"2021-02-19T16:22:41","guid":{"rendered":"https:\/\/dogpride1.wpengine.com\/product\/doggo-lotte-winterlaars-bruin-2\/"},"modified":"2025-11-30T12:23:36","modified_gmt":"2025-11-30T11:23:36","slug":"doggo-lotte-winterlaars-bruin-2","status":"publish","type":"product","link":"https:\/\/dogpride.nl\/de\/doggo-lotte-winterlaars-bruin-2\/","title":{"rendered":"DOGGO Lotte Winterstiefel Braun"},"content":{"rendered":"<h4>DOGGO Lotte Winterstiefel Braun<\/h4>\n<p>Produktinformationen &quot;Lotte Winter&quot;<\/p>\n<ul>\n<li>DOGGO Lotte Winterstiefel Braun<\/li>\n<li>Geb\u00fcrstetes Obermaterial<\/li>\n<li>PVC<\/li>\n<li>H\u00f6he: 25 cm<\/li>\n<li>Futter: Warmes Synthetikfutter, herausnehmbar, waschbar bei 30 Grad<\/li>\n<li>Funktion: Wasserdichte, rutschfeste Au\u00dfensohle<\/li>\n<li>Rand- und Kapuzenverst\u00e4rkung<\/li>\n<li>Gen\u00e4hter Schaftrand<\/li>\n<li>Optimale Passform<\/li>\n<li>Gr\u00f6\u00dfen: 36-42<\/li>\n<\/ul>\n<p><a href=\"https:\/\/dogpride.nl\/de\/kleding\/schoenen-laarzen\/doggo-schoenen\/\"><img loading=\"lazy\" decoding=\"async\" class=\"alignnone\" title=\"DOGGO Lotte Winterstiefel Braun\" src=\"https:\/\/dogpride.nl\/wp-content\/uploads\/imagedo-2017009-361-1.jpg\" alt=\"DOGGO Lotte Winterlaars Bruin\" width=\"120\" height=\"123\" \/><\/a><\/p>\n<p>Modischer DOGGO-Damenstiefel aus PVC, 3\/4 hoch, mit farblich passender Laufsohle und dekorativer Schnalle an der Seite. Die seit Jahren bew\u00e4hrte Passform garantiert einen angenehmen Laufkomfort. Die griffige und rutschfeste Laufsohle unterst\u00fctzt Sie beim Spaziergang im Regen oder \u00fcber die nasse Wiese. Die geb\u00fcrstete Oberfl\u00e4che (Lederoptik) macht diesen Schuh zu einem echten Hingucker. Das Warmfutter von Lotte Winter garantiert warme F\u00fc\u00dfe auch an k\u00e4lteren Tagen.\u00a0<strong>Aufgrund des warmen Futters f\u00e4llt der Schuh 1 Nummer kleiner aus.<\/strong><\/p>\n<p><strong>Der Schuhbestand schwankt. Es kann sein, dass Ihre Schuhgr\u00f6\u00dfe nicht (sofort) verf\u00fcgbar ist. In diesem Fall werden wir selbstverst\u00e4ndlich unser Bestes tun, um eine passende L\u00f6sung zu finden.<\/strong><\/p>\n<p><a href=\"https:\/\/doggo.kaufen\/\" target=\"_blank\" rel=\"noopener\"><img loading=\"lazy\" decoding=\"async\" class=\"alignnone wp-image-70460 size-full\" src=\"https:\/\/dogpride.nl\/wp-content\/uploads\/LOGO-Doggo-1.jpg\" alt=\"\" width=\"278\" height=\"97\" srcset=\"https:\/\/dogpride.nl\/wp-content\/uploads\/LOGO-Doggo-1.jpg 278w, https:\/\/dogpride.nl\/wp-content\/uploads\/LOGO-Doggo-1-250x87.jpg 250w, https:\/\/dogpride.nl\/wp-content\/uploads\/LOGO-Doggo-1-200x70.jpg 200w\" sizes=\"auto, (max-width: 278px) 100vw, 278px\" \/><\/a><\/p>\n<p><a href=\"https:\/\/dogpride.nl\/de\/kleding\/schoenen-laarzen\/doggo-schoenen\/\"><img loading=\"lazy\" decoding=\"async\" class=\"alignnone\" title=\"DOGGO Lotte Winterstiefel Braun\" src=\"https:\/\/dogpride.nl\/wp-content\/uploads\/imagedo-2017009-361-1.jpg\" alt=\"DOGGO Lotte Winterlaars Bruin\" width=\"279\" height=\"287\" \/><\/a><\/p>","protected":false},"excerpt":{"rendered":"<p>Modischer DOGGO-Damenstiefel aus PVC, 3\/4 hoch, mit farblich passender Laufsohle und dekorativer Schnalle an der Seite. Die seit Jahren bew\u00e4hrte Passform garantiert einen angenehmen Laufkomfort.<\/p>","protected":false},"featured_media":45086,"template":"","meta":[],"product_brand":[],"product_cat":[3938],"product_tag":[4116,15873,4131,4126],"class_list":{"0":"post-11767","1":"product","2":"type-product","3":"status-publish","4":"has-post-thumbnail","6":"product_cat-doggo-schoenen","7":"product_tag-doggo","8":"product_tag-gevoerd","9":"product_tag-lotte","10":"product_tag-winterlaars","12":"first","13":"instock","14":"taxable","15":"shipping-taxable","16":"purchasable","17":"product-type-variable"},"mb":[],"mfb_rest_fields":["title"],"_links":{"self":[{"href":"https:\/\/dogpride.nl\/de\/wp-json\/wp\/v2\/product\/11767","targetHints":{"allow":["GET"]}}],"collection":[{"href":"https:\/\/dogpride.nl\/de\/wp-json\/wp\/v2\/product"}],"about":[{"href":"https:\/\/dogpride.nl\/de\/wp-json\/wp\/v2\/types\/product"}],"wp:featuredmedia":[{"embeddable":true,"href":"https:\/\/dogpride.nl\/de\/wp-json\/wp\/v2\/media\/45086"}],"wp:attachment":[{"href":"https:\/\/dogpride.nl\/de\/wp-json\/wp\/v2\/media?parent=11767"}],"wp:term":[{"taxonomy":"product_brand","embeddable":true,"href":"https:\/\/dogpride.nl\/de\/wp-json\/wp\/v2\/product_brand?post=11767"},{"taxonomy":"product_cat","embeddable":true,"href":"https:\/\/dogpride.nl\/de\/wp-json\/wp\/v2\/product_cat?post=11767"},{"taxonomy":"product_tag","embeddable":true,"href":"https:\/\/dogpride.nl\/de\/wp-json\/wp\/v2\/product_tag?post=11767"}],"curies":[{"name":"wp","href":"https:\/\/api.w.org\/{rel}","templated":true}]}}