{"id":11760,"date":"2021-02-17T10:11:26","date_gmt":"2021-02-17T09:11:26","guid":{"rendered":"https:\/\/dogpride1.wpengine.com\/product\/pro-99-cotton-t-shirt-in-diverse-kleuren-2\/"},"modified":"2025-11-07T10:14:38","modified_gmt":"2025-11-07T09:14:38","slug":"arrak-cotton-t-shirt-in-diverse-kleuren-2","status":"publish","type":"product","link":"https:\/\/dogpride.nl\/de\/arrak-cotton-t-shirt-in-diverse-kleuren-2\/","title":{"rendered":"ARRAK Baumwoll-T-Shirt in verschiedenen Farben"},"content":{"rendered":"<h4>ARRAK Baumwoll-T-Shirt in verschiedenen Farben<\/h4>\n<p>ARRAK Baumwoll-T-Shirt in verschiedenen Farben. Dieses Baumwoll-T-Shirt ist ein sch\u00f6ner Pullover aus weichem Stoff. Sie tragen das Hemd bei der Arbeit oder im Alltag.<\/p>\n<p>Die Produkte haben EU-Gr\u00f6\u00dfen und die Ma\u00dfe sind in Zentimetern angegeben.<\/p>\n<p>Tipp: Nehmen Sie einen \u00e4hnlichen Artikel mit, der Ihnen gut passt. Legen Sie es auf einen Tisch, messen Sie es und vergleichen Sie es mit den untenstehenden Werten, um eine perfekte \u00dcbereinstimmung zu finden.<\/p>\n<p><img loading=\"lazy\" decoding=\"async\" class=\"alignnone wp-image-70336 size-large\" src=\"https:\/\/www.dogpride.nl\/wp-content\/uploads\/men_s_tops_-711x1024.jpg\" alt=\"\" width=\"711\" height=\"1024\" srcset=\"https:\/\/dogpride.nl\/wp-content\/uploads\/men_s_tops_-711x1024.jpg 711w, https:\/\/dogpride.nl\/wp-content\/uploads\/men_s_tops_-250x360.jpg 250w, https:\/\/dogpride.nl\/wp-content\/uploads\/men_s_tops_-400x576.jpg 400w, https:\/\/dogpride.nl\/wp-content\/uploads\/men_s_tops_-208x300.jpg 208w, https:\/\/dogpride.nl\/wp-content\/uploads\/men_s_tops_-768x1106.jpg 768w, https:\/\/dogpride.nl\/wp-content\/uploads\/men_s_tops_-200x288.jpg 200w, https:\/\/dogpride.nl\/wp-content\/uploads\/men_s_tops_-600x864.jpg 600w, https:\/\/dogpride.nl\/wp-content\/uploads\/men_s_tops_-800x1152.jpg 800w, https:\/\/dogpride.nl\/wp-content\/uploads\/men_s_tops_.jpg 833w\" sizes=\"auto, (max-width: 711px) 100vw, 711px\" \/><\/p>\n<p><a href=\"https:\/\/dogpride.nl\/de\/kleding\/t-shirts-en-polos\/arrak-t-shirts-en-polos\/\"><img loading=\"lazy\" decoding=\"async\" class=\"alignnone wp-image-137198\" src=\"https:\/\/dogpride.nl\/wp-content\/uploads\/ARRAK-Cotton-T-shirt-in-diverse-kleuren.jpg\" alt=\"ARRAK Cotton T-shirt in diverse kleuren\" width=\"225\" height=\"225\" srcset=\"https:\/\/dogpride.nl\/wp-content\/uploads\/ARRAK-Cotton-T-shirt-in-diverse-kleuren.jpg 1080w, https:\/\/dogpride.nl\/wp-content\/uploads\/ARRAK-Cotton-T-shirt-in-diverse-kleuren-300x300.jpg 300w, https:\/\/dogpride.nl\/wp-content\/uploads\/ARRAK-Cotton-T-shirt-in-diverse-kleuren-1024x1024.jpg 1024w, https:\/\/dogpride.nl\/wp-content\/uploads\/ARRAK-Cotton-T-shirt-in-diverse-kleuren-150x150.jpg 150w, https:\/\/dogpride.nl\/wp-content\/uploads\/ARRAK-Cotton-T-shirt-in-diverse-kleuren-768x768.jpg 768w, https:\/\/dogpride.nl\/wp-content\/uploads\/ARRAK-Cotton-T-shirt-in-diverse-kleuren-12x12.jpg 12w, https:\/\/dogpride.nl\/wp-content\/uploads\/ARRAK-Cotton-T-shirt-in-diverse-kleuren-250x250.jpg 250w, https:\/\/dogpride.nl\/wp-content\/uploads\/ARRAK-Cotton-T-shirt-in-diverse-kleuren-400x400.jpg 400w, https:\/\/dogpride.nl\/wp-content\/uploads\/ARRAK-Cotton-T-shirt-in-diverse-kleuren-100x100.jpg 100w\" sizes=\"auto, (max-width: 225px) 100vw, 225px\" \/><\/a><\/p>\n<p><span style=\"color: #ffffff;\"><a href=\"https:\/\/arrakoutdoor.com\/\" target=\"_blank\" rel=\"noopener\"><img loading=\"lazy\" decoding=\"async\" class=\"alignnone wp-image-141950 size-medium\" src=\"https:\/\/dogpride.nl\/wp-content\/uploads\/Arrak-1-300x118.jpeg\" alt=\"\" width=\"300\" height=\"118\" srcset=\"https:\/\/dogpride.nl\/wp-content\/uploads\/Arrak-1-300x118.jpeg 300w, https:\/\/dogpride.nl\/wp-content\/uploads\/Arrak-1-768x303.jpeg 768w, https:\/\/dogpride.nl\/wp-content\/uploads\/Arrak-1-18x7.jpeg 18w, https:\/\/dogpride.nl\/wp-content\/uploads\/Arrak-1-250x99.jpeg 250w, https:\/\/dogpride.nl\/wp-content\/uploads\/Arrak-1-400x158.jpeg 400w, https:\/\/dogpride.nl\/wp-content\/uploads\/Arrak-1.jpeg 916w\" sizes=\"auto, (max-width: 300px) 100vw, 300px\" \/><\/a><\/span><\/p>","protected":false},"excerpt":{"rendered":"<p>Dieses Baumwoll-T-Shirt ist ein sch\u00f6ner Pullover aus weichem Stoff. Sie tragen das Hemd bei der Arbeit oder im Alltag. Sieht toll aus im Hundeclub.<\/p>","protected":false},"featured_media":137198,"template":"","meta":[],"product_brand":[],"product_cat":[3893],"product_tag":[],"class_list":{"0":"post-11760","1":"product","2":"type-product","3":"status-publish","4":"has-post-thumbnail","6":"product_cat-arrak-t-shirts-polos","8":"first","9":"instock","10":"taxable","11":"shipping-taxable","12":"purchasable","13":"product-type-variable"},"mb":[],"mfb_rest_fields":["title"],"_links":{"self":[{"href":"https:\/\/dogpride.nl\/de\/wp-json\/wp\/v2\/product\/11760","targetHints":{"allow":["GET"]}}],"collection":[{"href":"https:\/\/dogpride.nl\/de\/wp-json\/wp\/v2\/product"}],"about":[{"href":"https:\/\/dogpride.nl\/de\/wp-json\/wp\/v2\/types\/product"}],"wp:featuredmedia":[{"embeddable":true,"href":"https:\/\/dogpride.nl\/de\/wp-json\/wp\/v2\/media\/137198"}],"wp:attachment":[{"href":"https:\/\/dogpride.nl\/de\/wp-json\/wp\/v2\/media?parent=11760"}],"wp:term":[{"taxonomy":"product_brand","embeddable":true,"href":"https:\/\/dogpride.nl\/de\/wp-json\/wp\/v2\/product_brand?post=11760"},{"taxonomy":"product_cat","embeddable":true,"href":"https:\/\/dogpride.nl\/de\/wp-json\/wp\/v2\/product_cat?post=11760"},{"taxonomy":"product_tag","embeddable":true,"href":"https:\/\/dogpride.nl\/de\/wp-json\/wp\/v2\/product_tag?post=11760"}],"curies":[{"name":"wp","href":"https:\/\/api.w.org\/{rel}","templated":true}]}}