{"id":11710,"date":"2021-02-11T12:15:43","date_gmt":"2021-02-11T11:15:43","guid":{"rendered":"https:\/\/dogpride1.wpengine.com\/product\/demanet-baby-costume-3-months-4-years-old\/"},"modified":"2025-12-19T08:55:40","modified_gmt":"2025-12-19T07:55:40","slug":"demanet-baby-costume-3-months-4-years-old","status":"publish","type":"product","link":"https:\/\/dogpride.nl\/de\/demanet-baby-costume-3-months-4-years-old\/","title":{"rendered":"Demanet Baby costume 3 months 4 years old"},"content":{"rendered":"<h4><span style=\"font-size: 10pt;\">Demanet Baby costume 3 months\u00a0 4 years old<\/span><\/h4>\n<p>Demanet Baby costume 3 months 4 years old<\/p>\n<p>Ma\u00dfgeschneiderter Anzug f\u00fcr Kinder zwischen 3 Monaten und 4 Jahren.<\/p>\n<p>Babyanzug mit einfachen Verst\u00e4rkungen: 1 Farbdesign + Streifen und Name auf der R\u00fcckseite. Farbe: Demanet-Stoff.<\/p>\n<p>Hergestellt in Europa.<\/p>\n<p><a href=\"https:\/\/www.demanet-international.com\/\" target=\"_blank\" rel=\"noopener\"><img loading=\"lazy\" decoding=\"async\" class=\"alignnone wp-image-71387 size-full\" src=\"https:\/\/dogpride.nl\/wp-content\/uploads\/Logo-Demanet-1.png\" alt=\"\" width=\"227\" height=\"72\" srcset=\"https:\/\/dogpride.nl\/wp-content\/uploads\/Logo-Demanet-1.png 227w, https:\/\/dogpride.nl\/wp-content\/uploads\/Logo-Demanet-1-200x63.png 200w\" sizes=\"auto, (max-width: 227px) 100vw, 227px\" \/><\/a><\/p>\n<p>Demanet Custumes ist ein europ\u00e4ischer Hersteller von Bei\u00dfanz\u00fcgen. Diese Bei\u00dfanz\u00fcge verf\u00fcgen sogar \u00fcber ein CE-Zeichen.<br \/>\nDiese Bei\u00dfanz\u00fcge bieten eine sehr erschwingliche Option f\u00fcr Lockv\u00f6gel, Trainer und Studenten, die einen hochwertigen, langlebigen und vielseitigen Bei\u00dfanzug zu einem vern\u00fcnftigen Preis ben\u00f6tigen.<\/p>\n<p><a href=\"https:\/\/dogpride.nl\/de\/bijtpakken\/demanet-bijtpakken\/?product-page=1\"><img loading=\"lazy\" decoding=\"async\" class=\"alignnone\" title=\"Demanet Babykost\u00fcm 3 Monate \u2013 4 Jahre alt\" src=\"https:\/\/dogpride.nl\/wp-content\/uploads\/cbb-costume-bebe-2-1-1-150x150.png\" alt=\"Demanet Baby costume 3 months \u2013 4 years old\" width=\"150\" height=\"150\" \/><\/a><\/p>\n<p>Demanet Custumes bietet 6 Varianten von Bei\u00dfanz\u00fcgen an, n\u00e4mlich:<\/p>\n<p>* Grundausbildungs-Bei\u00dfanz\u00fcge f\u00fcr Armee und Polizei. (Empfohlen f\u00fcr gro\u00dfe bissige Hunde und 100% f\u00fcr die Polizei.)<br \/>\n* Trainingsbissanz\u00fcge. (Bietet den besten Schutz f\u00fcr das Training. Sehr empfehlenswert (100%) f\u00fcr Polizei, Sicherheitskr\u00e4fte und Streitkr\u00e4fte.)<br \/>\n* Semi-Trainings-Bei\u00dfanz\u00fcge. (Der Halb-Trainingsanzug liegt zwischen einem normalen Trainingsanzug und einem Halb-Wettkampfanzug. Perfekt f\u00fcr Training mit hoher Mobilit\u00e4t.)<br \/>\n* Halbwettbewerbsbiss. (Passt zwischen einen Halbtrainingsanzug und einen Wettkampfanzug. Perfekt f\u00fcr das Training und bietet Beweglichkeit und Mobilit\u00e4t.)<br \/>\n* Wettkampfbiss. (Unser leichtester Anzug mit 14 kg. Entwickelt f\u00fcr gro\u00dfartigen Schutz und gro\u00dfe Mobilit\u00e4t! Fliegen Sie damit!)<br \/>\n* Kevlar-Anzug. (Die versteckte Kevlar-Schicht ist perfekt f\u00fcr \u201eziviles\u201c Training. Flexibel und leicht, sch\u00fctzt sie Sie und bietet Diskretion.)<\/p>\n<p>Zus\u00e4tzlich zu den Standard-Bei\u00dfanz\u00fcgen k\u00f6nnen die Bei\u00dfanz\u00fcge nach Ihrem eigenen Design und Ihren eigenen Gr\u00f6\u00dfen zusammengestellt werden. Siehe unten. Bitte kontaktieren Sie uns hierf\u00fcr per E-Mail\u00a0<a href=\"mailto:info@dogpride.nl\">info@dogpride.nl<\/a>\u00a0oder telefonisch: 0315-655930 \/ 06-38147051<\/p>\n<p><img loading=\"lazy\" decoding=\"async\" class=\"alignnone wp-image-71449 size-full\" src=\"https:\/\/www.dogpride.nl\/wp-content\/uploads\/Ontwerp.png\" alt=\"\" width=\"704\" height=\"835\" srcset=\"https:\/\/dogpride.nl\/wp-content\/uploads\/Ontwerp.png 704w, https:\/\/dogpride.nl\/wp-content\/uploads\/Ontwerp-250x297.png 250w, https:\/\/dogpride.nl\/wp-content\/uploads\/Ontwerp-400x474.png 400w, https:\/\/dogpride.nl\/wp-content\/uploads\/Ontwerp-253x300.png 253w, https:\/\/dogpride.nl\/wp-content\/uploads\/Ontwerp-200x237.png 200w, https:\/\/dogpride.nl\/wp-content\/uploads\/Ontwerp-600x712.png 600w\" sizes=\"auto, (max-width: 704px) 100vw, 704px\" \/><\/p>\n<p><strong>WICHTIG<\/strong><br \/>\nUnsere Kost\u00fcme werden nach den von Ihnen angegebenen Ma\u00dfen angefertigt.<br \/>\nAufgrund der mitgelieferten Materialien empfehlen wir Ihnen, mit \u00e4u\u00dferster Pr\u00e4zision zu messen<br \/>\nEine R\u00fcckgabe oder ein Umtausch ist nicht m\u00f6glich. Danke f\u00fcr Ihr Verst\u00e4ndnis.<\/p>\n<p><strong>Im Preis sind 85,00 \u20ac Versandkosten enthalten<\/strong><\/p>\n<p><a href=\"https:\/\/dogpride.nl\/de\/bijtpakken\/demanet-bijtpakken\/?product-page=1\"><img loading=\"lazy\" decoding=\"async\" class=\"alignnone\" title=\"Demanet Babykost\u00fcm 3 Monate \u2013 4 Jahre alt\" src=\"https:\/\/dogpride.nl\/wp-content\/uploads\/cbb-costume-bebe-2-1-1-150x150.png\" alt=\"Demanet Baby costume 3 months \u2013 4 years old\" width=\"150\" height=\"150\" \/><\/a><\/p>\n<p><a href=\"https:\/\/www.demanet-international.com\/\" target=\"_blank\" rel=\"noopener\"><img loading=\"lazy\" decoding=\"async\" class=\"alignnone wp-image-71387 size-full\" src=\"https:\/\/dogpride.nl\/wp-content\/uploads\/Logo-Demanet-1.png\" alt=\"\" width=\"227\" height=\"72\" srcset=\"https:\/\/dogpride.nl\/wp-content\/uploads\/Logo-Demanet-1.png 227w, https:\/\/dogpride.nl\/wp-content\/uploads\/Logo-Demanet-1-200x63.png 200w\" sizes=\"auto, (max-width: 227px) 100vw, 227px\" \/><\/a><\/p>","protected":false},"excerpt":{"rendered":"<p>Demanet Babykost\u00fcm 3 Monate \u2013 4 Jahre alt. Babyanzug mit einfachen Verst\u00e4rkungen: 1 Farbdesign + Streifen und Name auf der R\u00fcckseite. Farbe: Demanet-Stoff.<\/p>","protected":false},"featured_media":44959,"template":"","meta":[],"product_brand":[],"product_cat":[1448,2878],"product_tag":[11232,11235,11229,11230,11236,11231,11233,11237,11234],"class_list":{"0":"post-11710","1":"product","2":"type-product","3":"status-publish","4":"has-post-thumbnail","6":"product_cat-demanet-bijtpakken","7":"product_cat-demanet-costumes-cynotechnische-eenheden","8":"product_tag-baby-kostuum-hondensport","9":"product_tag-baby-outfit-demanet","10":"product_tag-demanet-baby-costume","11":"product_tag-demanet-baby-pak","12":"product_tag-demanet-costume-3-months-4-years-old","13":"product_tag-demanet-mini-pak","14":"product_tag-demanet-spain","15":"product_tag-handgemaakt-babykostuum","16":"product_tag-hondenpak-voor-kinderen","18":"first","19":"instock","20":"taxable","21":"shipping-taxable","22":"purchasable","23":"product-type-simple"},"mb":[],"mfb_rest_fields":["title"],"_links":{"self":[{"href":"https:\/\/dogpride.nl\/de\/wp-json\/wp\/v2\/product\/11710","targetHints":{"allow":["GET"]}}],"collection":[{"href":"https:\/\/dogpride.nl\/de\/wp-json\/wp\/v2\/product"}],"about":[{"href":"https:\/\/dogpride.nl\/de\/wp-json\/wp\/v2\/types\/product"}],"wp:featuredmedia":[{"embeddable":true,"href":"https:\/\/dogpride.nl\/de\/wp-json\/wp\/v2\/media\/44959"}],"wp:attachment":[{"href":"https:\/\/dogpride.nl\/de\/wp-json\/wp\/v2\/media?parent=11710"}],"wp:term":[{"taxonomy":"product_brand","embeddable":true,"href":"https:\/\/dogpride.nl\/de\/wp-json\/wp\/v2\/product_brand?post=11710"},{"taxonomy":"product_cat","embeddable":true,"href":"https:\/\/dogpride.nl\/de\/wp-json\/wp\/v2\/product_cat?post=11710"},{"taxonomy":"product_tag","embeddable":true,"href":"https:\/\/dogpride.nl\/de\/wp-json\/wp\/v2\/product_tag?post=11710"}],"curies":[{"name":"wp","href":"https:\/\/api.w.org\/{rel}","templated":true}]}}