{"id":116886,"date":"2023-12-20T11:32:19","date_gmt":"2023-12-20T10:32:19","guid":{"rendered":"https:\/\/dogpride.nl\/?post_type=product&#038;p=116886"},"modified":"2025-12-19T17:11:19","modified_gmt":"2025-12-19T16:11:19","slug":"dog-armour-pro-hidden-sleeve-2-0-protection","status":"publish","type":"product","link":"https:\/\/dogpride.nl\/de\/dog-armour-pro-hidden-sleeve-2-0-protection\/","title":{"rendered":"DOG ARMOUR PRO HIDDEN Sleeve 2 0 Protection"},"content":{"rendered":"<h4>DOG ARMOUR PRO HIDDEN Sleeve 2 0 Protection<\/h4>\n<p><strong data-start=\"939\" data-end=\"972\">Verborgen mouw voor K9-begeleiders<\/strong>\u00a0\u2014 train veilig met discrete, bijtbestendige bescherming.<\/p>\n<p>De DOG ARMOUR PRO HIDDEN Sleeve 2 0 Protection <strong data-start=\"516\" data-end=\"596\">voor K9-geleiders en K9-decoys van Dog Armour PRO<\/strong> is ontworpen voor trainers, decoys en geleiders die discrete maar betrouwbare bijtbescherming nodig hebben.<\/p>\n<p>Gemaakt met de nieuwste generatie textielvezels en met behulp van nanotechnologie, helpt de nieuwe versie 2.0 van onze verborgen mouwbescherming voor honden je bij de dagelijkse training van je hond op een veilige manier, en is bovendien een zeer aangename stof voor de mond van de hond dankzij zijn anti-penetratie-eigenschappen, lichtheid en ademendheid.<\/p>\n<p>Ze zijn ontworpen als verborgen mouwachtbescherming en vormen het perfecte supplement voor handlers, lokvogels, trainers, figuranten, mondioring&#8230;..<\/p>\n<p><strong>RICHTLIJNEN:<\/strong><\/p>\n<p>Der<em><strong> DOG ARMOUR PRO HIDDEN Sleeve 2 0 Protection<\/strong><\/em>\u00a0is ontworpen om maximale bescherming te bieden door\u00a0<strong>altijd de buitenste sleeve te combineren met de neopreen sleeve. Het gebruik van de buitenste sleeve alleen wordt niet aanbevolen.<\/strong><\/p>\n<p>De neopreen sleeve speelt een cruciale rol door de impact op te vangen en de druk van de beet te verdelen, waardoor het risico op ernstige verwondingen aanzienlijk wordt verminderd. Het negeren van deze richtlijn kan de gebruiker blootstellen aan ernstige gevaren, wat hun veiligheid sterk in gevaar brengt.<\/p>\n<p><strong>Belangrijke waarschuwing<\/strong><br \/>\nOnjuist of onvolledig gebruik van deze beschermingsmiddelen gebeurt op eigen risico en voldoet niet aan de veiligheidsnormen die voor dit type uitrusting zijn vastgesteld.<\/p>\n<p>Alleen <strong>voor ervaren gebruikers<\/strong>\u00a0Deze uitrusting is exclusief ontworpen voor trainers met gevorderde ervaring in het omgaan met honden. Het mag niet worden gebruikt door beginners of mensen zonder goede training, omdat werken met honden, vooral op gevorderde trainingsniveaus, aanzienlijke risico&#8217;s met zich meebrengt die technische expertise, snelle reflexen en een diepgaand begrip van hondengedrag vereisen.<\/p>\n<p>Het niet opvolgen van deze aanbevelingen kan leiden tot ernstige verwondingen. Uw veiligheid en welzijn hangen af van strikt naleving van deze richtlijnen.<\/p>\n<p>Lees meer over\u00a0<a class=\"\" href=\"https:\/\/en.wikipedia.org\/wiki\/Police_dog\" target=\"_new\" rel=\"noopener\" data-start=\"893\" data-end=\"956\">politiehondentraining<\/a>\u00a0en hoe de juiste technieken de veiligheid van honden en begeleiders verbeteren.<\/p>\n<p><strong>Vorteile:<\/strong><\/p>\n<ul>\n<li id=\"tw-target-text\" class=\"tw-data-text tw-text-large tw-ta\" dir=\"ltr\" data-placeholder=\"Traducci\u00f3n\"><strong>Nieuw klittenbandsysteem is veel robuuster en beschermder.<\/strong><\/li>\n<li dir=\"ltr\" data-placeholder=\"Traducci\u00f3n\"><strong>Nieuwe binnenstof die helpt om de beet van de hond verder te verminderen, waardoor hij zowel voor civiele training als onder het pak gebruikt kan worden.<\/strong><\/li>\n<li dir=\"ltr\" data-placeholder=\"Traducci\u00f3n\"><strong>Ontworpen en geproduceerd als het perfecte complement voor K9-politie-lokmiddelen, K9-politiebegeleiders, K9-lokmiddelen, K9-geleiders, professionele trainers, figuranten en mondioring&#8230;..<\/strong><\/li>\n<li class=\"tw-data-text tw-text-large tw-ta\" dir=\"ltr\" data-placeholder=\"Traducci\u00f3n\"><span class=\"Y2IQFc\" lang=\"en\">Gemaakt met textielnanotechnologie.<\/span><\/li>\n<li class=\"tw-data-text tw-text-large tw-ta\" dir=\"ltr\" data-placeholder=\"Traducci\u00f3n\"><span class=\"Y2IQFc\" lang=\"en\">Ademend voorkomen en elimineren ze zweten op de armen.<\/span><\/li>\n<li class=\"tw-data-text tw-text-large tw-ta\" dir=\"ltr\" data-placeholder=\"Traducci\u00f3n\"><span class=\"Y2IQFc\" lang=\"en\">Flexibel en licht, belemmeren ze de mobiliteit van de arm zelf niet.\u00a0<\/span><span class=\"Y2IQFc\" lang=\"en\">Binnenvoering.<\/span><\/li>\n<\/ul>\n<p><a href=\"https:\/\/dogpride.nl\/de\/pakwerk\/helpersbescherming-igp\/\"><img loading=\"lazy\" decoding=\"async\" class=\"alignnone\" title=\"DOG ARMOUR PRO HIDDEN Sleeve 2 0 Protection\" src=\"https:\/\/dogpride.nl\/wp-content\/uploads\/DSC01009-600x750-1-150x150.webp\" alt=\"DOG ARMOUR PRO HIDDEN Sleeve 2 0 Protection\" width=\"150\" height=\"150\" \/><\/a><\/p>\n<h4>Erh\u00e4ltlich in den Gr\u00f6\u00dfen:<\/h4>\n<ul>\n<li>L\u00a0 \u00a0 \u00a0&gt; Maximale afmetingen in centimeter: Onderarm: 32 cm. max. Biceps: 38 cm. max.<\/li>\n<li>XL &gt; Maximale sfmetingen in centimeter: Onderarm: 42 cm. max. Biceps: 46 cm. max.<\/li>\n<\/ul>\n<h4 data-start=\"300\" data-end=\"420\"><strong data-start=\"302\" data-end=\"420\">DOG ARMOUR PRO HIDDEN Sleeve 2 0 Protection \u2013 Discrete, professionele bescherming voor realistische hondentraining<\/strong><\/h4>\n<p data-start=\"422\" data-end=\"939\">De DOG ARMOUR PRO HIDDEN Sleeve 2 0 Protection\u00a0is ontwikkeld voor trainers die professionele, realistische en veilige hondentraining willen uitvoeren zonder zichtbare beschermingsmiddelen. Deze vernieuwde 2.0-versie biedt onge\u00ebvenaarde flexibiliteit, verbeterde demping en een anatomische pasvorm die volledige bewegingsvrijheid combineert met betrouwbare bescherming. De sleeve wordt <strong data-start=\"811\" data-end=\"828\">onder kleding<\/strong> gedragen, waardoor honden leren inzetten op natuurlijke doelen in plaats van op visueel herkenbare bijtmouwen.<\/p>\n<p data-start=\"941\" data-end=\"1101\">Voor trainers die werken met politie-, beveiligings-, sport- of jonge honden is deze Hidden Sleeve 2.0 een premium tool voor technische en tactische trainingen.<\/p>\n<hr data-start=\"1103\" data-end=\"1106\" \/>\n<h4 data-start=\"1108\" data-end=\"1179\"><strong data-start=\"1111\" data-end=\"1179\">Ontwikkeld voor de hoogste eisen in professionele hondentraining<\/strong><\/h4>\n<p data-start=\"1181\" data-end=\"1498\">In scenario\u2019s waar realisme essentieel is \u2014 denk aan verdachte-situaties, tactische oefeningen of real-life praktijksituaties \u2014 is het belangrijk dat de hond niet werkt op zichtbare prikkels zoals dikke jassen of pakdelen. De DOG ARMOUR PRO HIDDEN Sleeve 2 0 Protection is daarom ontworpen als subtiele, slanke bescherming voor:<\/p>\n<ul>\n<li data-start=\"1502\" data-end=\"1536\">Politie- en diensthondentraining<\/li>\n<li data-start=\"1539\" data-end=\"1563\">KNPV, IGP en ringsport<\/li>\n<li data-start=\"1566\" data-end=\"1600\">Opbouwtraining voor jonge honden<\/li>\n<li data-start=\"1603\" data-end=\"1632\">Scenario\u2019s in burgerkleding<\/li>\n<li data-start=\"1635\" data-end=\"1661\">Reactie- en afstandswerk<\/li>\n<li data-start=\"1664\" data-end=\"1700\">Praktijkgerichte aanvalssimulaties<\/li>\n<\/ul>\n<p data-start=\"1702\" data-end=\"1860\">Omdat de sleeve de natuurlijke vorm van de arm behoudt, leert de hond inzet tonen zoals in echte situaties \u2014 gericht op beweging, lichaamshouding en intentie.<\/p>\n<hr data-start=\"1862\" data-end=\"1865\" \/>\n<h4 data-start=\"1867\" data-end=\"1939\"><strong data-start=\"1870\" data-end=\"1939\">Verbeterde 2 0-constructie voor optimale demping en flexibiliteit<\/strong><\/h4>\n<p data-start=\"1941\" data-end=\"2113\">DeDOG ARMOUR PRO HIDDEN Sleeve 2 0 Protection constructie is gebaseerd op moderne schokabsorberende materialen die lichter \u00e9n sterker zijn dan eerdere generaties. De layered padding zorgt voor:<\/p>\n<ul>\n<li data-start=\"2117\" data-end=\"2141\">Betere impactverdeling<\/li>\n<li data-start=\"2144\" data-end=\"2182\">Minder doordruk bij krachtige honden<\/li>\n<li data-start=\"2185\" data-end=\"2229\">Comfortabele ondersteuning voor de trainer<\/li>\n<li data-start=\"2232\" data-end=\"2269\">Realistische weerstand voor de hond<\/li>\n<\/ul>\n<p data-start=\"2271\" data-end=\"2369\">Daarmee is de sleeve ideaal voor zowel jonge honden als volwassen K9-honden die intensief trainen.<\/p>\n<p data-start=\"2371\" data-end=\"2593\">Der <strong>DOG ARMOUR PRO HIDDEN Sleeve 2 0 Protection<\/strong>\u00a0buigt moeiteloos mee met de elleboog en onderarm, waardoor de trainer volledige controle behoudt tijdens rennen, draaien of afweren. Dit maakt de bescherming geschikt voor dynamische, realistische oefeningen.<\/p>\n<hr data-start=\"2595\" data-end=\"2598\" \/>\n<h4 data-start=\"2600\" data-end=\"2658\"><strong data-start=\"2603\" data-end=\"2658\">Anatomische pasvorm voor maximale bewegingsvrijheid<\/strong><\/h4>\n<p data-start=\"2660\" data-end=\"2802\">Een hidden sleeve moet comfortabel zijn, zeker wanneer deze onder kleding gedragen wordt. De <strong>DOG ARMOUR PRO HIDDEN Sleeve 2 0 Protection<\/strong>\u00a0blinkt uit door:<\/p>\n<ul>\n<li data-start=\"2806\" data-end=\"2846\">Een aansluitende, ergonomische pasvorm<\/li>\n<li data-start=\"2849\" data-end=\"2892\">Anti-slip zones die verschuiven voorkomen<\/li>\n<li data-start=\"2895\" data-end=\"2931\">Een lichte, ademende binnenvoering<\/li>\n<li data-start=\"2934\" data-end=\"2999\">Flexibele segmentatie die natuurlijke gewrichtsbewegingen volgt<\/li>\n<li data-start=\"3002\" data-end=\"3039\">Comfort zonder knellen of irritatie<\/li>\n<\/ul>\n<p data-start=\"3041\" data-end=\"3211\">Trainers kunnen hierdoor vrij bewegen zonder het gevoel een mouw te dragen \u2014 essentieel bij scenario\u2019s waarin snelheid, verrassing en real-time interactie centraal staan.<\/p>\n<p data-start=\"3041\" data-end=\"3211\"><img loading=\"lazy\" decoding=\"async\" class=\"alignnone\" title=\"DOG ARMOUR PRO HIDDEN Sleeve 2 0 Protection\" src=\"https:\/\/dogpride.nl\/wp-content\/uploads\/DSC01009-600x750-1-150x150.webp\" alt=\"DOG ARMOUR PRO HIDDEN Sleeve 2 0 Protection\" width=\"150\" height=\"150\" \/><\/p>\n<hr data-start=\"3213\" data-end=\"3216\" \/>\n<h4 data-start=\"3218\" data-end=\"3268\"><strong data-start=\"3221\" data-end=\"3268\">Perfect voor jonge honden en techniekopbouw<\/strong><\/h4>\n<p data-start=\"3270\" data-end=\"3345\">Der <strong>DOG ARMOUR PRO HIDDEN Sleeve 2 0 Protection <\/strong>wordt door veel trainers gebruikt voor:<\/p>\n<h4 data-start=\"3347\" data-end=\"3367\"><strong data-start=\"3351\" data-end=\"3367\">Jonge honden<\/strong><\/h4>\n<ul>\n<li data-start=\"3370\" data-end=\"3394\">Bijtplaatsing aanleren<\/li>\n<li data-start=\"3397\" data-end=\"3428\">Correcte druk en beettechniek<\/li>\n<li data-start=\"3431\" data-end=\"3467\">Rust en controle tijdens de opbouw<\/li>\n<li data-start=\"3470\" data-end=\"3500\">Overgang naar complexer werk<\/li>\n<\/ul>\n<h4 data-start=\"3502\" data-end=\"3527\"><strong data-start=\"3506\" data-end=\"3527\">Gevorderde honden<\/strong><\/h4>\n<ul>\n<li data-start=\"3530\" data-end=\"3555\">Tactische inzettraining<\/li>\n<li data-start=\"3558\" data-end=\"3589\">Scenario\u2019s in civiele kleding<\/li>\n<li data-start=\"3592\" data-end=\"3613\">Re\u00ebel verdachtewerk<\/li>\n<li data-start=\"3616\" data-end=\"3656\">Reactie- en frontale aanvalsoefeningen<\/li>\n<\/ul>\n<p data-start=\"3658\" data-end=\"3813\">Omdat de sleeve niet zichtbaar is, leert de hond vertrouwen op natuurlijke prikkels en echte situaties \u2014 een cruciaal onderdeel van moderne hondentraining.<\/p>\n<hr data-start=\"3815\" data-end=\"3818\" \/>\n<h4 data-start=\"3820\" data-end=\"3870\"><strong data-start=\"3823\" data-end=\"3870\">Gemaakt voor dagelijks en intensief gebruik<\/strong><\/h4>\n<p data-start=\"3872\" data-end=\"3975\">DOG-ARMOUR-PRO staat bekend om topkwaliteit voor professionele hondentrainers. De HIDDEN Sleeve 2.0 is:<\/p>\n<ul>\n<li data-start=\"3979\" data-end=\"4013\"><strong data-start=\"3979\" data-end=\"4011\">Slijtvast en scheurbestendig<\/strong><\/li>\n<li data-start=\"4016\" data-end=\"4046\"><strong data-start=\"4016\" data-end=\"4044\">Zweet- en waterafstotend<\/strong><\/li>\n<li data-start=\"4049\" data-end=\"4076\"><strong data-start=\"4049\" data-end=\"4074\">Einfach zu s\u00e4ubern<\/strong><\/li>\n<li data-start=\"4079\" data-end=\"4122\"><strong data-start=\"4079\" data-end=\"4120\">Vormvast, ook na intensieve belasting<\/strong><\/li>\n<li data-start=\"4125\" data-end=\"4161\"><strong data-start=\"4125\" data-end=\"4159\">Geschikt voor binnen \u00e9n buiten<\/strong><\/li>\n<\/ul>\n<p data-start=\"4163\" data-end=\"4261\">De sleeve is ontworpen om jarenlang mee te gaan, zelfs in trainingsomgevingen met zware belasting.<\/p>\n<hr data-start=\"4263\" data-end=\"4266\" \/>\n<h4 data-start=\"4268\" data-end=\"4341\"><strong data-start=\"4271\" data-end=\"4341\">Waarom kiezen voor de DOG ARMOUR PRO HIDDEN Sleeve 2 0 Protection ?<\/strong><\/h4>\n<ul>\n<li data-start=\"4345\" data-end=\"4405\">Onzichtbare armprotectie voor realistischer hondentraining<\/li>\n<li data-start=\"4408\" data-end=\"4462\">Lichter, soepeler en sterker dankzij 2.0-technologie<\/li>\n<li data-start=\"4465\" data-end=\"4517\">Volledige bewegingsvrijheid en ultiem draagcomfort<\/li>\n<li data-start=\"4520\" data-end=\"4566\">Ideaal voor politie-, dienst- en sporthonden<\/li>\n<li data-start=\"4569\" data-end=\"4623\">Geschikt voor opbouwtraining \u00e9n tactische scenario\u2019s<\/li>\n<li data-start=\"4626\" data-end=\"4671\">Betrouwbare schokabsorptie en drukverdeling<\/li>\n<li data-start=\"4674\" data-end=\"4722\">Professionele kwaliteit voor intensief gebruik<\/li>\n<li data-start=\"4725\" data-end=\"4773\">Perfect onder jas, hoodie of tactische kleding<\/li>\n<\/ul>\n<hr data-start=\"4775\" data-end=\"4778\" \/>\n<h4 data-start=\"4780\" data-end=\"4796\"><strong data-start=\"4783\" data-end=\"4796\">Conclusie<\/strong><\/h4>\n<p data-start=\"4798\" data-end=\"5254\">Der <strong>DOG ARMOUR PRO HIDDEN Sleeve 2 0 Protection<\/strong>\u00a0is een hoogwaardige, onzichtbare trainingssleeve die perfect aansluit bij de behoefte aan realisme, veiligheid en professionaliteit. Dankzij het vernieuwde ontwerp, de verbeterde bescherming en de optimale pasvorm is dit \u00e9\u00e9n van de meest veelzijdige hidden sleeves voor moderne hondensport en diensthondentraining. Een onmisbaar instrument voor iedereen die serieus werkt aan kwaliteit en betrouwbaarheid.<\/p>\n<p data-start=\"4798\" data-end=\"5254\"><img loading=\"lazy\" decoding=\"async\" class=\"alignnone wp-image-144551 size-medium\" title=\"DOG-ARMOUR-PRO HIDDEN Sleeve 2.0 protection\" src=\"https:\/\/dogpride.nl\/wp-content\/uploads\/Logo-Dog-Armour-Pro-1-300x87.jpg\" alt=\"DOG-ARMOUR-PRO HIDDEN Sleeve 2.0 protection\" width=\"300\" height=\"87\" srcset=\"https:\/\/dogpride.nl\/wp-content\/uploads\/Logo-Dog-Armour-Pro-1-300x87.jpg 300w, https:\/\/dogpride.nl\/wp-content\/uploads\/Logo-Dog-Armour-Pro-1-18x5.jpg 18w, https:\/\/dogpride.nl\/wp-content\/uploads\/Logo-Dog-Armour-Pro-1-250x72.jpg 250w, https:\/\/dogpride.nl\/wp-content\/uploads\/Logo-Dog-Armour-Pro-1-400x116.jpg 400w, https:\/\/dogpride.nl\/wp-content\/uploads\/Logo-Dog-Armour-Pro-1.jpg 457w\" sizes=\"auto, (max-width: 300px) 100vw, 300px\" \/><\/p>\n<p data-start=\"4798\" data-end=\"5254\"><span style=\"color: #ffffff;\"><a style=\"color: #ffffff;\" href=\"https:\/\/dogarmour.com\/producto\/hidden-sleeve-for-k9-handlers\/\" target=\"_blank\" rel=\"noopener\">Hidden Sleeve for K9 Handlers \u2013 Dog Armour PRO<\/a><\/span><\/p>","protected":false},"excerpt":{"rendered":"<p>Der <strong>DOG ARMOUR PRO HIDDEN Sleeve 2 0 Protection<\/strong>\u00a0is ontwikkeld voor trainers die professionele, realistische en veilige hondentraining willen uitvoeren zonder zichtbare beschermingsmiddelen.<\/p>","protected":false},"featured_media":144655,"template":"","meta":[],"product_brand":[],"product_cat":[2900,10281,20246,2643],"product_tag":[14523,6700,14524,6696,6697,14518,14517,14525,14520,14494,14493,14522,10513,14483,6698,14521,14519,6699],"class_list":{"0":"post-116886","1":"product","2":"type-product","3":"status-publish","4":"has-post-thumbnail","6":"product_cat-civiele-bijt-en-interventie-training","7":"product_cat-dog-armour-pro-bijtbescherming","8":"product_cat-dog-armour-pro-dog-bite-protection-gear","9":"product_cat-helpersbescherming-igp","10":"product_tag-2-0-bite-protection","11":"product_tag-burgermouw","12":"product_tag-dog-armour-hidden-protection","13":"product_tag-dog-armour-pro","14":"product_tag-hidden","15":"product_tag-hidden-bite-sleeve","16":"product_tag-hidden-sleeve-2-0","17":"product_tag-hondensport-bite-sleeve","18":"product_tag-hondentraining-hidden-protection","19":"product_tag-igp-covert-sleeve","20":"product_tag-knpv-hidden-sleeve","21":"product_tag-professionele-hondensleeve","22":"product_tag-realistische-hondentraining","23":"product_tag-scenario-training-hond","24":"product_tag-sleeve","25":"product_tag-tactische-hondentraining-mouw","26":"product_tag-undercover-dog-sleeve","27":"product_tag-verborgen-bijtmouw","28":"product_shipping_class-vast-tarief-eu-overig","30":"first","31":"instock","32":"taxable","33":"shipping-taxable","34":"purchasable","35":"product-type-variable"},"mb":[],"mfb_rest_fields":["title"],"_links":{"self":[{"href":"https:\/\/dogpride.nl\/de\/wp-json\/wp\/v2\/product\/116886","targetHints":{"allow":["GET"]}}],"collection":[{"href":"https:\/\/dogpride.nl\/de\/wp-json\/wp\/v2\/product"}],"about":[{"href":"https:\/\/dogpride.nl\/de\/wp-json\/wp\/v2\/types\/product"}],"wp:featuredmedia":[{"embeddable":true,"href":"https:\/\/dogpride.nl\/de\/wp-json\/wp\/v2\/media\/144655"}],"wp:attachment":[{"href":"https:\/\/dogpride.nl\/de\/wp-json\/wp\/v2\/media?parent=116886"}],"wp:term":[{"taxonomy":"product_brand","embeddable":true,"href":"https:\/\/dogpride.nl\/de\/wp-json\/wp\/v2\/product_brand?post=116886"},{"taxonomy":"product_cat","embeddable":true,"href":"https:\/\/dogpride.nl\/de\/wp-json\/wp\/v2\/product_cat?post=116886"},{"taxonomy":"product_tag","embeddable":true,"href":"https:\/\/dogpride.nl\/de\/wp-json\/wp\/v2\/product_tag?post=116886"}],"curies":[{"name":"wp","href":"https:\/\/api.w.org\/{rel}","templated":true}]}}