{"id":11641,"date":"2021-01-25T13:22:50","date_gmt":"2021-01-25T12:22:50","guid":{"rendered":"https:\/\/dogpride1.wpengine.com\/product\/d4m-t-shirt-german-shepherd-this-is-my-life-2\/"},"modified":"2025-11-10T13:13:46","modified_gmt":"2025-11-10T12:13:46","slug":"dogs4me-t-shirt-german-shepherd-this-is-my-life-2","status":"publish","type":"product","link":"https:\/\/dogpride.nl\/de\/dogs4me-t-shirt-german-shepherd-this-is-my-life-2\/","title":{"rendered":"DOGS4ME T-Shirt DEUTSCHER SCH\u00c4FERHIRTE DAS IST MEIN LEBEN"},"content":{"rendered":"<h4>DOGS4ME T-Shirt DEUTSCHER SCH\u00c4FERHIRTE DAS IST MEIN LEBEN<\/h4>\n<ul>\n<li>Material: 85% Baumwolle, 15% Viskose<\/li>\n<li>Gewicht: 160 g\/m2<\/li>\n<li>Extras: Druck auf der Vorderseite<\/li>\n<li>Passform: Normal<\/li>\n<li>Unisex<\/li>\n<li>Verf\u00fcgbare Farben: Wei\u00df oder Lila<\/li>\n<\/ul>\n<p><strong>Gr\u00f6\u00dfentabelle:<\/strong><\/p>\n<p><img loading=\"lazy\" decoding=\"async\" class=\"alignnone wp-image-70426 size-full\" src=\"https:\/\/www.dogpride.nl\/wp-content\/uploads\/Maattabel-T-shirt.png\" alt=\"Maattabel\" width=\"592\" height=\"322\" srcset=\"https:\/\/dogpride.nl\/wp-content\/uploads\/Maattabel-T-shirt.png 592w, https:\/\/dogpride.nl\/wp-content\/uploads\/Maattabel-T-shirt-250x136.png 250w, https:\/\/dogpride.nl\/wp-content\/uploads\/Maattabel-T-shirt-400x218.png 400w, https:\/\/dogpride.nl\/wp-content\/uploads\/Maattabel-T-shirt-300x163.png 300w, https:\/\/dogpride.nl\/wp-content\/uploads\/Maattabel-T-shirt-200x109.png 200w\" sizes=\"auto, (max-width: 592px) 100vw, 592px\" \/><\/p>\n<p><a href=\"https:\/\/dogpride.nl\/de\/kleding\/t-shirts-en-polos\/dogs4me-t-shirts\/\"><img loading=\"lazy\" decoding=\"async\" class=\"alignnone\" title=\"DOGS4ME T-Shirt DEUTSCHER SCH\u00c4FERHIRTE DAS IST MEIN LEBEN\" src=\"https:\/\/dogpride.nl\/wp-content\/uploads\/t-shirt-german-shepherd-this-is-my-life-1.jpg\" alt=\"DOGS4ME T-shirt GERMAN SHEPHERD THIS IS MY LIFE\" width=\"244\" height=\"290\" \/><\/a><\/p>\n<p>&nbsp;<\/p>\n<p><a href=\"https:\/\/d4m.eu\/en\/\" target=\"_blank\" rel=\"noopener\"><img loading=\"lazy\" decoding=\"async\" class=\"alignnone wp-image-139645 size-medium\" src=\"https:\/\/dogpride.nl\/wp-content\/uploads\/Logo-Dogs4me-300x188.jpg\" alt=\"Logo Dogs4me\" width=\"300\" height=\"188\" srcset=\"https:\/\/dogpride.nl\/wp-content\/uploads\/Logo-Dogs4me-300x188.jpg 300w, https:\/\/dogpride.nl\/wp-content\/uploads\/Logo-Dogs4me-1024x640.jpg 1024w, https:\/\/dogpride.nl\/wp-content\/uploads\/Logo-Dogs4me-768x480.jpg 768w, https:\/\/dogpride.nl\/wp-content\/uploads\/Logo-Dogs4me-1536x960.jpg 1536w, https:\/\/dogpride.nl\/wp-content\/uploads\/Logo-Dogs4me-18x12.jpg 18w, https:\/\/dogpride.nl\/wp-content\/uploads\/Logo-Dogs4me-250x156.jpg 250w, https:\/\/dogpride.nl\/wp-content\/uploads\/Logo-Dogs4me-400x250.jpg 400w, https:\/\/dogpride.nl\/wp-content\/uploads\/Logo-Dogs4me.jpg 1680w\" sizes=\"auto, (max-width: 300px) 100vw, 300px\" \/><\/a><\/p>","protected":false},"excerpt":{"rendered":"<p>T-Shirt mit DEUTSCHER SCH\u00c4FERHIRTE THIS IS MY LIFE-Aufdruck von Dogs4Me. Unisex-T-Shirt mit Aufdruck auf der Vorderseite. Verf\u00fcgbare Farben: Wei\u00df oder Lila.<\/p>","protected":false},"featured_media":44794,"template":"","meta":[],"product_brand":[],"product_cat":[3894],"product_tag":[],"class_list":{"0":"post-11641","1":"product","2":"type-product","3":"status-publish","4":"has-post-thumbnail","6":"product_cat-dogs4me-t-shirts","8":"first","9":"instock","10":"taxable","11":"shipping-taxable","12":"purchasable","13":"product-type-variable"},"mb":[],"mfb_rest_fields":["title"],"_links":{"self":[{"href":"https:\/\/dogpride.nl\/de\/wp-json\/wp\/v2\/product\/11641","targetHints":{"allow":["GET"]}}],"collection":[{"href":"https:\/\/dogpride.nl\/de\/wp-json\/wp\/v2\/product"}],"about":[{"href":"https:\/\/dogpride.nl\/de\/wp-json\/wp\/v2\/types\/product"}],"wp:featuredmedia":[{"embeddable":true,"href":"https:\/\/dogpride.nl\/de\/wp-json\/wp\/v2\/media\/44794"}],"wp:attachment":[{"href":"https:\/\/dogpride.nl\/de\/wp-json\/wp\/v2\/media?parent=11641"}],"wp:term":[{"taxonomy":"product_brand","embeddable":true,"href":"https:\/\/dogpride.nl\/de\/wp-json\/wp\/v2\/product_brand?post=11641"},{"taxonomy":"product_cat","embeddable":true,"href":"https:\/\/dogpride.nl\/de\/wp-json\/wp\/v2\/product_cat?post=11641"},{"taxonomy":"product_tag","embeddable":true,"href":"https:\/\/dogpride.nl\/de\/wp-json\/wp\/v2\/product_tag?post=11641"}],"curies":[{"name":"wp","href":"https:\/\/api.w.org\/{rel}","templated":true}]}}